{"id":580,"date":"2019-06-14T14:12:43","date_gmt":"2019-06-14T14:12:43","guid":{"rendered":"https:\/\/www.gemeinde-rossau.de\/?page_id=580"},"modified":"2025-12-15T15:33:59","modified_gmt":"2025-12-15T14:33:59","slug":"kindertagesstatte-spatzennest","status":"publish","type":"page","link":"https:\/\/www.gemeinde-rossau.de\/index.php\/bildungseinrichtungen\/kindertagesstatte-spatzennest\/","title":{"rendered":"Kindertagesst\u00e4tte &#8220;Spatzennest&#8221;"},"content":{"rendered":"\t\t<div data-elementor-type=\"wp-post\" data-elementor-id=\"580\" class=\"elementor elementor-580\">\n\t\t\t\t\t\t<div class=\"elementor-inner\">\n\t\t\t\t<div class=\"elementor-section-wrap\">\n\t\t\t\t\t\t\t\t\t<section class=\"elementor-section elementor-top-section elementor-element elementor-element-ee8331c elementor-section-boxed elementor-section-height-default elementor-section-height-default\" data-id=\"ee8331c\" data-element_type=\"section\">\n\t\t\t\t\t\t<div class=\"elementor-container elementor-column-gap-default\">\n\t\t\t\t\t\t\t<div class=\"elementor-row\">\n\t\t\t\t\t<div class=\"elementor-column elementor-col-100 elementor-top-column elementor-element elementor-element-1398479\" data-id=\"1398479\" data-element_type=\"column\">\n\t\t\t<div class=\"elementor-column-wrap elementor-element-populated\">\n\t\t\t\t\t\t\t<div class=\"elementor-widget-wrap\">\n\t\t\t\t\t\t<div class=\"elementor-element elementor-element-2a95bc6 elementor-widget elementor-widget-text-editor\" data-id=\"2a95bc6\" data-element_type=\"widget\" data-widget_type=\"text-editor.default\">\n\t\t\t\t<div class=\"elementor-widget-container\">\n\t\t\t\t\t\t\t\t<div class=\"elementor-text-editor elementor-clearfix\">\n\t\t\t\t<h4 style=\"text-align: center;\"><em>Willkommen<\/em><\/h4>\t\t\t\t\t<\/div>\n\t\t\t\t\t\t<\/div>\n\t\t\t\t<\/div>\n\t\t\t\t\t\t<\/div>\n\t\t\t\t\t<\/div>\n\t\t<\/div>\n\t\t\t\t\t\t\t\t<\/div>\n\t\t\t\t\t<\/div>\n\t\t<\/section>\n\t\t\t\t<section class=\"elementor-section elementor-top-section elementor-element elementor-element-d3fad7b elementor-section-boxed elementor-section-height-default elementor-section-height-default\" data-id=\"d3fad7b\" data-element_type=\"section\">\n\t\t\t\t\t\t<div class=\"elementor-container elementor-column-gap-default\">\n\t\t\t\t\t\t\t<div class=\"elementor-row\">\n\t\t\t\t\t<div class=\"elementor-column elementor-col-100 elementor-top-column elementor-element elementor-element-18613d3\" data-id=\"18613d3\" data-element_type=\"column\">\n\t\t\t<div class=\"elementor-column-wrap elementor-element-populated\">\n\t\t\t\t\t\t\t<div class=\"elementor-widget-wrap\">\n\t\t\t\t\t\t<div class=\"elementor-element elementor-element-38ba5de elementor-widget elementor-widget-text-editor\" data-id=\"38ba5de\" data-element_type=\"widget\" data-widget_type=\"text-editor.default\">\n\t\t\t\t<div class=\"elementor-widget-container\">\n\t\t\t\t\t\t\t\t<div class=\"elementor-text-editor elementor-clearfix\">\n\t\t\t\t<p>Wenn Sie Lust haben, scannen Sie den QR Code und schauen mal was Sie \u00fcber die Arbeit in der Kita erfahren k\u00f6nnen. Herzliche Gr\u00fc\u00dfe aus der Kita, Michael Schott, Einrichtungsleitung<\/p>\t\t\t\t\t<\/div>\n\t\t\t\t\t\t<\/div>\n\t\t\t\t<\/div>\n\t\t\t\t\t\t<\/div>\n\t\t\t\t\t<\/div>\n\t\t<\/div>\n\t\t\t\t\t\t\t\t<\/div>\n\t\t\t\t\t<\/div>\n\t\t<\/section>\n\t\t\t\t<section class=\"elementor-section elementor-top-section elementor-element elementor-element-c7d8da3 elementor-section-boxed elementor-section-height-default elementor-section-height-default\" data-id=\"c7d8da3\" data-element_type=\"section\">\n\t\t\t\t\t\t<div class=\"elementor-container elementor-column-gap-default\">\n\t\t\t\t\t\t\t<div class=\"elementor-row\">\n\t\t\t\t\t<div class=\"elementor-column elementor-col-100 elementor-top-column elementor-element elementor-element-96c189a\" data-id=\"96c189a\" data-element_type=\"column\">\n\t\t\t<div class=\"elementor-column-wrap elementor-element-populated\">\n\t\t\t\t\t\t\t<div class=\"elementor-widget-wrap\">\n\t\t\t\t\t\t<div class=\"elementor-element elementor-element-9b2936c elementor-widget elementor-widget-image\" data-id=\"9b2936c\" data-element_type=\"widget\" data-widget_type=\"image.default\">\n\t\t\t\t<div class=\"elementor-widget-container\">\n\t\t\t\t\t\t\t\t<div class=\"elementor-image\">\n\t\t\t\t\t\t\t\t\t\t\t\t<img decoding=\"async\" width=\"150\" height=\"150\" src=\"https:\/\/www.gemeinde-rossau.de\/wp-content\/uploads\/2025\/12\/QR-CodeSptzennest-150x150.jpg\" class=\"attachment-thumbnail size-thumbnail wp-image-43803\" alt=\"\" loading=\"lazy\" srcset=\"https:\/\/www.gemeinde-rossau.de\/wp-content\/uploads\/2025\/12\/QR-CodeSptzennest-150x150.jpg 150w, https:\/\/www.gemeinde-rossau.de\/wp-content\/uploads\/2025\/12\/QR-CodeSptzennest-300x300.jpg 300w, https:\/\/www.gemeinde-rossau.de\/wp-content\/uploads\/2025\/12\/QR-CodeSptzennest.jpg 400w\" sizes=\"(max-width: 150px) 100vw, 150px\" \/>\t\t\t\t\t\t\t\t\t\t\t\t\t\t<\/div>\n\t\t\t\t\t\t<\/div>\n\t\t\t\t<\/div>\n\t\t\t\t\t\t<\/div>\n\t\t\t\t\t<\/div>\n\t\t<\/div>\n\t\t\t\t\t\t\t\t<\/div>\n\t\t\t\t\t<\/div>\n\t\t<\/section>\n\t\t\t\t<section class=\"elementor-section elementor-top-section elementor-element elementor-element-6310fb49 elementor-section-boxed elementor-section-height-default elementor-section-height-default\" data-id=\"6310fb49\" data-element_type=\"section\">\n\t\t\t\t\t\t<div class=\"elementor-container elementor-column-gap-default\">\n\t\t\t\t\t\t\t<div class=\"elementor-row\">\n\t\t\t\t\t<div class=\"elementor-column elementor-col-100 elementor-top-column elementor-element elementor-element-7103cb85\" data-id=\"7103cb85\" data-element_type=\"column\">\n\t\t\t<div class=\"elementor-column-wrap elementor-element-populated\">\n\t\t\t\t\t\t\t<div class=\"elementor-widget-wrap\">\n\t\t\t\t\t\t<div class=\"elementor-element elementor-element-387f4447 elementor-widget elementor-widget-text-editor\" data-id=\"387f4447\" data-element_type=\"widget\" data-widget_type=\"text-editor.default\">\n\t\t\t\t<div class=\"elementor-widget-container\">\n\t\t\t\t\t\t\t\t<div class=\"elementor-text-editor elementor-clearfix\">\n\t\t\t\t<p>Unsere Kindertagesst\u00e4tte &#8220;Spatzennest&#8221; befindet sich in einer l\u00e4ndlichen Region im Mittels\u00e4chsischen H\u00fcgelland in der N\u00e4he der Talsperre Kriebstein. Tr\u00e4ger ist die Gemeinde Rossau.<\/p><p>Die Einrichtung besteht aus einem Hort mit separater Betriebserlaubnis und einem neu erbauten Kindergartengeb\u00e4ude, in dem sich der Kindergarten und die Kinderkrippe befinden. Im Kindergarten k\u00f6nnen 50 Kinder betreut werden und im Hort finden bis zu 122 Kinder Platz. F\u00fcr unsere Kleinsten k\u00f6nnen wir 30 Pl\u00e4tze anbieten.<\/p>\t\t\t\t\t<\/div>\n\t\t\t\t\t\t<\/div>\n\t\t\t\t<\/div>\n\t\t\t\t<div class=\"elementor-element elementor-element-97d55d1 elementor-widget elementor-widget-image\" data-id=\"97d55d1\" data-element_type=\"widget\" data-widget_type=\"image.default\">\n\t\t\t\t<div class=\"elementor-widget-container\">\n\t\t\t\t\t\t\t\t<div class=\"elementor-image\">\n\t\t\t\t\t\t\t\t\t<figure class=\"wp-caption\">\n\t\t\t\t\t\t\t\t\t\t<img decoding=\"async\" width=\"768\" height=\"487\" src=\"https:\/\/www.gemeinde-rossau.de\/wp-content\/uploads\/2019\/11\/KITA-Spatzennest-768x487.jpg\" class=\"attachment-medium_large size-medium_large wp-image-2206\" alt=\"Logo Kita Spatzennest\" loading=\"lazy\" srcset=\"https:\/\/www.gemeinde-rossau.de\/wp-content\/uploads\/2019\/11\/KITA-Spatzennest-768x487.jpg 768w, https:\/\/www.gemeinde-rossau.de\/wp-content\/uploads\/2019\/11\/KITA-Spatzennest-300x190.jpg 300w, https:\/\/www.gemeinde-rossau.de\/wp-content\/uploads\/2019\/11\/KITA-Spatzennest-1200x761.jpg 1200w\" sizes=\"(max-width: 768px) 100vw, 768px\" \/>\t\t\t\t\t\t\t\t\t\t\t<figcaption class=\"widget-image-caption wp-caption-text\"><\/figcaption>\n\t\t\t\t\t\t\t\t\t\t<\/figure>\n\t\t\t\t\t\t\t\t<\/div>\n\t\t\t\t\t\t<\/div>\n\t\t\t\t<\/div>\n\t\t\t\t<div class=\"elementor-element elementor-element-0c320f0 elementor-widget elementor-widget-text-editor\" data-id=\"0c320f0\" data-element_type=\"widget\" data-widget_type=\"text-editor.default\">\n\t\t\t\t<div class=\"elementor-widget-container\">\n\t\t\t\t\t\t\t\t<div class=\"elementor-text-editor elementor-clearfix\">\n\t\t\t\t<p>Wir bieten f\u00fcr Kinder ab der Zeit nach dem Mutterschutz bis zur Beendigung der Grundschulzeit folgende<br \/>Betreuungsm\u00f6glichkeiten:<\/p><p>Unsere Einrichtungen sind <strong>von 06:00 bis 17:00 Uhr ge\u00f6ffnet.<\/strong><\/p><p>Im Kindergartengeb\u00e4ude, Hauptstra\u00dfe 87, k\u00f6nnen insgesamt bis 80 Kinder in f\u00fcnf altersgemischten Gruppen betreut und gef\u00f6rdert werden.<br \/>Den Hort im Ortsteil Seifersbach, Rossauer Stra\u00dfe 4, k\u00f6nnen bis zu 122 Grundschulkinder besuchen. Je nach Klassenstufe eins bis vier werden die Hortkinder nach einem lebensweltorientierten Konzept betreut. Die<br \/>Kinder k\u00f6nnen sich in unseren Funktionsr\u00e4umen frei bewegen, jede Klasse verf\u00fcgt \u00fcber einen Hauptansprechpartner.<\/p><p><strong>Unser Team<\/strong><\/p><p>Das p\u00e4dagogische Mitarbeiterteam besteht aus Menschen mit unterschiedlichen Qualifikationen, wie<br \/>Diplom-Sozialp\u00e4dagoginnen, Erzieher\/-innen mit Abschluss als Heilerziehungspfleger bzw. mit<br \/>heilp\u00e4dagogischer Zusatzqualifizierung, Erzieher\/-innen und staatlich anerkannten Heilp\u00e4dagogen. Unterst\u00fctzt werden<span style=\"font-size: 1rem;\"> wir <\/span>durch Kolleginnen im Rahmen der B\u00fcrgerarbeit und des Bundesfreiwilligendienstes.\u00a0<\/p><p><strong><span style=\"font-size: 1rem;\">Praktika<\/span><\/strong><\/p><p>Wir bieten\u00a0angehenden Erzieherinnen und Heilerziehungspflegern aus sozialp\u00e4dagogischen Fachschulen die\u00a0M\u00f6glichkeit, ihre Praktika bei uns in der Kindertagesst\u00e4tte durchzuf\u00fchren. Sie werden fachlich durch\u00a0Erzieherinnen mit entsprechender Praktikantenausbildungs-Qualifikation unterst\u00fctzt. Auch Sch\u00fcler von\u00a0Realschulen und Gymnasien k\u00f6nnen ihr Sozialpraktikum bei uns in der Kindertagesst\u00e4tte absolvieren.<\/p><p><strong><span style=\"font-size: 1rem;\">Unser p\u00e4dagogisches Konzept<\/span><\/strong><\/p><p>Wir vertreten unter anderem den Grundsatz, dass jedes Kind ein Individuum ist, das eine ganz eigene<br \/>Weltansicht hat. Jedes Kind ist einmalig und aus diesem Grund besonders. Deshalb ben\u00f6tigt jedes Kind<br \/>bestimmte, individuelle Unterst\u00fctzungsleistungen zur Entfaltung seiner Potenziale im Miteinander. Das setzt<br \/>jedoch voraus, dass diese Potenziale erkannt, wertgesch\u00e4tzt und nutzbar gemacht werden und eigensinnige<br \/>Lernprozesse erm\u00f6glicht und zugelassen werden.<br \/>Ein wichtiger Schwerpunkt unseres Konzeptes ist Ganzheitlichkeit. Wir verstehen uns als integrative<br \/>Einrichtungen. Unser Ziel ist ein selbstverst\u00e4ndliches Zusammenleben behinderter und nicht-behinderter Kinder,<br \/>von Kindern mit und ohne besonderem F\u00f6rderbedarf, mit all ihren Unterschiedlichkeiten.<br \/>Wir sind der \u00dcberzeugung, dass jedes Kind einmalig ist mit unterschiedlichen Kompetenzen, Vorlieben,<br \/>Vorerfahrungen, Wissensst\u00e4nden und Fragen.<br \/>Unser Ziel ist zudem eine partnerschaftliche, wertsch\u00e4tzende und akzeptierende Kooperation mit M\u00fcttern,<br \/>V\u00e4tern und anderen wichtigen Bezugspersonen im Sinne unserer anvertrauten Kinder.<\/p><p><strong>Kontaktdaten:<\/strong><br \/>Hort Seifersbach, Rossauer Stra\u00dfe 4<br \/>Kita Spatzennest, Hauptstra\u00dfe 87<br \/><a href=\"http:\/\/www.kitaundhort-gemeinde-rossau.de\">www.kitaundhort-gemeinde-rossau.de<\/a><\/p><p><strong>Gesamtleitung Hort und Kindergarten<br \/><\/strong> <br \/><strong>Michael Schott<\/strong><br \/>E-Mail: <a href=\"mailto:leitung@kitas-rossau.de\">leitung@kitas-rossau.de<\/a><br \/>Telefon: 03727 9793576 oder: 03727 984185<\/p><p><strong>Mitarbeiter<\/strong><br \/>Mitarbeiter Kita: <a href=\"kita_ma@kitas-rossau.de\">kita_ma@kitas-rossau.de<\/a><br \/>Mitarbeiter Hort: <a href=\"hort_ma@kitas-rossau.de\">hort_ma@kitas-rossau.de<\/a><\/p><p><strong>Kindereinrichtung \u201eSpatzennest\u201c<br \/><\/strong>Hauptstra\u00dfe 87<br \/>03727 984170<\/p><p><strong>Leitung (Michael Schott):<\/strong> <br \/>Handy Krippe: 0162 173 342 1<br \/>Handy Kita: 0162 430 395 4<\/p>\t\t\t\t\t<\/div>\n\t\t\t\t\t\t<\/div>\n\t\t\t\t<\/div>\n\t\t\t\t<section class=\"elementor-section elementor-inner-section elementor-element elementor-element-7e7e618 elementor-section-boxed elementor-section-height-default elementor-section-height-default\" data-id=\"7e7e618\" data-element_type=\"section\">\n\t\t\t\t\t\t<div class=\"elementor-container elementor-column-gap-default\">\n\t\t\t\t\t\t\t<div class=\"elementor-row\">\n\t\t\t\t\t<div class=\"elementor-column elementor-col-50 elementor-inner-column elementor-element elementor-element-57d3deb\" data-id=\"57d3deb\" data-element_type=\"column\">\n\t\t\t<div class=\"elementor-column-wrap elementor-element-populated\">\n\t\t\t\t\t\t\t<div class=\"elementor-widget-wrap\">\n\t\t\t\t\t\t<div class=\"elementor-element elementor-element-aee1d17 elementor-widget elementor-widget-image\" data-id=\"aee1d17\" data-element_type=\"widget\" data-widget_type=\"image.default\">\n\t\t\t\t<div class=\"elementor-widget-container\">\n\t\t\t\t\t\t\t\t<div class=\"elementor-image\">\n\t\t\t\t\t\t\t\t\t<figure class=\"wp-caption\">\n\t\t\t\t\t\t\t\t\t\t<img decoding=\"async\" width=\"768\" height=\"468\" src=\"https:\/\/www.gemeinde-rossau.de\/wp-content\/uploads\/2019\/11\/KITA-Spatzennest2-1-e1574073467258-768x468.jpg\" class=\"attachment-medium_large size-medium_large wp-image-2207\" alt=\"\" loading=\"lazy\" srcset=\"https:\/\/www.gemeinde-rossau.de\/wp-content\/uploads\/2019\/11\/KITA-Spatzennest2-1-e1574073467258-768x468.jpg 768w, https:\/\/www.gemeinde-rossau.de\/wp-content\/uploads\/2019\/11\/KITA-Spatzennest2-1-e1574073467258-300x183.jpg 300w, https:\/\/www.gemeinde-rossau.de\/wp-content\/uploads\/2019\/11\/KITA-Spatzennest2-1-e1574073467258-1200x732.jpg 1200w, https:\/\/www.gemeinde-rossau.de\/wp-content\/uploads\/2019\/11\/KITA-Spatzennest2-1-e1574073467258.jpg 1600w\" sizes=\"(max-width: 768px) 100vw, 768px\" \/>\t\t\t\t\t\t\t\t\t\t\t<figcaption class=\"widget-image-caption wp-caption-text\"><\/figcaption>\n\t\t\t\t\t\t\t\t\t\t<\/figure>\n\t\t\t\t\t\t\t\t<\/div>\n\t\t\t\t\t\t<\/div>\n\t\t\t\t<\/div>\n\t\t\t\t\t\t<\/div>\n\t\t\t\t\t<\/div>\n\t\t<\/div>\n\t\t\t\t<div class=\"elementor-column elementor-col-50 elementor-inner-column elementor-element elementor-element-e4fe9f7\" data-id=\"e4fe9f7\" data-element_type=\"column\">\n\t\t\t<div class=\"elementor-column-wrap elementor-element-populated\">\n\t\t\t\t\t\t\t<div class=\"elementor-widget-wrap\">\n\t\t\t\t\t\t<div class=\"elementor-element elementor-element-347852f elementor-widget elementor-widget-image\" data-id=\"347852f\" data-element_type=\"widget\" data-widget_type=\"image.default\">\n\t\t\t\t<div class=\"elementor-widget-container\">\n\t\t\t\t\t\t\t\t<div class=\"elementor-image\">\n\t\t\t\t\t\t\t\t\t<figure class=\"wp-caption\">\n\t\t\t\t\t\t\t\t\t\t<img decoding=\"async\" width=\"768\" height=\"455\" src=\"https:\/\/www.gemeinde-rossau.de\/wp-content\/uploads\/2019\/11\/KITA-Spatzennest2-2-768x455.jpg\" class=\"attachment-medium_large size-medium_large wp-image-2208\" alt=\"\" loading=\"lazy\" srcset=\"https:\/\/www.gemeinde-rossau.de\/wp-content\/uploads\/2019\/11\/KITA-Spatzennest2-2-768x455.jpg 768w, https:\/\/www.gemeinde-rossau.de\/wp-content\/uploads\/2019\/11\/KITA-Spatzennest2-2-300x178.jpg 300w, https:\/\/www.gemeinde-rossau.de\/wp-content\/uploads\/2019\/11\/KITA-Spatzennest2-2-1200x711.jpg 1200w\" sizes=\"(max-width: 768px) 100vw, 768px\" \/>\t\t\t\t\t\t\t\t\t\t\t<figcaption class=\"widget-image-caption wp-caption-text\"><\/figcaption>\n\t\t\t\t\t\t\t\t\t\t<\/figure>\n\t\t\t\t\t\t\t\t<\/div>\n\t\t\t\t\t\t<\/div>\n\t\t\t\t<\/div>\n\t\t\t\t\t\t<\/div>\n\t\t\t\t\t<\/div>\n\t\t<\/div>\n\t\t\t\t\t\t\t\t<\/div>\n\t\t\t\t\t<\/div>\n\t\t<\/section>\n\t\t\t\t\t\t<\/div>\n\t\t\t\t\t<\/div>\n\t\t<\/div>\n\t\t\t\t\t\t\t\t<\/div>\n\t\t\t\t\t<\/div>\n\t\t<\/section>\n\t\t\t\t\t\t\t\t\t<\/div>\n\t\t\t<\/div>\n\t\t\t\t\t<\/div>\n\t\t","protected":false},"excerpt":{"rendered":"<p>Willkommen Wenn Sie Lust haben, scannen Sie den QR Code und schauen mal was Sie \u00fcber die Arbeit in der Kita erfahren k\u00f6nnen. Herzliche Gr\u00fc\u00dfe aus der Kita, Michael Schott, Einrichtungsleitung Unsere Kindertagesst\u00e4tte &#8220;Spatzennest&#8221; befindet sich in einer l\u00e4ndlichen Region im Mittels\u00e4chsischen H\u00fcgelland in der N\u00e4he der Talsperre Kriebstein. Tr\u00e4ger ist die Gemeinde Rossau. Die [&hellip;]<\/p>\n","protected":false},"author":1,"featured_media":2208,"parent":396,"menu_order":2,"comment_status":"closed","ping_status":"closed","template":"","meta":{"_expiration-date-status":"","_expiration-date":1766414031,"_expiration-date-type":"draft","_expiration-date-categories":[],"_expiration-date-options":[],"_links_to":"","_links_to_target":""},"acf":[],"yoast_head":"<!-- This site is optimized with the Yoast SEO plugin v19.13 - https:\/\/yoast.com\/wordpress\/plugins\/seo\/ -->\n<title>Kindertagesst\u00e4tte &quot;Spatzennest&quot; | Gemeindeverwaltung Rossau<\/title>\n<meta name=\"robots\" content=\"index, follow, max-snippet:-1, max-image-preview:large, max-video-preview:-1\" \/>\n<link rel=\"canonical\" href=\"https:\/\/www.gemeinde-rossau.de\/index.php\/bildungseinrichtungen\/kindertagesstatte-spatzennest\/\" \/>\n<meta property=\"og:locale\" content=\"de_DE\" \/>\n<meta property=\"og:type\" content=\"article\" \/>\n<meta property=\"og:title\" content=\"Kindertagesst\u00e4tte &quot;Spatzennest&quot; | Gemeindeverwaltung Rossau\" \/>\n<meta property=\"og:description\" content=\"Willkommen Wenn Sie Lust haben, scannen Sie den QR Code und schauen mal was Sie \u00fcber die Arbeit in der Kita erfahren k\u00f6nnen. Herzliche Gr\u00fc\u00dfe aus der Kita, Michael Schott, Einrichtungsleitung Unsere Kindertagesst\u00e4tte &#8220;Spatzennest&#8221; befindet sich in einer l\u00e4ndlichen Region im Mittels\u00e4chsischen H\u00fcgelland in der N\u00e4he der Talsperre Kriebstein. Tr\u00e4ger ist die Gemeinde Rossau. Die [&hellip;]\" \/>\n<meta property=\"og:url\" content=\"https:\/\/www.gemeinde-rossau.de\/index.php\/bildungseinrichtungen\/kindertagesstatte-spatzennest\/\" \/>\n<meta property=\"og:site_name\" content=\"Gemeindeverwaltung Rossau\" \/>\n<meta property=\"article:modified_time\" content=\"2025-12-15T14:33:59+00:00\" \/>\n<meta property=\"og:image\" content=\"https:\/\/www.gemeinde-rossau.de\/wp-content\/uploads\/2019\/11\/KITA-Spatzennest2-2-1200x711.jpg\" \/>\n\t<meta property=\"og:image:width\" content=\"1200\" \/>\n\t<meta property=\"og:image:height\" content=\"711\" \/>\n\t<meta property=\"og:image:type\" content=\"image\/jpeg\" \/>\n<meta name=\"twitter:card\" content=\"summary_large_image\" \/>\n<meta name=\"twitter:label1\" content=\"Gesch\u00e4tzte Lesezeit\" \/>\n\t<meta name=\"twitter:data1\" content=\"3\u00a0Minuten\" \/>\n<script type=\"application\/ld+json\" class=\"yoast-schema-graph\">{\"@context\":\"https:\/\/schema.org\",\"@graph\":[{\"@type\":\"WebPage\",\"@id\":\"https:\/\/www.gemeinde-rossau.de\/index.php\/bildungseinrichtungen\/kindertagesstatte-spatzennest\/\",\"url\":\"https:\/\/www.gemeinde-rossau.de\/index.php\/bildungseinrichtungen\/kindertagesstatte-spatzennest\/\",\"name\":\"Kindertagesst\u00e4tte \\\"Spatzennest\\\" | Gemeindeverwaltung Rossau\",\"isPartOf\":{\"@id\":\"https:\/\/www.gemeinde-rossau.de\/#website\"},\"datePublished\":\"2019-06-14T14:12:43+00:00\",\"dateModified\":\"2025-12-15T14:33:59+00:00\",\"breadcrumb\":{\"@id\":\"https:\/\/www.gemeinde-rossau.de\/index.php\/bildungseinrichtungen\/kindertagesstatte-spatzennest\/#breadcrumb\"},\"inLanguage\":\"de\",\"potentialAction\":[{\"@type\":\"ReadAction\",\"target\":[\"https:\/\/www.gemeinde-rossau.de\/index.php\/bildungseinrichtungen\/kindertagesstatte-spatzennest\/\"]}]},{\"@type\":\"BreadcrumbList\",\"@id\":\"https:\/\/www.gemeinde-rossau.de\/index.php\/bildungseinrichtungen\/kindertagesstatte-spatzennest\/#breadcrumb\",\"itemListElement\":[{\"@type\":\"ListItem\",\"position\":1,\"name\":\"Home\",\"item\":\"https:\/\/www.gemeinde-rossau.de\/\"},{\"@type\":\"ListItem\",\"position\":2,\"name\":\"Bildungseinrichtungen\",\"item\":\"https:\/\/www.gemeinde-rossau.de\/?page_id=396\"},{\"@type\":\"ListItem\",\"position\":3,\"name\":\"Kindertagesst\u00e4tte &#8220;Spatzennest&#8221;\"}]},{\"@type\":\"WebSite\",\"@id\":\"https:\/\/www.gemeinde-rossau.de\/#website\",\"url\":\"https:\/\/www.gemeinde-rossau.de\/\",\"name\":\"Gemeindeverwaltung Rossau\",\"description\":\"Gemeindeverwaltung Rossau\",\"publisher\":{\"@id\":\"https:\/\/www.gemeinde-rossau.de\/#organization\"},\"potentialAction\":[{\"@type\":\"SearchAction\",\"target\":{\"@type\":\"EntryPoint\",\"urlTemplate\":\"https:\/\/www.gemeinde-rossau.de\/?s={search_term_string}\"},\"query-input\":\"required name=search_term_string\"}],\"inLanguage\":\"de\"},{\"@type\":\"Organization\",\"@id\":\"https:\/\/www.gemeinde-rossau.de\/#organization\",\"name\":\"Gemeindeverwaltung Rossau\",\"url\":\"https:\/\/www.gemeinde-rossau.de\/\",\"logo\":{\"@type\":\"ImageObject\",\"inLanguage\":\"de\",\"@id\":\"https:\/\/www.gemeinde-rossau.de\/#\/schema\/logo\/image\/\",\"url\":\"https:\/\/www.gemeinde-rossau.de\/wp-content\/uploads\/2019\/06\/Rossau_Navigation-e1574972262765.png\",\"contentUrl\":\"https:\/\/www.gemeinde-rossau.de\/wp-content\/uploads\/2019\/06\/Rossau_Navigation-e1574972262765.png\",\"width\":76,\"height\":100,\"caption\":\"Gemeindeverwaltung Rossau\"},\"image\":{\"@id\":\"https:\/\/www.gemeinde-rossau.de\/#\/schema\/logo\/image\/\"}}]}<\/script>\n<!-- \/ Yoast SEO plugin. -->","yoast_head_json":{"title":"Kindertagesst\u00e4tte \"Spatzennest\" | Gemeindeverwaltung Rossau","robots":{"index":"index","follow":"follow","max-snippet":"max-snippet:-1","max-image-preview":"max-image-preview:large","max-video-preview":"max-video-preview:-1"},"canonical":"https:\/\/www.gemeinde-rossau.de\/index.php\/bildungseinrichtungen\/kindertagesstatte-spatzennest\/","og_locale":"de_DE","og_type":"article","og_title":"Kindertagesst\u00e4tte \"Spatzennest\" | Gemeindeverwaltung Rossau","og_description":"Willkommen Wenn Sie Lust haben, scannen Sie den QR Code und schauen mal was Sie \u00fcber die Arbeit in der Kita erfahren k\u00f6nnen. Herzliche Gr\u00fc\u00dfe aus der Kita, Michael Schott, Einrichtungsleitung Unsere Kindertagesst\u00e4tte &#8220;Spatzennest&#8221; befindet sich in einer l\u00e4ndlichen Region im Mittels\u00e4chsischen H\u00fcgelland in der N\u00e4he der Talsperre Kriebstein. Tr\u00e4ger ist die Gemeinde Rossau. Die [&hellip;]","og_url":"https:\/\/www.gemeinde-rossau.de\/index.php\/bildungseinrichtungen\/kindertagesstatte-spatzennest\/","og_site_name":"Gemeindeverwaltung Rossau","article_modified_time":"2025-12-15T14:33:59+00:00","og_image":[{"width":1200,"height":711,"url":"https:\/\/www.gemeinde-rossau.de\/wp-content\/uploads\/2019\/11\/KITA-Spatzennest2-2-1200x711.jpg","type":"image\/jpeg"}],"twitter_card":"summary_large_image","twitter_misc":{"Gesch\u00e4tzte Lesezeit":"3\u00a0Minuten"},"schema":{"@context":"https:\/\/schema.org","@graph":[{"@type":"WebPage","@id":"https:\/\/www.gemeinde-rossau.de\/index.php\/bildungseinrichtungen\/kindertagesstatte-spatzennest\/","url":"https:\/\/www.gemeinde-rossau.de\/index.php\/bildungseinrichtungen\/kindertagesstatte-spatzennest\/","name":"Kindertagesst\u00e4tte \"Spatzennest\" | Gemeindeverwaltung Rossau","isPartOf":{"@id":"https:\/\/www.gemeinde-rossau.de\/#website"},"datePublished":"2019-06-14T14:12:43+00:00","dateModified":"2025-12-15T14:33:59+00:00","breadcrumb":{"@id":"https:\/\/www.gemeinde-rossau.de\/index.php\/bildungseinrichtungen\/kindertagesstatte-spatzennest\/#breadcrumb"},"inLanguage":"de","potentialAction":[{"@type":"ReadAction","target":["https:\/\/www.gemeinde-rossau.de\/index.php\/bildungseinrichtungen\/kindertagesstatte-spatzennest\/"]}]},{"@type":"BreadcrumbList","@id":"https:\/\/www.gemeinde-rossau.de\/index.php\/bildungseinrichtungen\/kindertagesstatte-spatzennest\/#breadcrumb","itemListElement":[{"@type":"ListItem","position":1,"name":"Home","item":"https:\/\/www.gemeinde-rossau.de\/"},{"@type":"ListItem","position":2,"name":"Bildungseinrichtungen","item":"https:\/\/www.gemeinde-rossau.de\/?page_id=396"},{"@type":"ListItem","position":3,"name":"Kindertagesst\u00e4tte &#8220;Spatzennest&#8221;"}]},{"@type":"WebSite","@id":"https:\/\/www.gemeinde-rossau.de\/#website","url":"https:\/\/www.gemeinde-rossau.de\/","name":"Gemeindeverwaltung Rossau","description":"Gemeindeverwaltung Rossau","publisher":{"@id":"https:\/\/www.gemeinde-rossau.de\/#organization"},"potentialAction":[{"@type":"SearchAction","target":{"@type":"EntryPoint","urlTemplate":"https:\/\/www.gemeinde-rossau.de\/?s={search_term_string}"},"query-input":"required name=search_term_string"}],"inLanguage":"de"},{"@type":"Organization","@id":"https:\/\/www.gemeinde-rossau.de\/#organization","name":"Gemeindeverwaltung Rossau","url":"https:\/\/www.gemeinde-rossau.de\/","logo":{"@type":"ImageObject","inLanguage":"de","@id":"https:\/\/www.gemeinde-rossau.de\/#\/schema\/logo\/image\/","url":"https:\/\/www.gemeinde-rossau.de\/wp-content\/uploads\/2019\/06\/Rossau_Navigation-e1574972262765.png","contentUrl":"https:\/\/www.gemeinde-rossau.de\/wp-content\/uploads\/2019\/06\/Rossau_Navigation-e1574972262765.png","width":76,"height":100,"caption":"Gemeindeverwaltung Rossau"},"image":{"@id":"https:\/\/www.gemeinde-rossau.de\/#\/schema\/logo\/image\/"}}]}},"_links":{"self":[{"href":"https:\/\/www.gemeinde-rossau.de\/index.php\/wp-json\/wp\/v2\/pages\/580"}],"collection":[{"href":"https:\/\/www.gemeinde-rossau.de\/index.php\/wp-json\/wp\/v2\/pages"}],"about":[{"href":"https:\/\/www.gemeinde-rossau.de\/index.php\/wp-json\/wp\/v2\/types\/page"}],"author":[{"embeddable":true,"href":"https:\/\/www.gemeinde-rossau.de\/index.php\/wp-json\/wp\/v2\/users\/1"}],"replies":[{"embeddable":true,"href":"https:\/\/www.gemeinde-rossau.de\/index.php\/wp-json\/wp\/v2\/comments?post=580"}],"version-history":[{"count":30,"href":"https:\/\/www.gemeinde-rossau.de\/index.php\/wp-json\/wp\/v2\/pages\/580\/revisions"}],"predecessor-version":[{"id":43807,"href":"https:\/\/www.gemeinde-rossau.de\/index.php\/wp-json\/wp\/v2\/pages\/580\/revisions\/43807"}],"up":[{"embeddable":true,"href":"https:\/\/www.gemeinde-rossau.de\/index.php\/wp-json\/wp\/v2\/pages\/396"}],"wp:featuredmedia":[{"embeddable":true,"href":"https:\/\/www.gemeinde-rossau.de\/index.php\/wp-json\/wp\/v2\/media\/2208"}],"wp:attachment":[{"href":"https:\/\/www.gemeinde-rossau.de\/index.php\/wp-json\/wp\/v2\/media?parent=580"}],"curies":[{"name":"wp","href":"https:\/\/api.w.org\/{rel}","templated":true}]}}