{"id":578,"date":"2019-06-14T14:12:19","date_gmt":"2019-06-14T14:12:19","guid":{"rendered":"https:\/\/www.gemeinde-rossau.de\/?page_id=578"},"modified":"2020-11-10T15:09:09","modified_gmt":"2020-11-10T14:09:09","slug":"ubersicht","status":"publish","type":"page","link":"https:\/\/www.gemeinde-rossau.de\/index.php\/bildungseinrichtungen\/ubersicht\/","title":{"rendered":"\u00dcbersicht"},"content":{"rendered":"\n<div class=\"wp-block-media-text alignwide has-media-on-the-right\" style=\"grid-template-columns:auto 33%\"><figure class=\"wp-block-media-text__media\"><img decoding=\"async\" loading=\"lazy\" width=\"1200\" height=\"711\" src=\"https:\/\/www.gemeinde-rossau.de\/wp-content\/uploads\/2019\/11\/spatz3-1200x711.jpg\" alt=\"\" class=\"wp-image-2159\" srcset=\"https:\/\/www.gemeinde-rossau.de\/wp-content\/uploads\/2019\/11\/spatz3-1200x711.jpg 1200w, https:\/\/www.gemeinde-rossau.de\/wp-content\/uploads\/2019\/11\/spatz3-300x178.jpg 300w, https:\/\/www.gemeinde-rossau.de\/wp-content\/uploads\/2019\/11\/spatz3-768x455.jpg 768w\" sizes=\"(max-width: 1200px) 100vw, 1200px\" \/><\/figure><div class=\"wp-block-media-text__content\">\n<p><strong>Kindertagesst\u00e4tte &#8220;Spatzennest&#8221; Rossau<\/strong><\/p>\n\n\n\n<p>Kindergarten  &#8220;Spatzennest&#8221; Rossau<br> OT Niederrossau<br> Hauptstra\u00dfe 87<br> Tel.: 0 37 27 \/ 60 16 33<br> E-Mail: <a href=\"mailto:kita.rossau@gmail.com\"> kita.rossau@gmail.com<\/a><br><br> Au\u00dfenstelle Kirchstra\u00dfe 1<br> Tel.: 03727\/601253<br> 0162 4303954<br> E-Mail: <a href=\"mailto:kiga.rossau@gmail.com\"> kiga.rossau@gmail.com<\/a><\/p>\n<\/div><\/div>\n\n\n\n<div style=\"height:100px\" aria-hidden=\"true\" class=\"wp-block-spacer\"><\/div>\n\n\n\n<div class=\"wp-block-media-text alignwide has-media-on-the-right\" style=\"grid-template-columns:auto 32%\"><figure class=\"wp-block-media-text__media\"><img decoding=\"async\" loading=\"lazy\" width=\"260\" height=\"194\" src=\"https:\/\/www.gemeinde-rossau.de\/wp-content\/uploads\/2019\/06\/kindergarten_dreiwerden.jpg\" alt=\"\" class=\"wp-image-1037\"\/><\/figure><div class=\"wp-block-media-text__content\">\n<p><strong>DRK Kindertagesst\u00e4tte &#8220;M\u00e4rchenland&#8221; Seifersbach<\/strong> <\/p>\n\n\n\n<p>DRK Kindertagesst\u00e4tte &#8220;M\u00e4rchenland&#8221; Seifersbach<br> OT Seifersbach<br> Kastanienh\u00f6he 1<\/p>\n\n\n\n<p> <\/p>\n\n\n\n<p>Tel.: 03727 \/ 926 27<br>Fax: 03727\/ 969 484<\/p>\n\n\n\n<p><br><br>E-Mail: \u00a0 <a href=\"mailto:kmaerchenland@dl-hc.drk.de\"> maerchenland@dl-hc.drk.de<\/a><br>Homepage: <a rel=\"noreferrer noopener\" href=\"http:\/\/www.dl-hc.drk.de\" target=\"_blank\"> www.dl-hc.drk.de<\/a><\/p>\n<\/div><\/div>\n\n\n\n<div style=\"height:100px\" aria-hidden=\"true\" class=\"wp-block-spacer\"><\/div>\n\n\n\n<div class=\"wp-block-media-text alignwide has-media-on-the-right\" style=\"grid-template-columns:auto 32%\"><figure class=\"wp-block-media-text__media\"><img decoding=\"async\" loading=\"lazy\" width=\"260\" height=\"195\" src=\"https:\/\/www.gemeinde-rossau.de\/wp-content\/uploads\/2019\/06\/schule-seifersbach.jpg\" alt=\"\" class=\"wp-image-1038\"\/><\/figure><div class=\"wp-block-media-text__content\">\n<p class=\"has-large-font-size\"> <\/p>\n\n\n\n<p>  <strong>Grundschule Seifersbach<\/strong>  <\/p>\n\n\n\n<p>\nGrundschule Seifersbach&nbsp;&nbsp;&nbsp;&nbsp;&nbsp;&nbsp;&nbsp;&nbsp;&nbsp;&nbsp;<br> OT Seifersbach<br> Rossauer Stra\u00dfe 4 <\/p>\n\n\n\n<p>Die Grundschule Seifersbach hat eine neue Webseite: <br><a rel=\"noreferrer noopener\" href=\"http:\/\/www.grundschule-seifersbach.de\" target=\"_blank\"> www.grundschule-seifersbach.de<\/a><\/p>\n\n\n\n<p>Tel.: 0 37 27 \/ 979 35 74<br>Fax: 0 37 27 \/ 979 35 75<br>Hort: 0 37 27 \/ 979 35 76<br>E-Mail:  <a href=\"mailto:sekretariat@grundschule-seifersbach.de\"> sekretariat@grundschule-seifersbach.de<\/a><\/p>\n\n\n\n<p>Hort Rossau in der Grundschule Seifersbach <br>E-Mail Leitung:&nbsp;&nbsp;&nbsp;&nbsp;&nbsp;  <a href=\"mailto:hort.rossau@gmail.com\"> hort.rossau@gmail.com<\/a><br>E-Mail Mitarbeiter: <a href=\"mailto:hortinfo.rossau@gmail.com\"> hortinfo.rossau@gmail.com<\/a><\/p>\n<\/div><\/div>\n","protected":false},"excerpt":{"rendered":"<p>Kindertagesst\u00e4tte &#8220;Spatzennest&#8221; Rossau Kindergarten &#8220;Spatzennest&#8221; Rossau OT Niederrossau Hauptstra\u00dfe 87 Tel.: 0 37 27 \/ 60 16 33 E-Mail: kita.rossau@gmail.com Au\u00dfenstelle Kirchstra\u00dfe 1 Tel.: 03727\/601253 0162 4303954 E-Mail: kiga.rossau@gmail.com DRK Kindertagesst\u00e4tte &#8220;M\u00e4rchenland&#8221; Seifersbach DRK Kindertagesst\u00e4tte &#8220;M\u00e4rchenland&#8221; Seifersbach OT Seifersbach Kastanienh\u00f6he 1 Tel.: 03727 \/ 926 27Fax: 03727\/ 969 484 E-Mail: \u00a0 maerchenland@dl-hc.drk.deHomepage: www.dl-hc.drk.de Grundschule Seifersbach [&hellip;]<\/p>\n","protected":false},"author":1,"featured_media":1105,"parent":396,"menu_order":1,"comment_status":"closed","ping_status":"closed","template":"","meta":{"_expiration-date-status":"saved","_expiration-date":0,"_expiration-date-type":"","_expiration-date-categories":[],"_expiration-date-options":[],"_links_to":"","_links_to_target":""},"acf":[],"yoast_head":"<!-- This site is optimized with the Yoast SEO plugin v19.13 - https:\/\/yoast.com\/wordpress\/plugins\/seo\/ -->\n<title>\u00dcbersicht | Gemeindeverwaltung Rossau<\/title>\n<meta name=\"robots\" content=\"index, follow, max-snippet:-1, max-image-preview:large, max-video-preview:-1\" \/>\n<link rel=\"canonical\" href=\"https:\/\/www.gemeinde-rossau.de\/index.php\/bildungseinrichtungen\/ubersicht\/\" \/>\n<meta property=\"og:locale\" content=\"de_DE\" \/>\n<meta property=\"og:type\" content=\"article\" \/>\n<meta property=\"og:title\" content=\"\u00dcbersicht | Gemeindeverwaltung Rossau\" \/>\n<meta property=\"og:description\" content=\"Kindertagesst\u00e4tte &#8220;Spatzennest&#8221; Rossau Kindergarten &#8220;Spatzennest&#8221; Rossau OT Niederrossau Hauptstra\u00dfe 87 Tel.: 0 37 27 \/ 60 16 33 E-Mail: kita.rossau@gmail.com Au\u00dfenstelle Kirchstra\u00dfe 1 Tel.: 03727\/601253 0162 4303954 E-Mail: kiga.rossau@gmail.com DRK Kindertagesst\u00e4tte &#8220;M\u00e4rchenland&#8221; Seifersbach DRK Kindertagesst\u00e4tte &#8220;M\u00e4rchenland&#8221; Seifersbach OT Seifersbach Kastanienh\u00f6he 1 Tel.: 03727 \/ 926 27Fax: 03727\/ 969 484 E-Mail: \u00a0 maerchenland@dl-hc.drk.deHomepage: www.dl-hc.drk.de Grundschule Seifersbach [&hellip;]\" \/>\n<meta property=\"og:url\" content=\"https:\/\/www.gemeinde-rossau.de\/index.php\/bildungseinrichtungen\/ubersicht\/\" \/>\n<meta property=\"og:site_name\" content=\"Gemeindeverwaltung Rossau\" \/>\n<meta property=\"article:modified_time\" content=\"2020-11-10T14:09:09+00:00\" \/>\n<meta property=\"og:image\" content=\"https:\/\/www.gemeinde-rossau.de\/wp-content\/uploads\/2019\/06\/bg-standart.jpg\" \/>\n\t<meta property=\"og:image:width\" content=\"1200\" \/>\n\t<meta property=\"og:image:height\" content=\"675\" \/>\n\t<meta property=\"og:image:type\" content=\"image\/jpeg\" \/>\n<meta name=\"twitter:card\" content=\"summary_large_image\" \/>\n<meta name=\"twitter:label1\" content=\"Gesch\u00e4tzte Lesezeit\" \/>\n\t<meta name=\"twitter:data1\" content=\"1\u00a0Minute\" \/>\n<script type=\"application\/ld+json\" class=\"yoast-schema-graph\">{\"@context\":\"https:\/\/schema.org\",\"@graph\":[{\"@type\":\"WebPage\",\"@id\":\"https:\/\/www.gemeinde-rossau.de\/index.php\/bildungseinrichtungen\/ubersicht\/\",\"url\":\"https:\/\/www.gemeinde-rossau.de\/index.php\/bildungseinrichtungen\/ubersicht\/\",\"name\":\"\u00dcbersicht | Gemeindeverwaltung Rossau\",\"isPartOf\":{\"@id\":\"https:\/\/www.gemeinde-rossau.de\/#website\"},\"datePublished\":\"2019-06-14T14:12:19+00:00\",\"dateModified\":\"2020-11-10T14:09:09+00:00\",\"breadcrumb\":{\"@id\":\"https:\/\/www.gemeinde-rossau.de\/index.php\/bildungseinrichtungen\/ubersicht\/#breadcrumb\"},\"inLanguage\":\"de\",\"potentialAction\":[{\"@type\":\"ReadAction\",\"target\":[\"https:\/\/www.gemeinde-rossau.de\/index.php\/bildungseinrichtungen\/ubersicht\/\"]}]},{\"@type\":\"BreadcrumbList\",\"@id\":\"https:\/\/www.gemeinde-rossau.de\/index.php\/bildungseinrichtungen\/ubersicht\/#breadcrumb\",\"itemListElement\":[{\"@type\":\"ListItem\",\"position\":1,\"name\":\"Home\",\"item\":\"https:\/\/www.gemeinde-rossau.de\/\"},{\"@type\":\"ListItem\",\"position\":2,\"name\":\"Bildungseinrichtungen\",\"item\":\"https:\/\/www.gemeinde-rossau.de\/?page_id=396\"},{\"@type\":\"ListItem\",\"position\":3,\"name\":\"\u00dcbersicht\"}]},{\"@type\":\"WebSite\",\"@id\":\"https:\/\/www.gemeinde-rossau.de\/#website\",\"url\":\"https:\/\/www.gemeinde-rossau.de\/\",\"name\":\"Gemeindeverwaltung Rossau\",\"description\":\"Gemeindeverwaltung Rossau\",\"publisher\":{\"@id\":\"https:\/\/www.gemeinde-rossau.de\/#organization\"},\"potentialAction\":[{\"@type\":\"SearchAction\",\"target\":{\"@type\":\"EntryPoint\",\"urlTemplate\":\"https:\/\/www.gemeinde-rossau.de\/?s={search_term_string}\"},\"query-input\":\"required name=search_term_string\"}],\"inLanguage\":\"de\"},{\"@type\":\"Organization\",\"@id\":\"https:\/\/www.gemeinde-rossau.de\/#organization\",\"name\":\"Gemeindeverwaltung Rossau\",\"url\":\"https:\/\/www.gemeinde-rossau.de\/\",\"logo\":{\"@type\":\"ImageObject\",\"inLanguage\":\"de\",\"@id\":\"https:\/\/www.gemeinde-rossau.de\/#\/schema\/logo\/image\/\",\"url\":\"https:\/\/www.gemeinde-rossau.de\/wp-content\/uploads\/2019\/06\/Rossau_Navigation-e1574972262765.png\",\"contentUrl\":\"https:\/\/www.gemeinde-rossau.de\/wp-content\/uploads\/2019\/06\/Rossau_Navigation-e1574972262765.png\",\"width\":76,\"height\":100,\"caption\":\"Gemeindeverwaltung Rossau\"},\"image\":{\"@id\":\"https:\/\/www.gemeinde-rossau.de\/#\/schema\/logo\/image\/\"}}]}<\/script>\n<!-- \/ Yoast SEO plugin. -->","yoast_head_json":{"title":"\u00dcbersicht | Gemeindeverwaltung Rossau","robots":{"index":"index","follow":"follow","max-snippet":"max-snippet:-1","max-image-preview":"max-image-preview:large","max-video-preview":"max-video-preview:-1"},"canonical":"https:\/\/www.gemeinde-rossau.de\/index.php\/bildungseinrichtungen\/ubersicht\/","og_locale":"de_DE","og_type":"article","og_title":"\u00dcbersicht | Gemeindeverwaltung Rossau","og_description":"Kindertagesst\u00e4tte &#8220;Spatzennest&#8221; Rossau Kindergarten &#8220;Spatzennest&#8221; Rossau OT Niederrossau Hauptstra\u00dfe 87 Tel.: 0 37 27 \/ 60 16 33 E-Mail: kita.rossau@gmail.com Au\u00dfenstelle Kirchstra\u00dfe 1 Tel.: 03727\/601253 0162 4303954 E-Mail: kiga.rossau@gmail.com DRK Kindertagesst\u00e4tte &#8220;M\u00e4rchenland&#8221; Seifersbach DRK Kindertagesst\u00e4tte &#8220;M\u00e4rchenland&#8221; Seifersbach OT Seifersbach Kastanienh\u00f6he 1 Tel.: 03727 \/ 926 27Fax: 03727\/ 969 484 E-Mail: \u00a0 maerchenland@dl-hc.drk.deHomepage: www.dl-hc.drk.de Grundschule Seifersbach [&hellip;]","og_url":"https:\/\/www.gemeinde-rossau.de\/index.php\/bildungseinrichtungen\/ubersicht\/","og_site_name":"Gemeindeverwaltung Rossau","article_modified_time":"2020-11-10T14:09:09+00:00","og_image":[{"width":1200,"height":675,"url":"https:\/\/www.gemeinde-rossau.de\/wp-content\/uploads\/2019\/06\/bg-standart.jpg","type":"image\/jpeg"}],"twitter_card":"summary_large_image","twitter_misc":{"Gesch\u00e4tzte Lesezeit":"1\u00a0Minute"},"schema":{"@context":"https:\/\/schema.org","@graph":[{"@type":"WebPage","@id":"https:\/\/www.gemeinde-rossau.de\/index.php\/bildungseinrichtungen\/ubersicht\/","url":"https:\/\/www.gemeinde-rossau.de\/index.php\/bildungseinrichtungen\/ubersicht\/","name":"\u00dcbersicht | Gemeindeverwaltung Rossau","isPartOf":{"@id":"https:\/\/www.gemeinde-rossau.de\/#website"},"datePublished":"2019-06-14T14:12:19+00:00","dateModified":"2020-11-10T14:09:09+00:00","breadcrumb":{"@id":"https:\/\/www.gemeinde-rossau.de\/index.php\/bildungseinrichtungen\/ubersicht\/#breadcrumb"},"inLanguage":"de","potentialAction":[{"@type":"ReadAction","target":["https:\/\/www.gemeinde-rossau.de\/index.php\/bildungseinrichtungen\/ubersicht\/"]}]},{"@type":"BreadcrumbList","@id":"https:\/\/www.gemeinde-rossau.de\/index.php\/bildungseinrichtungen\/ubersicht\/#breadcrumb","itemListElement":[{"@type":"ListItem","position":1,"name":"Home","item":"https:\/\/www.gemeinde-rossau.de\/"},{"@type":"ListItem","position":2,"name":"Bildungseinrichtungen","item":"https:\/\/www.gemeinde-rossau.de\/?page_id=396"},{"@type":"ListItem","position":3,"name":"\u00dcbersicht"}]},{"@type":"WebSite","@id":"https:\/\/www.gemeinde-rossau.de\/#website","url":"https:\/\/www.gemeinde-rossau.de\/","name":"Gemeindeverwaltung Rossau","description":"Gemeindeverwaltung Rossau","publisher":{"@id":"https:\/\/www.gemeinde-rossau.de\/#organization"},"potentialAction":[{"@type":"SearchAction","target":{"@type":"EntryPoint","urlTemplate":"https:\/\/www.gemeinde-rossau.de\/?s={search_term_string}"},"query-input":"required name=search_term_string"}],"inLanguage":"de"},{"@type":"Organization","@id":"https:\/\/www.gemeinde-rossau.de\/#organization","name":"Gemeindeverwaltung Rossau","url":"https:\/\/www.gemeinde-rossau.de\/","logo":{"@type":"ImageObject","inLanguage":"de","@id":"https:\/\/www.gemeinde-rossau.de\/#\/schema\/logo\/image\/","url":"https:\/\/www.gemeinde-rossau.de\/wp-content\/uploads\/2019\/06\/Rossau_Navigation-e1574972262765.png","contentUrl":"https:\/\/www.gemeinde-rossau.de\/wp-content\/uploads\/2019\/06\/Rossau_Navigation-e1574972262765.png","width":76,"height":100,"caption":"Gemeindeverwaltung Rossau"},"image":{"@id":"https:\/\/www.gemeinde-rossau.de\/#\/schema\/logo\/image\/"}}]}},"_links":{"self":[{"href":"https:\/\/www.gemeinde-rossau.de\/index.php\/wp-json\/wp\/v2\/pages\/578"}],"collection":[{"href":"https:\/\/www.gemeinde-rossau.de\/index.php\/wp-json\/wp\/v2\/pages"}],"about":[{"href":"https:\/\/www.gemeinde-rossau.de\/index.php\/wp-json\/wp\/v2\/types\/page"}],"author":[{"embeddable":true,"href":"https:\/\/www.gemeinde-rossau.de\/index.php\/wp-json\/wp\/v2\/users\/1"}],"replies":[{"embeddable":true,"href":"https:\/\/www.gemeinde-rossau.de\/index.php\/wp-json\/wp\/v2\/comments?post=578"}],"version-history":[{"count":5,"href":"https:\/\/www.gemeinde-rossau.de\/index.php\/wp-json\/wp\/v2\/pages\/578\/revisions"}],"predecessor-version":[{"id":3284,"href":"https:\/\/www.gemeinde-rossau.de\/index.php\/wp-json\/wp\/v2\/pages\/578\/revisions\/3284"}],"up":[{"embeddable":true,"href":"https:\/\/www.gemeinde-rossau.de\/index.php\/wp-json\/wp\/v2\/pages\/396"}],"wp:featuredmedia":[{"embeddable":true,"href":"https:\/\/www.gemeinde-rossau.de\/index.php\/wp-json\/wp\/v2\/media\/1105"}],"wp:attachment":[{"href":"https:\/\/www.gemeinde-rossau.de\/index.php\/wp-json\/wp\/v2\/media?parent=578"}],"curies":[{"name":"wp","href":"https:\/\/api.w.org\/{rel}","templated":true}]}}