{"id":5542,"date":"2023-01-24T17:09:32","date_gmt":"2023-01-24T16:09:32","guid":{"rendered":"https:\/\/www.gemeinde-rossau.de\/?page_id=5542"},"modified":"2026-01-28T09:24:00","modified_gmt":"2026-01-28T08:24:00","slug":"beschluesse-2023","status":"publish","type":"page","link":"https:\/\/www.gemeinde-rossau.de\/index.php\/beschluesse-2023\/","title":{"rendered":"Beschl\u00fcsse 2023"},"content":{"rendered":"\t\t<div data-elementor-type=\"wp-page\" data-elementor-id=\"5542\" class=\"elementor elementor-5542\">\n\t\t\t\t\t\t<div class=\"elementor-inner\">\n\t\t\t\t<div class=\"elementor-section-wrap\">\n\t\t\t\t\t\t\t\t\t<section class=\"elementor-section elementor-top-section elementor-element elementor-element-23a539d elementor-section-boxed elementor-section-height-default elementor-section-height-default\" data-id=\"23a539d\" data-element_type=\"section\">\n\t\t\t\t\t\t<div class=\"elementor-container elementor-column-gap-default\">\n\t\t\t\t\t\t\t<div class=\"elementor-row\">\n\t\t\t\t\t<div class=\"elementor-column elementor-col-100 elementor-top-column elementor-element elementor-element-8ca697f\" data-id=\"8ca697f\" data-element_type=\"column\">\n\t\t\t<div class=\"elementor-column-wrap elementor-element-populated\">\n\t\t\t\t\t\t\t<div class=\"elementor-widget-wrap\">\n\t\t\t\t\t\t<div class=\"elementor-element elementor-element-f9b6fdf elementor-widget elementor-widget-text-editor\" data-id=\"f9b6fdf\" data-element_type=\"widget\" data-widget_type=\"text-editor.default\">\n\t\t\t\t<div class=\"elementor-widget-container\">\n\t\t\t\t\t\t\t\t<div class=\"elementor-text-editor elementor-clearfix\">\n\t\t\t\t<p><strong><span style=\"text-decoration: underline;\">Beschluss Nr. 21\/2023<\/span>\u00a0 \u00a0Vorlage Nr. 22\/2023<\/strong><\/p><p>Der Gemeinderat der Gemeinde Rossau beschlie\u00dft den \u00dcberlassungvertrag der Leerrohre f\u00fcr den Breitbandausbau.<\/p><p><strong><span style=\"text-decoration: underline;\">Beschluss Nr. 20\/2023\u00a0<\/span> \u00a0 Vorlage Nr. 21\/2023<\/strong><\/p><p>Der Gemeinderat der Gemeinde Rossau beschlie\u00dft die au\u00dferplanm\u00e4\u00dfige Haushaltsauszahlung f\u00fcr die Erneuerung der Stra\u00dfenabl\u00e4ufe im OT Dreiwerden \u2013 Am Sportplatz.<\/p><p><strong><span style=\"text-decoration: underline;\">Beschluss Nr. 19\/2023\u00a0<\/span> \u00a0Vorlage Nr. 19\/2023<\/strong><\/p><p>Der Gemeinderat der Gemeinde Rossau beschlie\u00dft die Erstellung\/Verabschiedung einer Leitlinie\/Handlungsempfehlung zur Errichtung von Freifl\u00e4chen-Photovoltaikanlagen in der Gemeinde Rossau.<\/p><p><span style=\"text-decoration: underline;\"><strong>Beschluss Nr. 17\/2023<\/strong><\/span><strong>\u00a0 <\/strong><strong>\u00a0Vorlage Nr. 18\/2023<\/strong><\/p><p>Der Gemeinderat der Gemeinde Rossau beschlie\u00dft die Fortschreibung des Brandschutzbedarfsplanes der Gemeinde Rossau.<\/p><p><span style=\"text-decoration: underline;\"><strong>Beschluss Nr. 16\/2023<\/strong><\/span><strong>\u00a0 <\/strong><strong>\u00a0Vorlage Nr. 17\/2023<\/strong><\/p><p>Der Gemeinderat der Gemeinde Rossau beschlie\u00dft die Vorschlagsliste Sch\u00f6ffenwahl Amtsperiode 2024 &#8211; 2028 der Gemeinde Rossau.<\/p><p><span style=\"text-decoration: underline;\"><strong>Beschluss Nr. 15\/2023<\/strong><\/span><strong>\u00a0 <\/strong><strong>\u00a0Vorlage Nr. 16\/2023<\/strong><\/p><p>Der Gemeinderat der Gemeinde Rossau beschlie\u00dft die Anschaffung eines Minibaggers f\u00fcr den Bauhof der Gemeinde Rossau.<\/p><p><strong><span style=\"text-decoration: underline;\">Beschluss Nr. 14\/2023<\/span>\u00a0 \u00a0 Vorlage Nr. 15\/2023<\/strong><\/p><p>Der Gemeinderat der Gemeinde Rossau beschlie\u00dft die Deckensanierung Waldblick 2. Bauabschnitt durch die Firma Walter Stra\u00dfenbau KG, Waldheimer Str. 76, 09661 Striegistal zum Preis von 76.807,72 Euro.<\/p><p><strong><span style=\"text-decoration: underline;\">Beschluss Nr. 13\/2023<\/span>\u00a0 \u00a0 \u00a0Vorlage Nr. 14\/2023<\/strong><\/p><p>Der Gemeinderat der Gemeinde Rossau beschlie\u00dft den Auslagenersatz f\u00fcr Inhaber von Wahl\u00e4mtern, Erfrischungsgeld f\u00fcr die B\u00fcrgermeisterwahl am 03. September 2023.<\/p><p><strong><span style=\"text-decoration-line: underline;\">Beschluss Nr. 12\/2023<\/span>\u00a0 \u00a0 \u00a0Vorlage Nr. 13\/2023<\/strong><\/p><p>Der Gemeinderat der Gemeinde Rossau beschlie\u00dft die Aufstellung des Gemeindewahlausschusses f\u00fcr die B\u00fcrgermeisterwahl am 03. September 2023 und eines etwaig notwendig werdenden zweiten Wahlganges am 24. September 2023.<\/p><p><strong><span style=\"text-decoration: underline;\">Beschluss Nr. 11\/2023<\/span>\u00a0 \u00a0 \u00a0Vorlage Nr. 12\/2023<\/strong><\/p><p>Der Gemeinderat der Gemeinde Rossau beschlie\u00dft die Aufhebung des Beschlusses Nr. 08\/2022.<\/p><p><strong><span style=\"text-decoration: underline;\">Beschluss Nr. 10\/2023<\/span>\u00a0 \u00a0 \u00a0Vorlage Nr. 11\/2023<\/strong><\/p><p>Der Gemeinderat der Gemeinde Rossau beschlie\u00dft den Widerruf der ehrenamtlichen Bestellung Frau Conrad (Austragung vom Amtsblatt der Gemeinde Rossau) und Bestellung des Herrn M\u00fcller zum ehrenamtlich T\u00e4tigen gem\u00e4\u00df \u00a717 S\u00e4chsGemO (neuer Austr\u00e4ger).<\/p><p><strong><span style=\"text-decoration: underline;\">Beschluss Nr. 09\/2023<\/span>\u00a0 \u00a0 \u00a0Vorlage Nr. 10\/2023<\/strong><\/p><p>Der Gemeinderat der Gemeinde Rossau beschlie\u00dft die neuen Mietpreise f\u00fcr die Trauerhallen der Gemeinde Rossau.<\/p><p>Trauerhalle Niederrossau\u00a0\u00a0\u00a0\u00a0\u00a0\u00a0\u00a0\u00a0\u00a0\u00a0\u00a0\u00a0\u00a0\u00a0\u00a0\u00a0\u00a0\u00a0\u00a0\u00a0\u00a0\u00a0\u00a0\u00a0\u00a0\u00a0\u00a0\u00a0\u00a0\u00a0\u00a0\u00a0\u00a0\u00a0\u00a0\u00a0\u00a0\u00a0\u00a0\u00a0\u00a0\u00a0\u00a0\u00a0\u00a0\u00a0\u00a0\u00a0\u00a0\u00a0\u00a0\u00a0\u00a0\u00a0\u00a0\u00a0\u00a0\u00a0\u00a0\u00a0\u00a0\u00a0\u00a0\u00a0\u00a0\u00a0\u00a0\u00a0\u00a0\u00a0\u00a0\u00a0\u00a0\u00a0\u00a0\u00a0\u00a0\u00a0\u00a0\u00a0\u00a0\u00a0\u00a0\u00a0\u00a0\u00a0\u00a0\u00a0\u00a0\u00a0\u00a0\u00a0 80,00 \u20ac<\/p><p>Trauerhalle Seifersbach\u00a0\u00a0\u00a0\u00a0\u00a0\u00a0\u00a0\u00a0\u00a0\u00a0\u00a0\u00a0\u00a0\u00a0\u00a0\u00a0\u00a0\u00a0\u00a0\u00a0\u00a0\u00a0\u00a0\u00a0\u00a0\u00a0\u00a0\u00a0\u00a0\u00a0\u00a0\u00a0\u00a0\u00a0\u00a0\u00a0\u00a0\u00a0\u00a0\u00a0\u00a0\u00a0\u00a0\u00a0\u00a0\u00a0\u00a0\u00a0\u00a0\u00a0\u00a0\u00a0\u00a0\u00a0\u00a0\u00a0\u00a0\u00a0\u00a0\u00a0\u00a0\u00a0\u00a0\u00a0\u00a0\u00a0\u00a0\u00a0\u00a0\u00a0\u00a0\u00a0\u00a0\u00a0\u00a0\u00a0\u00a0\u00a0\u00a0\u00a0\u00a0\u00a0\u00a0\u00a0\u00a0\u00a0\u00a0\u00a0\u00a0\u00a0\u00a0\u00a0\u00a0\u00a0\u00a0 60,00 \u20ac<\/p><p>Trauerhalle Greifendorf\u00a0\u00a0\u00a0\u00a0\u00a0\u00a0\u00a0\u00a0\u00a0\u00a0\u00a0\u00a0\u00a0\u00a0\u00a0\u00a0\u00a0\u00a0\u00a0\u00a0\u00a0\u00a0\u00a0\u00a0\u00a0\u00a0\u00a0\u00a0\u00a0\u00a0\u00a0\u00a0\u00a0\u00a0\u00a0\u00a0\u00a0\u00a0\u00a0\u00a0\u00a0\u00a0\u00a0\u00a0\u00a0\u00a0\u00a0\u00a0\u00a0\u00a0\u00a0\u00a0\u00a0\u00a0\u00a0\u00a0\u00a0\u00a0\u00a0\u00a0\u00a0\u00a0\u00a0\u00a0\u00a0\u00a0\u00a0\u00a0\u00a0\u00a0\u00a0\u00a0\u00a0\u00a0\u00a0\u00a0\u00a0\u00a0\u00a0\u00a0\u00a0\u00a0\u00a0\u00a0\u00a0\u00a0\u00a0\u00a0\u00a0\u00a0\u00a0\u00a0\u00a0\u00a0\u00a0 60,00 \u20ac<\/p><p><strong><span style=\"text-decoration: underline;\">Beschluss Nr. 08\/2023<\/span>\u00a0 \u00a0 Vorlage Nr. 09\/2023<\/strong><\/p><p>Der Gemeinderat der Gemeinde Rossau beschlie\u00dft die neuen Mietpreise f\u00fcr die Zeltvermietung und Veranstaltungsr\u00e4ume der Gemeinde Rossau.<\/p><p><strong>Aufstellung Mietpreise<\/strong><\/p><p>Dorfgemeinschaftshaus kleiner Raum (bis 39 Personen)\u00a0 \u00a0 \u00a0 \u00a0 \u00a0 \u00a0 \u00a0 \u00a0 \u00a0 \u00a0 \u00a0 \u00a0 \u00a0 \u00a0 \u00a0 \u00a0 \u00a0 \u00a0 \u00a0 \u00a0 \u00a0 \u00a0 \u00a0 \u00a0 \u00a0 \u00a0 \u00a0 \u00a0 80,00 \u20ac<\/p><p>Dorfgemeinschaftshaus gro\u00dfer Raum (bis 60 Personen)\u00a0 \u00a0 \u00a0 \u00a0 \u00a0 \u00a0 \u00a0 \u00a0 \u00a0 \u00a0 \u00a0 \u00a0 \u00a0 \u00a0 \u00a0 \u00a0 \u00a0 \u00a0 \u00a0 \u00a0 \u00a0 \u00a0 \u00a0 \u00a0 \u00a0 \u00a0 \u00a0 120,00 \u20ac<\/p><p>Dorfgemeinschaftshaus komplett (bis 99 Personen)\u00a0 \u00a0 \u00a0 \u00a0 \u00a0 \u00a0 \u00a0 \u00a0 \u00a0 \u00a0 \u00a0 \u00a0 \u00a0 \u00a0 \u00a0 \u00a0 \u00a0 \u00a0 \u00a0 \u00a0 \u00a0 \u00a0 \u00a0 \u00a0 \u00a0 \u00a0 \u00a0 \u00a0 \u00a0 \u00a0 \u00a0 200,00 \u20ac<\/p><p>Dorfgemeinschaftshaus Paket 3 Stunden (z.B. Trauerfeier)\u00a0 \u00a0 \u00a0 \u00a0 \u00a0 \u00a0 \u00a0 \u00a0 \u00a0 \u00a0 \u00a0 \u00a0 \u00a0 \u00a0 \u00a0 \u00a0 \u00a0 \u00a0 \u00a0 \u00a0 \u00a0 \u00a0 \u00a0 \u00a0 \u00a0 \u00a0 50,00 \u20ac<\/p><p>Ratssaal Seifersbach\u00a0 \u00a0 \u00a0 \u00a0 \u00a0 \u00a0 \u00a0 \u00a0 \u00a0 \u00a0 \u00a0 \u00a0 \u00a0 \u00a0 \u00a0 \u00a0 \u00a0 \u00a0 \u00a0 \u00a0 \u00a0 \u00a0 \u00a0 \u00a0 \u00a0 \u00a0 \u00a0 \u00a0 \u00a0 \u00a0 \u00a0 \u00a0 \u00a0 \u00a0 \u00a0 \u00a0 \u00a0 \u00a0 \u00a0 \u00a0 \u00a0 \u00a0 \u00a0 \u00a0 \u00a0 \u00a0 \u00a0 \u00a0 \u00a0 \u00a0 \u00a0 \u00a0 \u00a0 \u00a0 \u00a0 \u00a0 90,00 \u20ac<\/p><p>Ratssaal Seifersbach Paket 3 Stunden (z.B. Trauerfeier)\u00a0 \u00a0 \u00a0 \u00a0 \u00a0 \u00a0 \u00a0 \u00a0 \u00a0 \u00a0 \u00a0 \u00a0 \u00a0 \u00a0 \u00a0 \u00a0 \u00a0 \u00a0 \u00a0 \u00a0 \u00a0 \u00a0 \u00a0 \u00a0 \u00a0 \u00a0 \u00a0 \u00a0 50,00 \u20ac<\/p><p>Kulturhaus Greifendorf\u00a0 \u00a0 \u00a0 \u00a0 \u00a0 \u00a0 \u00a0 \u00a0 \u00a0 \u00a0 \u00a0 \u00a0 \u00a0 \u00a0 \u00a0 \u00a0 \u00a0 \u00a0 \u00a0 \u00a0 \u00a0 \u00a0 \u00a0 \u00a0 \u00a0 \u00a0 \u00a0 \u00a0 \u00a0 \u00a0 \u00a0 \u00a0 \u00a0 \u00a0 \u00a0 \u00a0 \u00a0 \u00a0 \u00a0 \u00a0 \u00a0 \u00a0 \u00a0 \u00a0 \u00a0 \u00a0 \u00a0 \u00a0 \u00a0 \u00a0 \u00a0 \u00a0 \u00a0 \u00a0250,00 \u20ac<\/p><p>F\u00fcr Vereine der Gemeinde Rossau erfolgt die Nutzung kostenfrei. Alles Weitere regelt der Nutzungsvertrag.<\/p><p><strong>Mietpreise Zeltvermietung<\/strong><\/p><table style=\"height: 534px;\" width=\"444\"><tbody><tr><td width=\"145\">\u00a0<\/td><td width=\"148\"><p><strong>Verein<\/strong><\/p><\/td><td width=\"151\"><p><strong>Einwohner<\/strong><\/p><\/td><td width=\"131\"><p><strong>Fremdvermietung<\/strong><\/p><\/td><\/tr><tr><td width=\"145\"><p><strong>10 x 6<\/strong><\/p><\/td><td width=\"148\"><p>\u00a0 50,00 \u20ac<\/p><\/td><td width=\"151\"><p>\u00a0 90,00 \u20ac<\/p><\/td><td width=\"131\"><p>110,00 \u20ac<\/p><\/td><\/tr><tr><td width=\"145\"><p><strong>10 x 9<\/strong><\/p><\/td><td width=\"148\"><p>\u00a0 75,00 \u20ac<\/p><\/td><td width=\"151\"><p>135,00 \u20ac<\/p><\/td><td width=\"131\"><p>165,00 \u20ac<\/p><\/td><\/tr><tr><td width=\"145\"><p><strong>10 x 12<\/strong><\/p><\/td><td width=\"148\"><p>100,00 \u20ac<\/p><\/td><td width=\"151\"><p>180,00 \u20ac<\/p><\/td><td width=\"131\"><p>220,00 \u20ac<\/p><\/td><\/tr><tr><td width=\"145\"><p><strong>10 x 15<\/strong><\/p><\/td><td width=\"148\"><p>125,00 \u20ac<\/p><\/td><td width=\"151\"><p>225,00 \u20ac<\/p><\/td><td width=\"131\"><p>285,00 \u20ac<\/p><\/td><\/tr><tr><td width=\"145\"><p><strong>10 x 18<\/strong><\/p><\/td><td width=\"148\"><p>150,00 \u20ac<\/p><\/td><td width=\"151\"><p>270,00 \u20ac<\/p><\/td><td width=\"131\"><p>330,00 \u20ac<\/p><\/td><\/tr><tr><td width=\"145\"><p><strong>10 x 21<\/strong><\/p><\/td><td width=\"148\"><p>175,00 \u20ac<\/p><\/td><td width=\"151\"><p>315,00 \u20ac<\/p><\/td><td width=\"131\"><p>385,00 \u20ac<\/p><\/td><\/tr><\/tbody><\/table><p>Vereine der Gemeinde Rossau bekommen das Zelt 2 x im Kalenderjahr kostenfrei, exklusive Zeltmeister. Das Kalenderjahr beginnt am 01.01. und endet am 31.12. eines jeden Jahres. Die Kosten f\u00fcr den Zeltmeister der Gemeinde Rossau werden Minutengenau abgerechnet, Beginn und Ende ist immer der Bauhof der Gemeinde Rossau. Der Stundenverrechnungssatz betr\u00e4gt zurzeit 47,12 \u20ac, es wird immer der aktuelle Stundenverrechnungssatz berechnet. Alles Weitere regelt der Nutzungsvertrag.\u00a0<\/p><p><strong><span style=\"text-decoration: underline;\">Beschluss Nr. 07\/2023<\/span>\u00a0 \u00a0Vorlage Nr. 08\/2023<\/strong><\/p><p>Der Gemeinderat der Gemeinde Rossau beschlie\u00dft die neue Gesch\u00e4ftsordnung der Gemeinde Rossau.<\/p><p><strong><span style=\"text-decoration: underline;\">Beschluss Nr. 06\/2023<\/span>\u00a0 \u00a0Vorlage Nr. 07\/2023<\/strong><\/p><p>Der Gemeinderat der Gemeinde Rossau beschlie\u00dft die neue Hauptsatzung der Gemeinde Rossau.<\/p><p><strong><span style=\"text-decoration: underline;\">Beschluss Nr. 05\/2023<\/span> \u00a0 Vorlage Nr. 06\/2023<\/strong><\/p><p>Der Gemeinderat der Gemeinde Rossau beschlie\u00dft, auf einen Gesamtabschluss im Haushaltsjahr 2023 zu verzichten.<\/p><p><span style=\"text-decoration: underline;\"><strong>Beschluss Nr. 04\/2023<\/strong><\/span><strong>\u00a0 \u00a0<\/strong><strong style=\"color: var(--wp--preset--color--foreground); font-size: var(--wp--preset--font-size--medium);\">\u00a0Vorlage Nr. 05\/2023<\/strong><\/p><p>Der Gemeinderat der Gemeinde Rossau beschlie\u00dft, die Haushaltssatzung 2023, den dazugeh\u00f6rigen Finanzplan und die Anlagen der Satzung.<\/p><p><strong><span style=\"text-decoration: underline;\">Beschluss Nr. 02\/2023<\/span>\u00a0 \u00a0Vorlage Nr. 02\/2023<\/strong><\/p><p>Der Gemeinderat der Gemeinde Rossau beschlie\u00dft, den Widerruf der ehrenamtlichen Bestellung Frau Welz (Austragung vom Amtsblatt der Gemeinde Rossau im Ortsteil Oberrossau) und Bestellung der Frau Reibetanz zur ehrenamtlich T\u00e4tigen gem\u00e4\u00df \u00a717 S\u00e4chsGemO (neue Austr\u00e4gerin).<\/p><p><strong><span style=\"text-decoration: underline;\">Beschluss Nr. 01\/2023<\/span>\u00a0 Vorlage Nr. 01\/2023<\/strong><\/p><p>Der Gemeinderat der Gemeinde Rossau beschlie\u00dft, den Widerruf der ehrenamtlichen Bestellung Frau Stenzel (Austragung vom Amtsblatt der Gemeinde Rossau im Ortsteil Sch\u00f6nborn-Dreiwerden) und Bestellung des Herrn Schmidt zum ehrenamtlich T\u00e4tigen gem\u00e4\u00df \u00a717 S\u00e4chsGemO (neuer Austr\u00e4ger).<\/p>\t\t\t\t\t<\/div>\n\t\t\t\t\t\t<\/div>\n\t\t\t\t<\/div>\n\t\t\t\t\t\t<\/div>\n\t\t\t\t\t<\/div>\n\t\t<\/div>\n\t\t\t\t\t\t\t\t<\/div>\n\t\t\t\t\t<\/div>\n\t\t<\/section>\n\t\t\t\t<section class=\"elementor-section elementor-top-section elementor-element elementor-element-10d3086 elementor-section-boxed elementor-section-height-default elementor-section-height-default\" data-id=\"10d3086\" data-element_type=\"section\">\n\t\t\t\t\t\t<div class=\"elementor-container elementor-column-gap-default\">\n\t\t\t\t\t\t\t<div class=\"elementor-row\">\n\t\t\t\t\t<div class=\"elementor-column elementor-col-100 elementor-top-column elementor-element elementor-element-baeda24\" data-id=\"baeda24\" data-element_type=\"column\">\n\t\t\t<div class=\"elementor-column-wrap elementor-element-populated\">\n\t\t\t\t\t\t\t<div class=\"elementor-widget-wrap\">\n\t\t\t\t\t\t<div class=\"elementor-element elementor-element-003e98a elementor-widget elementor-widget-text-editor\" data-id=\"003e98a\" data-element_type=\"widget\" data-widget_type=\"text-editor.default\">\n\t\t\t\t<div class=\"elementor-widget-container\">\n\t\t\t\t\t\t\t\t<div class=\"elementor-text-editor elementor-clearfix\">\n\t\t\t\t\t\t\t\t\t<\/div>\n\t\t\t\t\t\t<\/div>\n\t\t\t\t<\/div>\n\t\t\t\t\t\t<\/div>\n\t\t\t\t\t<\/div>\n\t\t<\/div>\n\t\t\t\t\t\t\t\t<\/div>\n\t\t\t\t\t<\/div>\n\t\t<\/section>\n\t\t\t\t\t\t\t\t\t<\/div>\n\t\t\t<\/div>\n\t\t\t\t\t<\/div>\n\t\t","protected":false},"excerpt":{"rendered":"<p>Beschluss Nr. 21\/2023\u00a0 \u00a0Vorlage Nr. 22\/2023 Der Gemeinderat der Gemeinde Rossau beschlie\u00dft den \u00dcberlassungvertrag der Leerrohre f\u00fcr den Breitbandausbau. Beschluss Nr. 20\/2023\u00a0 \u00a0 Vorlage Nr. 21\/2023 Der Gemeinderat der Gemeinde Rossau beschlie\u00dft die au\u00dferplanm\u00e4\u00dfige Haushaltsauszahlung f\u00fcr die Erneuerung der Stra\u00dfenabl\u00e4ufe im OT Dreiwerden \u2013 Am Sportplatz. Beschluss Nr. 19\/2023\u00a0 \u00a0Vorlage Nr. 19\/2023 Der Gemeinderat der [&hellip;]<\/p>\n","protected":false},"author":5,"featured_media":1105,"parent":0,"menu_order":0,"comment_status":"closed","ping_status":"closed","template":"","meta":{"_expiration-date-status":"","_expiration-date":0,"_expiration-date-type":"","_expiration-date-categories":[],"_expiration-date-options":[],"_links_to":"","_links_to_target":""},"acf":[],"yoast_head":"<!-- This site is optimized with the Yoast SEO plugin v19.13 - https:\/\/yoast.com\/wordpress\/plugins\/seo\/ -->\n<title>Beschl\u00fcsse 2023 | Gemeindeverwaltung Rossau<\/title>\n<meta name=\"robots\" content=\"index, follow, max-snippet:-1, max-image-preview:large, max-video-preview:-1\" \/>\n<link rel=\"canonical\" href=\"https:\/\/www.gemeinde-rossau.de\/index.php\/beschluesse-2023\/\" \/>\n<meta property=\"og:locale\" content=\"de_DE\" \/>\n<meta property=\"og:type\" content=\"article\" \/>\n<meta property=\"og:title\" content=\"Beschl\u00fcsse 2023 | Gemeindeverwaltung Rossau\" \/>\n<meta property=\"og:description\" content=\"Beschluss Nr. 21\/2023\u00a0 \u00a0Vorlage Nr. 22\/2023 Der Gemeinderat der Gemeinde Rossau beschlie\u00dft den \u00dcberlassungvertrag der Leerrohre f\u00fcr den Breitbandausbau. Beschluss Nr. 20\/2023\u00a0 \u00a0 Vorlage Nr. 21\/2023 Der Gemeinderat der Gemeinde Rossau beschlie\u00dft die au\u00dferplanm\u00e4\u00dfige Haushaltsauszahlung f\u00fcr die Erneuerung der Stra\u00dfenabl\u00e4ufe im OT Dreiwerden \u2013 Am Sportplatz. Beschluss Nr. 19\/2023\u00a0 \u00a0Vorlage Nr. 19\/2023 Der Gemeinderat der [&hellip;]\" \/>\n<meta property=\"og:url\" content=\"https:\/\/www.gemeinde-rossau.de\/index.php\/beschluesse-2023\/\" \/>\n<meta property=\"og:site_name\" content=\"Gemeindeverwaltung Rossau\" \/>\n<meta property=\"article:modified_time\" content=\"2026-01-28T08:24:00+00:00\" \/>\n<meta property=\"og:image\" content=\"https:\/\/www.gemeinde-rossau.de\/wp-content\/uploads\/2019\/06\/bg-standart.jpg\" \/>\n\t<meta property=\"og:image:width\" content=\"1200\" \/>\n\t<meta property=\"og:image:height\" content=\"675\" \/>\n\t<meta property=\"og:image:type\" content=\"image\/jpeg\" \/>\n<meta name=\"twitter:card\" content=\"summary_large_image\" \/>\n<meta name=\"twitter:label1\" content=\"Gesch\u00e4tzte Lesezeit\" \/>\n\t<meta name=\"twitter:data1\" content=\"4\u00a0Minuten\" \/>\n<script type=\"application\/ld+json\" class=\"yoast-schema-graph\">{\"@context\":\"https:\/\/schema.org\",\"@graph\":[{\"@type\":\"WebPage\",\"@id\":\"https:\/\/www.gemeinde-rossau.de\/index.php\/beschluesse-2023\/\",\"url\":\"https:\/\/www.gemeinde-rossau.de\/index.php\/beschluesse-2023\/\",\"name\":\"Beschl\u00fcsse 2023 | Gemeindeverwaltung Rossau\",\"isPartOf\":{\"@id\":\"https:\/\/www.gemeinde-rossau.de\/#website\"},\"datePublished\":\"2023-01-24T16:09:32+00:00\",\"dateModified\":\"2026-01-28T08:24:00+00:00\",\"breadcrumb\":{\"@id\":\"https:\/\/www.gemeinde-rossau.de\/index.php\/beschluesse-2023\/#breadcrumb\"},\"inLanguage\":\"de\",\"potentialAction\":[{\"@type\":\"ReadAction\",\"target\":[\"https:\/\/www.gemeinde-rossau.de\/index.php\/beschluesse-2023\/\"]}]},{\"@type\":\"BreadcrumbList\",\"@id\":\"https:\/\/www.gemeinde-rossau.de\/index.php\/beschluesse-2023\/#breadcrumb\",\"itemListElement\":[{\"@type\":\"ListItem\",\"position\":1,\"name\":\"Home\",\"item\":\"https:\/\/www.gemeinde-rossau.de\/\"},{\"@type\":\"ListItem\",\"position\":2,\"name\":\"Beschl\u00fcsse 2023\"}]},{\"@type\":\"WebSite\",\"@id\":\"https:\/\/www.gemeinde-rossau.de\/#website\",\"url\":\"https:\/\/www.gemeinde-rossau.de\/\",\"name\":\"Gemeindeverwaltung Rossau\",\"description\":\"Gemeindeverwaltung Rossau\",\"publisher\":{\"@id\":\"https:\/\/www.gemeinde-rossau.de\/#organization\"},\"potentialAction\":[{\"@type\":\"SearchAction\",\"target\":{\"@type\":\"EntryPoint\",\"urlTemplate\":\"https:\/\/www.gemeinde-rossau.de\/?s={search_term_string}\"},\"query-input\":\"required name=search_term_string\"}],\"inLanguage\":\"de\"},{\"@type\":\"Organization\",\"@id\":\"https:\/\/www.gemeinde-rossau.de\/#organization\",\"name\":\"Gemeindeverwaltung Rossau\",\"url\":\"https:\/\/www.gemeinde-rossau.de\/\",\"logo\":{\"@type\":\"ImageObject\",\"inLanguage\":\"de\",\"@id\":\"https:\/\/www.gemeinde-rossau.de\/#\/schema\/logo\/image\/\",\"url\":\"https:\/\/www.gemeinde-rossau.de\/wp-content\/uploads\/2019\/06\/Rossau_Navigation-e1574972262765.png\",\"contentUrl\":\"https:\/\/www.gemeinde-rossau.de\/wp-content\/uploads\/2019\/06\/Rossau_Navigation-e1574972262765.png\",\"width\":76,\"height\":100,\"caption\":\"Gemeindeverwaltung Rossau\"},\"image\":{\"@id\":\"https:\/\/www.gemeinde-rossau.de\/#\/schema\/logo\/image\/\"}}]}<\/script>\n<!-- \/ Yoast SEO plugin. -->","yoast_head_json":{"title":"Beschl\u00fcsse 2023 | Gemeindeverwaltung Rossau","robots":{"index":"index","follow":"follow","max-snippet":"max-snippet:-1","max-image-preview":"max-image-preview:large","max-video-preview":"max-video-preview:-1"},"canonical":"https:\/\/www.gemeinde-rossau.de\/index.php\/beschluesse-2023\/","og_locale":"de_DE","og_type":"article","og_title":"Beschl\u00fcsse 2023 | Gemeindeverwaltung Rossau","og_description":"Beschluss Nr. 21\/2023\u00a0 \u00a0Vorlage Nr. 22\/2023 Der Gemeinderat der Gemeinde Rossau beschlie\u00dft den \u00dcberlassungvertrag der Leerrohre f\u00fcr den Breitbandausbau. Beschluss Nr. 20\/2023\u00a0 \u00a0 Vorlage Nr. 21\/2023 Der Gemeinderat der Gemeinde Rossau beschlie\u00dft die au\u00dferplanm\u00e4\u00dfige Haushaltsauszahlung f\u00fcr die Erneuerung der Stra\u00dfenabl\u00e4ufe im OT Dreiwerden \u2013 Am Sportplatz. Beschluss Nr. 19\/2023\u00a0 \u00a0Vorlage Nr. 19\/2023 Der Gemeinderat der [&hellip;]","og_url":"https:\/\/www.gemeinde-rossau.de\/index.php\/beschluesse-2023\/","og_site_name":"Gemeindeverwaltung Rossau","article_modified_time":"2026-01-28T08:24:00+00:00","og_image":[{"width":1200,"height":675,"url":"https:\/\/www.gemeinde-rossau.de\/wp-content\/uploads\/2019\/06\/bg-standart.jpg","type":"image\/jpeg"}],"twitter_card":"summary_large_image","twitter_misc":{"Gesch\u00e4tzte Lesezeit":"4\u00a0Minuten"},"schema":{"@context":"https:\/\/schema.org","@graph":[{"@type":"WebPage","@id":"https:\/\/www.gemeinde-rossau.de\/index.php\/beschluesse-2023\/","url":"https:\/\/www.gemeinde-rossau.de\/index.php\/beschluesse-2023\/","name":"Beschl\u00fcsse 2023 | Gemeindeverwaltung Rossau","isPartOf":{"@id":"https:\/\/www.gemeinde-rossau.de\/#website"},"datePublished":"2023-01-24T16:09:32+00:00","dateModified":"2026-01-28T08:24:00+00:00","breadcrumb":{"@id":"https:\/\/www.gemeinde-rossau.de\/index.php\/beschluesse-2023\/#breadcrumb"},"inLanguage":"de","potentialAction":[{"@type":"ReadAction","target":["https:\/\/www.gemeinde-rossau.de\/index.php\/beschluesse-2023\/"]}]},{"@type":"BreadcrumbList","@id":"https:\/\/www.gemeinde-rossau.de\/index.php\/beschluesse-2023\/#breadcrumb","itemListElement":[{"@type":"ListItem","position":1,"name":"Home","item":"https:\/\/www.gemeinde-rossau.de\/"},{"@type":"ListItem","position":2,"name":"Beschl\u00fcsse 2023"}]},{"@type":"WebSite","@id":"https:\/\/www.gemeinde-rossau.de\/#website","url":"https:\/\/www.gemeinde-rossau.de\/","name":"Gemeindeverwaltung Rossau","description":"Gemeindeverwaltung Rossau","publisher":{"@id":"https:\/\/www.gemeinde-rossau.de\/#organization"},"potentialAction":[{"@type":"SearchAction","target":{"@type":"EntryPoint","urlTemplate":"https:\/\/www.gemeinde-rossau.de\/?s={search_term_string}"},"query-input":"required name=search_term_string"}],"inLanguage":"de"},{"@type":"Organization","@id":"https:\/\/www.gemeinde-rossau.de\/#organization","name":"Gemeindeverwaltung Rossau","url":"https:\/\/www.gemeinde-rossau.de\/","logo":{"@type":"ImageObject","inLanguage":"de","@id":"https:\/\/www.gemeinde-rossau.de\/#\/schema\/logo\/image\/","url":"https:\/\/www.gemeinde-rossau.de\/wp-content\/uploads\/2019\/06\/Rossau_Navigation-e1574972262765.png","contentUrl":"https:\/\/www.gemeinde-rossau.de\/wp-content\/uploads\/2019\/06\/Rossau_Navigation-e1574972262765.png","width":76,"height":100,"caption":"Gemeindeverwaltung Rossau"},"image":{"@id":"https:\/\/www.gemeinde-rossau.de\/#\/schema\/logo\/image\/"}}]}},"_links":{"self":[{"href":"https:\/\/www.gemeinde-rossau.de\/index.php\/wp-json\/wp\/v2\/pages\/5542"}],"collection":[{"href":"https:\/\/www.gemeinde-rossau.de\/index.php\/wp-json\/wp\/v2\/pages"}],"about":[{"href":"https:\/\/www.gemeinde-rossau.de\/index.php\/wp-json\/wp\/v2\/types\/page"}],"author":[{"embeddable":true,"href":"https:\/\/www.gemeinde-rossau.de\/index.php\/wp-json\/wp\/v2\/users\/5"}],"replies":[{"embeddable":true,"href":"https:\/\/www.gemeinde-rossau.de\/index.php\/wp-json\/wp\/v2\/comments?post=5542"}],"version-history":[{"count":50,"href":"https:\/\/www.gemeinde-rossau.de\/index.php\/wp-json\/wp\/v2\/pages\/5542\/revisions"}],"predecessor-version":[{"id":7073,"href":"https:\/\/www.gemeinde-rossau.de\/index.php\/wp-json\/wp\/v2\/pages\/5542\/revisions\/7073"}],"wp:featuredmedia":[{"embeddable":true,"href":"https:\/\/www.gemeinde-rossau.de\/index.php\/wp-json\/wp\/v2\/media\/1105"}],"wp:attachment":[{"href":"https:\/\/www.gemeinde-rossau.de\/index.php\/wp-json\/wp\/v2\/media?parent=5542"}],"curies":[{"name":"wp","href":"https:\/\/api.w.org\/{rel}","templated":true}]}}