{"id":548,"date":"2019-06-14T10:24:51","date_gmt":"2019-06-14T10:24:51","guid":{"rendered":"https:\/\/www.gemeinde-rossau.de\/?page_id=548"},"modified":"2019-06-20T13:35:21","modified_gmt":"2019-06-20T13:35:21","slug":"eu-dienstleistungsrichtlinie","status":"publish","type":"page","link":"https:\/\/www.gemeinde-rossau.de\/index.php\/offentliches\/gemeindeverwaltung\/eu-dienstleistungsrichtlinie\/","title":{"rendered":"EU-Dienstleistungsrichtlinie"},"content":{"rendered":"\t\t<div data-elementor-type=\"wp-post\" data-elementor-id=\"548\" class=\"elementor elementor-548\">\n\t\t\t\t\t\t<div class=\"elementor-inner\">\n\t\t\t\t<div class=\"elementor-section-wrap\">\n\t\t\t\t\t\t\t\t\t<section class=\"elementor-section elementor-top-section elementor-element elementor-element-ca9688d elementor-section-boxed elementor-section-height-default elementor-section-height-default\" data-id=\"ca9688d\" data-element_type=\"section\">\n\t\t\t\t\t\t<div class=\"elementor-container elementor-column-gap-default\">\n\t\t\t\t\t\t\t<div class=\"elementor-row\">\n\t\t\t\t\t<div class=\"elementor-column elementor-col-100 elementor-top-column elementor-element elementor-element-d496d52\" data-id=\"d496d52\" data-element_type=\"column\">\n\t\t\t<div class=\"elementor-column-wrap elementor-element-populated\">\n\t\t\t\t\t\t\t<div class=\"elementor-widget-wrap\">\n\t\t\t\t\t\t<div class=\"elementor-element elementor-element-ff59729 elementor-widget elementor-widget-text-editor\" data-id=\"ff59729\" data-element_type=\"widget\" data-widget_type=\"text-editor.default\">\n\t\t\t\t<div class=\"elementor-widget-container\">\n\t\t\t\t\t\t\t\t<div class=\"elementor-text-editor elementor-clearfix\">\n\t\t\t\t<p><b>Allgemeines<\/b>:<\/p><p>Die wirtschaftliche Integration Europas hat die EU zu einem der f\u00fchrenden Wirtschaftsr\u00e4ume der Welt werden lassen. Doch gerade das beachtliche Potenzial des Dienstleistungssektors f\u00fcr Wachstum und Besch\u00e4ftigung konnte bislang nicht voll ausgesch\u00f6pft werden.<\/p><p>Die europ\u00e4ische Dienstleistungsrichtlinie (RL 2006\/123\/EG) soll dies nun \u00e4ndern. Sie ist ein wichtiges Reformvorhaben bei der Umsetzung der Lissabon-Strategie und soll bestehende Hindernisse abbauen, den grenz\u00fcberschreitenden Handel mit Dienstleistungen f\u00f6rdern und damit zur Verwirklichung des einheitlichen Binnenmarktes beitragen. Das Erbringen von Dienstleistungen \u00fcber Landesgrenzen hinweg soll vereinfacht, und die Gr\u00fcndung betrieblicher Niederlassungen europaweit erleichtert werden.<\/p><p>\u00a0<\/p><p>Ein Punkt der Umsetzung ist die Elektronische Verfahrensabwicklung, d.h. alle zust\u00e4ndigen Stellen und Ansprechpartner m\u00fcssen elektronisch erreichbar sein.<\/p>\t\t\t\t\t<\/div>\n\t\t\t\t\t\t<\/div>\n\t\t\t\t<\/div>\n\t\t\t\t\t\t<\/div>\n\t\t\t\t\t<\/div>\n\t\t<\/div>\n\t\t\t\t\t\t\t\t<\/div>\n\t\t\t\t\t<\/div>\n\t\t<\/section>\n\t\t\t\t<section class=\"elementor-section elementor-top-section elementor-element elementor-element-72c662c elementor-section-boxed elementor-section-height-default elementor-section-height-default\" data-id=\"72c662c\" data-element_type=\"section\">\n\t\t\t\t\t\t<div class=\"elementor-container elementor-column-gap-default\">\n\t\t\t\t\t\t\t<div class=\"elementor-row\">\n\t\t\t\t\t<div class=\"elementor-column elementor-col-100 elementor-top-column elementor-element elementor-element-98f180a\" data-id=\"98f180a\" data-element_type=\"column\">\n\t\t\t<div class=\"elementor-column-wrap elementor-element-populated\">\n\t\t\t\t\t\t\t<div class=\"elementor-widget-wrap\">\n\t\t\t\t\t\t<div class=\"elementor-element elementor-element-6ca6571 elementor-widget elementor-widget-text-editor\" data-id=\"6ca6571\" data-element_type=\"widget\" data-widget_type=\"text-editor.default\">\n\t\t\t\t<div class=\"elementor-widget-container\">\n\t\t\t\t\t\t\t\t<div class=\"elementor-text-editor elementor-clearfix\">\n\t\t\t\t<p><b>Zugang f\u00fcr elektronisch signierte sowie verschl\u00fcsselte <br \/>elektronische Dokumente:<\/b><\/p><p>F\u00fcr elektronisch signierte sowie verschl\u00fcsselte elektronische Dokumente nutzen Sie bitte das Secure Mailgateway (SMGW) des Freistaats Sachsen, f\u00fcr das Sie einen kostenfreien Zugang unter http:\/\/www.egovernment.sachsen.de\/820.htm\u00a0 beantragen k\u00f6nnen. Nach Einrichtung Ihres Zugangs k\u00f6nnen Sie uns demn\u00e4chst \u00fcber das SMGW und die Adresse (folgt demn\u00e4chst) vertrauliche Dokumente zukommen lassen. \u2022Sie k\u00f6nnen digital signierte und verschl\u00fcsselte Daten auch direkt an die Adresse post@gemeinde-rossau.de senden. Es wird der S\/MIME Standard verwendet. Voraussetzung ist Ihre digitale Signatur, welche Sie bei einem Trustcenter beantragen k\u00f6nnen. Eine Anleitung mit Video findet man auf http:\/\/vimeo.com\/3215359. Als Privatperson kann man auf http:\/\/trustcenter.de\/products\/tc_internet_id.htm kostenlos eine Signatur beantragen oder weitere Hinweise finden Sie hier. Neu: De-Mail ist eine Initiative der Bundesregierung mit WEB.DE, GMX, der Deutschen Telekom AG und Partnern. Mit De-Mail soll erreicht werden, das Sie Nachrichten und Dokumente sicher \u00fcber das Internet versenden k\u00f6nnen. Man befindet sich z.Zt. in der Registrierungsphase. Der Bundestag mussdas Gesetz noch verabschieden. Im Gegensatz zu anderen Anbietern wird De-Mail vollst\u00e4ndig gesetzeskonform und damit auch bei Beh\u00f6rden zul\u00e4ssig sein! De-Mail Adresse schon jetzt bei einem der Anbieter beantragen.<\/p><p>\u00a0<\/p><p>Ein Punkt der Umsetzung ist die Elektronische Verfahrensabwicklung, d.h. alle zust\u00e4ndigen Stellen und Ansprechpartner m\u00fcssen elektronisch erreichbar sein.<\/p>\t\t\t\t\t<\/div>\n\t\t\t\t\t\t<\/div>\n\t\t\t\t<\/div>\n\t\t\t\t\t\t<\/div>\n\t\t\t\t\t<\/div>\n\t\t<\/div>\n\t\t\t\t\t\t\t\t<\/div>\n\t\t\t\t\t<\/div>\n\t\t<\/section>\n\t\t\t\t<section class=\"elementor-section elementor-top-section elementor-element elementor-element-fae895a elementor-section-boxed elementor-section-height-default elementor-section-height-default\" data-id=\"fae895a\" data-element_type=\"section\">\n\t\t\t\t\t\t<div class=\"elementor-container elementor-column-gap-default\">\n\t\t\t\t\t\t\t<div class=\"elementor-row\">\n\t\t\t\t\t<div class=\"elementor-column elementor-col-100 elementor-top-column elementor-element elementor-element-2accab9\" data-id=\"2accab9\" data-element_type=\"column\">\n\t\t\t<div class=\"elementor-column-wrap elementor-element-populated\">\n\t\t\t\t\t\t\t<div class=\"elementor-widget-wrap\">\n\t\t\t\t\t\t<div class=\"elementor-element elementor-element-f7b91d5 elementor-widget elementor-widget-text-editor\" data-id=\"f7b91d5\" data-element_type=\"widget\" data-widget_type=\"text-editor.default\">\n\t\t\t\t<div class=\"elementor-widget-container\">\n\t\t\t\t\t\t\t\t<div class=\"elementor-text-editor elementor-clearfix\">\n\t\t\t\t<p><b>Amt 24 &#8211; das virtuelle B\u00fcrgerb\u00fcro Sachsens<\/b><\/p><p>Amt 24 ist das Service-Portal des Freistaates Sachsen und seiner Kommunen. Es bietet B\u00fcrgern, Unternehmern und Institutionen detaillierte Informationen zu Verwaltungsdienstleistungen aller Art sowie Zugang zu Formularen und Online-Diensten.<\/p><p>Sie k\u00f6nnen sich \u00fcber relevante Verfahren in bestimmten Lebenssituationen (Heirat, Geburt, Sterbefall etc.) informieren. Verfahren, Formulare und Kontaktdaten k\u00f6nnen direkt ausgew\u00e4hlt werden. Mit Amt 24 kommen Sie schneller durch den Verwaltungsdschungel. <a href=\"http:\/\/amt24.sachsen.de\/\">http:\/\/amt24.sachsen.de\/<\/a><\/p>\t\t\t\t\t<\/div>\n\t\t\t\t\t\t<\/div>\n\t\t\t\t<\/div>\n\t\t\t\t\t\t<\/div>\n\t\t\t\t\t<\/div>\n\t\t<\/div>\n\t\t\t\t\t\t\t\t<\/div>\n\t\t\t\t\t<\/div>\n\t\t<\/section>\n\t\t\t\t\t\t\t\t\t<\/div>\n\t\t\t<\/div>\n\t\t\t\t\t<\/div>\n\t\t","protected":false},"excerpt":{"rendered":"<p>Allgemeines: Die wirtschaftliche Integration Europas hat die EU zu einem der f\u00fchrenden Wirtschaftsr\u00e4ume der Welt werden lassen. Doch gerade das beachtliche Potenzial des Dienstleistungssektors f\u00fcr Wachstum und Besch\u00e4ftigung konnte bislang nicht voll ausgesch\u00f6pft werden. Die europ\u00e4ische Dienstleistungsrichtlinie (RL 2006\/123\/EG) soll dies nun \u00e4ndern. Sie ist ein wichtiges Reformvorhaben bei der Umsetzung der Lissabon-Strategie und soll [&hellip;]<\/p>\n","protected":false},"author":1,"featured_media":1105,"parent":382,"menu_order":6,"comment_status":"closed","ping_status":"closed","template":"","meta":{"_expiration-date-status":"","_expiration-date":0,"_expiration-date-type":"","_expiration-date-categories":[],"_expiration-date-options":[],"_links_to":"","_links_to_target":""},"acf":[],"yoast_head":"<!-- This site is optimized with the Yoast SEO plugin v19.13 - https:\/\/yoast.com\/wordpress\/plugins\/seo\/ -->\n<title>EU-Dienstleistungsrichtlinie | Gemeindeverwaltung Rossau<\/title>\n<meta name=\"robots\" content=\"index, follow, max-snippet:-1, max-image-preview:large, max-video-preview:-1\" \/>\n<link rel=\"canonical\" href=\"https:\/\/www.gemeinde-rossau.de\/index.php\/offentliches\/gemeindeverwaltung\/eu-dienstleistungsrichtlinie\/\" \/>\n<meta property=\"og:locale\" content=\"de_DE\" \/>\n<meta property=\"og:type\" content=\"article\" \/>\n<meta property=\"og:title\" content=\"EU-Dienstleistungsrichtlinie | Gemeindeverwaltung Rossau\" \/>\n<meta property=\"og:description\" content=\"Allgemeines: Die wirtschaftliche Integration Europas hat die EU zu einem der f\u00fchrenden Wirtschaftsr\u00e4ume der Welt werden lassen. Doch gerade das beachtliche Potenzial des Dienstleistungssektors f\u00fcr Wachstum und Besch\u00e4ftigung konnte bislang nicht voll ausgesch\u00f6pft werden. Die europ\u00e4ische Dienstleistungsrichtlinie (RL 2006\/123\/EG) soll dies nun \u00e4ndern. Sie ist ein wichtiges Reformvorhaben bei der Umsetzung der Lissabon-Strategie und soll [&hellip;]\" \/>\n<meta property=\"og:url\" content=\"https:\/\/www.gemeinde-rossau.de\/index.php\/offentliches\/gemeindeverwaltung\/eu-dienstleistungsrichtlinie\/\" \/>\n<meta property=\"og:site_name\" content=\"Gemeindeverwaltung Rossau\" \/>\n<meta property=\"article:modified_time\" content=\"2019-06-20T13:35:21+00:00\" \/>\n<meta property=\"og:image\" content=\"https:\/\/www.gemeinde-rossau.de\/wp-content\/uploads\/2019\/06\/bg-standart.jpg\" \/>\n\t<meta property=\"og:image:width\" content=\"1200\" \/>\n\t<meta property=\"og:image:height\" content=\"675\" \/>\n\t<meta property=\"og:image:type\" content=\"image\/jpeg\" \/>\n<meta name=\"twitter:card\" content=\"summary_large_image\" \/>\n<meta name=\"twitter:label1\" content=\"Gesch\u00e4tzte Lesezeit\" \/>\n\t<meta name=\"twitter:data1\" content=\"2\u00a0Minuten\" \/>\n<script type=\"application\/ld+json\" class=\"yoast-schema-graph\">{\"@context\":\"https:\/\/schema.org\",\"@graph\":[{\"@type\":\"WebPage\",\"@id\":\"https:\/\/www.gemeinde-rossau.de\/index.php\/offentliches\/gemeindeverwaltung\/eu-dienstleistungsrichtlinie\/\",\"url\":\"https:\/\/www.gemeinde-rossau.de\/index.php\/offentliches\/gemeindeverwaltung\/eu-dienstleistungsrichtlinie\/\",\"name\":\"EU-Dienstleistungsrichtlinie | Gemeindeverwaltung Rossau\",\"isPartOf\":{\"@id\":\"https:\/\/www.gemeinde-rossau.de\/#website\"},\"datePublished\":\"2019-06-14T10:24:51+00:00\",\"dateModified\":\"2019-06-20T13:35:21+00:00\",\"breadcrumb\":{\"@id\":\"https:\/\/www.gemeinde-rossau.de\/index.php\/offentliches\/gemeindeverwaltung\/eu-dienstleistungsrichtlinie\/#breadcrumb\"},\"inLanguage\":\"de\",\"potentialAction\":[{\"@type\":\"ReadAction\",\"target\":[\"https:\/\/www.gemeinde-rossau.de\/index.php\/offentliches\/gemeindeverwaltung\/eu-dienstleistungsrichtlinie\/\"]}]},{\"@type\":\"BreadcrumbList\",\"@id\":\"https:\/\/www.gemeinde-rossau.de\/index.php\/offentliches\/gemeindeverwaltung\/eu-dienstleistungsrichtlinie\/#breadcrumb\",\"itemListElement\":[{\"@type\":\"ListItem\",\"position\":1,\"name\":\"Home\",\"item\":\"https:\/\/www.gemeinde-rossau.de\/\"},{\"@type\":\"ListItem\",\"position\":2,\"name\":\"\u00d6ffentliches\",\"item\":\"https:\/\/www.gemeinde-rossau.de\/index.php\/offentliches\/\"},{\"@type\":\"ListItem\",\"position\":3,\"name\":\"Gemeindeverwaltung\",\"item\":\"https:\/\/www.gemeinde-rossau.de\/index.php\/offentliches\/gemeindeverwaltung\/\"},{\"@type\":\"ListItem\",\"position\":4,\"name\":\"EU-Dienstleistungsrichtlinie\"}]},{\"@type\":\"WebSite\",\"@id\":\"https:\/\/www.gemeinde-rossau.de\/#website\",\"url\":\"https:\/\/www.gemeinde-rossau.de\/\",\"name\":\"Gemeindeverwaltung Rossau\",\"description\":\"Gemeindeverwaltung Rossau\",\"publisher\":{\"@id\":\"https:\/\/www.gemeinde-rossau.de\/#organization\"},\"potentialAction\":[{\"@type\":\"SearchAction\",\"target\":{\"@type\":\"EntryPoint\",\"urlTemplate\":\"https:\/\/www.gemeinde-rossau.de\/?s={search_term_string}\"},\"query-input\":\"required name=search_term_string\"}],\"inLanguage\":\"de\"},{\"@type\":\"Organization\",\"@id\":\"https:\/\/www.gemeinde-rossau.de\/#organization\",\"name\":\"Gemeindeverwaltung Rossau\",\"url\":\"https:\/\/www.gemeinde-rossau.de\/\",\"logo\":{\"@type\":\"ImageObject\",\"inLanguage\":\"de\",\"@id\":\"https:\/\/www.gemeinde-rossau.de\/#\/schema\/logo\/image\/\",\"url\":\"https:\/\/www.gemeinde-rossau.de\/wp-content\/uploads\/2019\/06\/Rossau_Navigation-e1574972262765.png\",\"contentUrl\":\"https:\/\/www.gemeinde-rossau.de\/wp-content\/uploads\/2019\/06\/Rossau_Navigation-e1574972262765.png\",\"width\":76,\"height\":100,\"caption\":\"Gemeindeverwaltung Rossau\"},\"image\":{\"@id\":\"https:\/\/www.gemeinde-rossau.de\/#\/schema\/logo\/image\/\"}}]}<\/script>\n<!-- \/ Yoast SEO plugin. -->","yoast_head_json":{"title":"EU-Dienstleistungsrichtlinie | Gemeindeverwaltung Rossau","robots":{"index":"index","follow":"follow","max-snippet":"max-snippet:-1","max-image-preview":"max-image-preview:large","max-video-preview":"max-video-preview:-1"},"canonical":"https:\/\/www.gemeinde-rossau.de\/index.php\/offentliches\/gemeindeverwaltung\/eu-dienstleistungsrichtlinie\/","og_locale":"de_DE","og_type":"article","og_title":"EU-Dienstleistungsrichtlinie | Gemeindeverwaltung Rossau","og_description":"Allgemeines: Die wirtschaftliche Integration Europas hat die EU zu einem der f\u00fchrenden Wirtschaftsr\u00e4ume der Welt werden lassen. Doch gerade das beachtliche Potenzial des Dienstleistungssektors f\u00fcr Wachstum und Besch\u00e4ftigung konnte bislang nicht voll ausgesch\u00f6pft werden. Die europ\u00e4ische Dienstleistungsrichtlinie (RL 2006\/123\/EG) soll dies nun \u00e4ndern. Sie ist ein wichtiges Reformvorhaben bei der Umsetzung der Lissabon-Strategie und soll [&hellip;]","og_url":"https:\/\/www.gemeinde-rossau.de\/index.php\/offentliches\/gemeindeverwaltung\/eu-dienstleistungsrichtlinie\/","og_site_name":"Gemeindeverwaltung Rossau","article_modified_time":"2019-06-20T13:35:21+00:00","og_image":[{"width":1200,"height":675,"url":"https:\/\/www.gemeinde-rossau.de\/wp-content\/uploads\/2019\/06\/bg-standart.jpg","type":"image\/jpeg"}],"twitter_card":"summary_large_image","twitter_misc":{"Gesch\u00e4tzte Lesezeit":"2\u00a0Minuten"},"schema":{"@context":"https:\/\/schema.org","@graph":[{"@type":"WebPage","@id":"https:\/\/www.gemeinde-rossau.de\/index.php\/offentliches\/gemeindeverwaltung\/eu-dienstleistungsrichtlinie\/","url":"https:\/\/www.gemeinde-rossau.de\/index.php\/offentliches\/gemeindeverwaltung\/eu-dienstleistungsrichtlinie\/","name":"EU-Dienstleistungsrichtlinie | Gemeindeverwaltung Rossau","isPartOf":{"@id":"https:\/\/www.gemeinde-rossau.de\/#website"},"datePublished":"2019-06-14T10:24:51+00:00","dateModified":"2019-06-20T13:35:21+00:00","breadcrumb":{"@id":"https:\/\/www.gemeinde-rossau.de\/index.php\/offentliches\/gemeindeverwaltung\/eu-dienstleistungsrichtlinie\/#breadcrumb"},"inLanguage":"de","potentialAction":[{"@type":"ReadAction","target":["https:\/\/www.gemeinde-rossau.de\/index.php\/offentliches\/gemeindeverwaltung\/eu-dienstleistungsrichtlinie\/"]}]},{"@type":"BreadcrumbList","@id":"https:\/\/www.gemeinde-rossau.de\/index.php\/offentliches\/gemeindeverwaltung\/eu-dienstleistungsrichtlinie\/#breadcrumb","itemListElement":[{"@type":"ListItem","position":1,"name":"Home","item":"https:\/\/www.gemeinde-rossau.de\/"},{"@type":"ListItem","position":2,"name":"\u00d6ffentliches","item":"https:\/\/www.gemeinde-rossau.de\/index.php\/offentliches\/"},{"@type":"ListItem","position":3,"name":"Gemeindeverwaltung","item":"https:\/\/www.gemeinde-rossau.de\/index.php\/offentliches\/gemeindeverwaltung\/"},{"@type":"ListItem","position":4,"name":"EU-Dienstleistungsrichtlinie"}]},{"@type":"WebSite","@id":"https:\/\/www.gemeinde-rossau.de\/#website","url":"https:\/\/www.gemeinde-rossau.de\/","name":"Gemeindeverwaltung Rossau","description":"Gemeindeverwaltung Rossau","publisher":{"@id":"https:\/\/www.gemeinde-rossau.de\/#organization"},"potentialAction":[{"@type":"SearchAction","target":{"@type":"EntryPoint","urlTemplate":"https:\/\/www.gemeinde-rossau.de\/?s={search_term_string}"},"query-input":"required name=search_term_string"}],"inLanguage":"de"},{"@type":"Organization","@id":"https:\/\/www.gemeinde-rossau.de\/#organization","name":"Gemeindeverwaltung Rossau","url":"https:\/\/www.gemeinde-rossau.de\/","logo":{"@type":"ImageObject","inLanguage":"de","@id":"https:\/\/www.gemeinde-rossau.de\/#\/schema\/logo\/image\/","url":"https:\/\/www.gemeinde-rossau.de\/wp-content\/uploads\/2019\/06\/Rossau_Navigation-e1574972262765.png","contentUrl":"https:\/\/www.gemeinde-rossau.de\/wp-content\/uploads\/2019\/06\/Rossau_Navigation-e1574972262765.png","width":76,"height":100,"caption":"Gemeindeverwaltung Rossau"},"image":{"@id":"https:\/\/www.gemeinde-rossau.de\/#\/schema\/logo\/image\/"}}]}},"_links":{"self":[{"href":"https:\/\/www.gemeinde-rossau.de\/index.php\/wp-json\/wp\/v2\/pages\/548"}],"collection":[{"href":"https:\/\/www.gemeinde-rossau.de\/index.php\/wp-json\/wp\/v2\/pages"}],"about":[{"href":"https:\/\/www.gemeinde-rossau.de\/index.php\/wp-json\/wp\/v2\/types\/page"}],"author":[{"embeddable":true,"href":"https:\/\/www.gemeinde-rossau.de\/index.php\/wp-json\/wp\/v2\/users\/1"}],"replies":[{"embeddable":true,"href":"https:\/\/www.gemeinde-rossau.de\/index.php\/wp-json\/wp\/v2\/comments?post=548"}],"version-history":[{"count":3,"href":"https:\/\/www.gemeinde-rossau.de\/index.php\/wp-json\/wp\/v2\/pages\/548\/revisions"}],"predecessor-version":[{"id":1081,"href":"https:\/\/www.gemeinde-rossau.de\/index.php\/wp-json\/wp\/v2\/pages\/548\/revisions\/1081"}],"up":[{"embeddable":true,"href":"https:\/\/www.gemeinde-rossau.de\/index.php\/wp-json\/wp\/v2\/pages\/382"}],"wp:featuredmedia":[{"embeddable":true,"href":"https:\/\/www.gemeinde-rossau.de\/index.php\/wp-json\/wp\/v2\/media\/1105"}],"wp:attachment":[{"href":"https:\/\/www.gemeinde-rossau.de\/index.php\/wp-json\/wp\/v2\/media?parent=548"}],"curies":[{"name":"wp","href":"https:\/\/api.w.org\/{rel}","templated":true}]}}