{"id":542,"date":"2019-06-14T10:23:03","date_gmt":"2019-06-14T09:23:03","guid":{"rendered":"https:\/\/www.gemeinde-rossau.de\/?page_id=542"},"modified":"2024-10-29T16:51:49","modified_gmt":"2024-10-29T15:51:49","slug":"gemeinderat","status":"publish","type":"page","link":"https:\/\/www.gemeinde-rossau.de\/index.php\/offentliches\/gemeindeverwaltung\/gemeinderat\/","title":{"rendered":"Gemeinderat"},"content":{"rendered":"\t\t<div data-elementor-type=\"wp-post\" data-elementor-id=\"542\" class=\"elementor elementor-542\">\n\t\t\t\t\t\t<div class=\"elementor-inner\">\n\t\t\t\t<div class=\"elementor-section-wrap\">\n\t\t\t\t\t\t\t\t\t<section class=\"elementor-section elementor-top-section elementor-element elementor-element-ed45589 elementor-section-boxed elementor-section-height-default elementor-section-height-default\" data-id=\"ed45589\" data-element_type=\"section\">\n\t\t\t\t\t\t<div class=\"elementor-container elementor-column-gap-default\">\n\t\t\t\t\t\t\t<div class=\"elementor-row\">\n\t\t\t\t\t<div class=\"elementor-column elementor-col-100 elementor-top-column elementor-element elementor-element-12c8dcb\" data-id=\"12c8dcb\" data-element_type=\"column\">\n\t\t\t<div class=\"elementor-column-wrap elementor-element-populated\">\n\t\t\t\t\t\t\t<div class=\"elementor-widget-wrap\">\n\t\t\t\t\t\t<div class=\"elementor-element elementor-element-e9286f5 elementor-widget elementor-widget-image\" data-id=\"e9286f5\" data-element_type=\"widget\" data-widget_type=\"image.default\">\n\t\t\t\t<div class=\"elementor-widget-container\">\n\t\t\t\t\t\t\t\t<div class=\"elementor-image\">\n\t\t\t\t\t\t\t\t\t<figure class=\"wp-caption\">\n\t\t\t\t\t\t\t\t\t\t<img decoding=\"async\" width=\"2560\" height=\"1504\" src=\"https:\/\/www.gemeinde-rossau.de\/wp-content\/uploads\/2024\/10\/neuer-Gemeinderat-n-scaled.jpg\" class=\"attachment-full size-full wp-image-42479\" alt=\"\" loading=\"lazy\" srcset=\"https:\/\/www.gemeinde-rossau.de\/wp-content\/uploads\/2024\/10\/neuer-Gemeinderat-n-scaled.jpg 2560w, https:\/\/www.gemeinde-rossau.de\/wp-content\/uploads\/2024\/10\/neuer-Gemeinderat-n-300x176.jpg 300w, https:\/\/www.gemeinde-rossau.de\/wp-content\/uploads\/2024\/10\/neuer-Gemeinderat-n-1200x705.jpg 1200w, https:\/\/www.gemeinde-rossau.de\/wp-content\/uploads\/2024\/10\/neuer-Gemeinderat-n-768x451.jpg 768w, https:\/\/www.gemeinde-rossau.de\/wp-content\/uploads\/2024\/10\/neuer-Gemeinderat-n-1536x903.jpg 1536w, https:\/\/www.gemeinde-rossau.de\/wp-content\/uploads\/2024\/10\/neuer-Gemeinderat-n-2048x1204.jpg 2048w\" sizes=\"(max-width: 2560px) 100vw, 2560px\" \/>\t\t\t\t\t\t\t\t\t\t\t<figcaption class=\"widget-image-caption wp-caption-text\">Gemeinderat 2024-2029<\/figcaption>\n\t\t\t\t\t\t\t\t\t\t<\/figure>\n\t\t\t\t\t\t\t\t<\/div>\n\t\t\t\t\t\t<\/div>\n\t\t\t\t<\/div>\n\t\t\t\t\t\t<\/div>\n\t\t\t\t\t<\/div>\n\t\t<\/div>\n\t\t\t\t\t\t\t\t<\/div>\n\t\t\t\t\t<\/div>\n\t\t<\/section>\n\t\t\t\t<section class=\"elementor-section elementor-top-section elementor-element elementor-element-a68cf83 elementor-section-boxed elementor-section-height-default elementor-section-height-default\" data-id=\"a68cf83\" data-element_type=\"section\">\n\t\t\t\t\t\t<div class=\"elementor-container elementor-column-gap-default\">\n\t\t\t\t\t\t\t<div class=\"elementor-row\">\n\t\t\t\t\t<div class=\"elementor-column elementor-col-100 elementor-top-column elementor-element elementor-element-b82ed52\" data-id=\"b82ed52\" data-element_type=\"column\">\n\t\t\t<div class=\"elementor-column-wrap elementor-element-populated\">\n\t\t\t\t\t\t\t<div class=\"elementor-widget-wrap\">\n\t\t\t\t\t\t<div class=\"elementor-element elementor-element-cf60529 elementor-widget elementor-widget-text-editor\" data-id=\"cf60529\" data-element_type=\"widget\" data-widget_type=\"text-editor.default\">\n\t\t\t\t<div class=\"elementor-widget-container\">\n\t\t\t\t\t\t\t\t<div class=\"elementor-text-editor elementor-clearfix\">\n\t\t\t\t<h5><strong>Wahlperiode 2024-2029<\/strong><\/h5><p>Rechtsstellung des Gemeinderates<\/p><p>B\u00fcrgermeister und Gemeinderat sind nach der Gemeindeordnung die Organe der Gemeinde. Der Gemeinderat ist die Vertretung der B\u00fcrger und das Hauptorgan der Gemeinde. Der B\u00fcrgermeister ist Vorsitzender des Gemeinderates und Leiter der Gemeindeverwaltung. Er vertritt die Gemeinde (\u00a7 51 S\u00e4chsGemO). Seine Amtszeit betr\u00e4gt 7 Jahre. B\u00fcrgermeister und Gemeinderat legen die kommunalpolitischen Grunds\u00e4tze f\u00fcr die Entwicklung der Gemeinde fest.<\/p><table cellspacing=\"0\" cellpadding=\"0\"><tbody><tr><td class=\"style20\"><strong>Vorsitzender:<\/strong><\/td><td class=\"style32\">B\u00fcrgermeister Herr Dietmar Gottwald<\/td><\/tr><tr><td class=\"style20\"><strong>1. Stellvertreter:<\/strong><\/td><td class=\"style32\">Herr S\u00f6ren Ehm<\/td><\/tr><tr><td class=\"style20\"><strong>2. Stellvertreter:<\/strong><\/td><td class=\"style32\">Herr Marcel Fritzsche<\/td><\/tr><\/tbody><\/table>\t\t\t\t\t<\/div>\n\t\t\t\t\t\t<\/div>\n\t\t\t\t<\/div>\n\t\t\t\t\t\t<\/div>\n\t\t\t\t\t<\/div>\n\t\t<\/div>\n\t\t\t\t\t\t\t\t<\/div>\n\t\t\t\t\t<\/div>\n\t\t<\/section>\n\t\t\t\t<section class=\"elementor-section elementor-top-section elementor-element elementor-element-97a3a48 elementor-section-boxed elementor-section-height-default elementor-section-height-default\" data-id=\"97a3a48\" data-element_type=\"section\">\n\t\t\t\t\t\t<div class=\"elementor-container elementor-column-gap-default\">\n\t\t\t\t\t\t\t<div class=\"elementor-row\">\n\t\t\t\t\t<div class=\"elementor-column elementor-col-100 elementor-top-column elementor-element elementor-element-19d295a\" data-id=\"19d295a\" data-element_type=\"column\">\n\t\t\t<div class=\"elementor-column-wrap elementor-element-populated\">\n\t\t\t\t\t\t\t<div class=\"elementor-widget-wrap\">\n\t\t\t\t\t\t<div class=\"elementor-element elementor-element-40ff475 elementor-widget elementor-widget-text-editor\" data-id=\"40ff475\" data-element_type=\"widget\" data-widget_type=\"text-editor.default\">\n\t\t\t\t<div class=\"elementor-widget-container\">\n\t\t\t\t\t\t\t\t<div class=\"elementor-text-editor elementor-clearfix\">\n\t\t\t\t<p><b>Mitglieder:<\/b><\/p><p><b>Freie W\u00e4hler Gemeinde Rossau e.V.<\/b><\/p><p>Herr Marcel Fritzsche<br \/>Herr Michael Eismann<br \/>Herr S\u00f6ren Ehm<br \/>Herr Marcel Nutz<br \/>Herr Kai B\u00f6hme<br \/>Herr Benjamin M\u00fcller<br \/>Herr Stefan Ritter<br \/>Herr Christian Kuhn<\/p><p><b>CDU<\/b><\/p><p>Herr J\u00f6rg Hammer<br \/>Herr J\u00f6rg Lommatzsch<br \/>Herr Erwin Braune<\/p><p><b>Wir f\u00fcr Rossau<\/b><\/p><p>Frau Angelika Feldmann<br \/>Herr Rico Naumann<\/p><p><strong>W\u00e4hlerverband Greifendorf\/Rossau<\/strong><\/p><p>Herr Marcel Grudda<\/p><p><b>AUSSCH\u00dcSSE<\/b><\/p><p><strong>Mitglieder Verwaltungsausschuss<\/strong><\/p><p>Herr S\u00f6ren Ehm<br \/>Herrn Michael Eismann<br \/>Herr Stefan Ritter<br \/>Herr Marcel Nutz<br \/>Herr J\u00f6rg Hammer<br \/>Frau Angelika Feldmann<br \/>Herrn J\u00f6rg Lommatzsch<\/p><p><b>Mitglieder Technischer Ausschuss<\/b><\/p><p>Herr Marcel Fritzsche<br \/>Herr Kai B\u00f6hme<br \/>Herr Benjamin M\u00fcller<br \/>Herr Christian Kuhn<br \/>Herr Erwin Braune<br \/>Herr Marcel Grudda<br \/>Herr Rico Naumann<\/p>\t\t\t\t\t<\/div>\n\t\t\t\t\t\t<\/div>\n\t\t\t\t<\/div>\n\t\t\t\t\t\t<\/div>\n\t\t\t\t\t<\/div>\n\t\t<\/div>\n\t\t\t\t\t\t\t\t<\/div>\n\t\t\t\t\t<\/div>\n\t\t<\/section>\n\t\t\t\t\t\t\t\t\t<\/div>\n\t\t\t<\/div>\n\t\t\t\t\t<\/div>\n\t\t","protected":false},"excerpt":{"rendered":"<p>Gemeinderat 2024-2029 Wahlperiode 2024-2029 Rechtsstellung des Gemeinderates B\u00fcrgermeister und Gemeinderat sind nach der Gemeindeordnung die Organe der Gemeinde. Der Gemeinderat ist die Vertretung der B\u00fcrger und das Hauptorgan der Gemeinde. Der B\u00fcrgermeister ist Vorsitzender des Gemeinderates und Leiter der Gemeindeverwaltung. Er vertritt die Gemeinde (\u00a7 51 S\u00e4chsGemO). Seine Amtszeit betr\u00e4gt 7 Jahre. B\u00fcrgermeister und Gemeinderat [&hellip;]<\/p>\n","protected":false},"author":1,"featured_media":1105,"parent":382,"menu_order":3,"comment_status":"closed","ping_status":"closed","template":"","meta":{"_expiration-date-status":"","_expiration-date":0,"_expiration-date-type":"","_expiration-date-categories":[],"_expiration-date-options":[],"_links_to":"","_links_to_target":""},"acf":[],"yoast_head":"<!-- This site is optimized with the Yoast SEO plugin v19.13 - https:\/\/yoast.com\/wordpress\/plugins\/seo\/ -->\n<title>Gemeinderat | Gemeindeverwaltung Rossau<\/title>\n<meta name=\"robots\" content=\"index, follow, max-snippet:-1, max-image-preview:large, max-video-preview:-1\" \/>\n<link rel=\"canonical\" href=\"https:\/\/www.gemeinde-rossau.de\/index.php\/offentliches\/gemeindeverwaltung\/gemeinderat\/\" \/>\n<meta property=\"og:locale\" content=\"de_DE\" \/>\n<meta property=\"og:type\" content=\"article\" \/>\n<meta property=\"og:title\" content=\"Gemeinderat | Gemeindeverwaltung Rossau\" \/>\n<meta property=\"og:description\" content=\"Gemeinderat 2024-2029 Wahlperiode 2024-2029 Rechtsstellung des Gemeinderates B\u00fcrgermeister und Gemeinderat sind nach der Gemeindeordnung die Organe der Gemeinde. Der Gemeinderat ist die Vertretung der B\u00fcrger und das Hauptorgan der Gemeinde. Der B\u00fcrgermeister ist Vorsitzender des Gemeinderates und Leiter der Gemeindeverwaltung. Er vertritt die Gemeinde (\u00a7 51 S\u00e4chsGemO). Seine Amtszeit betr\u00e4gt 7 Jahre. B\u00fcrgermeister und Gemeinderat [&hellip;]\" \/>\n<meta property=\"og:url\" content=\"https:\/\/www.gemeinde-rossau.de\/index.php\/offentliches\/gemeindeverwaltung\/gemeinderat\/\" \/>\n<meta property=\"og:site_name\" content=\"Gemeindeverwaltung Rossau\" \/>\n<meta property=\"article:modified_time\" content=\"2024-10-29T15:51:49+00:00\" \/>\n<meta property=\"og:image\" content=\"https:\/\/www.gemeinde-rossau.de\/wp-content\/uploads\/2019\/06\/bg-standart.jpg\" \/>\n\t<meta property=\"og:image:width\" content=\"1200\" \/>\n\t<meta property=\"og:image:height\" content=\"675\" \/>\n\t<meta property=\"og:image:type\" content=\"image\/jpeg\" \/>\n<meta name=\"twitter:card\" content=\"summary_large_image\" \/>\n<meta name=\"twitter:label1\" content=\"Gesch\u00e4tzte Lesezeit\" \/>\n\t<meta name=\"twitter:data1\" content=\"1\u00a0Minute\" \/>\n<script type=\"application\/ld+json\" class=\"yoast-schema-graph\">{\"@context\":\"https:\/\/schema.org\",\"@graph\":[{\"@type\":\"WebPage\",\"@id\":\"https:\/\/www.gemeinde-rossau.de\/index.php\/offentliches\/gemeindeverwaltung\/gemeinderat\/\",\"url\":\"https:\/\/www.gemeinde-rossau.de\/index.php\/offentliches\/gemeindeverwaltung\/gemeinderat\/\",\"name\":\"Gemeinderat | Gemeindeverwaltung Rossau\",\"isPartOf\":{\"@id\":\"https:\/\/www.gemeinde-rossau.de\/#website\"},\"datePublished\":\"2019-06-14T09:23:03+00:00\",\"dateModified\":\"2024-10-29T15:51:49+00:00\",\"breadcrumb\":{\"@id\":\"https:\/\/www.gemeinde-rossau.de\/index.php\/offentliches\/gemeindeverwaltung\/gemeinderat\/#breadcrumb\"},\"inLanguage\":\"de\",\"potentialAction\":[{\"@type\":\"ReadAction\",\"target\":[\"https:\/\/www.gemeinde-rossau.de\/index.php\/offentliches\/gemeindeverwaltung\/gemeinderat\/\"]}]},{\"@type\":\"BreadcrumbList\",\"@id\":\"https:\/\/www.gemeinde-rossau.de\/index.php\/offentliches\/gemeindeverwaltung\/gemeinderat\/#breadcrumb\",\"itemListElement\":[{\"@type\":\"ListItem\",\"position\":1,\"name\":\"Home\",\"item\":\"https:\/\/www.gemeinde-rossau.de\/\"},{\"@type\":\"ListItem\",\"position\":2,\"name\":\"\u00d6ffentliches\",\"item\":\"https:\/\/www.gemeinde-rossau.de\/index.php\/offentliches\/\"},{\"@type\":\"ListItem\",\"position\":3,\"name\":\"Gemeindeverwaltung\",\"item\":\"https:\/\/www.gemeinde-rossau.de\/index.php\/offentliches\/gemeindeverwaltung\/\"},{\"@type\":\"ListItem\",\"position\":4,\"name\":\"Gemeinderat\"}]},{\"@type\":\"WebSite\",\"@id\":\"https:\/\/www.gemeinde-rossau.de\/#website\",\"url\":\"https:\/\/www.gemeinde-rossau.de\/\",\"name\":\"Gemeindeverwaltung Rossau\",\"description\":\"Gemeindeverwaltung Rossau\",\"publisher\":{\"@id\":\"https:\/\/www.gemeinde-rossau.de\/#organization\"},\"potentialAction\":[{\"@type\":\"SearchAction\",\"target\":{\"@type\":\"EntryPoint\",\"urlTemplate\":\"https:\/\/www.gemeinde-rossau.de\/?s={search_term_string}\"},\"query-input\":\"required name=search_term_string\"}],\"inLanguage\":\"de\"},{\"@type\":\"Organization\",\"@id\":\"https:\/\/www.gemeinde-rossau.de\/#organization\",\"name\":\"Gemeindeverwaltung Rossau\",\"url\":\"https:\/\/www.gemeinde-rossau.de\/\",\"logo\":{\"@type\":\"ImageObject\",\"inLanguage\":\"de\",\"@id\":\"https:\/\/www.gemeinde-rossau.de\/#\/schema\/logo\/image\/\",\"url\":\"https:\/\/www.gemeinde-rossau.de\/wp-content\/uploads\/2019\/06\/Rossau_Navigation-e1574972262765.png\",\"contentUrl\":\"https:\/\/www.gemeinde-rossau.de\/wp-content\/uploads\/2019\/06\/Rossau_Navigation-e1574972262765.png\",\"width\":76,\"height\":100,\"caption\":\"Gemeindeverwaltung Rossau\"},\"image\":{\"@id\":\"https:\/\/www.gemeinde-rossau.de\/#\/schema\/logo\/image\/\"}}]}<\/script>\n<!-- \/ Yoast SEO plugin. -->","yoast_head_json":{"title":"Gemeinderat | Gemeindeverwaltung Rossau","robots":{"index":"index","follow":"follow","max-snippet":"max-snippet:-1","max-image-preview":"max-image-preview:large","max-video-preview":"max-video-preview:-1"},"canonical":"https:\/\/www.gemeinde-rossau.de\/index.php\/offentliches\/gemeindeverwaltung\/gemeinderat\/","og_locale":"de_DE","og_type":"article","og_title":"Gemeinderat | Gemeindeverwaltung Rossau","og_description":"Gemeinderat 2024-2029 Wahlperiode 2024-2029 Rechtsstellung des Gemeinderates B\u00fcrgermeister und Gemeinderat sind nach der Gemeindeordnung die Organe der Gemeinde. Der Gemeinderat ist die Vertretung der B\u00fcrger und das Hauptorgan der Gemeinde. Der B\u00fcrgermeister ist Vorsitzender des Gemeinderates und Leiter der Gemeindeverwaltung. Er vertritt die Gemeinde (\u00a7 51 S\u00e4chsGemO). Seine Amtszeit betr\u00e4gt 7 Jahre. B\u00fcrgermeister und Gemeinderat [&hellip;]","og_url":"https:\/\/www.gemeinde-rossau.de\/index.php\/offentliches\/gemeindeverwaltung\/gemeinderat\/","og_site_name":"Gemeindeverwaltung Rossau","article_modified_time":"2024-10-29T15:51:49+00:00","og_image":[{"width":1200,"height":675,"url":"https:\/\/www.gemeinde-rossau.de\/wp-content\/uploads\/2019\/06\/bg-standart.jpg","type":"image\/jpeg"}],"twitter_card":"summary_large_image","twitter_misc":{"Gesch\u00e4tzte Lesezeit":"1\u00a0Minute"},"schema":{"@context":"https:\/\/schema.org","@graph":[{"@type":"WebPage","@id":"https:\/\/www.gemeinde-rossau.de\/index.php\/offentliches\/gemeindeverwaltung\/gemeinderat\/","url":"https:\/\/www.gemeinde-rossau.de\/index.php\/offentliches\/gemeindeverwaltung\/gemeinderat\/","name":"Gemeinderat | Gemeindeverwaltung Rossau","isPartOf":{"@id":"https:\/\/www.gemeinde-rossau.de\/#website"},"datePublished":"2019-06-14T09:23:03+00:00","dateModified":"2024-10-29T15:51:49+00:00","breadcrumb":{"@id":"https:\/\/www.gemeinde-rossau.de\/index.php\/offentliches\/gemeindeverwaltung\/gemeinderat\/#breadcrumb"},"inLanguage":"de","potentialAction":[{"@type":"ReadAction","target":["https:\/\/www.gemeinde-rossau.de\/index.php\/offentliches\/gemeindeverwaltung\/gemeinderat\/"]}]},{"@type":"BreadcrumbList","@id":"https:\/\/www.gemeinde-rossau.de\/index.php\/offentliches\/gemeindeverwaltung\/gemeinderat\/#breadcrumb","itemListElement":[{"@type":"ListItem","position":1,"name":"Home","item":"https:\/\/www.gemeinde-rossau.de\/"},{"@type":"ListItem","position":2,"name":"\u00d6ffentliches","item":"https:\/\/www.gemeinde-rossau.de\/index.php\/offentliches\/"},{"@type":"ListItem","position":3,"name":"Gemeindeverwaltung","item":"https:\/\/www.gemeinde-rossau.de\/index.php\/offentliches\/gemeindeverwaltung\/"},{"@type":"ListItem","position":4,"name":"Gemeinderat"}]},{"@type":"WebSite","@id":"https:\/\/www.gemeinde-rossau.de\/#website","url":"https:\/\/www.gemeinde-rossau.de\/","name":"Gemeindeverwaltung Rossau","description":"Gemeindeverwaltung Rossau","publisher":{"@id":"https:\/\/www.gemeinde-rossau.de\/#organization"},"potentialAction":[{"@type":"SearchAction","target":{"@type":"EntryPoint","urlTemplate":"https:\/\/www.gemeinde-rossau.de\/?s={search_term_string}"},"query-input":"required name=search_term_string"}],"inLanguage":"de"},{"@type":"Organization","@id":"https:\/\/www.gemeinde-rossau.de\/#organization","name":"Gemeindeverwaltung Rossau","url":"https:\/\/www.gemeinde-rossau.de\/","logo":{"@type":"ImageObject","inLanguage":"de","@id":"https:\/\/www.gemeinde-rossau.de\/#\/schema\/logo\/image\/","url":"https:\/\/www.gemeinde-rossau.de\/wp-content\/uploads\/2019\/06\/Rossau_Navigation-e1574972262765.png","contentUrl":"https:\/\/www.gemeinde-rossau.de\/wp-content\/uploads\/2019\/06\/Rossau_Navigation-e1574972262765.png","width":76,"height":100,"caption":"Gemeindeverwaltung Rossau"},"image":{"@id":"https:\/\/www.gemeinde-rossau.de\/#\/schema\/logo\/image\/"}}]}},"_links":{"self":[{"href":"https:\/\/www.gemeinde-rossau.de\/index.php\/wp-json\/wp\/v2\/pages\/542"}],"collection":[{"href":"https:\/\/www.gemeinde-rossau.de\/index.php\/wp-json\/wp\/v2\/pages"}],"about":[{"href":"https:\/\/www.gemeinde-rossau.de\/index.php\/wp-json\/wp\/v2\/types\/page"}],"author":[{"embeddable":true,"href":"https:\/\/www.gemeinde-rossau.de\/index.php\/wp-json\/wp\/v2\/users\/1"}],"replies":[{"embeddable":true,"href":"https:\/\/www.gemeinde-rossau.de\/index.php\/wp-json\/wp\/v2\/comments?post=542"}],"version-history":[{"count":17,"href":"https:\/\/www.gemeinde-rossau.de\/index.php\/wp-json\/wp\/v2\/pages\/542\/revisions"}],"predecessor-version":[{"id":42482,"href":"https:\/\/www.gemeinde-rossau.de\/index.php\/wp-json\/wp\/v2\/pages\/542\/revisions\/42482"}],"up":[{"embeddable":true,"href":"https:\/\/www.gemeinde-rossau.de\/index.php\/wp-json\/wp\/v2\/pages\/382"}],"wp:featuredmedia":[{"embeddable":true,"href":"https:\/\/www.gemeinde-rossau.de\/index.php\/wp-json\/wp\/v2\/media\/1105"}],"wp:attachment":[{"href":"https:\/\/www.gemeinde-rossau.de\/index.php\/wp-json\/wp\/v2\/media?parent=542"}],"curies":[{"name":"wp","href":"https:\/\/api.w.org\/{rel}","templated":true}]}}