{"id":540,"date":"2019-06-14T10:22:41","date_gmt":"2019-06-14T10:22:41","guid":{"rendered":"https:\/\/www.gemeinde-rossau.de\/?page_id=540"},"modified":"2025-05-26T14:14:25","modified_gmt":"2025-05-26T13:14:25","slug":"offnungszeiten","status":"publish","type":"page","link":"https:\/\/www.gemeinde-rossau.de\/index.php\/offentliches\/gemeindeverwaltung\/offnungszeiten\/","title":{"rendered":""},"content":{"rendered":"<a href=\"https:\/\/www.gemeinde-rossau.de\/wp-content\/uploads\/2025\/05\/Oeffnungszeiten-GemeindeEWO.pdf\" class=\"pdfemb-viewer\" style=\"\" data-width=\"max\" data-height=\"max\" data-mobile-width=\"500\"  data-scrollbar=\"none\" data-download=\"on\" data-tracking=\"on\" data-newwindow=\"on\" data-pagetextbox=\"off\" data-scrolltotop=\"off\" data-startzoom=\"100\" data-startfpzoom=\"100\" data-toolbar=\"bottom\" data-toolbar-fixed=\"on\">Oeffnungszeiten-GemeindeEWO<br\/><\/a>\n<p class=\"wp-block-pdfemb-pdf-embedder-viewer\"><\/p>\n\n\n<table border=\"0\" width=\"100%\">\n<tbody>\n<tr>\n<td colspan=\"3\"><strong>Sprechzeiten des B\u00fcrgermeisters:<\/strong><\/td>\n<\/tr>\n<tr>\n<td>Dienstag<\/td>\n<td>9:00 Uhr &#8211; 11:30 Uhr<\/td>\n<td>13:00 Uhr &#8211; 17:30 Uhr<\/td>\n<\/tr>\n<tr>\n<td colspan=\"3\">und nach Vereinbarung<\/td>\n<\/tr>\n<\/tbody>\n<\/table>\n<p>Bei Bedarf kann mit der Gemeindeverwaltung und dem Einwohnermeldeamt durch telefonische Absprache ein Termin au\u00dferhalb der regul\u00e4ren \u00d6ffnungszeiten, auch samstags vormittags, vereinbart werden.<\/p>\n<p><\/p>","protected":false},"excerpt":{"rendered":"<p>Sprechzeiten des B\u00fcrgermeisters: Dienstag 9:00 Uhr &#8211; 11:30 Uhr 13:00 Uhr &#8211; 17:30 Uhr und nach Vereinbarung Bei Bedarf kann mit der Gemeindeverwaltung und dem Einwohnermeldeamt durch telefonische Absprache ein Termin au\u00dferhalb der regul\u00e4ren \u00d6ffnungszeiten, auch samstags vormittags, vereinbart werden.<\/p>\n","protected":false},"author":1,"featured_media":1105,"parent":382,"menu_order":2,"comment_status":"closed","ping_status":"closed","template":"","meta":{"_expiration-date-status":"","_expiration-date":1748866457,"_expiration-date-type":"draft","_expiration-date-categories":[],"_expiration-date-options":[],"_links_to":"","_links_to_target":""},"acf":[],"yoast_head":"<!-- This site is optimized with the Yoast SEO plugin v19.13 - https:\/\/yoast.com\/wordpress\/plugins\/seo\/ -->\n<title>| Gemeindeverwaltung Rossau<\/title>\n<meta name=\"robots\" content=\"index, follow, max-snippet:-1, max-image-preview:large, max-video-preview:-1\" \/>\n<link rel=\"canonical\" href=\"https:\/\/www.gemeinde-rossau.de\/index.php\/offentliches\/gemeindeverwaltung\/offnungszeiten\/\" \/>\n<meta property=\"og:locale\" content=\"de_DE\" \/>\n<meta property=\"og:type\" content=\"article\" \/>\n<meta property=\"og:title\" content=\"| Gemeindeverwaltung Rossau\" \/>\n<meta property=\"og:description\" content=\"Sprechzeiten des B\u00fcrgermeisters: Dienstag 9:00 Uhr &#8211; 11:30 Uhr 13:00 Uhr &#8211; 17:30 Uhr und nach Vereinbarung Bei Bedarf kann mit der Gemeindeverwaltung und dem Einwohnermeldeamt durch telefonische Absprache ein Termin au\u00dferhalb der regul\u00e4ren \u00d6ffnungszeiten, auch samstags vormittags, vereinbart werden.\" \/>\n<meta property=\"og:url\" content=\"https:\/\/www.gemeinde-rossau.de\/index.php\/offentliches\/gemeindeverwaltung\/offnungszeiten\/\" \/>\n<meta property=\"og:site_name\" content=\"Gemeindeverwaltung Rossau\" \/>\n<meta property=\"article:modified_time\" content=\"2025-05-26T13:14:25+00:00\" \/>\n<meta property=\"og:image\" content=\"https:\/\/www.gemeinde-rossau.de\/wp-content\/uploads\/2019\/06\/bg-standart.jpg\" \/>\n\t<meta property=\"og:image:width\" content=\"1200\" \/>\n\t<meta property=\"og:image:height\" content=\"675\" \/>\n\t<meta property=\"og:image:type\" content=\"image\/jpeg\" \/>\n<meta name=\"twitter:card\" content=\"summary_large_image\" \/>\n<script type=\"application\/ld+json\" class=\"yoast-schema-graph\">{\"@context\":\"https:\/\/schema.org\",\"@graph\":[{\"@type\":\"WebPage\",\"@id\":\"https:\/\/www.gemeinde-rossau.de\/index.php\/offentliches\/gemeindeverwaltung\/offnungszeiten\/\",\"url\":\"https:\/\/www.gemeinde-rossau.de\/index.php\/offentliches\/gemeindeverwaltung\/offnungszeiten\/\",\"name\":\"| Gemeindeverwaltung Rossau\",\"isPartOf\":{\"@id\":\"https:\/\/www.gemeinde-rossau.de\/#website\"},\"datePublished\":\"2019-06-14T10:22:41+00:00\",\"dateModified\":\"2025-05-26T13:14:25+00:00\",\"breadcrumb\":{\"@id\":\"https:\/\/www.gemeinde-rossau.de\/index.php\/offentliches\/gemeindeverwaltung\/offnungszeiten\/#breadcrumb\"},\"inLanguage\":\"de\",\"potentialAction\":[{\"@type\":\"ReadAction\",\"target\":[\"https:\/\/www.gemeinde-rossau.de\/index.php\/offentliches\/gemeindeverwaltung\/offnungszeiten\/\"]}]},{\"@type\":\"BreadcrumbList\",\"@id\":\"https:\/\/www.gemeinde-rossau.de\/index.php\/offentliches\/gemeindeverwaltung\/offnungszeiten\/#breadcrumb\",\"itemListElement\":[{\"@type\":\"ListItem\",\"position\":1,\"name\":\"Home\",\"item\":\"https:\/\/www.gemeinde-rossau.de\/\"},{\"@type\":\"ListItem\",\"position\":2,\"name\":\"\u00d6ffentliches\",\"item\":\"https:\/\/www.gemeinde-rossau.de\/index.php\/offentliches\/\"},{\"@type\":\"ListItem\",\"position\":3,\"name\":\"Gemeindeverwaltung\",\"item\":\"https:\/\/www.gemeinde-rossau.de\/index.php\/offentliches\/gemeindeverwaltung\/\"}]},{\"@type\":\"WebSite\",\"@id\":\"https:\/\/www.gemeinde-rossau.de\/#website\",\"url\":\"https:\/\/www.gemeinde-rossau.de\/\",\"name\":\"Gemeindeverwaltung Rossau\",\"description\":\"Gemeindeverwaltung Rossau\",\"publisher\":{\"@id\":\"https:\/\/www.gemeinde-rossau.de\/#organization\"},\"potentialAction\":[{\"@type\":\"SearchAction\",\"target\":{\"@type\":\"EntryPoint\",\"urlTemplate\":\"https:\/\/www.gemeinde-rossau.de\/?s={search_term_string}\"},\"query-input\":\"required name=search_term_string\"}],\"inLanguage\":\"de\"},{\"@type\":\"Organization\",\"@id\":\"https:\/\/www.gemeinde-rossau.de\/#organization\",\"name\":\"Gemeindeverwaltung Rossau\",\"url\":\"https:\/\/www.gemeinde-rossau.de\/\",\"logo\":{\"@type\":\"ImageObject\",\"inLanguage\":\"de\",\"@id\":\"https:\/\/www.gemeinde-rossau.de\/#\/schema\/logo\/image\/\",\"url\":\"https:\/\/www.gemeinde-rossau.de\/wp-content\/uploads\/2019\/06\/Rossau_Navigation-e1574972262765.png\",\"contentUrl\":\"https:\/\/www.gemeinde-rossau.de\/wp-content\/uploads\/2019\/06\/Rossau_Navigation-e1574972262765.png\",\"width\":76,\"height\":100,\"caption\":\"Gemeindeverwaltung Rossau\"},\"image\":{\"@id\":\"https:\/\/www.gemeinde-rossau.de\/#\/schema\/logo\/image\/\"}}]}<\/script>\n<!-- \/ Yoast SEO plugin. -->","yoast_head_json":{"title":"| Gemeindeverwaltung Rossau","robots":{"index":"index","follow":"follow","max-snippet":"max-snippet:-1","max-image-preview":"max-image-preview:large","max-video-preview":"max-video-preview:-1"},"canonical":"https:\/\/www.gemeinde-rossau.de\/index.php\/offentliches\/gemeindeverwaltung\/offnungszeiten\/","og_locale":"de_DE","og_type":"article","og_title":"| Gemeindeverwaltung Rossau","og_description":"Sprechzeiten des B\u00fcrgermeisters: Dienstag 9:00 Uhr &#8211; 11:30 Uhr 13:00 Uhr &#8211; 17:30 Uhr und nach Vereinbarung Bei Bedarf kann mit der Gemeindeverwaltung und dem Einwohnermeldeamt durch telefonische Absprache ein Termin au\u00dferhalb der regul\u00e4ren \u00d6ffnungszeiten, auch samstags vormittags, vereinbart werden.","og_url":"https:\/\/www.gemeinde-rossau.de\/index.php\/offentliches\/gemeindeverwaltung\/offnungszeiten\/","og_site_name":"Gemeindeverwaltung Rossau","article_modified_time":"2025-05-26T13:14:25+00:00","og_image":[{"width":1200,"height":675,"url":"https:\/\/www.gemeinde-rossau.de\/wp-content\/uploads\/2019\/06\/bg-standart.jpg","type":"image\/jpeg"}],"twitter_card":"summary_large_image","schema":{"@context":"https:\/\/schema.org","@graph":[{"@type":"WebPage","@id":"https:\/\/www.gemeinde-rossau.de\/index.php\/offentliches\/gemeindeverwaltung\/offnungszeiten\/","url":"https:\/\/www.gemeinde-rossau.de\/index.php\/offentliches\/gemeindeverwaltung\/offnungszeiten\/","name":"| Gemeindeverwaltung Rossau","isPartOf":{"@id":"https:\/\/www.gemeinde-rossau.de\/#website"},"datePublished":"2019-06-14T10:22:41+00:00","dateModified":"2025-05-26T13:14:25+00:00","breadcrumb":{"@id":"https:\/\/www.gemeinde-rossau.de\/index.php\/offentliches\/gemeindeverwaltung\/offnungszeiten\/#breadcrumb"},"inLanguage":"de","potentialAction":[{"@type":"ReadAction","target":["https:\/\/www.gemeinde-rossau.de\/index.php\/offentliches\/gemeindeverwaltung\/offnungszeiten\/"]}]},{"@type":"BreadcrumbList","@id":"https:\/\/www.gemeinde-rossau.de\/index.php\/offentliches\/gemeindeverwaltung\/offnungszeiten\/#breadcrumb","itemListElement":[{"@type":"ListItem","position":1,"name":"Home","item":"https:\/\/www.gemeinde-rossau.de\/"},{"@type":"ListItem","position":2,"name":"\u00d6ffentliches","item":"https:\/\/www.gemeinde-rossau.de\/index.php\/offentliches\/"},{"@type":"ListItem","position":3,"name":"Gemeindeverwaltung","item":"https:\/\/www.gemeinde-rossau.de\/index.php\/offentliches\/gemeindeverwaltung\/"}]},{"@type":"WebSite","@id":"https:\/\/www.gemeinde-rossau.de\/#website","url":"https:\/\/www.gemeinde-rossau.de\/","name":"Gemeindeverwaltung Rossau","description":"Gemeindeverwaltung Rossau","publisher":{"@id":"https:\/\/www.gemeinde-rossau.de\/#organization"},"potentialAction":[{"@type":"SearchAction","target":{"@type":"EntryPoint","urlTemplate":"https:\/\/www.gemeinde-rossau.de\/?s={search_term_string}"},"query-input":"required name=search_term_string"}],"inLanguage":"de"},{"@type":"Organization","@id":"https:\/\/www.gemeinde-rossau.de\/#organization","name":"Gemeindeverwaltung Rossau","url":"https:\/\/www.gemeinde-rossau.de\/","logo":{"@type":"ImageObject","inLanguage":"de","@id":"https:\/\/www.gemeinde-rossau.de\/#\/schema\/logo\/image\/","url":"https:\/\/www.gemeinde-rossau.de\/wp-content\/uploads\/2019\/06\/Rossau_Navigation-e1574972262765.png","contentUrl":"https:\/\/www.gemeinde-rossau.de\/wp-content\/uploads\/2019\/06\/Rossau_Navigation-e1574972262765.png","width":76,"height":100,"caption":"Gemeindeverwaltung Rossau"},"image":{"@id":"https:\/\/www.gemeinde-rossau.de\/#\/schema\/logo\/image\/"}}]}},"_links":{"self":[{"href":"https:\/\/www.gemeinde-rossau.de\/index.php\/wp-json\/wp\/v2\/pages\/540"}],"collection":[{"href":"https:\/\/www.gemeinde-rossau.de\/index.php\/wp-json\/wp\/v2\/pages"}],"about":[{"href":"https:\/\/www.gemeinde-rossau.de\/index.php\/wp-json\/wp\/v2\/types\/page"}],"author":[{"embeddable":true,"href":"https:\/\/www.gemeinde-rossau.de\/index.php\/wp-json\/wp\/v2\/users\/1"}],"replies":[{"embeddable":true,"href":"https:\/\/www.gemeinde-rossau.de\/index.php\/wp-json\/wp\/v2\/comments?post=540"}],"version-history":[{"count":17,"href":"https:\/\/www.gemeinde-rossau.de\/index.php\/wp-json\/wp\/v2\/pages\/540\/revisions"}],"predecessor-version":[{"id":43188,"href":"https:\/\/www.gemeinde-rossau.de\/index.php\/wp-json\/wp\/v2\/pages\/540\/revisions\/43188"}],"up":[{"embeddable":true,"href":"https:\/\/www.gemeinde-rossau.de\/index.php\/wp-json\/wp\/v2\/pages\/382"}],"wp:featuredmedia":[{"embeddable":true,"href":"https:\/\/www.gemeinde-rossau.de\/index.php\/wp-json\/wp\/v2\/media\/1105"}],"wp:attachment":[{"href":"https:\/\/www.gemeinde-rossau.de\/index.php\/wp-json\/wp\/v2\/media?parent=540"}],"curies":[{"name":"wp","href":"https:\/\/api.w.org\/{rel}","templated":true}]}}