{"id":5121,"date":"2022-08-16T14:40:47","date_gmt":"2022-08-16T13:40:47","guid":{"rendered":"https:\/\/www.gemeinde-rossau.de\/?page_id=5121"},"modified":"2022-08-16T14:41:13","modified_gmt":"2022-08-16T13:41:13","slug":"bekanntmachung-des-modellprojekts-sagenhaftes-mittelsachsen","status":"publish","type":"page","link":"https:\/\/www.gemeinde-rossau.de\/index.php\/bekanntmachung-des-modellprojekts-sagenhaftes-mittelsachsen\/","title":{"rendered":"Bekanntmachung des Modellprojekts &#8220;Sagenhaftes Mittelsachsen&#8221;"},"content":{"rendered":"\n<h2 class=\"wp-block-heading\"><strong>Ideen-Wettbewerb im sagenhaftes Mittelsachsen<\/strong><\/h2>\n\n\n\n<h3 class=\"wp-block-heading\"><strong>Modellprojekt pr\u00e4miert beste Einf\u00e4lle, Produkte und Angebote rund um die bunte Sagenwelt des Landkreises<\/strong><\/h3>\n\n\n\n<div style=\"height:31px\" aria-hidden=\"true\" class=\"wp-block-spacer\"><\/div>\n\n\n\n<p>Wer in Mittelsachsen heimisch ist oder hier Wurzeln hat, kennt sicher auch die ein oder andere geheimnisvolle Sagengeschichte. Vielen Menschen ist die \u201etreue Frau zu Kriebstein\u201c bekannt, die statt Schmuck und Gold lieber ihren Mann aus der Burg vor dem Feind rettete. Manch einer kennt die Nixen und ihr mystisches Treiben rund um den Zellwald, Hahnenteich oder das Chemnitztal. F\u00fcr Freiberger und andere Erzgebirger ist wiederum der Bauerhase oder die Tulpenkanzel im Dom zu Freiberg ein gel\u00e4ufiges, historisches Relikt.<\/p>\n\n\n\n<p>Wie man merkt, ist die Sagenlandschaft des Landkreises Mittelsachsen schier unendlich. Und so bieten Mittelsachsens Sagen tolle Inspirationen f\u00fcr Angebote im kulturellen, sozialen und wirtschaftlichen Bereich. Sie geh\u00f6ren zum kulturellen Erbe, sorgen f\u00fcr Identifikation und Verwurzelung in der Region. Die Striegistaler Naturseife \u201eKr\u00e4uterhexe\u201c erz\u00e4hlt zum Beispiel die dazu passende Sage auf ihrer Banderole. Das Spitzstein-Sorbet aus Gro\u00dfweitzschen erinnert an den tapferen Ritter Georg und seinen Sprung \u00fcber die Mulde.\u00a0 \u00a0<\/p>\n\n\n\n<p>Wie umfangreich die Sagenlandschaft ist, zeigt das aktuelle Modellprojekt der Wirtschaftsf\u00f6rderung. Es tr\u00e4gt den Titel \u201eSagenhaftes Mittelsachsen\u201c und kn\u00fcpft an das Vorg\u00e4ngerprojekt aus dem Jahr 2017 an. In dessen Rahmen wurden die zwei bekannten Sagenb\u00e4nde der Sagensammlung geschaffen, die weit mehr als 150 Sagen beinhalten. Diese Geschichten bilden den Grundstein f\u00fcr das aktuelle Projekt, das mit Hilfe des Projektmanagements durch M&amp;M | Maikirschen &amp; Marketing betreut und umgesetzt wird.<\/p>\n\n\n\n<p>Im neuen Vorhaben geht es verst\u00e4rkt darum, zu zeigen, wo und wie die Sagen heute noch erlebbar sind und wie diese mit (neuen) Produkten, Dienstleistungen und Kreationen verkn\u00fcpft werden k\u00f6nnen. Dazu l\u00e4uft bis zum 16. Oktober ein Ideen-Wettbewerb f\u00fcr Schulkassen, Privatpersonen und Unternehmen, bei dem die besten Einreichungen mit Preisgeldern pr\u00e4miert werden. Es k\u00f6nnen dabei bestehende Angebote, vor allem aber auch Ideen f\u00fcr neue Projekte, Produkte und Dienstleistungen eingereicht werden.<\/p>\n\n\n\n<p>F\u00fcr eine erfolgreiche Teilnahme muss lediglich eine formlose Projektskizze beim Projektmanagement eingereicht werden. Das Team vom \u201eSagenhaften Mittelsachsen\u201c steht gern beratend bei der Bewerbung zur Verf\u00fcgung und begleitet die Wettbewerbsteilnahme mit fachlichem Knowhow. Eine Jury aus Experten im Bereich Tourismus, Regionalmanagement und Marketing bewertet die eingereichten Beitr\u00e4ge bis Ende des Jahres. Im November oder Dezember werden dann die Gewinner bekannt gegeben und mit Preisgeldern in H\u00f6he von insgesamt 3.000 Euro pr\u00e4miert.<\/p>\n\n\n\n<p>Das Projekt wird im Rahmen des Modellvorhabens \u201eAktive Regionalentwicklung\u201c vom Bundesamt f\u00fcr Bauwesen und Raumordnung gef\u00f6rdert. Ausrichter des Wettbewerbs ist die F\u00f6rdergesellschaft Regio D\u00f6beln e.V.. Ansprechpartner f\u00fcr alle Fragen zum Projekt ist Josefine Tzschoppe. Alle Infos zum Wettbewerb sind online unter <a href=\"http:\/\/www.sagenhaftes-mittelsachsen.de\">www.sagenhaftes-mittelsachsen.de<\/a> zu finden.<\/p>\n\n\n\n<p><br>Kontakt zum \u201eSagenhaften Mittelsachsen\u201c:<br>M&amp;M | Maikirschen &amp; Marketing<br>c\/o <strong>Projektmanagement \u201eSagenhaftes Mittelsachsen\u201c<\/strong><br>Lichtstra\u00dfe 3, 04758 Oschatz<br>Telefon: 03435 \/ 62 930 36<br>Email: info@sagenhaftes-mittelsachsen.de<br>Web: www.sagenhaftes-mittelsachsen.de<\/p>\n\n\n\n<figure class=\"wp-block-image size-full\"><img decoding=\"async\" loading=\"lazy\" width=\"968\" height=\"726\" src=\"https:\/\/www.gemeinde-rossau.de\/wp-content\/uploads\/2022\/08\/Sagenhaftes-Mittelsachsen.jpg\" alt=\"\" class=\"wp-image-5122\" srcset=\"https:\/\/www.gemeinde-rossau.de\/wp-content\/uploads\/2022\/08\/Sagenhaftes-Mittelsachsen.jpg 968w, https:\/\/www.gemeinde-rossau.de\/wp-content\/uploads\/2022\/08\/Sagenhaftes-Mittelsachsen-300x225.jpg 300w, https:\/\/www.gemeinde-rossau.de\/wp-content\/uploads\/2022\/08\/Sagenhaftes-Mittelsachsen-768x576.jpg 768w\" sizes=\"(max-width: 968px) 100vw, 968px\" \/><\/figure>\n\n\n\n<p>Foto: Zur Mitgliederversammlung der F\u00f6rdergesellschaft Regio D\u00f6beln e.V. am 16.05.2022 wurde der Startknopf f\u00fcr den Ideen-Wettbewerb \u201eSagenhaftes Mittelsachsen\u201c gedr\u00fcckt. Der Verein ist Ausrichter des Wettbewerbs und begleitet das Modellprojekt der Wirtschaftsf\u00f6rderung des Landkreises mit Unterst\u00fctzung des Projektmanagements von M&amp;M | Maikirschen &amp; Marketing. (vlnr: A. Helbig &#8211; M&amp;M; Dr. M. Graetz, B. Voigtl\u00e4nder, M. Kl\u00f6den, Dr. L. Beier &#8211; Regio D\u00f6beln e.V.; K. Kunze &#8211; Wirtschaftsf\u00f6rderung)<br><\/p>\n\n\n\n<p>Foto\/Text: M&amp;M | Maikirschen &amp; Marketing e.K.<\/p>\n\n\n\n<div style=\"height:64px\" aria-hidden=\"true\" class=\"wp-block-spacer\"><\/div>\n\n\n<a href=\"https:\/\/www.gemeinde-rossau.de\/wp-content\/uploads\/2022\/08\/Sagenh_Mittelsachs-Plakat-A4-07-2022.pdf\" class=\"pdfemb-viewer\" style=\"\" data-width=\"max\" data-height=\"max\" data-mobile-width=\"500\"  data-scrollbar=\"none\" data-download=\"on\" data-tracking=\"on\" data-newwindow=\"on\" data-pagetextbox=\"off\" data-scrolltotop=\"off\" data-startzoom=\"100\" data-startfpzoom=\"100\" data-toolbar=\"bottom\" data-toolbar-fixed=\"on\">Sagenh_Mittelsachs-Plakat-A4-07-2022<br\/><\/a>\n<p class=\"wp-block-pdfemb-pdf-embedder-viewer\"><\/p>\n","protected":false},"excerpt":{"rendered":"<p>Ideen-Wettbewerb im sagenhaftes Mittelsachsen Modellprojekt pr\u00e4miert beste Einf\u00e4lle, Produkte und Angebote rund um die bunte Sagenwelt des Landkreises Wer in Mittelsachsen heimisch ist oder hier Wurzeln hat, kennt sicher auch die ein oder andere geheimnisvolle Sagengeschichte. Vielen Menschen ist die \u201etreue Frau zu Kriebstein\u201c bekannt, die statt Schmuck und Gold lieber ihren Mann aus der [&hellip;]<\/p>\n","protected":false},"author":2,"featured_media":1105,"parent":0,"menu_order":0,"comment_status":"closed","ping_status":"closed","template":"","meta":{"_expiration-date-status":"","_expiration-date":0,"_expiration-date-type":"","_expiration-date-categories":[],"_expiration-date-options":[],"_links_to":"","_links_to_target":""},"acf":[],"yoast_head":"<!-- This site is optimized with the Yoast SEO plugin v19.13 - https:\/\/yoast.com\/wordpress\/plugins\/seo\/ -->\n<title>Bekanntmachung des Modellprojekts &quot;Sagenhaftes Mittelsachsen&quot; | Gemeindeverwaltung Rossau<\/title>\n<meta name=\"robots\" content=\"index, follow, max-snippet:-1, max-image-preview:large, max-video-preview:-1\" \/>\n<link rel=\"canonical\" href=\"https:\/\/www.gemeinde-rossau.de\/index.php\/bekanntmachung-des-modellprojekts-sagenhaftes-mittelsachsen\/\" \/>\n<meta property=\"og:locale\" content=\"de_DE\" \/>\n<meta property=\"og:type\" content=\"article\" \/>\n<meta property=\"og:title\" content=\"Bekanntmachung des Modellprojekts &quot;Sagenhaftes Mittelsachsen&quot; | Gemeindeverwaltung Rossau\" \/>\n<meta property=\"og:description\" content=\"Ideen-Wettbewerb im sagenhaftes Mittelsachsen Modellprojekt pr\u00e4miert beste Einf\u00e4lle, Produkte und Angebote rund um die bunte Sagenwelt des Landkreises Wer in Mittelsachsen heimisch ist oder hier Wurzeln hat, kennt sicher auch die ein oder andere geheimnisvolle Sagengeschichte. Vielen Menschen ist die \u201etreue Frau zu Kriebstein\u201c bekannt, die statt Schmuck und Gold lieber ihren Mann aus der [&hellip;]\" \/>\n<meta property=\"og:url\" content=\"https:\/\/www.gemeinde-rossau.de\/index.php\/bekanntmachung-des-modellprojekts-sagenhaftes-mittelsachsen\/\" \/>\n<meta property=\"og:site_name\" content=\"Gemeindeverwaltung Rossau\" \/>\n<meta property=\"article:modified_time\" content=\"2022-08-16T13:41:13+00:00\" \/>\n<meta property=\"og:image\" content=\"https:\/\/www.gemeinde-rossau.de\/wp-content\/uploads\/2022\/08\/Sagenhaftes-Mittelsachsen.jpg\" \/>\n<meta name=\"twitter:card\" content=\"summary_large_image\" \/>\n<meta name=\"twitter:label1\" content=\"Gesch\u00e4tzte Lesezeit\" \/>\n\t<meta name=\"twitter:data1\" content=\"4\u00a0Minuten\" \/>\n<script type=\"application\/ld+json\" class=\"yoast-schema-graph\">{\"@context\":\"https:\/\/schema.org\",\"@graph\":[{\"@type\":\"WebPage\",\"@id\":\"https:\/\/www.gemeinde-rossau.de\/index.php\/bekanntmachung-des-modellprojekts-sagenhaftes-mittelsachsen\/\",\"url\":\"https:\/\/www.gemeinde-rossau.de\/index.php\/bekanntmachung-des-modellprojekts-sagenhaftes-mittelsachsen\/\",\"name\":\"Bekanntmachung des Modellprojekts \\\"Sagenhaftes Mittelsachsen\\\" | Gemeindeverwaltung Rossau\",\"isPartOf\":{\"@id\":\"https:\/\/www.gemeinde-rossau.de\/#website\"},\"datePublished\":\"2022-08-16T13:40:47+00:00\",\"dateModified\":\"2022-08-16T13:41:13+00:00\",\"breadcrumb\":{\"@id\":\"https:\/\/www.gemeinde-rossau.de\/index.php\/bekanntmachung-des-modellprojekts-sagenhaftes-mittelsachsen\/#breadcrumb\"},\"inLanguage\":\"de\",\"potentialAction\":[{\"@type\":\"ReadAction\",\"target\":[\"https:\/\/www.gemeinde-rossau.de\/index.php\/bekanntmachung-des-modellprojekts-sagenhaftes-mittelsachsen\/\"]}]},{\"@type\":\"BreadcrumbList\",\"@id\":\"https:\/\/www.gemeinde-rossau.de\/index.php\/bekanntmachung-des-modellprojekts-sagenhaftes-mittelsachsen\/#breadcrumb\",\"itemListElement\":[{\"@type\":\"ListItem\",\"position\":1,\"name\":\"Home\",\"item\":\"https:\/\/www.gemeinde-rossau.de\/\"},{\"@type\":\"ListItem\",\"position\":2,\"name\":\"Bekanntmachung des Modellprojekts &#8220;Sagenhaftes Mittelsachsen&#8221;\"}]},{\"@type\":\"WebSite\",\"@id\":\"https:\/\/www.gemeinde-rossau.de\/#website\",\"url\":\"https:\/\/www.gemeinde-rossau.de\/\",\"name\":\"Gemeindeverwaltung Rossau\",\"description\":\"Gemeindeverwaltung Rossau\",\"publisher\":{\"@id\":\"https:\/\/www.gemeinde-rossau.de\/#organization\"},\"potentialAction\":[{\"@type\":\"SearchAction\",\"target\":{\"@type\":\"EntryPoint\",\"urlTemplate\":\"https:\/\/www.gemeinde-rossau.de\/?s={search_term_string}\"},\"query-input\":\"required name=search_term_string\"}],\"inLanguage\":\"de\"},{\"@type\":\"Organization\",\"@id\":\"https:\/\/www.gemeinde-rossau.de\/#organization\",\"name\":\"Gemeindeverwaltung Rossau\",\"url\":\"https:\/\/www.gemeinde-rossau.de\/\",\"logo\":{\"@type\":\"ImageObject\",\"inLanguage\":\"de\",\"@id\":\"https:\/\/www.gemeinde-rossau.de\/#\/schema\/logo\/image\/\",\"url\":\"https:\/\/www.gemeinde-rossau.de\/wp-content\/uploads\/2019\/06\/Rossau_Navigation-e1574972262765.png\",\"contentUrl\":\"https:\/\/www.gemeinde-rossau.de\/wp-content\/uploads\/2019\/06\/Rossau_Navigation-e1574972262765.png\",\"width\":76,\"height\":100,\"caption\":\"Gemeindeverwaltung Rossau\"},\"image\":{\"@id\":\"https:\/\/www.gemeinde-rossau.de\/#\/schema\/logo\/image\/\"}}]}<\/script>\n<!-- \/ Yoast SEO plugin. -->","yoast_head_json":{"title":"Bekanntmachung des Modellprojekts \"Sagenhaftes Mittelsachsen\" | Gemeindeverwaltung Rossau","robots":{"index":"index","follow":"follow","max-snippet":"max-snippet:-1","max-image-preview":"max-image-preview:large","max-video-preview":"max-video-preview:-1"},"canonical":"https:\/\/www.gemeinde-rossau.de\/index.php\/bekanntmachung-des-modellprojekts-sagenhaftes-mittelsachsen\/","og_locale":"de_DE","og_type":"article","og_title":"Bekanntmachung des Modellprojekts \"Sagenhaftes Mittelsachsen\" | Gemeindeverwaltung Rossau","og_description":"Ideen-Wettbewerb im sagenhaftes Mittelsachsen Modellprojekt pr\u00e4miert beste Einf\u00e4lle, Produkte und Angebote rund um die bunte Sagenwelt des Landkreises Wer in Mittelsachsen heimisch ist oder hier Wurzeln hat, kennt sicher auch die ein oder andere geheimnisvolle Sagengeschichte. Vielen Menschen ist die \u201etreue Frau zu Kriebstein\u201c bekannt, die statt Schmuck und Gold lieber ihren Mann aus der [&hellip;]","og_url":"https:\/\/www.gemeinde-rossau.de\/index.php\/bekanntmachung-des-modellprojekts-sagenhaftes-mittelsachsen\/","og_site_name":"Gemeindeverwaltung Rossau","article_modified_time":"2022-08-16T13:41:13+00:00","og_image":[{"url":"https:\/\/www.gemeinde-rossau.de\/wp-content\/uploads\/2022\/08\/Sagenhaftes-Mittelsachsen.jpg"}],"twitter_card":"summary_large_image","twitter_misc":{"Gesch\u00e4tzte Lesezeit":"4\u00a0Minuten"},"schema":{"@context":"https:\/\/schema.org","@graph":[{"@type":"WebPage","@id":"https:\/\/www.gemeinde-rossau.de\/index.php\/bekanntmachung-des-modellprojekts-sagenhaftes-mittelsachsen\/","url":"https:\/\/www.gemeinde-rossau.de\/index.php\/bekanntmachung-des-modellprojekts-sagenhaftes-mittelsachsen\/","name":"Bekanntmachung des Modellprojekts \"Sagenhaftes Mittelsachsen\" | Gemeindeverwaltung Rossau","isPartOf":{"@id":"https:\/\/www.gemeinde-rossau.de\/#website"},"datePublished":"2022-08-16T13:40:47+00:00","dateModified":"2022-08-16T13:41:13+00:00","breadcrumb":{"@id":"https:\/\/www.gemeinde-rossau.de\/index.php\/bekanntmachung-des-modellprojekts-sagenhaftes-mittelsachsen\/#breadcrumb"},"inLanguage":"de","potentialAction":[{"@type":"ReadAction","target":["https:\/\/www.gemeinde-rossau.de\/index.php\/bekanntmachung-des-modellprojekts-sagenhaftes-mittelsachsen\/"]}]},{"@type":"BreadcrumbList","@id":"https:\/\/www.gemeinde-rossau.de\/index.php\/bekanntmachung-des-modellprojekts-sagenhaftes-mittelsachsen\/#breadcrumb","itemListElement":[{"@type":"ListItem","position":1,"name":"Home","item":"https:\/\/www.gemeinde-rossau.de\/"},{"@type":"ListItem","position":2,"name":"Bekanntmachung des Modellprojekts &#8220;Sagenhaftes Mittelsachsen&#8221;"}]},{"@type":"WebSite","@id":"https:\/\/www.gemeinde-rossau.de\/#website","url":"https:\/\/www.gemeinde-rossau.de\/","name":"Gemeindeverwaltung Rossau","description":"Gemeindeverwaltung Rossau","publisher":{"@id":"https:\/\/www.gemeinde-rossau.de\/#organization"},"potentialAction":[{"@type":"SearchAction","target":{"@type":"EntryPoint","urlTemplate":"https:\/\/www.gemeinde-rossau.de\/?s={search_term_string}"},"query-input":"required name=search_term_string"}],"inLanguage":"de"},{"@type":"Organization","@id":"https:\/\/www.gemeinde-rossau.de\/#organization","name":"Gemeindeverwaltung Rossau","url":"https:\/\/www.gemeinde-rossau.de\/","logo":{"@type":"ImageObject","inLanguage":"de","@id":"https:\/\/www.gemeinde-rossau.de\/#\/schema\/logo\/image\/","url":"https:\/\/www.gemeinde-rossau.de\/wp-content\/uploads\/2019\/06\/Rossau_Navigation-e1574972262765.png","contentUrl":"https:\/\/www.gemeinde-rossau.de\/wp-content\/uploads\/2019\/06\/Rossau_Navigation-e1574972262765.png","width":76,"height":100,"caption":"Gemeindeverwaltung Rossau"},"image":{"@id":"https:\/\/www.gemeinde-rossau.de\/#\/schema\/logo\/image\/"}}]}},"_links":{"self":[{"href":"https:\/\/www.gemeinde-rossau.de\/index.php\/wp-json\/wp\/v2\/pages\/5121"}],"collection":[{"href":"https:\/\/www.gemeinde-rossau.de\/index.php\/wp-json\/wp\/v2\/pages"}],"about":[{"href":"https:\/\/www.gemeinde-rossau.de\/index.php\/wp-json\/wp\/v2\/types\/page"}],"author":[{"embeddable":true,"href":"https:\/\/www.gemeinde-rossau.de\/index.php\/wp-json\/wp\/v2\/users\/2"}],"replies":[{"embeddable":true,"href":"https:\/\/www.gemeinde-rossau.de\/index.php\/wp-json\/wp\/v2\/comments?post=5121"}],"version-history":[{"count":1,"href":"https:\/\/www.gemeinde-rossau.de\/index.php\/wp-json\/wp\/v2\/pages\/5121\/revisions"}],"predecessor-version":[{"id":5125,"href":"https:\/\/www.gemeinde-rossau.de\/index.php\/wp-json\/wp\/v2\/pages\/5121\/revisions\/5125"}],"wp:featuredmedia":[{"embeddable":true,"href":"https:\/\/www.gemeinde-rossau.de\/index.php\/wp-json\/wp\/v2\/media\/1105"}],"wp:attachment":[{"href":"https:\/\/www.gemeinde-rossau.de\/index.php\/wp-json\/wp\/v2\/media?parent=5121"}],"curies":[{"name":"wp","href":"https:\/\/api.w.org\/{rel}","templated":true}]}}