{"id":4956,"date":"2022-05-23T09:17:51","date_gmt":"2022-05-23T08:17:51","guid":{"rendered":"https:\/\/www.gemeinde-rossau.de\/?page_id=4956"},"modified":"2022-05-23T09:17:53","modified_gmt":"2022-05-23T08:17:53","slug":"buergerbeauftragte-fuer-den-breitbandausbau","status":"publish","type":"page","link":"https:\/\/www.gemeinde-rossau.de\/index.php\/buergerbeauftragte-fuer-den-breitbandausbau\/","title":{"rendered":"B\u00fcrgerbeauftragte f\u00fcr den Breitbandausbau"},"content":{"rendered":"\n<h2 class=\"wp-block-heading\">B\u00fcrgerbeauftragte f\u00fcr den Breitbandausbau<\/h2>\n\n\n\n<p>Seit 1. April diesen Jahres k\u00fcmmert sich Anke Wagner um die Beantwortung s\u00e4mtlicher Fragen rund um das Thema Breitbandausbau. Sie ist Ansprechpartnerin f\u00fcr die Beantwortung von B\u00fcrgeranfragen zum F\u00f6rderverfahren und zur F\u00f6rderf\u00e4higkeit einzelner Anschl\u00fcsse. <\/p>\n\n\n\n<p>Im Konzessionsmodell ist nicht der Landkreis, sondern das jeweilige Telekommunikationsunternehmen Bauherr. Daher sind alle weiteren Fragen zur Gestattungsbeantragung, gegebenenfalls anfallenden Kosten und zur Installation des Glasfaseranschlusses immer an den Kundenservice von eins energie in Sachsen GmbH &amp; Co. KG zu richten &#8211; diese sind f\u00fcr das Cluster C, welchem unsere Gemeinde angeh\u00f6rt, zust\u00e4ndig.  <\/p>\n\n\n\n<p>Die h\u00e4ufigsten Fragen rundum das Thema Breitbandausbau werden zudem auf den Internetseiten des Landkreises Mittelsachsen und f\u00fcr die jeweiligen Projekte bei der eins energie beantwortet.<\/p>\n\n\n\n<p>Anke Wagner ist unter der Rufnummer 03731 799-1406 erreichbar.  <\/p>\n","protected":false},"excerpt":{"rendered":"<p>B\u00fcrgerbeauftragte f\u00fcr den Breitbandausbau Seit 1. April diesen Jahres k\u00fcmmert sich Anke Wagner um die Beantwortung s\u00e4mtlicher Fragen rund um das Thema Breitbandausbau. Sie ist Ansprechpartnerin f\u00fcr die Beantwortung von B\u00fcrgeranfragen zum F\u00f6rderverfahren und zur F\u00f6rderf\u00e4higkeit einzelner Anschl\u00fcsse. Im Konzessionsmodell ist nicht der Landkreis, sondern das jeweilige Telekommunikationsunternehmen Bauherr. Daher sind alle weiteren Fragen zur [&hellip;]<\/p>\n","protected":false},"author":4,"featured_media":4277,"parent":0,"menu_order":0,"comment_status":"closed","ping_status":"closed","template":"","meta":{"_expiration-date-status":"","_expiration-date":0,"_expiration-date-type":"","_expiration-date-categories":[],"_expiration-date-options":[],"_links_to":"","_links_to_target":""},"acf":[],"yoast_head":"<!-- This site is optimized with the Yoast SEO plugin v19.13 - https:\/\/yoast.com\/wordpress\/plugins\/seo\/ -->\n<title>B\u00fcrgerbeauftragte f\u00fcr den Breitbandausbau | Gemeindeverwaltung Rossau<\/title>\n<meta name=\"robots\" content=\"index, follow, max-snippet:-1, max-image-preview:large, max-video-preview:-1\" \/>\n<link rel=\"canonical\" href=\"https:\/\/www.gemeinde-rossau.de\/index.php\/buergerbeauftragte-fuer-den-breitbandausbau\/\" \/>\n<meta property=\"og:locale\" content=\"de_DE\" \/>\n<meta property=\"og:type\" content=\"article\" \/>\n<meta property=\"og:title\" content=\"B\u00fcrgerbeauftragte f\u00fcr den Breitbandausbau | Gemeindeverwaltung Rossau\" \/>\n<meta property=\"og:description\" content=\"B\u00fcrgerbeauftragte f\u00fcr den Breitbandausbau Seit 1. April diesen Jahres k\u00fcmmert sich Anke Wagner um die Beantwortung s\u00e4mtlicher Fragen rund um das Thema Breitbandausbau. Sie ist Ansprechpartnerin f\u00fcr die Beantwortung von B\u00fcrgeranfragen zum F\u00f6rderverfahren und zur F\u00f6rderf\u00e4higkeit einzelner Anschl\u00fcsse. Im Konzessionsmodell ist nicht der Landkreis, sondern das jeweilige Telekommunikationsunternehmen Bauherr. Daher sind alle weiteren Fragen zur [&hellip;]\" \/>\n<meta property=\"og:url\" content=\"https:\/\/www.gemeinde-rossau.de\/index.php\/buergerbeauftragte-fuer-den-breitbandausbau\/\" \/>\n<meta property=\"og:site_name\" content=\"Gemeindeverwaltung Rossau\" \/>\n<meta property=\"article:modified_time\" content=\"2022-05-23T08:17:53+00:00\" \/>\n<meta name=\"twitter:card\" content=\"summary_large_image\" \/>\n<meta name=\"twitter:label1\" content=\"Gesch\u00e4tzte Lesezeit\" \/>\n\t<meta name=\"twitter:data1\" content=\"1\u00a0Minute\" \/>\n<script type=\"application\/ld+json\" class=\"yoast-schema-graph\">{\"@context\":\"https:\/\/schema.org\",\"@graph\":[{\"@type\":\"WebPage\",\"@id\":\"https:\/\/www.gemeinde-rossau.de\/index.php\/buergerbeauftragte-fuer-den-breitbandausbau\/\",\"url\":\"https:\/\/www.gemeinde-rossau.de\/index.php\/buergerbeauftragte-fuer-den-breitbandausbau\/\",\"name\":\"B\u00fcrgerbeauftragte f\u00fcr den Breitbandausbau | Gemeindeverwaltung Rossau\",\"isPartOf\":{\"@id\":\"https:\/\/www.gemeinde-rossau.de\/#website\"},\"datePublished\":\"2022-05-23T08:17:51+00:00\",\"dateModified\":\"2022-05-23T08:17:53+00:00\",\"breadcrumb\":{\"@id\":\"https:\/\/www.gemeinde-rossau.de\/index.php\/buergerbeauftragte-fuer-den-breitbandausbau\/#breadcrumb\"},\"inLanguage\":\"de\",\"potentialAction\":[{\"@type\":\"ReadAction\",\"target\":[\"https:\/\/www.gemeinde-rossau.de\/index.php\/buergerbeauftragte-fuer-den-breitbandausbau\/\"]}]},{\"@type\":\"BreadcrumbList\",\"@id\":\"https:\/\/www.gemeinde-rossau.de\/index.php\/buergerbeauftragte-fuer-den-breitbandausbau\/#breadcrumb\",\"itemListElement\":[{\"@type\":\"ListItem\",\"position\":1,\"name\":\"Home\",\"item\":\"https:\/\/www.gemeinde-rossau.de\/\"},{\"@type\":\"ListItem\",\"position\":2,\"name\":\"B\u00fcrgerbeauftragte f\u00fcr den Breitbandausbau\"}]},{\"@type\":\"WebSite\",\"@id\":\"https:\/\/www.gemeinde-rossau.de\/#website\",\"url\":\"https:\/\/www.gemeinde-rossau.de\/\",\"name\":\"Gemeindeverwaltung Rossau\",\"description\":\"Gemeindeverwaltung Rossau\",\"publisher\":{\"@id\":\"https:\/\/www.gemeinde-rossau.de\/#organization\"},\"potentialAction\":[{\"@type\":\"SearchAction\",\"target\":{\"@type\":\"EntryPoint\",\"urlTemplate\":\"https:\/\/www.gemeinde-rossau.de\/?s={search_term_string}\"},\"query-input\":\"required name=search_term_string\"}],\"inLanguage\":\"de\"},{\"@type\":\"Organization\",\"@id\":\"https:\/\/www.gemeinde-rossau.de\/#organization\",\"name\":\"Gemeindeverwaltung Rossau\",\"url\":\"https:\/\/www.gemeinde-rossau.de\/\",\"logo\":{\"@type\":\"ImageObject\",\"inLanguage\":\"de\",\"@id\":\"https:\/\/www.gemeinde-rossau.de\/#\/schema\/logo\/image\/\",\"url\":\"https:\/\/www.gemeinde-rossau.de\/wp-content\/uploads\/2019\/06\/Rossau_Navigation-e1574972262765.png\",\"contentUrl\":\"https:\/\/www.gemeinde-rossau.de\/wp-content\/uploads\/2019\/06\/Rossau_Navigation-e1574972262765.png\",\"width\":76,\"height\":100,\"caption\":\"Gemeindeverwaltung Rossau\"},\"image\":{\"@id\":\"https:\/\/www.gemeinde-rossau.de\/#\/schema\/logo\/image\/\"}}]}<\/script>\n<!-- \/ Yoast SEO plugin. -->","yoast_head_json":{"title":"B\u00fcrgerbeauftragte f\u00fcr den Breitbandausbau | Gemeindeverwaltung Rossau","robots":{"index":"index","follow":"follow","max-snippet":"max-snippet:-1","max-image-preview":"max-image-preview:large","max-video-preview":"max-video-preview:-1"},"canonical":"https:\/\/www.gemeinde-rossau.de\/index.php\/buergerbeauftragte-fuer-den-breitbandausbau\/","og_locale":"de_DE","og_type":"article","og_title":"B\u00fcrgerbeauftragte f\u00fcr den Breitbandausbau | Gemeindeverwaltung Rossau","og_description":"B\u00fcrgerbeauftragte f\u00fcr den Breitbandausbau Seit 1. April diesen Jahres k\u00fcmmert sich Anke Wagner um die Beantwortung s\u00e4mtlicher Fragen rund um das Thema Breitbandausbau. Sie ist Ansprechpartnerin f\u00fcr die Beantwortung von B\u00fcrgeranfragen zum F\u00f6rderverfahren und zur F\u00f6rderf\u00e4higkeit einzelner Anschl\u00fcsse. Im Konzessionsmodell ist nicht der Landkreis, sondern das jeweilige Telekommunikationsunternehmen Bauherr. Daher sind alle weiteren Fragen zur [&hellip;]","og_url":"https:\/\/www.gemeinde-rossau.de\/index.php\/buergerbeauftragte-fuer-den-breitbandausbau\/","og_site_name":"Gemeindeverwaltung Rossau","article_modified_time":"2022-05-23T08:17:53+00:00","twitter_card":"summary_large_image","twitter_misc":{"Gesch\u00e4tzte Lesezeit":"1\u00a0Minute"},"schema":{"@context":"https:\/\/schema.org","@graph":[{"@type":"WebPage","@id":"https:\/\/www.gemeinde-rossau.de\/index.php\/buergerbeauftragte-fuer-den-breitbandausbau\/","url":"https:\/\/www.gemeinde-rossau.de\/index.php\/buergerbeauftragte-fuer-den-breitbandausbau\/","name":"B\u00fcrgerbeauftragte f\u00fcr den Breitbandausbau | Gemeindeverwaltung Rossau","isPartOf":{"@id":"https:\/\/www.gemeinde-rossau.de\/#website"},"datePublished":"2022-05-23T08:17:51+00:00","dateModified":"2022-05-23T08:17:53+00:00","breadcrumb":{"@id":"https:\/\/www.gemeinde-rossau.de\/index.php\/buergerbeauftragte-fuer-den-breitbandausbau\/#breadcrumb"},"inLanguage":"de","potentialAction":[{"@type":"ReadAction","target":["https:\/\/www.gemeinde-rossau.de\/index.php\/buergerbeauftragte-fuer-den-breitbandausbau\/"]}]},{"@type":"BreadcrumbList","@id":"https:\/\/www.gemeinde-rossau.de\/index.php\/buergerbeauftragte-fuer-den-breitbandausbau\/#breadcrumb","itemListElement":[{"@type":"ListItem","position":1,"name":"Home","item":"https:\/\/www.gemeinde-rossau.de\/"},{"@type":"ListItem","position":2,"name":"B\u00fcrgerbeauftragte f\u00fcr den Breitbandausbau"}]},{"@type":"WebSite","@id":"https:\/\/www.gemeinde-rossau.de\/#website","url":"https:\/\/www.gemeinde-rossau.de\/","name":"Gemeindeverwaltung Rossau","description":"Gemeindeverwaltung Rossau","publisher":{"@id":"https:\/\/www.gemeinde-rossau.de\/#organization"},"potentialAction":[{"@type":"SearchAction","target":{"@type":"EntryPoint","urlTemplate":"https:\/\/www.gemeinde-rossau.de\/?s={search_term_string}"},"query-input":"required name=search_term_string"}],"inLanguage":"de"},{"@type":"Organization","@id":"https:\/\/www.gemeinde-rossau.de\/#organization","name":"Gemeindeverwaltung Rossau","url":"https:\/\/www.gemeinde-rossau.de\/","logo":{"@type":"ImageObject","inLanguage":"de","@id":"https:\/\/www.gemeinde-rossau.de\/#\/schema\/logo\/image\/","url":"https:\/\/www.gemeinde-rossau.de\/wp-content\/uploads\/2019\/06\/Rossau_Navigation-e1574972262765.png","contentUrl":"https:\/\/www.gemeinde-rossau.de\/wp-content\/uploads\/2019\/06\/Rossau_Navigation-e1574972262765.png","width":76,"height":100,"caption":"Gemeindeverwaltung Rossau"},"image":{"@id":"https:\/\/www.gemeinde-rossau.de\/#\/schema\/logo\/image\/"}}]}},"_links":{"self":[{"href":"https:\/\/www.gemeinde-rossau.de\/index.php\/wp-json\/wp\/v2\/pages\/4956"}],"collection":[{"href":"https:\/\/www.gemeinde-rossau.de\/index.php\/wp-json\/wp\/v2\/pages"}],"about":[{"href":"https:\/\/www.gemeinde-rossau.de\/index.php\/wp-json\/wp\/v2\/types\/page"}],"author":[{"embeddable":true,"href":"https:\/\/www.gemeinde-rossau.de\/index.php\/wp-json\/wp\/v2\/users\/4"}],"replies":[{"embeddable":true,"href":"https:\/\/www.gemeinde-rossau.de\/index.php\/wp-json\/wp\/v2\/comments?post=4956"}],"version-history":[{"count":1,"href":"https:\/\/www.gemeinde-rossau.de\/index.php\/wp-json\/wp\/v2\/pages\/4956\/revisions"}],"predecessor-version":[{"id":4958,"href":"https:\/\/www.gemeinde-rossau.de\/index.php\/wp-json\/wp\/v2\/pages\/4956\/revisions\/4958"}],"wp:featuredmedia":[{"embeddable":true,"href":"https:\/\/www.gemeinde-rossau.de\/index.php\/wp-json\/wp\/v2\/media\/4277"}],"wp:attachment":[{"href":"https:\/\/www.gemeinde-rossau.de\/index.php\/wp-json\/wp\/v2\/media?parent=4956"}],"curies":[{"name":"wp","href":"https:\/\/api.w.org\/{rel}","templated":true}]}}