{"id":4880,"date":"2022-03-10T14:59:49","date_gmt":"2022-03-10T13:59:49","guid":{"rendered":"https:\/\/www.gemeinde-rossau.de\/?page_id=4880"},"modified":"2022-03-11T08:36:34","modified_gmt":"2022-03-11T07:36:34","slug":"tragkraftspritzen-zu-verkaufen","status":"publish","type":"page","link":"https:\/\/www.gemeinde-rossau.de\/index.php\/tragkraftspritzen-zu-verkaufen\/","title":{"rendered":"Tragkraftspritzen zu verkaufen"},"content":{"rendered":"\n<h2 class=\"wp-block-heading\">Tragkraftspritzen zu verkaufen<\/h2>\n\n\n\n<p>Die Feuerwehr Rossau bietet die beiden nachfolgend aufgef\u00fchrten Tragkraftspritzen zum Verkauf an:<\/p>\n\n\n\n<p><strong>Tragkraftspritze J\u00f6hst\u00e4dt TS8\/8_T083<\/strong><\/p>\n\n\n\n<figure class=\"wp-block-table\"><table><tbody><tr><td>Baujahr<\/td><td>1990<\/td><\/tr><tr><td>Motor<\/td><td>Motortyp ZW 1103<\/td><\/tr><tr><td>Motorleistung<\/td><td>28 PS bei 3000 U\/min<\/td><\/tr><tr><td>Pumpenleistung<\/td><td>800 l\/min bei 8 Bar<\/td><\/tr><tr><td>Gewicht<\/td><td>153kg<\/td><\/tr><tr><td>Aktuelle Betriebsstunden<\/td><td>2068<\/td><\/tr><\/tbody><\/table><\/figure>\n\n\n\n<div class=\"wp-block-image\"><figure class=\"alignright size-full is-resized\"><img decoding=\"async\" loading=\"lazy\" src=\"https:\/\/www.gemeinde-rossau.de\/wp-content\/uploads\/2022\/03\/Joehstaedt2.png\" alt=\"\" class=\"wp-image-4886\" width=\"348\" height=\"232\" srcset=\"https:\/\/www.gemeinde-rossau.de\/wp-content\/uploads\/2022\/03\/Joehstaedt2.png 886w, https:\/\/www.gemeinde-rossau.de\/wp-content\/uploads\/2022\/03\/Joehstaedt2-300x200.png 300w, https:\/\/www.gemeinde-rossau.de\/wp-content\/uploads\/2022\/03\/Joehstaedt2-768x512.png 768w\" sizes=\"(max-width: 348px) 100vw, 348px\" \/><\/figure><\/div>\n\n\n\n<figure class=\"wp-block-image size-full is-resized\"><img decoding=\"async\" loading=\"lazy\" src=\"https:\/\/www.gemeinde-rossau.de\/wp-content\/uploads\/2022\/03\/Joehstaedt.png\" alt=\"\" class=\"wp-image-4885\" width=\"356\" height=\"237\" srcset=\"https:\/\/www.gemeinde-rossau.de\/wp-content\/uploads\/2022\/03\/Joehstaedt.png 886w, https:\/\/www.gemeinde-rossau.de\/wp-content\/uploads\/2022\/03\/Joehstaedt-300x200.png 300w, https:\/\/www.gemeinde-rossau.de\/wp-content\/uploads\/2022\/03\/Joehstaedt-768x512.png 768w\" sizes=\"(max-width: 356px) 100vw, 356px\" \/><\/figure>\n\n\n\n<div style=\"height:50px\" aria-hidden=\"true\" class=\"wp-block-spacer\"><\/div>\n\n\n\n<p><strong>Tragkraftspritze TS 8\/8  FOX 1 von Rosenbauer<\/strong><\/p>\n\n\n\n<figure class=\"wp-block-table\"><table><tbody><tr><td>Baujahr<\/td><td>1993<\/td><\/tr><tr><td>Motor<\/td><td>BMW Boxer Motor<br>2 Zylinder<br>Luftgek\u00fchlter 4-Takt-Motor<\/td><\/tr><tr><td>Motorleistung<\/td><td>max. 36 kW bei 4000 U\/min<br>bzw. 41 kW bei 4500 U\/min<\/td><\/tr><tr><td>Pumpenleistung<\/td><td>800 l\/min bei 8 Bar<\/td><\/tr><tr><td>Gewicht<\/td><td>167 kg<\/td><\/tr><tr><td>Aktuelle Betriebsstunden<\/td><td>85<\/td><\/tr><\/tbody><\/table><\/figure>\n\n\n\n<div class=\"wp-block-image\"><figure class=\"alignleft size-large is-resized\"><img decoding=\"async\" loading=\"lazy\" src=\"https:\/\/www.gemeinde-rossau.de\/wp-content\/uploads\/2022\/03\/Fox-1-1-768x1024.jpg\" alt=\"\" class=\"wp-image-4898\" width=\"222\" height=\"296\" srcset=\"https:\/\/www.gemeinde-rossau.de\/wp-content\/uploads\/2022\/03\/Fox-1-1-768x1024.jpg 768w, https:\/\/www.gemeinde-rossau.de\/wp-content\/uploads\/2022\/03\/Fox-1-1-225x300.jpg 225w, https:\/\/www.gemeinde-rossau.de\/wp-content\/uploads\/2022\/03\/Fox-1-1-1152x1536.jpg 1152w, https:\/\/www.gemeinde-rossau.de\/wp-content\/uploads\/2022\/03\/Fox-1-1-1536x2048.jpg 1536w, https:\/\/www.gemeinde-rossau.de\/wp-content\/uploads\/2022\/03\/Fox-1-1-scaled.jpg 1920w\" sizes=\"(max-width: 222px) 100vw, 222px\" \/><\/figure><\/div>\n\n\n\n<div class=\"wp-block-image\"><figure class=\"alignleft size-large is-resized\"><img decoding=\"async\" loading=\"lazy\" src=\"https:\/\/www.gemeinde-rossau.de\/wp-content\/uploads\/2022\/03\/Fox-2-1-768x1024.jpg\" alt=\"\" class=\"wp-image-4899\" width=\"222\" height=\"296\" srcset=\"https:\/\/www.gemeinde-rossau.de\/wp-content\/uploads\/2022\/03\/Fox-2-1-768x1024.jpg 768w, https:\/\/www.gemeinde-rossau.de\/wp-content\/uploads\/2022\/03\/Fox-2-1-225x300.jpg 225w, https:\/\/www.gemeinde-rossau.de\/wp-content\/uploads\/2022\/03\/Fox-2-1-1152x1536.jpg 1152w, https:\/\/www.gemeinde-rossau.de\/wp-content\/uploads\/2022\/03\/Fox-2-1-1536x2048.jpg 1536w, https:\/\/www.gemeinde-rossau.de\/wp-content\/uploads\/2022\/03\/Fox-2-1-scaled.jpg 1920w\" sizes=\"(max-width: 222px) 100vw, 222px\" \/><\/figure><\/div>\n\n\n\n<figure class=\"wp-block-image size-large is-resized\"><img decoding=\"async\" loading=\"lazy\" src=\"https:\/\/www.gemeinde-rossau.de\/wp-content\/uploads\/2022\/03\/Fox-4-1-768x1024.jpg\" alt=\"\" class=\"wp-image-4902\" width=\"225\" height=\"300\" srcset=\"https:\/\/www.gemeinde-rossau.de\/wp-content\/uploads\/2022\/03\/Fox-4-1-768x1024.jpg 768w, https:\/\/www.gemeinde-rossau.de\/wp-content\/uploads\/2022\/03\/Fox-4-1-225x300.jpg 225w, https:\/\/www.gemeinde-rossau.de\/wp-content\/uploads\/2022\/03\/Fox-4-1-1152x1536.jpg 1152w, https:\/\/www.gemeinde-rossau.de\/wp-content\/uploads\/2022\/03\/Fox-4-1-1536x2048.jpg 1536w, https:\/\/www.gemeinde-rossau.de\/wp-content\/uploads\/2022\/03\/Fox-4-1-scaled.jpg 1920w\" sizes=\"(max-width: 225px) 100vw, 225px\" \/><\/figure>\n\n\n\n<div class=\"wp-block-image\"><figure class=\"alignleft size-large is-resized\"><img decoding=\"async\" loading=\"lazy\" src=\"https:\/\/www.gemeinde-rossau.de\/wp-content\/uploads\/2022\/03\/Fox-3-1-768x1024.jpg\" alt=\"\" class=\"wp-image-4900\" width=\"229\" height=\"305\" srcset=\"https:\/\/www.gemeinde-rossau.de\/wp-content\/uploads\/2022\/03\/Fox-3-1-768x1024.jpg 768w, https:\/\/www.gemeinde-rossau.de\/wp-content\/uploads\/2022\/03\/Fox-3-1-225x300.jpg 225w, https:\/\/www.gemeinde-rossau.de\/wp-content\/uploads\/2022\/03\/Fox-3-1-1152x1536.jpg 1152w, https:\/\/www.gemeinde-rossau.de\/wp-content\/uploads\/2022\/03\/Fox-3-1-1536x2048.jpg 1536w, https:\/\/www.gemeinde-rossau.de\/wp-content\/uploads\/2022\/03\/Fox-3-1-scaled.jpg 1920w\" sizes=\"(max-width: 229px) 100vw, 229px\" \/><\/figure><\/div>\n\n\n\n<p>bei technischen Fragen: Daniel Paschke, Tel. 0162 7137038<br>bei Fragen zum Verkauf: Gemeinde Rossau, Tel. 03727 9841-50<\/p>\n","protected":false},"excerpt":{"rendered":"<p>Tragkraftspritzen zu verkaufen Die Feuerwehr Rossau bietet die beiden nachfolgend aufgef\u00fchrten Tragkraftspritzen zum Verkauf an: Tragkraftspritze J\u00f6hst\u00e4dt TS8\/8_T083 Baujahr 1990 Motor Motortyp ZW 1103 Motorleistung 28 PS bei 3000 U\/min Pumpenleistung 800 l\/min bei 8 Bar Gewicht 153kg Aktuelle Betriebsstunden 2068 Tragkraftspritze TS 8\/8 FOX 1 von Rosenbauer Baujahr 1993 Motor BMW Boxer Motor2 ZylinderLuftgek\u00fchlter [&hellip;]<\/p>\n","protected":false},"author":4,"featured_media":4885,"parent":0,"menu_order":0,"comment_status":"closed","ping_status":"closed","template":"","meta":{"_expiration-date-status":"","_expiration-date":0,"_expiration-date-type":"","_expiration-date-categories":[],"_expiration-date-options":[],"_links_to":"","_links_to_target":""},"acf":[],"yoast_head":"<!-- This site is optimized with the Yoast SEO plugin v19.13 - https:\/\/yoast.com\/wordpress\/plugins\/seo\/ -->\n<title>Tragkraftspritzen zu verkaufen | Gemeindeverwaltung Rossau<\/title>\n<meta name=\"robots\" content=\"index, follow, max-snippet:-1, max-image-preview:large, max-video-preview:-1\" \/>\n<link rel=\"canonical\" href=\"https:\/\/www.gemeinde-rossau.de\/index.php\/tragkraftspritzen-zu-verkaufen\/\" \/>\n<meta property=\"og:locale\" content=\"de_DE\" \/>\n<meta property=\"og:type\" content=\"article\" \/>\n<meta property=\"og:title\" content=\"Tragkraftspritzen zu verkaufen | Gemeindeverwaltung Rossau\" \/>\n<meta property=\"og:description\" content=\"Tragkraftspritzen zu verkaufen Die Feuerwehr Rossau bietet die beiden nachfolgend aufgef\u00fchrten Tragkraftspritzen zum Verkauf an: Tragkraftspritze J\u00f6hst\u00e4dt TS8\/8_T083 Baujahr 1990 Motor Motortyp ZW 1103 Motorleistung 28 PS bei 3000 U\/min Pumpenleistung 800 l\/min bei 8 Bar Gewicht 153kg Aktuelle Betriebsstunden 2068 Tragkraftspritze TS 8\/8 FOX 1 von Rosenbauer Baujahr 1993 Motor BMW Boxer Motor2 ZylinderLuftgek\u00fchlter [&hellip;]\" \/>\n<meta property=\"og:url\" content=\"https:\/\/www.gemeinde-rossau.de\/index.php\/tragkraftspritzen-zu-verkaufen\/\" \/>\n<meta property=\"og:site_name\" content=\"Gemeindeverwaltung Rossau\" \/>\n<meta property=\"article:modified_time\" content=\"2022-03-11T07:36:34+00:00\" \/>\n<meta property=\"og:image\" content=\"https:\/\/www.gemeinde-rossau.de\/wp-content\/uploads\/2022\/03\/Joehstaedt2.png\" \/>\n<meta name=\"twitter:card\" content=\"summary_large_image\" \/>\n<meta name=\"twitter:label1\" content=\"Gesch\u00e4tzte Lesezeit\" \/>\n\t<meta name=\"twitter:data1\" content=\"2\u00a0Minuten\" \/>\n<script type=\"application\/ld+json\" class=\"yoast-schema-graph\">{\"@context\":\"https:\/\/schema.org\",\"@graph\":[{\"@type\":\"WebPage\",\"@id\":\"https:\/\/www.gemeinde-rossau.de\/index.php\/tragkraftspritzen-zu-verkaufen\/\",\"url\":\"https:\/\/www.gemeinde-rossau.de\/index.php\/tragkraftspritzen-zu-verkaufen\/\",\"name\":\"Tragkraftspritzen zu verkaufen | Gemeindeverwaltung Rossau\",\"isPartOf\":{\"@id\":\"https:\/\/www.gemeinde-rossau.de\/#website\"},\"datePublished\":\"2022-03-10T13:59:49+00:00\",\"dateModified\":\"2022-03-11T07:36:34+00:00\",\"breadcrumb\":{\"@id\":\"https:\/\/www.gemeinde-rossau.de\/index.php\/tragkraftspritzen-zu-verkaufen\/#breadcrumb\"},\"inLanguage\":\"de\",\"potentialAction\":[{\"@type\":\"ReadAction\",\"target\":[\"https:\/\/www.gemeinde-rossau.de\/index.php\/tragkraftspritzen-zu-verkaufen\/\"]}]},{\"@type\":\"BreadcrumbList\",\"@id\":\"https:\/\/www.gemeinde-rossau.de\/index.php\/tragkraftspritzen-zu-verkaufen\/#breadcrumb\",\"itemListElement\":[{\"@type\":\"ListItem\",\"position\":1,\"name\":\"Home\",\"item\":\"https:\/\/www.gemeinde-rossau.de\/\"},{\"@type\":\"ListItem\",\"position\":2,\"name\":\"Tragkraftspritzen zu verkaufen\"}]},{\"@type\":\"WebSite\",\"@id\":\"https:\/\/www.gemeinde-rossau.de\/#website\",\"url\":\"https:\/\/www.gemeinde-rossau.de\/\",\"name\":\"Gemeindeverwaltung Rossau\",\"description\":\"Gemeindeverwaltung Rossau\",\"publisher\":{\"@id\":\"https:\/\/www.gemeinde-rossau.de\/#organization\"},\"potentialAction\":[{\"@type\":\"SearchAction\",\"target\":{\"@type\":\"EntryPoint\",\"urlTemplate\":\"https:\/\/www.gemeinde-rossau.de\/?s={search_term_string}\"},\"query-input\":\"required name=search_term_string\"}],\"inLanguage\":\"de\"},{\"@type\":\"Organization\",\"@id\":\"https:\/\/www.gemeinde-rossau.de\/#organization\",\"name\":\"Gemeindeverwaltung Rossau\",\"url\":\"https:\/\/www.gemeinde-rossau.de\/\",\"logo\":{\"@type\":\"ImageObject\",\"inLanguage\":\"de\",\"@id\":\"https:\/\/www.gemeinde-rossau.de\/#\/schema\/logo\/image\/\",\"url\":\"https:\/\/www.gemeinde-rossau.de\/wp-content\/uploads\/2019\/06\/Rossau_Navigation-e1574972262765.png\",\"contentUrl\":\"https:\/\/www.gemeinde-rossau.de\/wp-content\/uploads\/2019\/06\/Rossau_Navigation-e1574972262765.png\",\"width\":76,\"height\":100,\"caption\":\"Gemeindeverwaltung Rossau\"},\"image\":{\"@id\":\"https:\/\/www.gemeinde-rossau.de\/#\/schema\/logo\/image\/\"}}]}<\/script>\n<!-- \/ Yoast SEO plugin. -->","yoast_head_json":{"title":"Tragkraftspritzen zu verkaufen | Gemeindeverwaltung Rossau","robots":{"index":"index","follow":"follow","max-snippet":"max-snippet:-1","max-image-preview":"max-image-preview:large","max-video-preview":"max-video-preview:-1"},"canonical":"https:\/\/www.gemeinde-rossau.de\/index.php\/tragkraftspritzen-zu-verkaufen\/","og_locale":"de_DE","og_type":"article","og_title":"Tragkraftspritzen zu verkaufen | Gemeindeverwaltung Rossau","og_description":"Tragkraftspritzen zu verkaufen Die Feuerwehr Rossau bietet die beiden nachfolgend aufgef\u00fchrten Tragkraftspritzen zum Verkauf an: Tragkraftspritze J\u00f6hst\u00e4dt TS8\/8_T083 Baujahr 1990 Motor Motortyp ZW 1103 Motorleistung 28 PS bei 3000 U\/min Pumpenleistung 800 l\/min bei 8 Bar Gewicht 153kg Aktuelle Betriebsstunden 2068 Tragkraftspritze TS 8\/8 FOX 1 von Rosenbauer Baujahr 1993 Motor BMW Boxer Motor2 ZylinderLuftgek\u00fchlter [&hellip;]","og_url":"https:\/\/www.gemeinde-rossau.de\/index.php\/tragkraftspritzen-zu-verkaufen\/","og_site_name":"Gemeindeverwaltung Rossau","article_modified_time":"2022-03-11T07:36:34+00:00","og_image":[{"url":"https:\/\/www.gemeinde-rossau.de\/wp-content\/uploads\/2022\/03\/Joehstaedt2.png"}],"twitter_card":"summary_large_image","twitter_misc":{"Gesch\u00e4tzte Lesezeit":"2\u00a0Minuten"},"schema":{"@context":"https:\/\/schema.org","@graph":[{"@type":"WebPage","@id":"https:\/\/www.gemeinde-rossau.de\/index.php\/tragkraftspritzen-zu-verkaufen\/","url":"https:\/\/www.gemeinde-rossau.de\/index.php\/tragkraftspritzen-zu-verkaufen\/","name":"Tragkraftspritzen zu verkaufen | Gemeindeverwaltung Rossau","isPartOf":{"@id":"https:\/\/www.gemeinde-rossau.de\/#website"},"datePublished":"2022-03-10T13:59:49+00:00","dateModified":"2022-03-11T07:36:34+00:00","breadcrumb":{"@id":"https:\/\/www.gemeinde-rossau.de\/index.php\/tragkraftspritzen-zu-verkaufen\/#breadcrumb"},"inLanguage":"de","potentialAction":[{"@type":"ReadAction","target":["https:\/\/www.gemeinde-rossau.de\/index.php\/tragkraftspritzen-zu-verkaufen\/"]}]},{"@type":"BreadcrumbList","@id":"https:\/\/www.gemeinde-rossau.de\/index.php\/tragkraftspritzen-zu-verkaufen\/#breadcrumb","itemListElement":[{"@type":"ListItem","position":1,"name":"Home","item":"https:\/\/www.gemeinde-rossau.de\/"},{"@type":"ListItem","position":2,"name":"Tragkraftspritzen zu verkaufen"}]},{"@type":"WebSite","@id":"https:\/\/www.gemeinde-rossau.de\/#website","url":"https:\/\/www.gemeinde-rossau.de\/","name":"Gemeindeverwaltung Rossau","description":"Gemeindeverwaltung Rossau","publisher":{"@id":"https:\/\/www.gemeinde-rossau.de\/#organization"},"potentialAction":[{"@type":"SearchAction","target":{"@type":"EntryPoint","urlTemplate":"https:\/\/www.gemeinde-rossau.de\/?s={search_term_string}"},"query-input":"required name=search_term_string"}],"inLanguage":"de"},{"@type":"Organization","@id":"https:\/\/www.gemeinde-rossau.de\/#organization","name":"Gemeindeverwaltung Rossau","url":"https:\/\/www.gemeinde-rossau.de\/","logo":{"@type":"ImageObject","inLanguage":"de","@id":"https:\/\/www.gemeinde-rossau.de\/#\/schema\/logo\/image\/","url":"https:\/\/www.gemeinde-rossau.de\/wp-content\/uploads\/2019\/06\/Rossau_Navigation-e1574972262765.png","contentUrl":"https:\/\/www.gemeinde-rossau.de\/wp-content\/uploads\/2019\/06\/Rossau_Navigation-e1574972262765.png","width":76,"height":100,"caption":"Gemeindeverwaltung Rossau"},"image":{"@id":"https:\/\/www.gemeinde-rossau.de\/#\/schema\/logo\/image\/"}}]}},"_links":{"self":[{"href":"https:\/\/www.gemeinde-rossau.de\/index.php\/wp-json\/wp\/v2\/pages\/4880"}],"collection":[{"href":"https:\/\/www.gemeinde-rossau.de\/index.php\/wp-json\/wp\/v2\/pages"}],"about":[{"href":"https:\/\/www.gemeinde-rossau.de\/index.php\/wp-json\/wp\/v2\/types\/page"}],"author":[{"embeddable":true,"href":"https:\/\/www.gemeinde-rossau.de\/index.php\/wp-json\/wp\/v2\/users\/4"}],"replies":[{"embeddable":true,"href":"https:\/\/www.gemeinde-rossau.de\/index.php\/wp-json\/wp\/v2\/comments?post=4880"}],"version-history":[{"count":11,"href":"https:\/\/www.gemeinde-rossau.de\/index.php\/wp-json\/wp\/v2\/pages\/4880\/revisions"}],"predecessor-version":[{"id":4905,"href":"https:\/\/www.gemeinde-rossau.de\/index.php\/wp-json\/wp\/v2\/pages\/4880\/revisions\/4905"}],"wp:featuredmedia":[{"embeddable":true,"href":"https:\/\/www.gemeinde-rossau.de\/index.php\/wp-json\/wp\/v2\/media\/4885"}],"wp:attachment":[{"href":"https:\/\/www.gemeinde-rossau.de\/index.php\/wp-json\/wp\/v2\/media?parent=4880"}],"curies":[{"name":"wp","href":"https:\/\/api.w.org\/{rel}","templated":true}]}}