{"id":4873,"date":"2022-03-09T10:31:20","date_gmt":"2022-03-09T09:31:20","guid":{"rendered":"https:\/\/www.gemeinde-rossau.de\/?page_id=4873"},"modified":"2022-03-09T10:38:55","modified_gmt":"2022-03-09T09:38:55","slug":"moeglichkeiten-zur-unterstuetzung-der-betroffenen-aus-der-ukraine","status":"publish","type":"page","link":"https:\/\/www.gemeinde-rossau.de\/index.php\/moeglichkeiten-zur-unterstuetzung-der-betroffenen-aus-der-ukraine\/","title":{"rendered":"M\u00f6glichkeiten zur Unterst\u00fctzung der Betroffenen aus der Ukraine"},"content":{"rendered":"\n<h2 class=\"wp-block-heading\">M\u00f6glichkeiten zur Unterst\u00fctzung der Betroffenen aus der Ukraine<\/h2>\n\n\n\n<div style=\"height:20px\" aria-hidden=\"true\" class=\"wp-block-spacer\"><\/div>\n\n\n\n<p>Der mit nichts zu rechtfertigende Einmarsch der russischen Kr\u00e4fte in die Ukraine l\u00e4sst viele von uns fassungslos zur\u00fcck. Die Meldungen \u00fcber das uns\u00e4gliche Leid, insbsondere der ukrainischen Zivilbev\u00f6lkerung, gehen auch den Menschen hier in Deutschland und anderen Teilen der Welt sehr nah. Umso wichtiger ist es, M\u00f6glichkeiten zur Unterst\u00fctzung f\u00fcr die Betroffenen zu finden &#8211; sei es mit Hilfstransporten in die Krisengebiete oder mit der Unterbringung der gefl\u00fcchteten Menschen in sicheren Gebieten. <\/p>\n\n\n\n<p>Der Landkreis Mittelsachsen informiert auf seiner Internetseite <a href=\"https:\/\/www.landkreis-mittelsachsen.de\/das-amt\/behoerden\/ukraine-hilfe.html\">Ukraine-Hilfe &#8211; Landkreis Mittelsachsen (landkreis-mittelsachsen.de)<\/a> \u00fcber Hilfsangebote, M\u00f6glichkeiten zur Spendenannahme und die entsprechenden Anlaufstellen der organisierenden St\u00e4dte und Kommunen. Die St\u00e4dte <a href=\"https:\/\/www.mittweida.de\/news\/spendenaufruf\/?tx_news_pi1%5Bcontroller%5D=News&amp;tx_news_pi1%5Baction%5D=detail&amp;cHash=ad8a2b0f7b2ff7505358275bf18abd07\">Mittweida<\/a>, <a href=\"https:\/\/www.freiberg.de\/stadt-und-buerger\/aktuelles\/neuigkeiten\/freiberg-will-ukrainische-fluechtlinge-aufnehmen\">Freiberg<\/a>, <a href=\"https:\/\/gemeinde-niederwiesa.de\/aktuelles\/\">Niederwiesa<\/a> und <a href=\"https:\/\/www.burgstaedt.de\/\">Burgst\u00e4dt<\/a> haben Spendenkonten eingerichtet, des Weiteren seien hier auch die Spendenkonten diverser Hilfsorganisationen &#8211; z. B. &#8220;Deutschland hilft&#8221;, &#8220;Unicef&#8221;, &#8220;Diakonisches Werk Deutschland&#8221;, &#8220;Caritas&#8221;, &#8220;\u00c4rzte ohne Grenzen&#8221; und viele weitere genannt.<\/p>\n\n\n\n<p>Wer anderweitig helfen m\u00f6chte: Die Koordination f\u00fcr diese Dinge l\u00e4uft zentral \u00fcber das Landratsamt. Bitte richten Sie Ihre Angebote per E-Mail an die Anschrift:&nbsp;<a href=\"mailto:integration@landkreis-mittelsachsen.de\">integration@landkreis-mittelsachsen.de<\/a>. Auch eine telefonische Hotline wurde eingerichtet: 03731 799-3740. Diese Nummer ist Montag bis Freitag zwischen 9 und 16 Uhr besetzt.<\/p>\n\n\n\n<p>Wenn Sie sich entschlie\u00dfen, Wohnraum f\u00fcr aus der Ukraine gefl\u00fcchtete Menschen zur Verf\u00fcgung zu stellen, melden Sie sich bitte bei der Gemeindeverwaltung unter post@gemeinde-rossau.de. Wir leiten Ihre Daten an die zust\u00e4ndigen Organisatoren beim Landkreis Mittelsachsen weiter.<\/p>\n\n\n\n<figure class=\"wp-block-image size-large\"><img decoding=\"async\" src=\"https:\/\/www.gemeinde-rossau.de\/wp-content\/uploads\/2022\/03\/Ukraine-1200x800.png\" alt=\"\" class=\"wp-image-4874\"\/><\/figure>\n","protected":false},"excerpt":{"rendered":"<p>M\u00f6glichkeiten zur Unterst\u00fctzung der Betroffenen aus der Ukraine Der mit nichts zu rechtfertigende Einmarsch der russischen Kr\u00e4fte in die Ukraine l\u00e4sst viele von uns fassungslos zur\u00fcck. Die Meldungen \u00fcber das uns\u00e4gliche Leid, insbsondere der ukrainischen Zivilbev\u00f6lkerung, gehen auch den Menschen hier in Deutschland und anderen Teilen der Welt sehr nah. Umso wichtiger ist es, M\u00f6glichkeiten [&hellip;]<\/p>\n","protected":false},"author":4,"featured_media":0,"parent":0,"menu_order":0,"comment_status":"closed","ping_status":"closed","template":"","meta":{"_expiration-date-status":"","_expiration-date":0,"_expiration-date-type":"","_expiration-date-categories":[],"_expiration-date-options":[],"_links_to":"","_links_to_target":""},"acf":[],"yoast_head":"<!-- This site is optimized with the Yoast SEO plugin v19.13 - https:\/\/yoast.com\/wordpress\/plugins\/seo\/ -->\n<title>M\u00f6glichkeiten zur Unterst\u00fctzung der Betroffenen aus der Ukraine | Gemeindeverwaltung Rossau<\/title>\n<meta name=\"robots\" content=\"index, follow, max-snippet:-1, max-image-preview:large, max-video-preview:-1\" \/>\n<link rel=\"canonical\" href=\"https:\/\/www.gemeinde-rossau.de\/index.php\/moeglichkeiten-zur-unterstuetzung-der-betroffenen-aus-der-ukraine\/\" \/>\n<meta property=\"og:locale\" content=\"de_DE\" \/>\n<meta property=\"og:type\" content=\"article\" \/>\n<meta property=\"og:title\" content=\"M\u00f6glichkeiten zur Unterst\u00fctzung der Betroffenen aus der Ukraine | Gemeindeverwaltung Rossau\" \/>\n<meta property=\"og:description\" content=\"M\u00f6glichkeiten zur Unterst\u00fctzung der Betroffenen aus der Ukraine Der mit nichts zu rechtfertigende Einmarsch der russischen Kr\u00e4fte in die Ukraine l\u00e4sst viele von uns fassungslos zur\u00fcck. Die Meldungen \u00fcber das uns\u00e4gliche Leid, insbsondere der ukrainischen Zivilbev\u00f6lkerung, gehen auch den Menschen hier in Deutschland und anderen Teilen der Welt sehr nah. Umso wichtiger ist es, M\u00f6glichkeiten [&hellip;]\" \/>\n<meta property=\"og:url\" content=\"https:\/\/www.gemeinde-rossau.de\/index.php\/moeglichkeiten-zur-unterstuetzung-der-betroffenen-aus-der-ukraine\/\" \/>\n<meta property=\"og:site_name\" content=\"Gemeindeverwaltung Rossau\" \/>\n<meta property=\"article:modified_time\" content=\"2022-03-09T09:38:55+00:00\" \/>\n<meta property=\"og:image\" content=\"https:\/\/www.gemeinde-rossau.de\/wp-content\/uploads\/2022\/03\/Ukraine-1200x800.png\" \/>\n<meta name=\"twitter:card\" content=\"summary_large_image\" \/>\n<meta name=\"twitter:label1\" content=\"Gesch\u00e4tzte Lesezeit\" \/>\n\t<meta name=\"twitter:data1\" content=\"2\u00a0Minuten\" \/>\n<script type=\"application\/ld+json\" class=\"yoast-schema-graph\">{\"@context\":\"https:\/\/schema.org\",\"@graph\":[{\"@type\":\"WebPage\",\"@id\":\"https:\/\/www.gemeinde-rossau.de\/index.php\/moeglichkeiten-zur-unterstuetzung-der-betroffenen-aus-der-ukraine\/\",\"url\":\"https:\/\/www.gemeinde-rossau.de\/index.php\/moeglichkeiten-zur-unterstuetzung-der-betroffenen-aus-der-ukraine\/\",\"name\":\"M\u00f6glichkeiten zur Unterst\u00fctzung der Betroffenen aus der Ukraine | Gemeindeverwaltung Rossau\",\"isPartOf\":{\"@id\":\"https:\/\/www.gemeinde-rossau.de\/#website\"},\"datePublished\":\"2022-03-09T09:31:20+00:00\",\"dateModified\":\"2022-03-09T09:38:55+00:00\",\"breadcrumb\":{\"@id\":\"https:\/\/www.gemeinde-rossau.de\/index.php\/moeglichkeiten-zur-unterstuetzung-der-betroffenen-aus-der-ukraine\/#breadcrumb\"},\"inLanguage\":\"de\",\"potentialAction\":[{\"@type\":\"ReadAction\",\"target\":[\"https:\/\/www.gemeinde-rossau.de\/index.php\/moeglichkeiten-zur-unterstuetzung-der-betroffenen-aus-der-ukraine\/\"]}]},{\"@type\":\"BreadcrumbList\",\"@id\":\"https:\/\/www.gemeinde-rossau.de\/index.php\/moeglichkeiten-zur-unterstuetzung-der-betroffenen-aus-der-ukraine\/#breadcrumb\",\"itemListElement\":[{\"@type\":\"ListItem\",\"position\":1,\"name\":\"Home\",\"item\":\"https:\/\/www.gemeinde-rossau.de\/\"},{\"@type\":\"ListItem\",\"position\":2,\"name\":\"M\u00f6glichkeiten zur Unterst\u00fctzung der Betroffenen aus der Ukraine\"}]},{\"@type\":\"WebSite\",\"@id\":\"https:\/\/www.gemeinde-rossau.de\/#website\",\"url\":\"https:\/\/www.gemeinde-rossau.de\/\",\"name\":\"Gemeindeverwaltung Rossau\",\"description\":\"Gemeindeverwaltung Rossau\",\"publisher\":{\"@id\":\"https:\/\/www.gemeinde-rossau.de\/#organization\"},\"potentialAction\":[{\"@type\":\"SearchAction\",\"target\":{\"@type\":\"EntryPoint\",\"urlTemplate\":\"https:\/\/www.gemeinde-rossau.de\/?s={search_term_string}\"},\"query-input\":\"required name=search_term_string\"}],\"inLanguage\":\"de\"},{\"@type\":\"Organization\",\"@id\":\"https:\/\/www.gemeinde-rossau.de\/#organization\",\"name\":\"Gemeindeverwaltung Rossau\",\"url\":\"https:\/\/www.gemeinde-rossau.de\/\",\"logo\":{\"@type\":\"ImageObject\",\"inLanguage\":\"de\",\"@id\":\"https:\/\/www.gemeinde-rossau.de\/#\/schema\/logo\/image\/\",\"url\":\"https:\/\/www.gemeinde-rossau.de\/wp-content\/uploads\/2019\/06\/Rossau_Navigation-e1574972262765.png\",\"contentUrl\":\"https:\/\/www.gemeinde-rossau.de\/wp-content\/uploads\/2019\/06\/Rossau_Navigation-e1574972262765.png\",\"width\":76,\"height\":100,\"caption\":\"Gemeindeverwaltung Rossau\"},\"image\":{\"@id\":\"https:\/\/www.gemeinde-rossau.de\/#\/schema\/logo\/image\/\"}}]}<\/script>\n<!-- \/ Yoast SEO plugin. -->","yoast_head_json":{"title":"M\u00f6glichkeiten zur Unterst\u00fctzung der Betroffenen aus der Ukraine | Gemeindeverwaltung Rossau","robots":{"index":"index","follow":"follow","max-snippet":"max-snippet:-1","max-image-preview":"max-image-preview:large","max-video-preview":"max-video-preview:-1"},"canonical":"https:\/\/www.gemeinde-rossau.de\/index.php\/moeglichkeiten-zur-unterstuetzung-der-betroffenen-aus-der-ukraine\/","og_locale":"de_DE","og_type":"article","og_title":"M\u00f6glichkeiten zur Unterst\u00fctzung der Betroffenen aus der Ukraine | Gemeindeverwaltung Rossau","og_description":"M\u00f6glichkeiten zur Unterst\u00fctzung der Betroffenen aus der Ukraine Der mit nichts zu rechtfertigende Einmarsch der russischen Kr\u00e4fte in die Ukraine l\u00e4sst viele von uns fassungslos zur\u00fcck. Die Meldungen \u00fcber das uns\u00e4gliche Leid, insbsondere der ukrainischen Zivilbev\u00f6lkerung, gehen auch den Menschen hier in Deutschland und anderen Teilen der Welt sehr nah. Umso wichtiger ist es, M\u00f6glichkeiten [&hellip;]","og_url":"https:\/\/www.gemeinde-rossau.de\/index.php\/moeglichkeiten-zur-unterstuetzung-der-betroffenen-aus-der-ukraine\/","og_site_name":"Gemeindeverwaltung Rossau","article_modified_time":"2022-03-09T09:38:55+00:00","og_image":[{"url":"https:\/\/www.gemeinde-rossau.de\/wp-content\/uploads\/2022\/03\/Ukraine-1200x800.png"}],"twitter_card":"summary_large_image","twitter_misc":{"Gesch\u00e4tzte Lesezeit":"2\u00a0Minuten"},"schema":{"@context":"https:\/\/schema.org","@graph":[{"@type":"WebPage","@id":"https:\/\/www.gemeinde-rossau.de\/index.php\/moeglichkeiten-zur-unterstuetzung-der-betroffenen-aus-der-ukraine\/","url":"https:\/\/www.gemeinde-rossau.de\/index.php\/moeglichkeiten-zur-unterstuetzung-der-betroffenen-aus-der-ukraine\/","name":"M\u00f6glichkeiten zur Unterst\u00fctzung der Betroffenen aus der Ukraine | Gemeindeverwaltung Rossau","isPartOf":{"@id":"https:\/\/www.gemeinde-rossau.de\/#website"},"datePublished":"2022-03-09T09:31:20+00:00","dateModified":"2022-03-09T09:38:55+00:00","breadcrumb":{"@id":"https:\/\/www.gemeinde-rossau.de\/index.php\/moeglichkeiten-zur-unterstuetzung-der-betroffenen-aus-der-ukraine\/#breadcrumb"},"inLanguage":"de","potentialAction":[{"@type":"ReadAction","target":["https:\/\/www.gemeinde-rossau.de\/index.php\/moeglichkeiten-zur-unterstuetzung-der-betroffenen-aus-der-ukraine\/"]}]},{"@type":"BreadcrumbList","@id":"https:\/\/www.gemeinde-rossau.de\/index.php\/moeglichkeiten-zur-unterstuetzung-der-betroffenen-aus-der-ukraine\/#breadcrumb","itemListElement":[{"@type":"ListItem","position":1,"name":"Home","item":"https:\/\/www.gemeinde-rossau.de\/"},{"@type":"ListItem","position":2,"name":"M\u00f6glichkeiten zur Unterst\u00fctzung der Betroffenen aus der Ukraine"}]},{"@type":"WebSite","@id":"https:\/\/www.gemeinde-rossau.de\/#website","url":"https:\/\/www.gemeinde-rossau.de\/","name":"Gemeindeverwaltung Rossau","description":"Gemeindeverwaltung Rossau","publisher":{"@id":"https:\/\/www.gemeinde-rossau.de\/#organization"},"potentialAction":[{"@type":"SearchAction","target":{"@type":"EntryPoint","urlTemplate":"https:\/\/www.gemeinde-rossau.de\/?s={search_term_string}"},"query-input":"required name=search_term_string"}],"inLanguage":"de"},{"@type":"Organization","@id":"https:\/\/www.gemeinde-rossau.de\/#organization","name":"Gemeindeverwaltung Rossau","url":"https:\/\/www.gemeinde-rossau.de\/","logo":{"@type":"ImageObject","inLanguage":"de","@id":"https:\/\/www.gemeinde-rossau.de\/#\/schema\/logo\/image\/","url":"https:\/\/www.gemeinde-rossau.de\/wp-content\/uploads\/2019\/06\/Rossau_Navigation-e1574972262765.png","contentUrl":"https:\/\/www.gemeinde-rossau.de\/wp-content\/uploads\/2019\/06\/Rossau_Navigation-e1574972262765.png","width":76,"height":100,"caption":"Gemeindeverwaltung Rossau"},"image":{"@id":"https:\/\/www.gemeinde-rossau.de\/#\/schema\/logo\/image\/"}}]}},"_links":{"self":[{"href":"https:\/\/www.gemeinde-rossau.de\/index.php\/wp-json\/wp\/v2\/pages\/4873"}],"collection":[{"href":"https:\/\/www.gemeinde-rossau.de\/index.php\/wp-json\/wp\/v2\/pages"}],"about":[{"href":"https:\/\/www.gemeinde-rossau.de\/index.php\/wp-json\/wp\/v2\/types\/page"}],"author":[{"embeddable":true,"href":"https:\/\/www.gemeinde-rossau.de\/index.php\/wp-json\/wp\/v2\/users\/4"}],"replies":[{"embeddable":true,"href":"https:\/\/www.gemeinde-rossau.de\/index.php\/wp-json\/wp\/v2\/comments?post=4873"}],"version-history":[{"count":2,"href":"https:\/\/www.gemeinde-rossau.de\/index.php\/wp-json\/wp\/v2\/pages\/4873\/revisions"}],"predecessor-version":[{"id":4879,"href":"https:\/\/www.gemeinde-rossau.de\/index.php\/wp-json\/wp\/v2\/pages\/4873\/revisions\/4879"}],"wp:attachment":[{"href":"https:\/\/www.gemeinde-rossau.de\/index.php\/wp-json\/wp\/v2\/media?parent=4873"}],"curies":[{"name":"wp","href":"https:\/\/api.w.org\/{rel}","templated":true}]}}