{"id":4829,"date":"2022-02-21T14:29:12","date_gmt":"2022-02-21T13:29:12","guid":{"rendered":"https:\/\/www.gemeinde-rossau.de\/?page_id=4829"},"modified":"2022-07-27T09:24:30","modified_gmt":"2022-07-27T08:24:30","slug":"zensus-2022-interviewer-gesucht","status":"publish","type":"page","link":"https:\/\/www.gemeinde-rossau.de\/index.php\/zensus-2022-interviewer-gesucht\/","title":{"rendered":"Zensus 2022 &#8211; Interviewer gesucht"},"content":{"rendered":"\t\t<div data-elementor-type=\"wp-page\" data-elementor-id=\"4829\" class=\"elementor elementor-4829\">\n\t\t\t\t\t\t<div class=\"elementor-inner\">\n\t\t\t\t<div class=\"elementor-section-wrap\">\n\t\t\t\t\t\t\t\t\t<section class=\"elementor-section elementor-top-section elementor-element elementor-element-71b89dea elementor-section-boxed elementor-section-height-default elementor-section-height-default\" data-id=\"71b89dea\" data-element_type=\"section\">\n\t\t\t\t\t\t<div class=\"elementor-container elementor-column-gap-default\">\n\t\t\t\t\t\t\t<div class=\"elementor-row\">\n\t\t\t\t\t<div class=\"elementor-column elementor-col-100 elementor-top-column elementor-element elementor-element-43a4cdaa\" data-id=\"43a4cdaa\" data-element_type=\"column\">\n\t\t\t<div class=\"elementor-column-wrap elementor-element-populated\">\n\t\t\t\t\t\t\t<div class=\"elementor-widget-wrap\">\n\t\t\t\t\t\t<div class=\"elementor-element elementor-element-614f138 elementor-widget elementor-widget-text-editor\" data-id=\"614f138\" data-element_type=\"widget\" data-widget_type=\"text-editor.default\">\n\t\t\t\t<div class=\"elementor-widget-container\">\n\t\t\t\t\t\t\t\t<div class=\"elementor-text-editor elementor-clearfix\">\n\t\t\t\t<p><!-- wp:heading --><\/p>\n<h2>Zensus 2022 &#8211; Interviewer gesucht<\/h2>\n<p><!-- \/wp:heading --><!-- wp:paragraph --><\/p>\n<p>2022 findet in Deutschland der Zensus \u2013 auch bekannt als Volksz\u00e4hlung \u2013 statt.<br \/>Hierbei wird ermittelt, wie viele Menschen in Deutschland leben, wie sie wohnen und arbeiten.<\/p>\n<p><!-- \/wp:paragraph --><!-- wp:spacer {\"height\":20} --><\/p>\n<div class=\"wp-block-spacer\" style=\"height: 20px;\" aria-hidden=\"true\">\u00a0<\/div>\n<p><!-- \/wp:spacer --><!-- wp:heading --><\/p>\n<h2>Warum gibt es den Zensus?<\/h2>\n<p><!-- \/wp:heading --><!-- wp:paragraph --><\/p>\n<p>Der Zensus liefert <strong>verl\u00e4ssliche Bev\u00f6lkerungszahlen<\/strong> f\u00fcr die Gemeinden, die Bundesl\u00e4nder und f\u00fcr Deutschland insgesamt. Neben erg\u00e4nzenden Daten zur <strong>Demografie<\/strong>, wie zum Beispiel Alter, Geschlecht oder Staatsb\u00fcrgerschaft, werden auch allgemeine Angaben zur <strong>Wohn- und Wohnraumsituation<\/strong> in Deutschland erfasst. Solche Informationen sind ausgesprochen wichtig, da sie helfen, Entscheidungen in Politik, Wirtschaft und Gesellschaft zu treffen.<\/p>\n<p><!-- \/wp:paragraph --><!-- wp:paragraph --><\/p>\n<p>Die Europ\u00e4ische Union verpflichtet ihre Mitgliedstaaten, alle zehn Jahre einen Zensus durchzuf\u00fchren. In Deutschland bildet das Zensusgesetz den rechtlichen Rahmen f\u00fcr die Durchf\u00fchrung des Zensus 2022. Aufgrund der Corona-Pandemie wurde der f\u00fcr 2021 vorgesehene Zensus in Deutschland um ein Jahr verschoben.<\/p>\n<p><!-- \/wp:paragraph --><!-- wp:spacer {\"height\":20} --><\/p>\n<div class=\"wp-block-spacer\" style=\"height: 20px;\" aria-hidden=\"true\">\u00a0<\/div>\n<p><!-- \/wp:spacer --><!-- wp:heading --><\/p>\n<h2>Was ist die Haushaltebefragung?<\/h2>\n<p><!-- \/wp:heading --><!-- wp:paragraph --><\/p>\n<p>In einem kurzen <strong>pers\u00f6nlichen Interview<\/strong> werden zuf\u00e4llig ausgew\u00e4hlte Haushalte (ca. 10\u2005% der Bev\u00f6lkerung) und alle Bewohnerinnen und Bewohner von Wohnheimen zu allgemeinen Themenbereichen ihrer Lebenssituation befragt. Hierunter fallen beispielsweise Angaben zur Haushaltsgr\u00f6\u00dfe, zum Namen, Geschlecht und Familienstand sowie zur Staatsangeh\u00f6rigkeit.<\/p>\n<p><!-- \/wp:paragraph --><!-- wp:spacer {\"height\":20} --><\/p>\n<div class=\"wp-block-spacer\" style=\"height: 20px;\" aria-hidden=\"true\">\u00a0<\/div>\n<p><!-- \/wp:spacer --><!-- wp:heading --><\/p>\n<h2>Warum ben\u00f6tigen wir Ihre Unterst\u00fctzung?<\/h2>\n<p><!-- \/wp:heading --><!-- wp:paragraph --><\/p>\n<p>F\u00fcr die \u00f6rtliche Durchf\u00fchrung der Haushaltebefragung wurden in Sachsen <strong>48\u00a0Erhebungsstellen<\/strong> eingerichtet. Die Haushaltebefragung erfolgt mit Hilfe von Interviewerinnen und Interviewern, den sogenannten Erhebungsbeauftragten.<\/p>\n<p><!-- \/wp:paragraph --><!-- wp:paragraph --><\/p>\n<p><strong><em>Daf\u00fcr ben\u00f6tigen wir Ihre Unterst\u00fctzung!<\/em><\/strong><\/p>\n<p><!-- \/wp:paragraph --><!-- wp:paragraph --><\/p>\n<p>Als Interviewerin oder Interviewer f\u00fchren Sie die Befragung vor Ort durch. Durch ein mathematisches Zufallsverfahren werden die Anschriften mit Wohnraum ausgew\u00e4hlt, an denen Sie die Befragung durchf\u00fchren. Alle dort wohnenden Personen m\u00fcssen befragt werden. Es ist vorgesehen, dass ein Erhebungsbeauftragter ca. 100 Personen befragt.<\/p>\n<p><!-- \/wp:paragraph --><!-- wp:paragraph --><\/p>\n<p>Sie werden intensiv auf Ihre Aufgaben vorbereitet und erhalten die entsprechenden Unterlagen.<\/p>\n<p><!-- \/wp:paragraph --><!-- wp:paragraph --><\/p>\n<p>Als Interviewerin oder Interviewer m\u00fcssen Sie die <em>Regelungen<\/em> der statistischen Geheimhaltung und des Datenschutzes strikt einhalten. Die Bestellung als Erhebungsbeauftragter erfolgt durch einen Vertragsabschluss zwischen Ihnen und \u00f6rtlichen Erhebungsstelle .<\/p>\n<p><!-- \/wp:paragraph --><!-- wp:paragraph --><\/p>\n<p>Ihre Arbeitszeit k\u00f6nnen Sie flexibel einteilen.<\/p>\n<p><!-- \/wp:paragraph --><!-- wp:spacer {\"height\":20} --><\/p>\n<div class=\"wp-block-spacer\" style=\"height: 20px;\" aria-hidden=\"true\">\u00a0<\/div>\n<p><!-- \/wp:spacer --><!-- wp:heading --><\/p>\n<h2>Wie k\u00f6nnen Sie uns unterst\u00fctzen?<\/h2>\n<p><!-- \/wp:heading --><!-- wp:paragraph --><\/p>\n<p>Unterst\u00fctzen Sie den Zensus 2022 als Interviewerin oder Interviewer und nehmen Sie Kontakt zur \u00f6rtlichen Erhebungsstelle Mittweida auf.<\/p>\n<p><!-- \/wp:paragraph --><!-- wp:paragraph --><\/p>\n<p><strong>\u00d6rtliche Erhebungsstelle Mittweida, M\u00fchlstra\u00dfe 1-3, 09648 Mittweida<\/strong><br \/><strong>Telefon 03727 \/ 997 24 79<\/strong><br \/><strong>Postanschrift: Stadtverwaltung Mittweida, Markt 32, 09648 Mittweida<\/strong><\/p>\n<p><!-- \/wp:paragraph --><!-- wp:heading {\"level\":3} --><\/p>\n<h3>Zu Ihren Hauptaufgaben geh\u00f6ren:<\/h3>\n<p><!-- \/wp:heading --><!-- wp:list --><\/p>\n<ul>\n<li>Einwurf einer schriftlichen Vorank\u00fcndigung sowie Terminvereinbarung<\/li>\n<li>Durchf\u00fchrung der Befragung<\/li>\n<\/ul>\n<p><!-- \/wp:list --><!-- wp:heading {\"level\":3} --><\/p>\n<h3>Folgende Voraussetzungen sollten Sie mitbringen:<\/h3>\n<p><!-- \/wp:heading --><!-- wp:list --><\/p>\n<ul>\n<li>Vollj\u00e4hrigkeit<\/li>\n<li>Zuverl\u00e4ssigkeit und Verantwortungsbewusstsein<\/li>\n<li>Freundlichkeit<\/li>\n<li>Ortskenntnisse und eigenes Fahrzeug<\/li>\n<li>Erreichbarkeit \u00fcber Mobiltelefon und ggf. per Mail<\/li>\n<\/ul>\n<p><!-- \/wp:list --><!-- wp:spacer {\"height\":20} --><\/p>\n<div class=\"wp-block-spacer\" style=\"height: 20px;\" aria-hidden=\"true\">\u00a0<\/div>\n<p><!-- \/wp:spacer --><!-- wp:heading --><\/p>\n<h2>Aufwandsentsch\u00e4digung<\/h2>\n<p><!-- \/wp:heading --><!-- wp:paragraph --><\/p>\n<p>F\u00fcr Ihre ehrenamtliche T\u00e4tigkeit erhalten Sie je nach Aufwand eine Aufwandsentsch\u00e4digung von durchschnittlich circa 450 Euro. Fahrtkosten werden unabh\u00e4ngig davon erstattet.<\/p>\n<p><!-- \/wp:paragraph --><!-- wp:spacer {\"height\":20} --><\/p>\n<div class=\"wp-block-spacer\" style=\"height: 20px;\" aria-hidden=\"true\">\u00a0<\/div>\n<p><!-- \/wp:spacer --><!-- wp:heading --><\/p>\n<h2>Wo finden Sie weitere Informationen?<\/h2>\n<p><!-- \/wp:heading --><!-- wp:paragraph --><\/p>\n<p><strong>Weitere Informationen zum Zensus finden Sie auf www.zensus2022.de oder unter<\/strong> <strong>www.zensus.sachsen.de.<\/strong><\/p>\n<p><!-- \/wp:paragraph --><!-- wp:buttons --><\/p>\n<div class=\"wp-block-buttons\">\n<p><!-- wp:button --><\/p>\n<div class=\"wp-block-button\"><a class=\"wp-block-button__link\" href=\"https:\/\/www.gemeinde-rossau.de\/wp-content\/uploads\/2022\/03\/Onlineanmeldung_zensus2022.pdf\">Download Anmeldeformular<\/a><\/div>\n<p><!-- \/wp:button --><\/p>\n<\/div>\n<p><!-- \/wp:buttons --><!-- wp:spacer {\"height\":15} --><\/p>\n<div class=\"wp-block-spacer\" style=\"height: 15px;\" aria-hidden=\"true\">\u00a0<\/div>\n<p><!-- \/wp:spacer --><!-- wp:pdfemb\/pdf-embedder-viewer {\"pdfID\":4832,\"url\":\"https:\/\/www.gemeinde-rossau.de\/wp-content\/uploads\/2022\/02\/Zensus-2022-Plakat.pdf\"} --><\/p>\n<p class=\"wp-block-pdfemb-pdf-embedder-viewer\"><a href=\"https:\/\/www.gemeinde-rossau.de\/wp-content\/uploads\/2022\/07\/Mittweida_Plakat_Interviewer.pdf\" class=\"pdfemb-viewer\" style=\"\" data-width=\"max\" data-height=\"max\" data-mobile-width=\"500\"  data-scrollbar=\"none\" data-download=\"on\" data-tracking=\"on\" data-newwindow=\"on\" data-pagetextbox=\"off\" data-scrolltotop=\"off\" data-startzoom=\"100\" data-startfpzoom=\"100\" data-toolbar=\"bottom\" data-toolbar-fixed=\"on\">Mittweida_Plakat_Interviewer<br\/><\/a><\/p>\n<p><!-- \/wp:pdfemb\/pdf-embedder-viewer --><\/p>\t\t\t\t\t<\/div>\n\t\t\t\t\t\t<\/div>\n\t\t\t\t<\/div>\n\t\t\t\t\t\t<\/div>\n\t\t\t\t\t<\/div>\n\t\t<\/div>\n\t\t\t\t\t\t\t\t<\/div>\n\t\t\t\t\t<\/div>\n\t\t<\/section>\n\t\t\t\t\t\t\t\t\t<\/div>\n\t\t\t<\/div>\n\t\t\t\t\t<\/div>\n\t\t","protected":false},"excerpt":{"rendered":"<p>Zensus 2022 &#8211; Interviewer gesucht 2022 findet in Deutschland der Zensus \u2013 auch bekannt als Volksz\u00e4hlung \u2013 statt.Hierbei wird ermittelt, wie viele Menschen in Deutschland leben, wie sie wohnen und arbeiten. Warum gibt es den Zensus? Der Zensus liefert verl\u00e4ssliche Bev\u00f6lkerungszahlen f\u00fcr die Gemeinden, die Bundesl\u00e4nder und f\u00fcr Deutschland insgesamt. Neben erg\u00e4nzenden Daten zur Demografie, [&hellip;]<\/p>\n","protected":false},"author":4,"featured_media":0,"parent":0,"menu_order":0,"comment_status":"closed","ping_status":"closed","template":"","meta":{"_expiration-date-status":"","_expiration-date":0,"_expiration-date-type":"","_expiration-date-categories":[],"_expiration-date-options":[],"_links_to":"","_links_to_target":""},"acf":[],"yoast_head":"<!-- This site is optimized with the Yoast SEO plugin v19.13 - https:\/\/yoast.com\/wordpress\/plugins\/seo\/ -->\n<title>Zensus 2022 - Interviewer gesucht | Gemeindeverwaltung Rossau<\/title>\n<meta name=\"robots\" content=\"index, follow, max-snippet:-1, max-image-preview:large, max-video-preview:-1\" \/>\n<link rel=\"canonical\" href=\"https:\/\/www.gemeinde-rossau.de\/index.php\/zensus-2022-interviewer-gesucht\/\" \/>\n<meta property=\"og:locale\" content=\"de_DE\" \/>\n<meta property=\"og:type\" content=\"article\" \/>\n<meta property=\"og:title\" content=\"Zensus 2022 - Interviewer gesucht | Gemeindeverwaltung Rossau\" \/>\n<meta property=\"og:description\" content=\"Zensus 2022 &#8211; Interviewer gesucht 2022 findet in Deutschland der Zensus \u2013 auch bekannt als Volksz\u00e4hlung \u2013 statt.Hierbei wird ermittelt, wie viele Menschen in Deutschland leben, wie sie wohnen und arbeiten. Warum gibt es den Zensus? Der Zensus liefert verl\u00e4ssliche Bev\u00f6lkerungszahlen f\u00fcr die Gemeinden, die Bundesl\u00e4nder und f\u00fcr Deutschland insgesamt. Neben erg\u00e4nzenden Daten zur Demografie, [&hellip;]\" \/>\n<meta property=\"og:url\" content=\"https:\/\/www.gemeinde-rossau.de\/index.php\/zensus-2022-interviewer-gesucht\/\" \/>\n<meta property=\"og:site_name\" content=\"Gemeindeverwaltung Rossau\" \/>\n<meta property=\"article:modified_time\" content=\"2022-07-27T08:24:30+00:00\" \/>\n<meta name=\"twitter:card\" content=\"summary_large_image\" \/>\n<meta name=\"twitter:label1\" content=\"Gesch\u00e4tzte Lesezeit\" \/>\n\t<meta name=\"twitter:data1\" content=\"3\u00a0Minuten\" \/>\n<script type=\"application\/ld+json\" class=\"yoast-schema-graph\">{\"@context\":\"https:\/\/schema.org\",\"@graph\":[{\"@type\":\"WebPage\",\"@id\":\"https:\/\/www.gemeinde-rossau.de\/index.php\/zensus-2022-interviewer-gesucht\/\",\"url\":\"https:\/\/www.gemeinde-rossau.de\/index.php\/zensus-2022-interviewer-gesucht\/\",\"name\":\"Zensus 2022 - Interviewer gesucht | Gemeindeverwaltung Rossau\",\"isPartOf\":{\"@id\":\"https:\/\/www.gemeinde-rossau.de\/#website\"},\"datePublished\":\"2022-02-21T13:29:12+00:00\",\"dateModified\":\"2022-07-27T08:24:30+00:00\",\"breadcrumb\":{\"@id\":\"https:\/\/www.gemeinde-rossau.de\/index.php\/zensus-2022-interviewer-gesucht\/#breadcrumb\"},\"inLanguage\":\"de\",\"potentialAction\":[{\"@type\":\"ReadAction\",\"target\":[\"https:\/\/www.gemeinde-rossau.de\/index.php\/zensus-2022-interviewer-gesucht\/\"]}]},{\"@type\":\"BreadcrumbList\",\"@id\":\"https:\/\/www.gemeinde-rossau.de\/index.php\/zensus-2022-interviewer-gesucht\/#breadcrumb\",\"itemListElement\":[{\"@type\":\"ListItem\",\"position\":1,\"name\":\"Home\",\"item\":\"https:\/\/www.gemeinde-rossau.de\/\"},{\"@type\":\"ListItem\",\"position\":2,\"name\":\"Zensus 2022 &#8211; Interviewer gesucht\"}]},{\"@type\":\"WebSite\",\"@id\":\"https:\/\/www.gemeinde-rossau.de\/#website\",\"url\":\"https:\/\/www.gemeinde-rossau.de\/\",\"name\":\"Gemeindeverwaltung Rossau\",\"description\":\"Gemeindeverwaltung Rossau\",\"publisher\":{\"@id\":\"https:\/\/www.gemeinde-rossau.de\/#organization\"},\"potentialAction\":[{\"@type\":\"SearchAction\",\"target\":{\"@type\":\"EntryPoint\",\"urlTemplate\":\"https:\/\/www.gemeinde-rossau.de\/?s={search_term_string}\"},\"query-input\":\"required name=search_term_string\"}],\"inLanguage\":\"de\"},{\"@type\":\"Organization\",\"@id\":\"https:\/\/www.gemeinde-rossau.de\/#organization\",\"name\":\"Gemeindeverwaltung Rossau\",\"url\":\"https:\/\/www.gemeinde-rossau.de\/\",\"logo\":{\"@type\":\"ImageObject\",\"inLanguage\":\"de\",\"@id\":\"https:\/\/www.gemeinde-rossau.de\/#\/schema\/logo\/image\/\",\"url\":\"https:\/\/www.gemeinde-rossau.de\/wp-content\/uploads\/2019\/06\/Rossau_Navigation-e1574972262765.png\",\"contentUrl\":\"https:\/\/www.gemeinde-rossau.de\/wp-content\/uploads\/2019\/06\/Rossau_Navigation-e1574972262765.png\",\"width\":76,\"height\":100,\"caption\":\"Gemeindeverwaltung Rossau\"},\"image\":{\"@id\":\"https:\/\/www.gemeinde-rossau.de\/#\/schema\/logo\/image\/\"}}]}<\/script>\n<!-- \/ Yoast SEO plugin. -->","yoast_head_json":{"title":"Zensus 2022 - Interviewer gesucht | Gemeindeverwaltung Rossau","robots":{"index":"index","follow":"follow","max-snippet":"max-snippet:-1","max-image-preview":"max-image-preview:large","max-video-preview":"max-video-preview:-1"},"canonical":"https:\/\/www.gemeinde-rossau.de\/index.php\/zensus-2022-interviewer-gesucht\/","og_locale":"de_DE","og_type":"article","og_title":"Zensus 2022 - Interviewer gesucht | Gemeindeverwaltung Rossau","og_description":"Zensus 2022 &#8211; Interviewer gesucht 2022 findet in Deutschland der Zensus \u2013 auch bekannt als Volksz\u00e4hlung \u2013 statt.Hierbei wird ermittelt, wie viele Menschen in Deutschland leben, wie sie wohnen und arbeiten. Warum gibt es den Zensus? Der Zensus liefert verl\u00e4ssliche Bev\u00f6lkerungszahlen f\u00fcr die Gemeinden, die Bundesl\u00e4nder und f\u00fcr Deutschland insgesamt. Neben erg\u00e4nzenden Daten zur Demografie, [&hellip;]","og_url":"https:\/\/www.gemeinde-rossau.de\/index.php\/zensus-2022-interviewer-gesucht\/","og_site_name":"Gemeindeverwaltung Rossau","article_modified_time":"2022-07-27T08:24:30+00:00","twitter_card":"summary_large_image","twitter_misc":{"Gesch\u00e4tzte Lesezeit":"3\u00a0Minuten"},"schema":{"@context":"https:\/\/schema.org","@graph":[{"@type":"WebPage","@id":"https:\/\/www.gemeinde-rossau.de\/index.php\/zensus-2022-interviewer-gesucht\/","url":"https:\/\/www.gemeinde-rossau.de\/index.php\/zensus-2022-interviewer-gesucht\/","name":"Zensus 2022 - Interviewer gesucht | Gemeindeverwaltung Rossau","isPartOf":{"@id":"https:\/\/www.gemeinde-rossau.de\/#website"},"datePublished":"2022-02-21T13:29:12+00:00","dateModified":"2022-07-27T08:24:30+00:00","breadcrumb":{"@id":"https:\/\/www.gemeinde-rossau.de\/index.php\/zensus-2022-interviewer-gesucht\/#breadcrumb"},"inLanguage":"de","potentialAction":[{"@type":"ReadAction","target":["https:\/\/www.gemeinde-rossau.de\/index.php\/zensus-2022-interviewer-gesucht\/"]}]},{"@type":"BreadcrumbList","@id":"https:\/\/www.gemeinde-rossau.de\/index.php\/zensus-2022-interviewer-gesucht\/#breadcrumb","itemListElement":[{"@type":"ListItem","position":1,"name":"Home","item":"https:\/\/www.gemeinde-rossau.de\/"},{"@type":"ListItem","position":2,"name":"Zensus 2022 &#8211; Interviewer gesucht"}]},{"@type":"WebSite","@id":"https:\/\/www.gemeinde-rossau.de\/#website","url":"https:\/\/www.gemeinde-rossau.de\/","name":"Gemeindeverwaltung Rossau","description":"Gemeindeverwaltung Rossau","publisher":{"@id":"https:\/\/www.gemeinde-rossau.de\/#organization"},"potentialAction":[{"@type":"SearchAction","target":{"@type":"EntryPoint","urlTemplate":"https:\/\/www.gemeinde-rossau.de\/?s={search_term_string}"},"query-input":"required name=search_term_string"}],"inLanguage":"de"},{"@type":"Organization","@id":"https:\/\/www.gemeinde-rossau.de\/#organization","name":"Gemeindeverwaltung Rossau","url":"https:\/\/www.gemeinde-rossau.de\/","logo":{"@type":"ImageObject","inLanguage":"de","@id":"https:\/\/www.gemeinde-rossau.de\/#\/schema\/logo\/image\/","url":"https:\/\/www.gemeinde-rossau.de\/wp-content\/uploads\/2019\/06\/Rossau_Navigation-e1574972262765.png","contentUrl":"https:\/\/www.gemeinde-rossau.de\/wp-content\/uploads\/2019\/06\/Rossau_Navigation-e1574972262765.png","width":76,"height":100,"caption":"Gemeindeverwaltung Rossau"},"image":{"@id":"https:\/\/www.gemeinde-rossau.de\/#\/schema\/logo\/image\/"}}]}},"_links":{"self":[{"href":"https:\/\/www.gemeinde-rossau.de\/index.php\/wp-json\/wp\/v2\/pages\/4829"}],"collection":[{"href":"https:\/\/www.gemeinde-rossau.de\/index.php\/wp-json\/wp\/v2\/pages"}],"about":[{"href":"https:\/\/www.gemeinde-rossau.de\/index.php\/wp-json\/wp\/v2\/types\/page"}],"author":[{"embeddable":true,"href":"https:\/\/www.gemeinde-rossau.de\/index.php\/wp-json\/wp\/v2\/users\/4"}],"replies":[{"embeddable":true,"href":"https:\/\/www.gemeinde-rossau.de\/index.php\/wp-json\/wp\/v2\/comments?post=4829"}],"version-history":[{"count":8,"href":"https:\/\/www.gemeinde-rossau.de\/index.php\/wp-json\/wp\/v2\/pages\/4829\/revisions"}],"predecessor-version":[{"id":5089,"href":"https:\/\/www.gemeinde-rossau.de\/index.php\/wp-json\/wp\/v2\/pages\/4829\/revisions\/5089"}],"wp:attachment":[{"href":"https:\/\/www.gemeinde-rossau.de\/index.php\/wp-json\/wp\/v2\/media?parent=4829"}],"curies":[{"name":"wp","href":"https:\/\/api.w.org\/{rel}","templated":true}]}}