{"id":4768,"date":"2022-02-03T09:42:43","date_gmt":"2022-02-03T08:42:43","guid":{"rendered":"https:\/\/www.gemeinde-rossau.de\/?page_id=4768"},"modified":"2022-03-03T13:52:15","modified_gmt":"2022-03-03T12:52:15","slug":"regionalbezirk-bringt-vereine-im-klosterbezirk-altzella-voran","status":"publish","type":"page","link":"https:\/\/www.gemeinde-rossau.de\/index.php\/regionalbezirk-bringt-vereine-im-klosterbezirk-altzella-voran\/","title":{"rendered":"Regionalbudget bringt Vereine im Klosterbezirk Altzella voran"},"content":{"rendered":"\n<h2 class=\"wp-block-heading\">Regionalbudget bringt Vereine im Klosterbezirk Altzella voran<\/h2>\n\n\n\n<div style=\"height:20px\" aria-hidden=\"true\" class=\"wp-block-spacer\"><\/div>\n\n\n\n<div class=\"wp-block-image\"><figure class=\"alignright size-large is-resized\"><img decoding=\"async\" loading=\"lazy\" src=\"https:\/\/www.gemeinde-rossau.de\/wp-content\/uploads\/2022\/02\/Bild-1-\u00a9-Matthias-Luetkemeier-1200x900.jpg\" alt=\"\" class=\"wp-image-4776\" width=\"362\" height=\"272\" srcset=\"https:\/\/www.gemeinde-rossau.de\/wp-content\/uploads\/2022\/02\/Bild-1-\u00a9-Matthias-Luetkemeier-1200x900.jpg 1200w, https:\/\/www.gemeinde-rossau.de\/wp-content\/uploads\/2022\/02\/Bild-1-\u00a9-Matthias-Luetkemeier-300x225.jpg 300w, https:\/\/www.gemeinde-rossau.de\/wp-content\/uploads\/2022\/02\/Bild-1-\u00a9-Matthias-Luetkemeier-768x576.jpg 768w, https:\/\/www.gemeinde-rossau.de\/wp-content\/uploads\/2022\/02\/Bild-1-\u00a9-Matthias-Luetkemeier-1536x1152.jpg 1536w, https:\/\/www.gemeinde-rossau.de\/wp-content\/uploads\/2022\/02\/Bild-1-\u00a9-Matthias-Luetkemeier.jpg 2048w\" sizes=\"(max-width: 362px) 100vw, 362px\" \/><figcaption><sup>Das Gr\u00fcne Klassenzimmer in Siebenlehn zur Einweihung &#8211; Bildrechte: Matthias L\u00fctkemeier<\/sup><\/figcaption><\/figure><\/div>\n\n\n\n<p>Im April des vergangenen Jahres rief der Klosterbezirk Altzella zur Einreichung von Kleinprojekten auf. Im Rahmen des Regionalbudgets konnten Vereine Zusch\u00fcsse erhalten. Die Gesamtausgaben durften dabei 20.000,00 \u20ac nicht \u00fcbersteigen. F\u00fcr viele Vereine bot sich die M\u00f6glichkeit, ihre Ideen und Projekte endlich umzusetzen. Insgesamt gingen 18 Antr\u00e4ge beim Regionalmanagement in Niederstriegis ein, von denen letztlich 12 das Votum erhielten. <\/p>\n\n\n\n<p>Viel Zeit blieb den Ehrenamtlichen nicht f\u00fcr die Umsetzung. In gerade einmal vier Monaten mussten die Durchf\u00fchrung und Abrechnung erfolgen. Der stete Begleiter \u201eCorona\u201c tat dazu noch sein \u00dcbriges. Aber Mitglieder und auch Freiwillige zogen f\u00fcr ihre Projekte an einem Strang. So entstand in Steinbach (Reinsberg) durch die starke aktive Bev\u00f6lkerung ein zentraler Dorftreffpunkt. In Siebenlehn setzte sich der Schulf\u00f6rderverein f\u00fcr die Gestaltung eines Gr\u00fcnen Klassenzimmers ein. Fortan k\u00f6nnen die Grundsch\u00fcler nun drau\u00dfen unterrichtet werden. In L\u00fcttewitz (Mochau) kam das Projekt ebenso den Kindern zugute. Der Zwergenland e.V. schuf einen Sport- und Spieletreff, der sowohl f\u00fcr die Kindertagesst\u00e4tte als auch f\u00fcr die \u00d6ffentlichkeit zug\u00e4nglich ist. Neue Wanderwege wurden in den letzten Monaten in Ro\u00dfwein und Umgebung geschaffen. Das Regionalbudget diente hier Versch\u00f6nerungszwecken: Mit Sitzgruppen, Bienenhotels, Schautafeln und sogar einem Fernrohr auf der Wetterh\u00f6he.<\/p>\n\n\n\n<div class=\"wp-block-image\"><figure class=\"alignright size-large is-resized\"><img decoding=\"async\" loading=\"lazy\" src=\"https:\/\/www.gemeinde-rossau.de\/wp-content\/uploads\/2022\/02\/Bild-2-\u00a9-Jens-Pigorsch-1200x900.jpg\" alt=\"\" class=\"wp-image-4778\" width=\"359\" height=\"269\" srcset=\"https:\/\/www.gemeinde-rossau.de\/wp-content\/uploads\/2022\/02\/Bild-2-\u00a9-Jens-Pigorsch-1200x900.jpg 1200w, https:\/\/www.gemeinde-rossau.de\/wp-content\/uploads\/2022\/02\/Bild-2-\u00a9-Jens-Pigorsch-300x225.jpg 300w, https:\/\/www.gemeinde-rossau.de\/wp-content\/uploads\/2022\/02\/Bild-2-\u00a9-Jens-Pigorsch-768x576.jpg 768w, https:\/\/www.gemeinde-rossau.de\/wp-content\/uploads\/2022\/02\/Bild-2-\u00a9-Jens-Pigorsch-1536x1152.jpg 1536w, https:\/\/www.gemeinde-rossau.de\/wp-content\/uploads\/2022\/02\/Bild-2-\u00a9-Jens-Pigorsch-2048x1536.jpg 2048w\" sizes=\"(max-width: 359px) 100vw, 359px\" \/><figcaption><sup>Einige Wanderwege um Ro\u00dfwein profitierten vom Regionalbudget, so wie hier der Me\u00dfweg in Niederstriegis &#8211; Bildrechte: Jens Pigorsch<\/sup><\/figcaption><\/figure><\/div>\n\n\n\n<p>\u201eIn unserer Region wurde das Regionalbudget zum dritten Mal in Folge zur Verf\u00fcgung gestellt\u201c, erz\u00e4hlt Steffi M\u00f6ller, Regionalmanagerin des Klosterbezirkes Altzella. \u201eWir sind sehr zufrieden mit der Beteiligung der Vereine.\u201c<\/p>\n\n\n\n<p>Letztlich wurden Zuwendungen in H\u00f6he von rund 145.000 \u20ac ausgezahlt. Mit der Einrichtung des Regionalbudgets soll eine engagierte und aktive eigenverantwortliche l\u00e4ndliche Entwicklung unterst\u00fctzt sowie die regionale Identit\u00e4t gest\u00e4rkt werden.<\/p>\n\n\n\n<p>Ob das Regionalbudget in diesem Jahr wieder zur Verf\u00fcgung gestellt wird, steht noch nicht fest. Der Klosterbezirk Altzella wird auf seiner Webseite dar\u00fcber informieren. Dort gibt es auch eine \u00dcbersicht mit allen Vorhaben der Region.<\/p>\n\n\n\n<div style=\"height:40px\" aria-hidden=\"true\" class=\"wp-block-spacer\"><\/div>\n\n\n\n<div class=\"wp-block-image\"><figure class=\"alignleft size-full is-resized\"><img decoding=\"async\" loading=\"lazy\" src=\"https:\/\/www.gemeinde-rossau.de\/wp-content\/uploads\/2022\/02\/Logo-BMEL_SMR.jpg\" alt=\"\" class=\"wp-image-4771\" width=\"542\" height=\"183\" srcset=\"https:\/\/www.gemeinde-rossau.de\/wp-content\/uploads\/2022\/02\/Logo-BMEL_SMR.jpg 604w, https:\/\/www.gemeinde-rossau.de\/wp-content\/uploads\/2022\/02\/Logo-BMEL_SMR-300x102.jpg 300w\" sizes=\"(max-width: 542px) 100vw, 542px\" \/><\/figure><\/div>\n\n\n\n<figure class=\"wp-block-image size-large is-resized\"><img decoding=\"async\" loading=\"lazy\" src=\"https:\/\/www.gemeinde-rossau.de\/wp-content\/uploads\/2022\/02\/EPLR-Logo-1200x270.png\" alt=\"\" class=\"wp-image-4772\" width=\"420\" height=\"96\" srcset=\"https:\/\/www.gemeinde-rossau.de\/wp-content\/uploads\/2022\/02\/EPLR-Logo-1200x270.png 1200w, https:\/\/www.gemeinde-rossau.de\/wp-content\/uploads\/2022\/02\/EPLR-Logo-768x173.png 768w\" sizes=\"(max-width: 420px) 100vw, 420px\" \/><\/figure>\n\n\n\n<div class=\"wp-block-image\"><figure class=\"alignleft size-full is-resized\"><img decoding=\"async\" loading=\"lazy\" src=\"https:\/\/www.gemeinde-rossau.de\/wp-content\/uploads\/2022\/02\/Logo-Leader.jpg\" alt=\"\" class=\"wp-image-4773\" width=\"122\" height=\"118\"\/><\/figure><\/div>\n","protected":false},"excerpt":{"rendered":"<p>Regionalbudget bringt Vereine im Klosterbezirk Altzella voran Im April des vergangenen Jahres rief der Klosterbezirk Altzella zur Einreichung von Kleinprojekten auf. Im Rahmen des Regionalbudgets konnten Vereine Zusch\u00fcsse erhalten. Die Gesamtausgaben durften dabei 20.000,00 \u20ac nicht \u00fcbersteigen. F\u00fcr viele Vereine bot sich die M\u00f6glichkeit, ihre Ideen und Projekte endlich umzusetzen. Insgesamt gingen 18 Antr\u00e4ge beim [&hellip;]<\/p>\n","protected":false},"author":4,"featured_media":4776,"parent":0,"menu_order":0,"comment_status":"closed","ping_status":"closed","template":"","meta":{"_expiration-date-status":"","_expiration-date":0,"_expiration-date-type":"","_expiration-date-categories":[],"_expiration-date-options":[],"_links_to":"","_links_to_target":""},"acf":[],"yoast_head":"<!-- This site is optimized with the Yoast SEO plugin v19.13 - https:\/\/yoast.com\/wordpress\/plugins\/seo\/ -->\n<title>Regionalbudget bringt Vereine im Klosterbezirk Altzella voran | Gemeindeverwaltung Rossau<\/title>\n<meta name=\"robots\" content=\"index, follow, max-snippet:-1, max-image-preview:large, max-video-preview:-1\" \/>\n<link rel=\"canonical\" href=\"https:\/\/www.gemeinde-rossau.de\/index.php\/regionalbezirk-bringt-vereine-im-klosterbezirk-altzella-voran\/\" \/>\n<meta property=\"og:locale\" content=\"de_DE\" \/>\n<meta property=\"og:type\" content=\"article\" \/>\n<meta property=\"og:title\" content=\"Regionalbudget bringt Vereine im Klosterbezirk Altzella voran | Gemeindeverwaltung Rossau\" \/>\n<meta property=\"og:description\" content=\"Regionalbudget bringt Vereine im Klosterbezirk Altzella voran Im April des vergangenen Jahres rief der Klosterbezirk Altzella zur Einreichung von Kleinprojekten auf. Im Rahmen des Regionalbudgets konnten Vereine Zusch\u00fcsse erhalten. Die Gesamtausgaben durften dabei 20.000,00 \u20ac nicht \u00fcbersteigen. F\u00fcr viele Vereine bot sich die M\u00f6glichkeit, ihre Ideen und Projekte endlich umzusetzen. Insgesamt gingen 18 Antr\u00e4ge beim [&hellip;]\" \/>\n<meta property=\"og:url\" content=\"https:\/\/www.gemeinde-rossau.de\/index.php\/regionalbezirk-bringt-vereine-im-klosterbezirk-altzella-voran\/\" \/>\n<meta property=\"og:site_name\" content=\"Gemeindeverwaltung Rossau\" \/>\n<meta property=\"article:modified_time\" content=\"2022-03-03T12:52:15+00:00\" \/>\n<meta property=\"og:image\" content=\"https:\/\/www.gemeinde-rossau.de\/wp-content\/uploads\/2022\/02\/Bild-1-\u00a9-Matthias-Luetkemeier-1200x900.jpg\" \/>\n<meta name=\"twitter:card\" content=\"summary_large_image\" \/>\n<meta name=\"twitter:label1\" content=\"Gesch\u00e4tzte Lesezeit\" \/>\n\t<meta name=\"twitter:data1\" content=\"3\u00a0Minuten\" \/>\n<script type=\"application\/ld+json\" class=\"yoast-schema-graph\">{\"@context\":\"https:\/\/schema.org\",\"@graph\":[{\"@type\":\"WebPage\",\"@id\":\"https:\/\/www.gemeinde-rossau.de\/index.php\/regionalbezirk-bringt-vereine-im-klosterbezirk-altzella-voran\/\",\"url\":\"https:\/\/www.gemeinde-rossau.de\/index.php\/regionalbezirk-bringt-vereine-im-klosterbezirk-altzella-voran\/\",\"name\":\"Regionalbudget bringt Vereine im Klosterbezirk Altzella voran | Gemeindeverwaltung Rossau\",\"isPartOf\":{\"@id\":\"https:\/\/www.gemeinde-rossau.de\/#website\"},\"datePublished\":\"2022-02-03T08:42:43+00:00\",\"dateModified\":\"2022-03-03T12:52:15+00:00\",\"breadcrumb\":{\"@id\":\"https:\/\/www.gemeinde-rossau.de\/index.php\/regionalbezirk-bringt-vereine-im-klosterbezirk-altzella-voran\/#breadcrumb\"},\"inLanguage\":\"de\",\"potentialAction\":[{\"@type\":\"ReadAction\",\"target\":[\"https:\/\/www.gemeinde-rossau.de\/index.php\/regionalbezirk-bringt-vereine-im-klosterbezirk-altzella-voran\/\"]}]},{\"@type\":\"BreadcrumbList\",\"@id\":\"https:\/\/www.gemeinde-rossau.de\/index.php\/regionalbezirk-bringt-vereine-im-klosterbezirk-altzella-voran\/#breadcrumb\",\"itemListElement\":[{\"@type\":\"ListItem\",\"position\":1,\"name\":\"Home\",\"item\":\"https:\/\/www.gemeinde-rossau.de\/\"},{\"@type\":\"ListItem\",\"position\":2,\"name\":\"Regionalbudget bringt Vereine im Klosterbezirk Altzella voran\"}]},{\"@type\":\"WebSite\",\"@id\":\"https:\/\/www.gemeinde-rossau.de\/#website\",\"url\":\"https:\/\/www.gemeinde-rossau.de\/\",\"name\":\"Gemeindeverwaltung Rossau\",\"description\":\"Gemeindeverwaltung Rossau\",\"publisher\":{\"@id\":\"https:\/\/www.gemeinde-rossau.de\/#organization\"},\"potentialAction\":[{\"@type\":\"SearchAction\",\"target\":{\"@type\":\"EntryPoint\",\"urlTemplate\":\"https:\/\/www.gemeinde-rossau.de\/?s={search_term_string}\"},\"query-input\":\"required name=search_term_string\"}],\"inLanguage\":\"de\"},{\"@type\":\"Organization\",\"@id\":\"https:\/\/www.gemeinde-rossau.de\/#organization\",\"name\":\"Gemeindeverwaltung Rossau\",\"url\":\"https:\/\/www.gemeinde-rossau.de\/\",\"logo\":{\"@type\":\"ImageObject\",\"inLanguage\":\"de\",\"@id\":\"https:\/\/www.gemeinde-rossau.de\/#\/schema\/logo\/image\/\",\"url\":\"https:\/\/www.gemeinde-rossau.de\/wp-content\/uploads\/2019\/06\/Rossau_Navigation-e1574972262765.png\",\"contentUrl\":\"https:\/\/www.gemeinde-rossau.de\/wp-content\/uploads\/2019\/06\/Rossau_Navigation-e1574972262765.png\",\"width\":76,\"height\":100,\"caption\":\"Gemeindeverwaltung Rossau\"},\"image\":{\"@id\":\"https:\/\/www.gemeinde-rossau.de\/#\/schema\/logo\/image\/\"}}]}<\/script>\n<!-- \/ Yoast SEO plugin. -->","yoast_head_json":{"title":"Regionalbudget bringt Vereine im Klosterbezirk Altzella voran | Gemeindeverwaltung Rossau","robots":{"index":"index","follow":"follow","max-snippet":"max-snippet:-1","max-image-preview":"max-image-preview:large","max-video-preview":"max-video-preview:-1"},"canonical":"https:\/\/www.gemeinde-rossau.de\/index.php\/regionalbezirk-bringt-vereine-im-klosterbezirk-altzella-voran\/","og_locale":"de_DE","og_type":"article","og_title":"Regionalbudget bringt Vereine im Klosterbezirk Altzella voran | Gemeindeverwaltung Rossau","og_description":"Regionalbudget bringt Vereine im Klosterbezirk Altzella voran Im April des vergangenen Jahres rief der Klosterbezirk Altzella zur Einreichung von Kleinprojekten auf. Im Rahmen des Regionalbudgets konnten Vereine Zusch\u00fcsse erhalten. Die Gesamtausgaben durften dabei 20.000,00 \u20ac nicht \u00fcbersteigen. F\u00fcr viele Vereine bot sich die M\u00f6glichkeit, ihre Ideen und Projekte endlich umzusetzen. Insgesamt gingen 18 Antr\u00e4ge beim [&hellip;]","og_url":"https:\/\/www.gemeinde-rossau.de\/index.php\/regionalbezirk-bringt-vereine-im-klosterbezirk-altzella-voran\/","og_site_name":"Gemeindeverwaltung Rossau","article_modified_time":"2022-03-03T12:52:15+00:00","og_image":[{"url":"https:\/\/www.gemeinde-rossau.de\/wp-content\/uploads\/2022\/02\/Bild-1-\u00a9-Matthias-Luetkemeier-1200x900.jpg"}],"twitter_card":"summary_large_image","twitter_misc":{"Gesch\u00e4tzte Lesezeit":"3\u00a0Minuten"},"schema":{"@context":"https:\/\/schema.org","@graph":[{"@type":"WebPage","@id":"https:\/\/www.gemeinde-rossau.de\/index.php\/regionalbezirk-bringt-vereine-im-klosterbezirk-altzella-voran\/","url":"https:\/\/www.gemeinde-rossau.de\/index.php\/regionalbezirk-bringt-vereine-im-klosterbezirk-altzella-voran\/","name":"Regionalbudget bringt Vereine im Klosterbezirk Altzella voran | Gemeindeverwaltung Rossau","isPartOf":{"@id":"https:\/\/www.gemeinde-rossau.de\/#website"},"datePublished":"2022-02-03T08:42:43+00:00","dateModified":"2022-03-03T12:52:15+00:00","breadcrumb":{"@id":"https:\/\/www.gemeinde-rossau.de\/index.php\/regionalbezirk-bringt-vereine-im-klosterbezirk-altzella-voran\/#breadcrumb"},"inLanguage":"de","potentialAction":[{"@type":"ReadAction","target":["https:\/\/www.gemeinde-rossau.de\/index.php\/regionalbezirk-bringt-vereine-im-klosterbezirk-altzella-voran\/"]}]},{"@type":"BreadcrumbList","@id":"https:\/\/www.gemeinde-rossau.de\/index.php\/regionalbezirk-bringt-vereine-im-klosterbezirk-altzella-voran\/#breadcrumb","itemListElement":[{"@type":"ListItem","position":1,"name":"Home","item":"https:\/\/www.gemeinde-rossau.de\/"},{"@type":"ListItem","position":2,"name":"Regionalbudget bringt Vereine im Klosterbezirk Altzella voran"}]},{"@type":"WebSite","@id":"https:\/\/www.gemeinde-rossau.de\/#website","url":"https:\/\/www.gemeinde-rossau.de\/","name":"Gemeindeverwaltung Rossau","description":"Gemeindeverwaltung Rossau","publisher":{"@id":"https:\/\/www.gemeinde-rossau.de\/#organization"},"potentialAction":[{"@type":"SearchAction","target":{"@type":"EntryPoint","urlTemplate":"https:\/\/www.gemeinde-rossau.de\/?s={search_term_string}"},"query-input":"required name=search_term_string"}],"inLanguage":"de"},{"@type":"Organization","@id":"https:\/\/www.gemeinde-rossau.de\/#organization","name":"Gemeindeverwaltung Rossau","url":"https:\/\/www.gemeinde-rossau.de\/","logo":{"@type":"ImageObject","inLanguage":"de","@id":"https:\/\/www.gemeinde-rossau.de\/#\/schema\/logo\/image\/","url":"https:\/\/www.gemeinde-rossau.de\/wp-content\/uploads\/2019\/06\/Rossau_Navigation-e1574972262765.png","contentUrl":"https:\/\/www.gemeinde-rossau.de\/wp-content\/uploads\/2019\/06\/Rossau_Navigation-e1574972262765.png","width":76,"height":100,"caption":"Gemeindeverwaltung Rossau"},"image":{"@id":"https:\/\/www.gemeinde-rossau.de\/#\/schema\/logo\/image\/"}}]}},"_links":{"self":[{"href":"https:\/\/www.gemeinde-rossau.de\/index.php\/wp-json\/wp\/v2\/pages\/4768"}],"collection":[{"href":"https:\/\/www.gemeinde-rossau.de\/index.php\/wp-json\/wp\/v2\/pages"}],"about":[{"href":"https:\/\/www.gemeinde-rossau.de\/index.php\/wp-json\/wp\/v2\/types\/page"}],"author":[{"embeddable":true,"href":"https:\/\/www.gemeinde-rossau.de\/index.php\/wp-json\/wp\/v2\/users\/4"}],"replies":[{"embeddable":true,"href":"https:\/\/www.gemeinde-rossau.de\/index.php\/wp-json\/wp\/v2\/comments?post=4768"}],"version-history":[{"count":14,"href":"https:\/\/www.gemeinde-rossau.de\/index.php\/wp-json\/wp\/v2\/pages\/4768\/revisions"}],"predecessor-version":[{"id":4859,"href":"https:\/\/www.gemeinde-rossau.de\/index.php\/wp-json\/wp\/v2\/pages\/4768\/revisions\/4859"}],"wp:featuredmedia":[{"embeddable":true,"href":"https:\/\/www.gemeinde-rossau.de\/index.php\/wp-json\/wp\/v2\/media\/4776"}],"wp:attachment":[{"href":"https:\/\/www.gemeinde-rossau.de\/index.php\/wp-json\/wp\/v2\/media?parent=4768"}],"curies":[{"name":"wp","href":"https:\/\/api.w.org\/{rel}","templated":true}]}}