{"id":4722,"date":"2022-02-01T11:11:52","date_gmt":"2022-02-01T10:11:52","guid":{"rendered":"https:\/\/www.gemeinde-rossau.de\/?page_id=4722"},"modified":"2026-01-28T09:24:05","modified_gmt":"2026-01-28T08:24:05","slug":"beschluesse-2022","status":"publish","type":"page","link":"https:\/\/www.gemeinde-rossau.de\/index.php\/beschluesse-2022\/","title":{"rendered":"Beschl\u00fcsse 2022"},"content":{"rendered":"\n<h2 class=\"wp-block-heading\">Beschl\u00fcsse 2022<\/h2>\n\n\n\n<div style=\"height:65px\" aria-hidden=\"true\" class=\"wp-block-spacer\"><\/div>\n\n\n\n<h6 class=\"wp-block-heading\" id=\"block-8bf55704-4a1a-483d-8912-67af79d59bcd\"><strong>Beschluss Nr. 22\/2022<br>Vorlage Nr. 25\/2022<\/strong><\/h6>\n\n\n\n<p>Der Gemeinderat beschlie\u00dft, den Zuschlag der Bauleistung &#8211; Instandsetzung Vorplatz FFW Greifendorf &#8211; an die Firma Walter Stra\u00dfenbau KG, Waldheimer Stra\u00dfe 76A, 09661 Striegistal\/Etzdorf, zu einem Preis von 37.759,06 Euro brutto zu erteilen.<\/p>\n\n\n\n<div style=\"height:65px\" aria-hidden=\"true\" class=\"wp-block-spacer\"><\/div>\n\n\n\n<h6 class=\"wp-block-heading\"><strong>Beschluss Nr. 21\/2022<br>Vorlage Nr. 22\/2022<\/strong><\/h6>\n\n\n\n<p>Der Gemeinderat der Gemeinde Rossau beschlie\u00dft, den Zuschlag der Bauleistung &#8211; Instandsetzung Bergstra\u00dfe \/ Talstra\u00dfe &#8211; an die Firma Walter Stra\u00dfenbau KG, Waldheimer Stra\u00dfe 76A, 09661 Striegistal\/Etzdorf, zu einem Preis von 24.306,35 Euro brutto zu erteilen. <\/p>\n\n\n\n<div style=\"height:59px\" aria-hidden=\"true\" class=\"wp-block-spacer\"><\/div>\n\n\n\n<h6 class=\"wp-block-heading\"><strong>Beschluss Nr. 20\/2022<br>Vorlage Nr. 21\/2022 <\/strong><\/h6>\n\n\n\n<p>Der Gemeinderat beschlie\u00dft, den Zuschlag der Bauleistung &#8211; Teilsanierung Bergstra\u00dfe &#8211; OT Sch\u00f6nborn-Dreiwerden an die Firma &#8211; ATS Chemnitz Asphalt-, Tief- und Stra\u00dfenbau GmbH, Weideweg 31, 09116 Chemnitz, zu einem Preis von 219.911,39 Euro brutto zu erteilen.<\/p>\n\n\n\n<div style=\"height:63px\" aria-hidden=\"true\" class=\"wp-block-spacer\"><\/div>\n\n\n\n<h6 class=\"wp-block-heading\"><strong>Beschluss Nr. 19\/2022<br>Vorlage Nr. 20\/2022<\/strong><\/h6>\n\n\n\n<p>Der Gemeinderat beschlie\u00dft die Mehreinnahmen im Haushalt 2022 f\u00fcr die im Sachverhalt beschriebenen Instandhaltungs- und Investitionsma\u00dfnahmen zu verwenden.<\/p>\n\n\n\n<div style=\"height:36px\" aria-hidden=\"true\" class=\"wp-block-spacer\"><\/div>\n\n\n\n<h6 class=\"wp-block-heading\"><strong>Beschluss Nr. 18\/2022<br>Vorlage Nr. 19\/2022<\/strong><\/h6>\n\n\n\n<p>Der Gemeinderat der Gemeinde Rossau stimmt dem Erlass einer 1. \u00c4nderungssatzung \u00fcber die Erhebung von Elternbeitr\u00e4gen f\u00fcr die Betreuung von Kindern in Kindertageseinrichtungen der Gemeinde Rossau und in der Kindertagespflege (Elternbeitragssatzung) zu.<\/p>\n\n\n\n<div style=\"height:53px\" aria-hidden=\"true\" class=\"wp-block-spacer\"><\/div>\n\n\n\n<h6 class=\"wp-block-heading\"><strong>Beschluss Nr. 17\/2022<br>Vorlage Nr. 18\/2022<\/strong><\/h6>\n\n\n\n<p>Der Gemeinderat der Gemeinde Rossau stimmt der 1. \u00c4nderungssatzung \u00fcber die Betreuung von Kindern in Kindertageseinrichtungen der Gemeinde Rossau zu.<\/p>\n\n\n\n<div style=\"height:52px\" aria-hidden=\"true\" class=\"wp-block-spacer\"><\/div>\n\n\n\n<h6 class=\"wp-block-heading\"><strong>Beschluss Nr. 16\/2022<br>Vorlage Nr. 17\/2022<\/strong><\/h6>\n\n\n\n<p>Der Gemeinderat beschlie\u00dft, die Aufhebung des Beschlusses &#8211; Teilsanierung Bergstra\u00dfe &#8211; OT Sch\u00f6nborn-Dreiwerden &#8211; an die Firma &#8211; Strabag AG, Direktion Sachsen\/Th\u00fcringen &#8211; Bereich Nordsachsen, OT Hayna, Zur Schafsh\u00f6he 4, 04435 Schkeuditz.<\/p>\n\n\n\n<div style=\"height:46px\" aria-hidden=\"true\" class=\"wp-block-spacer\"><\/div>\n\n\n\n<h6 class=\"wp-block-heading\"><strong>Beschluss Nr. 15\/2022<br>Vorlage Nr. 14\/2022<\/strong><\/h6>\n\n\n\n<p>Der Gemeinderat der Gemeinde Rossau beschlie\u00dft die Zweckvereinbarung zwischen der Stadt Hainichen und der Gemeinde Rossau zur Aufstellung des Bebauungsplanes &#8220;Autohof an der S 201&#8221;.<\/p>\n\n\n\n<div style=\"height:29px\" aria-hidden=\"true\" class=\"wp-block-spacer\"><\/div>\n\n\n\n<h6 class=\"wp-block-heading\"><strong>Beschluss Nr. 13\/2022<br>Vorlage Nr. 14\/2022<\/strong><\/h6>\n\n\n\n<p>Der Gemeinderat beschlie\u00dft, den Zuschlag der Bauleistung &#8211; Neugestaltung der Feierhalle im Ortsteil Seifersbach an die Firma &#8211; Baugesch\u00e4ft Braune, OT Weinsdorf, Hauptstr. 12a, 09661 Rossau, zu einem Preis von 53.622,39 Euro brutto zu erteilen.<\/p>\n\n\n\n<div style=\"height:29px\" aria-hidden=\"true\" class=\"wp-block-spacer\"><\/div>\n\n\n\n<h6 class=\"wp-block-heading\"><strong>Beschluss Nr. 12\/2022<br>Vorlage Nr. 13\/2022<\/strong><\/h6>\n\n\n\n<p>Die Gemeinde Rossau wird sich an der Umsetzung der LEADER-Entwicklungsstrategie (LES) f\u00fcr die Region Klosterbezirk Altzella in der EU-F\u00f6rderperiode 2023 &#8211; 2027+ beteiligen.<\/p>\n\n\n\n<div style=\"height:29px\" aria-hidden=\"true\" class=\"wp-block-spacer\"><\/div>\n\n\n\n<h6 class=\"wp-block-heading\"><strong>Beschluss Nr. 11\/2022<br>Vorlage Nr. 12\/2022<\/strong><\/h6>\n\n\n\n<p>Der Gemeinderat beschlie\u00dft, den Zuschlag der Bauleistung &#8211; Teilsanierung Bergstra\u00dfe &#8211; OT Sch\u00f6nborn-Dreiwerden an die Firma &#8211; Strabag AG Direktion Sachsen\/Th\u00fcringen &#8211; Bereich Nordsachsen, OT Hayna, Zur Schafsh\u00f6he 4, 04435 Schkeuditz, zu einem Preis von 134.093,10 Euro brutto zu erteilen.<\/p>\n\n\n\n<div style=\"height:29px\" aria-hidden=\"true\" class=\"wp-block-spacer\"><\/div>\n\n\n\n<h6 class=\"wp-block-heading\"><strong>Beschluss Nr. 10\/2022<br>Vorlage Nr. 11\/2022<\/strong><\/h6>\n\n\n\n<p>Der Gemeinderat der Gemeinde Rossau stimmt dem Repowering der Windenergieanlage Vestas 47 gem\u00e4\u00df \u00a7 36 Abs. 1 und 2 BauGB zu.<\/p>\n\n\n\n<div style=\"height:29px\" aria-hidden=\"true\" class=\"wp-block-spacer\"><\/div>\n\n\n\n<h6 class=\"wp-block-heading\"><strong>Beschluss Nr. 08\/2022<br>Vorlage Nr. 09\/2022<\/strong><\/h6>\n\n\n\n<p>Der Gemeinderat der Gemeinde Rossau beschlie\u00dft die Vermietung der Veranstaltungsr\u00e4ume der Gemeinde Rossau zu folgenden Konditionen:<\/p>\n\n\n\n<figure class=\"wp-block-table is-style-stripes\"><table><tbody><tr><td> Dorfgemeinschaftshaus kleiner Raum (bis 39 Personen):<\/td><td class=\"has-text-align-right\" data-align=\"right\">80,00\u20ac<\/td><\/tr><tr><td> Dorfgemeinschaftshaus gro\u00dfer Raum (bis 60 Personen): <\/td><td class=\"has-text-align-right\" data-align=\"right\">120,00\u20ac<\/td><\/tr><tr><td> Dorfgemeinschaftshaus komplett (bis 99 Personen): <\/td><td class=\"has-text-align-right\" data-align=\"right\">200,00\u20ac<\/td><\/tr><tr><td> Dorfgemeinschaftshaus Paket 3h (z. B. Trauerfeier): <\/td><td class=\"has-text-align-right\" data-align=\"right\">50,00\u20ac<\/td><\/tr><tr><td> Ratssaal Seifersbach: <\/td><td class=\"has-text-align-right\" data-align=\"right\">90,00\u20ac<\/td><\/tr><tr><td> Ratssaal Seifersbach Paket 3h (z. B. Trauerfeier):&nbsp; <\/td><td class=\"has-text-align-right\" data-align=\"right\">50,00\u20ac<\/td><\/tr><tr><td> Kulturhaus Greifendorf: <\/td><td class=\"has-text-align-right\" data-align=\"right\">250,00\u20ac<\/td><\/tr><\/tbody><\/table><\/figure>\n\n\n\n<p>F\u00fcr Vereine erfolgt die Nutzung kostenfrei. F\u00fcr Parteien und Organisationen gelten dieselben Konditionen wie f\u00fcr die Vermietung an Privatpersonen.<\/p>\n\n\n\n<div style=\"height:29px\" aria-hidden=\"true\" class=\"wp-block-spacer\"><\/div>\n\n\n\n<h6 class=\"wp-block-heading\"><strong>Beschluss Nr. 07\/2022<br>Vorlage Nr. 08\/2022<\/strong><\/h6>\n\n\n\n<p>Der Gemeinderat Rossau beschlie\u00dft, den Mitgliedern der Wahlvorst\u00e4nde und des Briefwahlvorstandes zur \u201eLandratswahl\u201c am 12. Juni 2022 sowie am Tag eines erforderlichen zweiten Wahlganges (3. Juli 2022) je Wahltag und Person 50,00 \u20ac als Auslagenersatz \/ Erfrischungsgeld zu zahlen.<\/p>\n\n\n\n<div style=\"height:29px\" aria-hidden=\"true\" class=\"wp-block-spacer\"><\/div>\n\n\n\n<h6 class=\"wp-block-heading\"><strong>Beschluss Nr. 06\/2022<br>Vorlage Nr. 07\/2022<\/strong><\/h6>\n\n\n\n<p>Der Gemeinderat beschlie\u00dft die Spenden in H\u00f6he von 480,00\u20ac f\u00fcr die Anschaffung einer B\u00fccherzelle anzunehmen.<\/p>\n\n\n\n<div style=\"height:29px\" aria-hidden=\"true\" class=\"wp-block-spacer\"><\/div>\n\n\n\n<h6 class=\"wp-block-heading\"><strong>Beschluss Nr. 05\/2022<\/strong><br><strong>Vorlage Nr. 06\/2022<\/strong><\/h6>\n\n\n\n<p>Der Gemeinderat der Gemeinde Rossau stimmt dem Leasingvertrag Dienst-PKW Verwaltung zwischen dem Autohaus Dietmar M\u00e4ke in Waldheim und der Gemeindeverwaltung Rossau \u00fcber einen VW e-Golf, mit einer monatlichen Leasingrate von 321,30\u20ac und einer Laufzeit von 42 Monaten, r\u00fcckwirkend zu.<\/p>\n\n\n\n<div style=\"height:29px\" aria-hidden=\"true\" class=\"wp-block-spacer\"><\/div>\n\n\n\n<h6 class=\"wp-block-heading\"><strong>Beschluss Nr. 04\/2022<br>Vorlage Nr. 05\/2022<\/strong><\/h6>\n\n\n\n<p>Der Gemeinderat der Gemeinde Rossau stimmt der Aufhebung des rechtswidrigen Beschlusses Nr. 32\/2021 zu.<\/p>\n\n\n\n<div style=\"height:29px\" aria-hidden=\"true\" class=\"wp-block-spacer\"><\/div>\n\n\n\n<h6 class=\"wp-block-heading\"><strong>Beschluss Nr. 03\/2022<\/strong><br><strong>Vorlage Nr. 04\/2022<\/strong><\/h6>\n\n\n\n<p>Der Gemeinderat beschlie\u00dft, auf einen Gesamtabschluss im Haushaltsjahr 2022 zu verzichten.<\/p>\n\n\n\n<div style=\"height:29px\" aria-hidden=\"true\" class=\"wp-block-spacer\"><\/div>\n\n\n\n<h6 class=\"wp-block-heading\"><strong>Beschluss Nr. 02\/2022<\/strong><br><strong>Vorlage Nr. 03\/2022<\/strong><\/h6>\n\n\n\n<p> Der Gemeinderat beschlie\u00dft die Haushaltssatzung 2022, den dazugeh\u00f6rigen Finanzplan und die Anlagen zur Satzung. <\/p>\n\n\n\n<div style=\"height:29px\" aria-hidden=\"true\" class=\"wp-block-spacer\"><\/div>\n\n\n\n<h6 class=\"wp-block-heading\"><strong>Beschluss Nr. 01\/2022<\/strong><br><strong>Vorlage Nr. 01\/2022<\/strong><\/h6>\n\n\n\n<p>Der Gemeinderat beschlie\u00dft, die Spenden in H\u00f6he von 200\u20ac eines Spenders, der nicht \u00f6ffentlich genannt werden m\u00f6chte, f\u00fcr die Kindereinrichtung Spatzennest und 100\u20ac von der Volksbank Mittweida f\u00fcr die 1. Klasse unserer Grundschule anzunehmen.<\/p>\n\n\n\n<div style=\"height:53px\" aria-hidden=\"true\" class=\"wp-block-spacer\"><\/div>\n","protected":false},"excerpt":{"rendered":"<p>Beschl\u00fcsse 2022 Beschluss Nr. 22\/2022Vorlage Nr. 25\/2022 Der Gemeinderat beschlie\u00dft, den Zuschlag der Bauleistung &#8211; Instandsetzung Vorplatz FFW Greifendorf &#8211; an die Firma Walter Stra\u00dfenbau KG, Waldheimer Stra\u00dfe 76A, 09661 Striegistal\/Etzdorf, zu einem Preis von 37.759,06 Euro brutto zu erteilen. Beschluss Nr. 21\/2022Vorlage Nr. 22\/2022 Der Gemeinderat der Gemeinde Rossau beschlie\u00dft, den Zuschlag der Bauleistung [&hellip;]<\/p>\n","protected":false},"author":4,"featured_media":1105,"parent":0,"menu_order":0,"comment_status":"closed","ping_status":"closed","template":"","meta":{"_expiration-date-status":"","_expiration-date":0,"_expiration-date-type":"","_expiration-date-categories":[],"_expiration-date-options":[],"_links_to":"","_links_to_target":""},"acf":[],"yoast_head":"<!-- This site is optimized with the Yoast SEO plugin v19.13 - https:\/\/yoast.com\/wordpress\/plugins\/seo\/ -->\n<title>Beschl\u00fcsse 2022 | Gemeindeverwaltung Rossau<\/title>\n<meta name=\"robots\" content=\"index, follow, max-snippet:-1, max-image-preview:large, max-video-preview:-1\" \/>\n<link rel=\"canonical\" href=\"https:\/\/www.gemeinde-rossau.de\/index.php\/beschluesse-2022\/\" \/>\n<meta property=\"og:locale\" content=\"de_DE\" \/>\n<meta property=\"og:type\" content=\"article\" \/>\n<meta property=\"og:title\" content=\"Beschl\u00fcsse 2022 | Gemeindeverwaltung Rossau\" \/>\n<meta property=\"og:description\" content=\"Beschl\u00fcsse 2022 Beschluss Nr. 22\/2022Vorlage Nr. 25\/2022 Der Gemeinderat beschlie\u00dft, den Zuschlag der Bauleistung &#8211; Instandsetzung Vorplatz FFW Greifendorf &#8211; an die Firma Walter Stra\u00dfenbau KG, Waldheimer Stra\u00dfe 76A, 09661 Striegistal\/Etzdorf, zu einem Preis von 37.759,06 Euro brutto zu erteilen. Beschluss Nr. 21\/2022Vorlage Nr. 22\/2022 Der Gemeinderat der Gemeinde Rossau beschlie\u00dft, den Zuschlag der Bauleistung [&hellip;]\" \/>\n<meta property=\"og:url\" content=\"https:\/\/www.gemeinde-rossau.de\/index.php\/beschluesse-2022\/\" \/>\n<meta property=\"og:site_name\" content=\"Gemeindeverwaltung Rossau\" \/>\n<meta property=\"article:modified_time\" content=\"2026-01-28T08:24:05+00:00\" \/>\n<meta property=\"og:image\" content=\"https:\/\/www.gemeinde-rossau.de\/wp-content\/uploads\/2019\/06\/bg-standart.jpg\" \/>\n\t<meta property=\"og:image:width\" content=\"1200\" \/>\n\t<meta property=\"og:image:height\" content=\"675\" \/>\n\t<meta property=\"og:image:type\" content=\"image\/jpeg\" \/>\n<meta name=\"twitter:card\" content=\"summary_large_image\" \/>\n<meta name=\"twitter:label1\" content=\"Gesch\u00e4tzte Lesezeit\" \/>\n\t<meta name=\"twitter:data1\" content=\"4\u00a0Minuten\" \/>\n<script type=\"application\/ld+json\" class=\"yoast-schema-graph\">{\"@context\":\"https:\/\/schema.org\",\"@graph\":[{\"@type\":\"WebPage\",\"@id\":\"https:\/\/www.gemeinde-rossau.de\/index.php\/beschluesse-2022\/\",\"url\":\"https:\/\/www.gemeinde-rossau.de\/index.php\/beschluesse-2022\/\",\"name\":\"Beschl\u00fcsse 2022 | Gemeindeverwaltung Rossau\",\"isPartOf\":{\"@id\":\"https:\/\/www.gemeinde-rossau.de\/#website\"},\"datePublished\":\"2022-02-01T10:11:52+00:00\",\"dateModified\":\"2026-01-28T08:24:05+00:00\",\"breadcrumb\":{\"@id\":\"https:\/\/www.gemeinde-rossau.de\/index.php\/beschluesse-2022\/#breadcrumb\"},\"inLanguage\":\"de\",\"potentialAction\":[{\"@type\":\"ReadAction\",\"target\":[\"https:\/\/www.gemeinde-rossau.de\/index.php\/beschluesse-2022\/\"]}]},{\"@type\":\"BreadcrumbList\",\"@id\":\"https:\/\/www.gemeinde-rossau.de\/index.php\/beschluesse-2022\/#breadcrumb\",\"itemListElement\":[{\"@type\":\"ListItem\",\"position\":1,\"name\":\"Home\",\"item\":\"https:\/\/www.gemeinde-rossau.de\/\"},{\"@type\":\"ListItem\",\"position\":2,\"name\":\"Beschl\u00fcsse 2022\"}]},{\"@type\":\"WebSite\",\"@id\":\"https:\/\/www.gemeinde-rossau.de\/#website\",\"url\":\"https:\/\/www.gemeinde-rossau.de\/\",\"name\":\"Gemeindeverwaltung Rossau\",\"description\":\"Gemeindeverwaltung Rossau\",\"publisher\":{\"@id\":\"https:\/\/www.gemeinde-rossau.de\/#organization\"},\"potentialAction\":[{\"@type\":\"SearchAction\",\"target\":{\"@type\":\"EntryPoint\",\"urlTemplate\":\"https:\/\/www.gemeinde-rossau.de\/?s={search_term_string}\"},\"query-input\":\"required name=search_term_string\"}],\"inLanguage\":\"de\"},{\"@type\":\"Organization\",\"@id\":\"https:\/\/www.gemeinde-rossau.de\/#organization\",\"name\":\"Gemeindeverwaltung Rossau\",\"url\":\"https:\/\/www.gemeinde-rossau.de\/\",\"logo\":{\"@type\":\"ImageObject\",\"inLanguage\":\"de\",\"@id\":\"https:\/\/www.gemeinde-rossau.de\/#\/schema\/logo\/image\/\",\"url\":\"https:\/\/www.gemeinde-rossau.de\/wp-content\/uploads\/2019\/06\/Rossau_Navigation-e1574972262765.png\",\"contentUrl\":\"https:\/\/www.gemeinde-rossau.de\/wp-content\/uploads\/2019\/06\/Rossau_Navigation-e1574972262765.png\",\"width\":76,\"height\":100,\"caption\":\"Gemeindeverwaltung Rossau\"},\"image\":{\"@id\":\"https:\/\/www.gemeinde-rossau.de\/#\/schema\/logo\/image\/\"}}]}<\/script>\n<!-- \/ Yoast SEO plugin. -->","yoast_head_json":{"title":"Beschl\u00fcsse 2022 | Gemeindeverwaltung Rossau","robots":{"index":"index","follow":"follow","max-snippet":"max-snippet:-1","max-image-preview":"max-image-preview:large","max-video-preview":"max-video-preview:-1"},"canonical":"https:\/\/www.gemeinde-rossau.de\/index.php\/beschluesse-2022\/","og_locale":"de_DE","og_type":"article","og_title":"Beschl\u00fcsse 2022 | Gemeindeverwaltung Rossau","og_description":"Beschl\u00fcsse 2022 Beschluss Nr. 22\/2022Vorlage Nr. 25\/2022 Der Gemeinderat beschlie\u00dft, den Zuschlag der Bauleistung &#8211; Instandsetzung Vorplatz FFW Greifendorf &#8211; an die Firma Walter Stra\u00dfenbau KG, Waldheimer Stra\u00dfe 76A, 09661 Striegistal\/Etzdorf, zu einem Preis von 37.759,06 Euro brutto zu erteilen. Beschluss Nr. 21\/2022Vorlage Nr. 22\/2022 Der Gemeinderat der Gemeinde Rossau beschlie\u00dft, den Zuschlag der Bauleistung [&hellip;]","og_url":"https:\/\/www.gemeinde-rossau.de\/index.php\/beschluesse-2022\/","og_site_name":"Gemeindeverwaltung Rossau","article_modified_time":"2026-01-28T08:24:05+00:00","og_image":[{"width":1200,"height":675,"url":"https:\/\/www.gemeinde-rossau.de\/wp-content\/uploads\/2019\/06\/bg-standart.jpg","type":"image\/jpeg"}],"twitter_card":"summary_large_image","twitter_misc":{"Gesch\u00e4tzte Lesezeit":"4\u00a0Minuten"},"schema":{"@context":"https:\/\/schema.org","@graph":[{"@type":"WebPage","@id":"https:\/\/www.gemeinde-rossau.de\/index.php\/beschluesse-2022\/","url":"https:\/\/www.gemeinde-rossau.de\/index.php\/beschluesse-2022\/","name":"Beschl\u00fcsse 2022 | Gemeindeverwaltung Rossau","isPartOf":{"@id":"https:\/\/www.gemeinde-rossau.de\/#website"},"datePublished":"2022-02-01T10:11:52+00:00","dateModified":"2026-01-28T08:24:05+00:00","breadcrumb":{"@id":"https:\/\/www.gemeinde-rossau.de\/index.php\/beschluesse-2022\/#breadcrumb"},"inLanguage":"de","potentialAction":[{"@type":"ReadAction","target":["https:\/\/www.gemeinde-rossau.de\/index.php\/beschluesse-2022\/"]}]},{"@type":"BreadcrumbList","@id":"https:\/\/www.gemeinde-rossau.de\/index.php\/beschluesse-2022\/#breadcrumb","itemListElement":[{"@type":"ListItem","position":1,"name":"Home","item":"https:\/\/www.gemeinde-rossau.de\/"},{"@type":"ListItem","position":2,"name":"Beschl\u00fcsse 2022"}]},{"@type":"WebSite","@id":"https:\/\/www.gemeinde-rossau.de\/#website","url":"https:\/\/www.gemeinde-rossau.de\/","name":"Gemeindeverwaltung Rossau","description":"Gemeindeverwaltung Rossau","publisher":{"@id":"https:\/\/www.gemeinde-rossau.de\/#organization"},"potentialAction":[{"@type":"SearchAction","target":{"@type":"EntryPoint","urlTemplate":"https:\/\/www.gemeinde-rossau.de\/?s={search_term_string}"},"query-input":"required name=search_term_string"}],"inLanguage":"de"},{"@type":"Organization","@id":"https:\/\/www.gemeinde-rossau.de\/#organization","name":"Gemeindeverwaltung Rossau","url":"https:\/\/www.gemeinde-rossau.de\/","logo":{"@type":"ImageObject","inLanguage":"de","@id":"https:\/\/www.gemeinde-rossau.de\/#\/schema\/logo\/image\/","url":"https:\/\/www.gemeinde-rossau.de\/wp-content\/uploads\/2019\/06\/Rossau_Navigation-e1574972262765.png","contentUrl":"https:\/\/www.gemeinde-rossau.de\/wp-content\/uploads\/2019\/06\/Rossau_Navigation-e1574972262765.png","width":76,"height":100,"caption":"Gemeindeverwaltung Rossau"},"image":{"@id":"https:\/\/www.gemeinde-rossau.de\/#\/schema\/logo\/image\/"}}]}},"_links":{"self":[{"href":"https:\/\/www.gemeinde-rossau.de\/index.php\/wp-json\/wp\/v2\/pages\/4722"}],"collection":[{"href":"https:\/\/www.gemeinde-rossau.de\/index.php\/wp-json\/wp\/v2\/pages"}],"about":[{"href":"https:\/\/www.gemeinde-rossau.de\/index.php\/wp-json\/wp\/v2\/types\/page"}],"author":[{"embeddable":true,"href":"https:\/\/www.gemeinde-rossau.de\/index.php\/wp-json\/wp\/v2\/users\/4"}],"replies":[{"embeddable":true,"href":"https:\/\/www.gemeinde-rossau.de\/index.php\/wp-json\/wp\/v2\/comments?post=4722"}],"version-history":[{"count":11,"href":"https:\/\/www.gemeinde-rossau.de\/index.php\/wp-json\/wp\/v2\/pages\/4722\/revisions"}],"predecessor-version":[{"id":5237,"href":"https:\/\/www.gemeinde-rossau.de\/index.php\/wp-json\/wp\/v2\/pages\/4722\/revisions\/5237"}],"wp:featuredmedia":[{"embeddable":true,"href":"https:\/\/www.gemeinde-rossau.de\/index.php\/wp-json\/wp\/v2\/media\/1105"}],"wp:attachment":[{"href":"https:\/\/www.gemeinde-rossau.de\/index.php\/wp-json\/wp\/v2\/media?parent=4722"}],"curies":[{"name":"wp","href":"https:\/\/api.w.org\/{rel}","templated":true}]}}