{"id":4690,"date":"2022-01-21T11:19:20","date_gmt":"2022-01-21T10:19:20","guid":{"rendered":"https:\/\/www.gemeinde-rossau.de\/?page_id=4690"},"modified":"2022-01-21T11:19:21","modified_gmt":"2022-01-21T10:19:21","slug":"begriffe-zum-thema-breitband","status":"publish","type":"page","link":"https:\/\/www.gemeinde-rossau.de\/index.php\/begriffe-zum-thema-breitband\/","title":{"rendered":"Begriffe zum Thema Breitband"},"content":{"rendered":"\n<h2 class=\"wp-block-heading\">Begriffe zum Thema Breitband<\/h2>\n\n\n\n<div style=\"height:20px\" aria-hidden=\"true\" class=\"wp-block-spacer\"><\/div>\n\n\n\n<p><strong>Cluster C<\/strong><\/p>\n\n\n\n<p><strong>= <\/strong>Gemeinde Lichtenau, Gemeinde Altmittweida und Gemeinde Rossau<\/p>\n\n\n\n<p><strong>Trasse<\/strong><\/p>\n\n\n\n<p>= Leitung der Breitbandkabel<\/p>\n\n\n\n<p><strong>Wei\u00dfer Punkt<\/strong><\/p>\n\n\n\n<p>= Haushalt mit einer anliegend Bandbreite von weniger als 30 Mbit\/s und kein eigenwirtschaftlicher Ausbau durch Telekommunikationsunternehmen<\/p>\n\n\n\n<p>= f\u00f6rderf\u00e4hig<\/p>\n\n\n\n<p>= wurden aktuell angeschrieben<\/p>\n\n\n\n<p><strong>Vortriebspunkt<\/strong><\/p>\n\n\n\n<p>= Objektive Kriterien des F\u00f6rdergebers nicht erf\u00fcllt, aber direkt an der zuk\u00fcnftigen Glasfasertrasse anliegend &#8211; d.h. ein Nachbar linkerhand von mir bekommt einen gef\u00f6rderten Anschluss und ein Nachbar rechterhand von mir bekommt einen gef\u00f6rderten Anschluss. Die Trasse verl\u00e4uft also vor mir in der Stra\u00dfe und es ist durch wenige Kosten und geringen Aufwand machbar, mein Haus mit anzuschlie\u00dfen.<\/p>\n\n\n\n<p>= werden im n\u00e4chsten Schritt angeschrieben<\/p>\n\n\n\n<p>= die Adressen sind aktuell schon bei eins findbar, aber mit einem Eigenkostenanteil von knapp 800\u20ac veranschlagt<\/p>\n\n\n\n<p><strong>Grauer Punkt<\/strong><\/p>\n\n\n\n<p>= Haushalt mit einer anliegenden Brandbreite von mehr als 30 Mbit\/s und weniger als 100 Mbit\/s<\/p>\n\n\n\n<p><strong>Eigenausbau durch aktuellen Netzbetreiber<\/strong><\/p>\n\n\n\n<p>= Der vorherrschende Telekommunikationsunternehmen (in den meisten F\u00e4llen die Telekom) hat im Markterkundungsverfahren angegeben, den Bereich selbst mit Breitband auszubauen. Somit ist es nicht m\u00f6glich, diese Punkte in den Ausbauplan des Landratsamtes aufzunehmen (f\u00f6rdermittelgef\u00e4hrdend).<\/p>\n\n\n\n<p><strong>Markterkundungsverfahren<\/strong><\/p>\n\n\n\n<p>= Abfrage bei allen Telekommunikationsunternehmen, welche Bandbreite am jeweiligen Haus anliegt bzw. ob ein Eigenausbau geplant ist.<\/p>\n","protected":false},"excerpt":{"rendered":"<p>Begriffe zum Thema Breitband Cluster C = Gemeinde Lichtenau, Gemeinde Altmittweida und Gemeinde Rossau Trasse = Leitung der Breitbandkabel Wei\u00dfer Punkt = Haushalt mit einer anliegend Bandbreite von weniger als 30 Mbit\/s und kein eigenwirtschaftlicher Ausbau durch Telekommunikationsunternehmen = f\u00f6rderf\u00e4hig = wurden aktuell angeschrieben Vortriebspunkt = Objektive Kriterien des F\u00f6rdergebers nicht erf\u00fcllt, aber direkt an [&hellip;]<\/p>\n","protected":false},"author":4,"featured_media":4277,"parent":0,"menu_order":0,"comment_status":"closed","ping_status":"closed","template":"","meta":{"_expiration-date-status":"","_expiration-date":0,"_expiration-date-type":"","_expiration-date-categories":[],"_expiration-date-options":[],"_links_to":"","_links_to_target":""},"acf":[],"yoast_head":"<!-- This site is optimized with the Yoast SEO plugin v19.13 - https:\/\/yoast.com\/wordpress\/plugins\/seo\/ -->\n<title>Begriffe zum Thema Breitband | Gemeindeverwaltung Rossau<\/title>\n<meta name=\"robots\" content=\"index, follow, max-snippet:-1, max-image-preview:large, max-video-preview:-1\" \/>\n<link rel=\"canonical\" href=\"https:\/\/www.gemeinde-rossau.de\/index.php\/begriffe-zum-thema-breitband\/\" \/>\n<meta property=\"og:locale\" content=\"de_DE\" \/>\n<meta property=\"og:type\" content=\"article\" \/>\n<meta property=\"og:title\" content=\"Begriffe zum Thema Breitband | Gemeindeverwaltung Rossau\" \/>\n<meta property=\"og:description\" content=\"Begriffe zum Thema Breitband Cluster C = Gemeinde Lichtenau, Gemeinde Altmittweida und Gemeinde Rossau Trasse = Leitung der Breitbandkabel Wei\u00dfer Punkt = Haushalt mit einer anliegend Bandbreite von weniger als 30 Mbit\/s und kein eigenwirtschaftlicher Ausbau durch Telekommunikationsunternehmen = f\u00f6rderf\u00e4hig = wurden aktuell angeschrieben Vortriebspunkt = Objektive Kriterien des F\u00f6rdergebers nicht erf\u00fcllt, aber direkt an [&hellip;]\" \/>\n<meta property=\"og:url\" content=\"https:\/\/www.gemeinde-rossau.de\/index.php\/begriffe-zum-thema-breitband\/\" \/>\n<meta property=\"og:site_name\" content=\"Gemeindeverwaltung Rossau\" \/>\n<meta property=\"article:modified_time\" content=\"2022-01-21T10:19:21+00:00\" \/>\n<meta name=\"twitter:card\" content=\"summary_large_image\" \/>\n<meta name=\"twitter:label1\" content=\"Gesch\u00e4tzte Lesezeit\" \/>\n\t<meta name=\"twitter:data1\" content=\"2\u00a0Minuten\" \/>\n<script type=\"application\/ld+json\" class=\"yoast-schema-graph\">{\"@context\":\"https:\/\/schema.org\",\"@graph\":[{\"@type\":\"WebPage\",\"@id\":\"https:\/\/www.gemeinde-rossau.de\/index.php\/begriffe-zum-thema-breitband\/\",\"url\":\"https:\/\/www.gemeinde-rossau.de\/index.php\/begriffe-zum-thema-breitband\/\",\"name\":\"Begriffe zum Thema Breitband | Gemeindeverwaltung Rossau\",\"isPartOf\":{\"@id\":\"https:\/\/www.gemeinde-rossau.de\/#website\"},\"datePublished\":\"2022-01-21T10:19:20+00:00\",\"dateModified\":\"2022-01-21T10:19:21+00:00\",\"breadcrumb\":{\"@id\":\"https:\/\/www.gemeinde-rossau.de\/index.php\/begriffe-zum-thema-breitband\/#breadcrumb\"},\"inLanguage\":\"de\",\"potentialAction\":[{\"@type\":\"ReadAction\",\"target\":[\"https:\/\/www.gemeinde-rossau.de\/index.php\/begriffe-zum-thema-breitband\/\"]}]},{\"@type\":\"BreadcrumbList\",\"@id\":\"https:\/\/www.gemeinde-rossau.de\/index.php\/begriffe-zum-thema-breitband\/#breadcrumb\",\"itemListElement\":[{\"@type\":\"ListItem\",\"position\":1,\"name\":\"Home\",\"item\":\"https:\/\/www.gemeinde-rossau.de\/\"},{\"@type\":\"ListItem\",\"position\":2,\"name\":\"Begriffe zum Thema Breitband\"}]},{\"@type\":\"WebSite\",\"@id\":\"https:\/\/www.gemeinde-rossau.de\/#website\",\"url\":\"https:\/\/www.gemeinde-rossau.de\/\",\"name\":\"Gemeindeverwaltung Rossau\",\"description\":\"Gemeindeverwaltung Rossau\",\"publisher\":{\"@id\":\"https:\/\/www.gemeinde-rossau.de\/#organization\"},\"potentialAction\":[{\"@type\":\"SearchAction\",\"target\":{\"@type\":\"EntryPoint\",\"urlTemplate\":\"https:\/\/www.gemeinde-rossau.de\/?s={search_term_string}\"},\"query-input\":\"required name=search_term_string\"}],\"inLanguage\":\"de\"},{\"@type\":\"Organization\",\"@id\":\"https:\/\/www.gemeinde-rossau.de\/#organization\",\"name\":\"Gemeindeverwaltung Rossau\",\"url\":\"https:\/\/www.gemeinde-rossau.de\/\",\"logo\":{\"@type\":\"ImageObject\",\"inLanguage\":\"de\",\"@id\":\"https:\/\/www.gemeinde-rossau.de\/#\/schema\/logo\/image\/\",\"url\":\"https:\/\/www.gemeinde-rossau.de\/wp-content\/uploads\/2019\/06\/Rossau_Navigation-e1574972262765.png\",\"contentUrl\":\"https:\/\/www.gemeinde-rossau.de\/wp-content\/uploads\/2019\/06\/Rossau_Navigation-e1574972262765.png\",\"width\":76,\"height\":100,\"caption\":\"Gemeindeverwaltung Rossau\"},\"image\":{\"@id\":\"https:\/\/www.gemeinde-rossau.de\/#\/schema\/logo\/image\/\"}}]}<\/script>\n<!-- \/ Yoast SEO plugin. -->","yoast_head_json":{"title":"Begriffe zum Thema Breitband | Gemeindeverwaltung Rossau","robots":{"index":"index","follow":"follow","max-snippet":"max-snippet:-1","max-image-preview":"max-image-preview:large","max-video-preview":"max-video-preview:-1"},"canonical":"https:\/\/www.gemeinde-rossau.de\/index.php\/begriffe-zum-thema-breitband\/","og_locale":"de_DE","og_type":"article","og_title":"Begriffe zum Thema Breitband | Gemeindeverwaltung Rossau","og_description":"Begriffe zum Thema Breitband Cluster C = Gemeinde Lichtenau, Gemeinde Altmittweida und Gemeinde Rossau Trasse = Leitung der Breitbandkabel Wei\u00dfer Punkt = Haushalt mit einer anliegend Bandbreite von weniger als 30 Mbit\/s und kein eigenwirtschaftlicher Ausbau durch Telekommunikationsunternehmen = f\u00f6rderf\u00e4hig = wurden aktuell angeschrieben Vortriebspunkt = Objektive Kriterien des F\u00f6rdergebers nicht erf\u00fcllt, aber direkt an [&hellip;]","og_url":"https:\/\/www.gemeinde-rossau.de\/index.php\/begriffe-zum-thema-breitband\/","og_site_name":"Gemeindeverwaltung Rossau","article_modified_time":"2022-01-21T10:19:21+00:00","twitter_card":"summary_large_image","twitter_misc":{"Gesch\u00e4tzte Lesezeit":"2\u00a0Minuten"},"schema":{"@context":"https:\/\/schema.org","@graph":[{"@type":"WebPage","@id":"https:\/\/www.gemeinde-rossau.de\/index.php\/begriffe-zum-thema-breitband\/","url":"https:\/\/www.gemeinde-rossau.de\/index.php\/begriffe-zum-thema-breitband\/","name":"Begriffe zum Thema Breitband | Gemeindeverwaltung Rossau","isPartOf":{"@id":"https:\/\/www.gemeinde-rossau.de\/#website"},"datePublished":"2022-01-21T10:19:20+00:00","dateModified":"2022-01-21T10:19:21+00:00","breadcrumb":{"@id":"https:\/\/www.gemeinde-rossau.de\/index.php\/begriffe-zum-thema-breitband\/#breadcrumb"},"inLanguage":"de","potentialAction":[{"@type":"ReadAction","target":["https:\/\/www.gemeinde-rossau.de\/index.php\/begriffe-zum-thema-breitband\/"]}]},{"@type":"BreadcrumbList","@id":"https:\/\/www.gemeinde-rossau.de\/index.php\/begriffe-zum-thema-breitband\/#breadcrumb","itemListElement":[{"@type":"ListItem","position":1,"name":"Home","item":"https:\/\/www.gemeinde-rossau.de\/"},{"@type":"ListItem","position":2,"name":"Begriffe zum Thema Breitband"}]},{"@type":"WebSite","@id":"https:\/\/www.gemeinde-rossau.de\/#website","url":"https:\/\/www.gemeinde-rossau.de\/","name":"Gemeindeverwaltung Rossau","description":"Gemeindeverwaltung Rossau","publisher":{"@id":"https:\/\/www.gemeinde-rossau.de\/#organization"},"potentialAction":[{"@type":"SearchAction","target":{"@type":"EntryPoint","urlTemplate":"https:\/\/www.gemeinde-rossau.de\/?s={search_term_string}"},"query-input":"required name=search_term_string"}],"inLanguage":"de"},{"@type":"Organization","@id":"https:\/\/www.gemeinde-rossau.de\/#organization","name":"Gemeindeverwaltung Rossau","url":"https:\/\/www.gemeinde-rossau.de\/","logo":{"@type":"ImageObject","inLanguage":"de","@id":"https:\/\/www.gemeinde-rossau.de\/#\/schema\/logo\/image\/","url":"https:\/\/www.gemeinde-rossau.de\/wp-content\/uploads\/2019\/06\/Rossau_Navigation-e1574972262765.png","contentUrl":"https:\/\/www.gemeinde-rossau.de\/wp-content\/uploads\/2019\/06\/Rossau_Navigation-e1574972262765.png","width":76,"height":100,"caption":"Gemeindeverwaltung Rossau"},"image":{"@id":"https:\/\/www.gemeinde-rossau.de\/#\/schema\/logo\/image\/"}}]}},"_links":{"self":[{"href":"https:\/\/www.gemeinde-rossau.de\/index.php\/wp-json\/wp\/v2\/pages\/4690"}],"collection":[{"href":"https:\/\/www.gemeinde-rossau.de\/index.php\/wp-json\/wp\/v2\/pages"}],"about":[{"href":"https:\/\/www.gemeinde-rossau.de\/index.php\/wp-json\/wp\/v2\/types\/page"}],"author":[{"embeddable":true,"href":"https:\/\/www.gemeinde-rossau.de\/index.php\/wp-json\/wp\/v2\/users\/4"}],"replies":[{"embeddable":true,"href":"https:\/\/www.gemeinde-rossau.de\/index.php\/wp-json\/wp\/v2\/comments?post=4690"}],"version-history":[{"count":3,"href":"https:\/\/www.gemeinde-rossau.de\/index.php\/wp-json\/wp\/v2\/pages\/4690\/revisions"}],"predecessor-version":[{"id":4694,"href":"https:\/\/www.gemeinde-rossau.de\/index.php\/wp-json\/wp\/v2\/pages\/4690\/revisions\/4694"}],"wp:featuredmedia":[{"embeddable":true,"href":"https:\/\/www.gemeinde-rossau.de\/index.php\/wp-json\/wp\/v2\/media\/4277"}],"wp:attachment":[{"href":"https:\/\/www.gemeinde-rossau.de\/index.php\/wp-json\/wp\/v2\/media?parent=4690"}],"curies":[{"name":"wp","href":"https:\/\/api.w.org\/{rel}","templated":true}]}}