{"id":4685,"date":"2022-01-21T11:12:19","date_gmt":"2022-01-21T10:12:19","guid":{"rendered":"https:\/\/www.gemeinde-rossau.de\/?page_id=4685"},"modified":"2022-02-10T13:43:08","modified_gmt":"2022-02-10T12:43:08","slug":"breitband-faq-fragen-und-antworten","status":"publish","type":"page","link":"https:\/\/www.gemeinde-rossau.de\/index.php\/breitband-faq-fragen-und-antworten\/","title":{"rendered":"Breitband FAQ &#8211; Fragen und Antworten"},"content":{"rendered":"\n<h2 class=\"wp-block-heading\">Breitband FAQ &#8211; Fragen und Antworten<\/h2>\n\n\n\n<div style=\"height:20px\" aria-hidden=\"true\" class=\"wp-block-spacer\"><\/div>\n\n\n\n<p>Bitte beachten Sie auch die FAQ\u00b4s zum Breitband unter<strong><em>&nbsp;<\/em><\/strong><a href=\"https:\/\/www.landkreis-mittelsachsen.de\/das-amt\/projekte\/breitband.html\"><strong><em>https:\/\/www.landkreis-mittelsachsen.de\/das-amt\/projekte\/breitband.html<\/em><\/strong><\/a><strong><em> sowie <\/em><\/strong><a href=\"https:\/\/www.eins.de\/privatkunden\/internet\/glasfaser-ausbau\/\"><strong><em>https:\/\/www.eins.de\/privatkunden\/internet\/glasfaser-ausbau\/<\/em><\/strong><\/a><\/p>\n\n\n\n<ul><li>Was unterschreibe ich mit der Gestattung? \/ Wozu gebe ich meine Zustimmung?<ul><li>Mit der Gestattung teile ich aktuell lediglich mein Interesse an einem Breitbandanschluss mit.<\/li><li>Ich habe noch keinen Vertrag unterschrieben!<\/li><\/ul><\/li><\/ul>\n\n\n\n<div style=\"height:20px\" aria-hidden=\"true\" class=\"wp-block-spacer\"><\/div>\n\n\n\n<ul><li>Wie geht es danach weiter?<ul><li>Die eins wertet die Gestattungen aus und jeder Haushalt bekommt sein individuelles \u201eAngebot\u201c.<\/li><li>Trassen werden daraufhin fest geplant.<\/li><\/ul><\/li><\/ul>\n\n\n\n<div style=\"height:20px\" aria-hidden=\"true\" class=\"wp-block-spacer\"><\/div>\n\n\n\n<ul><li>Wo gehen denn die \u201eKabel\u201c lang? \/ Wo verlaufen die Trassen?<ul><li>Im Einzelfall kann dies das Landratsamt pr\u00fcfen. Aktuell sind die vorliegenden Pl\u00e4ne aber nur Entw\u00fcrfe und nicht zu 100 % bindend. Es ist ein Prozess, der w\u00e4chst.<\/li><li>In jedem Falle wird es mit jedem Grundst\u00fcckseigent\u00fcmer ein Vor-Ort-Gespr\u00e4ch geben, bei welchem die genauen Details im Rahmen eines Verlegekonzeptes besprochen werden.<\/li><\/ul><\/li><\/ul>\n\n\n\n<div style=\"height:20px\" aria-hidden=\"true\" class=\"wp-block-spacer\"><\/div>\n\n\n\n<ul><li>Warum soll mein Anschluss nicht f\u00f6rderf\u00e4hig sein?<ul><li>Zum einen kann es daran liegen, dass Sie bereits mehr als 30 Mbit\/s anliegen haben.<\/li><li>Zum anderen kann es daran liegen, dass der jetzige Kabelbetreiber (z.B. die Telekom oder Vodafone) einen Eigenausbau f\u00fcr Ihren Bereich vorgesehen hat.<\/li><\/ul><\/li><\/ul>\n\n\n\n<div style=\"height:20px\" aria-hidden=\"true\" class=\"wp-block-spacer\"><\/div>\n\n\n\n<ul><li>Eine weitere M\u00f6glichkeit besteht, indem man auf der Seite der Bundesnetzagentur <a href=\"https:\/\/www.breitbandmessung.de\/\">https:\/\/www.breitbandmessung.de\/<\/a> seine Leistung des Internetzuganges \u00fcberpr\u00fcft. Dies macht man an mehreren Tagen, speichert seine Ergebnisse und wenn man feststellt, dass man unter den 30 Mbit\/s liegt, kann man dies an <a href=\"mailto:clusterc.breitband@landkreis-mittelsachsen\">clusterc.breitband@landkreis-mittelsachsen<\/a> mit der Bitte um Pr\u00fcfung der F\u00f6rderf\u00e4higkeit senden.<\/li><\/ul>\n\n\n\n<div style=\"height:20px\" aria-hidden=\"true\" class=\"wp-block-spacer\"><\/div>\n\n\n\n<ul><li>Der Ausbau von eins\u2026<\/li><\/ul>\n\n\n\n<div style=\"height:10px\" aria-hidden=\"true\" class=\"wp-block-spacer\"><\/div>\n\n\n\n<p>\u2026 soll drittanbieterneutral erfolgen, d.h. jeder Anschluss bekommt sein eigenes \u201eKabel\u201c.<\/p>\n\n\n\n<p>\u2026 soll so erfolgen, dass sp\u00e4tere Anschl\u00fcsse m\u00f6glich sind \u2013 F\u00f6rdermittelabh\u00e4ngig.<\/p>\n\n\n\n<p>\u2026soll in R\u00fccksprache mit dem jeweiligen Grundst\u00fcckseigent\u00fcmer erfolgen.<\/p>\n\n\n\n<div style=\"height:20px\" aria-hidden=\"true\" class=\"wp-block-spacer\"><\/div>\n\n\n\n<p><strong><em>Kosten<\/em><\/strong><\/p>\n\n\n\n<p>Bitte wenden Sie sich diesbez\u00fcglich direkt an die eins energie.<\/p>\n\n\n\n<div style=\"height:20px\" aria-hidden=\"true\" class=\"wp-block-spacer\"><\/div>\n\n\n\n<p><strong><em>Nachfragen an:<\/em><\/strong><\/p>\n\n\n\n<p>Landratsamt Mittelsachsen&nbsp;&nbsp;&nbsp;&nbsp;&nbsp;&nbsp;&nbsp; &#8211; &nbsp;&nbsp;&nbsp;&nbsp;&nbsp;&nbsp;&nbsp;&nbsp;&nbsp;&nbsp;&nbsp;&nbsp; Koordination des Breitbandausbaus<\/p>\n\n\n\n<ul><li>Festlegung der F\u00f6rderf\u00e4higkeit<\/li><li>Trassenlegung<\/li><li>Organisatorisches<\/li><\/ul>\n\n\n\n<p><a href=\"mailto:clusterc.breitband@landkreis-mittelsachsen.de\">clusterc.breitband@landkreis-mittelsachsen.de<\/a><\/p>\n\n\n\n<p>eins energie sachsen GmbH&nbsp;&nbsp;&nbsp;&nbsp;&nbsp;&nbsp; &#8211;&nbsp;&nbsp;&nbsp;&nbsp;&nbsp;&nbsp;&nbsp;&nbsp;&nbsp;&nbsp;&nbsp;&nbsp;&nbsp; Ausbaubeauftragtes Unternehmen<\/p>\n\n\n\n<ul><li>Gestattungsvertr\u00e4ge<\/li><li>Kosten des Anschlusses<\/li><li>Trassenlegung<\/li><li>Ausbau vor Ort<\/li><li>Zeitplan<\/li><\/ul>\n\n\n\n<p><a href=\"mailto:breitband@eins.de\">breitband@eins.de<\/a><\/p>\n\n\n\n<p>Hotline: 0371\/ 525 5555<\/p>\n\n\n\n<p><strong><em>Links<\/em><\/strong><\/p>\n\n\n\n<p><a href=\"https:\/\/www.landkreis-mittelsachsen.de\/das-amt\/neuigkeiten\/informationen-zu-den-breitbandausbauprojekten-in-den-clustern-b-bis-f.html\">https:\/\/www.landkreis-mittelsachsen.de\/das-amt\/neuigkeiten\/informationen-zu-den-breitbandausbauprojekten-in-den-clustern-b-bis-f.html<\/a><br><a href=\"https:\/\/www.eins.de\/ueber-eins\/presse\/\">https:\/\/www.eins.de\/ueber-eins\/presse\/<\/a> <br><a href=\"https:\/\/www.eins.de\/ueber_eins\/presse\/presseinformationen\/eins-bietet-weitere-informationen-zu-breitband-gestattungsgenehmigungen-in-mittelsachsen\/\">https:\/\/www.eins.de\/ueber_eins\/presse\/presseinformationen\/eins-bietet-weitere-informationen-zu-breitband-gestattungsgenehmigungen-in-mittelsachsen\/<\/a><\/p>\n","protected":false},"excerpt":{"rendered":"<p>Breitband FAQ &#8211; Fragen und Antworten Bitte beachten Sie auch die FAQ\u00b4s zum Breitband unter&nbsp;https:\/\/www.landkreis-mittelsachsen.de\/das-amt\/projekte\/breitband.html sowie https:\/\/www.eins.de\/privatkunden\/internet\/glasfaser-ausbau\/ Was unterschreibe ich mit der Gestattung? \/ Wozu gebe ich meine Zustimmung? Mit der Gestattung teile ich aktuell lediglich mein Interesse an einem Breitbandanschluss mit. Ich habe noch keinen Vertrag unterschrieben! Wie geht es danach weiter? Die eins [&hellip;]<\/p>\n","protected":false},"author":4,"featured_media":4277,"parent":0,"menu_order":0,"comment_status":"closed","ping_status":"closed","template":"","meta":{"_expiration-date-status":"","_expiration-date":0,"_expiration-date-type":"","_expiration-date-categories":[],"_expiration-date-options":[],"_links_to":"","_links_to_target":""},"acf":[],"yoast_head":"<!-- This site is optimized with the Yoast SEO plugin v19.13 - https:\/\/yoast.com\/wordpress\/plugins\/seo\/ -->\n<title>Breitband FAQ - Fragen und Antworten | Gemeindeverwaltung Rossau<\/title>\n<meta name=\"robots\" content=\"index, follow, max-snippet:-1, max-image-preview:large, max-video-preview:-1\" \/>\n<link rel=\"canonical\" href=\"https:\/\/www.gemeinde-rossau.de\/index.php\/breitband-faq-fragen-und-antworten\/\" \/>\n<meta property=\"og:locale\" content=\"de_DE\" \/>\n<meta property=\"og:type\" content=\"article\" \/>\n<meta property=\"og:title\" content=\"Breitband FAQ - Fragen und Antworten | Gemeindeverwaltung Rossau\" \/>\n<meta property=\"og:description\" content=\"Breitband FAQ &#8211; Fragen und Antworten Bitte beachten Sie auch die FAQ\u00b4s zum Breitband unter&nbsp;https:\/\/www.landkreis-mittelsachsen.de\/das-amt\/projekte\/breitband.html sowie https:\/\/www.eins.de\/privatkunden\/internet\/glasfaser-ausbau\/ Was unterschreibe ich mit der Gestattung? \/ Wozu gebe ich meine Zustimmung? Mit der Gestattung teile ich aktuell lediglich mein Interesse an einem Breitbandanschluss mit. Ich habe noch keinen Vertrag unterschrieben! Wie geht es danach weiter? Die eins [&hellip;]\" \/>\n<meta property=\"og:url\" content=\"https:\/\/www.gemeinde-rossau.de\/index.php\/breitband-faq-fragen-und-antworten\/\" \/>\n<meta property=\"og:site_name\" content=\"Gemeindeverwaltung Rossau\" \/>\n<meta property=\"article:modified_time\" content=\"2022-02-10T12:43:08+00:00\" \/>\n<meta name=\"twitter:card\" content=\"summary_large_image\" \/>\n<meta name=\"twitter:label1\" content=\"Gesch\u00e4tzte Lesezeit\" \/>\n\t<meta name=\"twitter:data1\" content=\"2\u00a0Minuten\" \/>\n<script type=\"application\/ld+json\" class=\"yoast-schema-graph\">{\"@context\":\"https:\/\/schema.org\",\"@graph\":[{\"@type\":\"WebPage\",\"@id\":\"https:\/\/www.gemeinde-rossau.de\/index.php\/breitband-faq-fragen-und-antworten\/\",\"url\":\"https:\/\/www.gemeinde-rossau.de\/index.php\/breitband-faq-fragen-und-antworten\/\",\"name\":\"Breitband FAQ - Fragen und Antworten | Gemeindeverwaltung Rossau\",\"isPartOf\":{\"@id\":\"https:\/\/www.gemeinde-rossau.de\/#website\"},\"datePublished\":\"2022-01-21T10:12:19+00:00\",\"dateModified\":\"2022-02-10T12:43:08+00:00\",\"breadcrumb\":{\"@id\":\"https:\/\/www.gemeinde-rossau.de\/index.php\/breitband-faq-fragen-und-antworten\/#breadcrumb\"},\"inLanguage\":\"de\",\"potentialAction\":[{\"@type\":\"ReadAction\",\"target\":[\"https:\/\/www.gemeinde-rossau.de\/index.php\/breitband-faq-fragen-und-antworten\/\"]}]},{\"@type\":\"BreadcrumbList\",\"@id\":\"https:\/\/www.gemeinde-rossau.de\/index.php\/breitband-faq-fragen-und-antworten\/#breadcrumb\",\"itemListElement\":[{\"@type\":\"ListItem\",\"position\":1,\"name\":\"Home\",\"item\":\"https:\/\/www.gemeinde-rossau.de\/\"},{\"@type\":\"ListItem\",\"position\":2,\"name\":\"Breitband FAQ &#8211; Fragen und Antworten\"}]},{\"@type\":\"WebSite\",\"@id\":\"https:\/\/www.gemeinde-rossau.de\/#website\",\"url\":\"https:\/\/www.gemeinde-rossau.de\/\",\"name\":\"Gemeindeverwaltung Rossau\",\"description\":\"Gemeindeverwaltung Rossau\",\"publisher\":{\"@id\":\"https:\/\/www.gemeinde-rossau.de\/#organization\"},\"potentialAction\":[{\"@type\":\"SearchAction\",\"target\":{\"@type\":\"EntryPoint\",\"urlTemplate\":\"https:\/\/www.gemeinde-rossau.de\/?s={search_term_string}\"},\"query-input\":\"required name=search_term_string\"}],\"inLanguage\":\"de\"},{\"@type\":\"Organization\",\"@id\":\"https:\/\/www.gemeinde-rossau.de\/#organization\",\"name\":\"Gemeindeverwaltung Rossau\",\"url\":\"https:\/\/www.gemeinde-rossau.de\/\",\"logo\":{\"@type\":\"ImageObject\",\"inLanguage\":\"de\",\"@id\":\"https:\/\/www.gemeinde-rossau.de\/#\/schema\/logo\/image\/\",\"url\":\"https:\/\/www.gemeinde-rossau.de\/wp-content\/uploads\/2019\/06\/Rossau_Navigation-e1574972262765.png\",\"contentUrl\":\"https:\/\/www.gemeinde-rossau.de\/wp-content\/uploads\/2019\/06\/Rossau_Navigation-e1574972262765.png\",\"width\":76,\"height\":100,\"caption\":\"Gemeindeverwaltung Rossau\"},\"image\":{\"@id\":\"https:\/\/www.gemeinde-rossau.de\/#\/schema\/logo\/image\/\"}}]}<\/script>\n<!-- \/ Yoast SEO plugin. -->","yoast_head_json":{"title":"Breitband FAQ - Fragen und Antworten | Gemeindeverwaltung Rossau","robots":{"index":"index","follow":"follow","max-snippet":"max-snippet:-1","max-image-preview":"max-image-preview:large","max-video-preview":"max-video-preview:-1"},"canonical":"https:\/\/www.gemeinde-rossau.de\/index.php\/breitband-faq-fragen-und-antworten\/","og_locale":"de_DE","og_type":"article","og_title":"Breitband FAQ - Fragen und Antworten | Gemeindeverwaltung Rossau","og_description":"Breitband FAQ &#8211; Fragen und Antworten Bitte beachten Sie auch die FAQ\u00b4s zum Breitband unter&nbsp;https:\/\/www.landkreis-mittelsachsen.de\/das-amt\/projekte\/breitband.html sowie https:\/\/www.eins.de\/privatkunden\/internet\/glasfaser-ausbau\/ Was unterschreibe ich mit der Gestattung? \/ Wozu gebe ich meine Zustimmung? Mit der Gestattung teile ich aktuell lediglich mein Interesse an einem Breitbandanschluss mit. Ich habe noch keinen Vertrag unterschrieben! Wie geht es danach weiter? Die eins [&hellip;]","og_url":"https:\/\/www.gemeinde-rossau.de\/index.php\/breitband-faq-fragen-und-antworten\/","og_site_name":"Gemeindeverwaltung Rossau","article_modified_time":"2022-02-10T12:43:08+00:00","twitter_card":"summary_large_image","twitter_misc":{"Gesch\u00e4tzte Lesezeit":"2\u00a0Minuten"},"schema":{"@context":"https:\/\/schema.org","@graph":[{"@type":"WebPage","@id":"https:\/\/www.gemeinde-rossau.de\/index.php\/breitband-faq-fragen-und-antworten\/","url":"https:\/\/www.gemeinde-rossau.de\/index.php\/breitband-faq-fragen-und-antworten\/","name":"Breitband FAQ - Fragen und Antworten | Gemeindeverwaltung Rossau","isPartOf":{"@id":"https:\/\/www.gemeinde-rossau.de\/#website"},"datePublished":"2022-01-21T10:12:19+00:00","dateModified":"2022-02-10T12:43:08+00:00","breadcrumb":{"@id":"https:\/\/www.gemeinde-rossau.de\/index.php\/breitband-faq-fragen-und-antworten\/#breadcrumb"},"inLanguage":"de","potentialAction":[{"@type":"ReadAction","target":["https:\/\/www.gemeinde-rossau.de\/index.php\/breitband-faq-fragen-und-antworten\/"]}]},{"@type":"BreadcrumbList","@id":"https:\/\/www.gemeinde-rossau.de\/index.php\/breitband-faq-fragen-und-antworten\/#breadcrumb","itemListElement":[{"@type":"ListItem","position":1,"name":"Home","item":"https:\/\/www.gemeinde-rossau.de\/"},{"@type":"ListItem","position":2,"name":"Breitband FAQ &#8211; Fragen und Antworten"}]},{"@type":"WebSite","@id":"https:\/\/www.gemeinde-rossau.de\/#website","url":"https:\/\/www.gemeinde-rossau.de\/","name":"Gemeindeverwaltung Rossau","description":"Gemeindeverwaltung Rossau","publisher":{"@id":"https:\/\/www.gemeinde-rossau.de\/#organization"},"potentialAction":[{"@type":"SearchAction","target":{"@type":"EntryPoint","urlTemplate":"https:\/\/www.gemeinde-rossau.de\/?s={search_term_string}"},"query-input":"required name=search_term_string"}],"inLanguage":"de"},{"@type":"Organization","@id":"https:\/\/www.gemeinde-rossau.de\/#organization","name":"Gemeindeverwaltung Rossau","url":"https:\/\/www.gemeinde-rossau.de\/","logo":{"@type":"ImageObject","inLanguage":"de","@id":"https:\/\/www.gemeinde-rossau.de\/#\/schema\/logo\/image\/","url":"https:\/\/www.gemeinde-rossau.de\/wp-content\/uploads\/2019\/06\/Rossau_Navigation-e1574972262765.png","contentUrl":"https:\/\/www.gemeinde-rossau.de\/wp-content\/uploads\/2019\/06\/Rossau_Navigation-e1574972262765.png","width":76,"height":100,"caption":"Gemeindeverwaltung Rossau"},"image":{"@id":"https:\/\/www.gemeinde-rossau.de\/#\/schema\/logo\/image\/"}}]}},"_links":{"self":[{"href":"https:\/\/www.gemeinde-rossau.de\/index.php\/wp-json\/wp\/v2\/pages\/4685"}],"collection":[{"href":"https:\/\/www.gemeinde-rossau.de\/index.php\/wp-json\/wp\/v2\/pages"}],"about":[{"href":"https:\/\/www.gemeinde-rossau.de\/index.php\/wp-json\/wp\/v2\/types\/page"}],"author":[{"embeddable":true,"href":"https:\/\/www.gemeinde-rossau.de\/index.php\/wp-json\/wp\/v2\/users\/4"}],"replies":[{"embeddable":true,"href":"https:\/\/www.gemeinde-rossau.de\/index.php\/wp-json\/wp\/v2\/comments?post=4685"}],"version-history":[{"count":3,"href":"https:\/\/www.gemeinde-rossau.de\/index.php\/wp-json\/wp\/v2\/pages\/4685\/revisions"}],"predecessor-version":[{"id":4803,"href":"https:\/\/www.gemeinde-rossau.de\/index.php\/wp-json\/wp\/v2\/pages\/4685\/revisions\/4803"}],"wp:featuredmedia":[{"embeddable":true,"href":"https:\/\/www.gemeinde-rossau.de\/index.php\/wp-json\/wp\/v2\/media\/4277"}],"wp:attachment":[{"href":"https:\/\/www.gemeinde-rossau.de\/index.php\/wp-json\/wp\/v2\/media?parent=4685"}],"curies":[{"name":"wp","href":"https:\/\/api.w.org\/{rel}","templated":true}]}}