{"id":4618,"date":"2021-12-17T10:31:47","date_gmt":"2021-12-17T09:31:47","guid":{"rendered":"https:\/\/www.gemeinde-rossau.de\/?page_id=4618"},"modified":"2021-12-17T10:42:45","modified_gmt":"2021-12-17T09:42:45","slug":"buergerinformation-leitungsanfragen-und-auskuenfte","status":"publish","type":"page","link":"https:\/\/www.gemeinde-rossau.de\/index.php\/buergerinformation-leitungsanfragen-und-auskuenfte\/","title":{"rendered":"B\u00fcrgerinformation &#8211; Leitungsanfragen und -ausk\u00fcnfte"},"content":{"rendered":"\n<h2 class=\"wp-block-heading\">B\u00fcrgerinformation &#8211; Leitungsanfragen und -ausk\u00fcnfte<\/h2>\n\n\n\n<div style=\"height:20px\" aria-hidden=\"true\" class=\"wp-block-spacer\"><\/div>\n\n\n\n<p>Die infrest &#8211; Infrastruktur eStrasse GmbH verarbeitet im Auftrag der Mitteldeutschen Netzgesellschaft Strom mbH (Mitnetz) aus Kabelsketal eingehende Leitungsanfragen und stellt die dazugeh\u00f6rigen Leitungsausk\u00fcnfte an die Auskunftsersuchenden aus.<\/p>\n\n\n\n<p>Um die Kommunikation zwischen Auskunftsgebenden und Auskunftssuchenden unter Beachtung der Sicherheit im Tiefbau zu vereinfachen, die Versorgungssicherheit aufrecht zu erhalten und um der Unterst\u00fctzung digitaler Verwaltungsprozesse gerecht zu werden, stellt die Mitnetz ab dem 15.12.2021 zwei kostenfreie Eingangskan\u00e4le f\u00fcr Leitungsanfragen zur Verf\u00fcgung:<\/p>\n\n\n\n<ol><li>Internetseite der Mitnetz: http:\/\/www.mitnetz-strom.de\/online-services\/plan&#8211;schachtscheinauskunft<\/li><li>\u00fcber das infrest Leitungsauskunftsportal: www.infrest.de<\/li><\/ol>\n\n\n\n<div style=\"height:20px\" aria-hidden=\"true\" class=\"wp-block-spacer\"><\/div>\n\n\n\n<p>Bei Fragen wenden Sie sich bitte an die Mitnetz.<\/p>\n","protected":false},"excerpt":{"rendered":"<p>B\u00fcrgerinformation &#8211; Leitungsanfragen und -ausk\u00fcnfte Die infrest &#8211; Infrastruktur eStrasse GmbH verarbeitet im Auftrag der Mitteldeutschen Netzgesellschaft Strom mbH (Mitnetz) aus Kabelsketal eingehende Leitungsanfragen und stellt die dazugeh\u00f6rigen Leitungsausk\u00fcnfte an die Auskunftsersuchenden aus. Um die Kommunikation zwischen Auskunftsgebenden und Auskunftssuchenden unter Beachtung der Sicherheit im Tiefbau zu vereinfachen, die Versorgungssicherheit aufrecht zu erhalten und um [&hellip;]<\/p>\n","protected":false},"author":4,"featured_media":0,"parent":0,"menu_order":0,"comment_status":"closed","ping_status":"closed","template":"","meta":{"_expiration-date-status":"saved","_expiration-date":0,"_expiration-date-type":"","_expiration-date-categories":[],"_expiration-date-options":[],"_links_to":"","_links_to_target":""},"acf":[],"yoast_head":"<!-- This site is optimized with the Yoast SEO plugin v19.13 - https:\/\/yoast.com\/wordpress\/plugins\/seo\/ -->\n<title>B\u00fcrgerinformation - Leitungsanfragen und -ausk\u00fcnfte | Gemeindeverwaltung Rossau<\/title>\n<meta name=\"robots\" content=\"index, follow, max-snippet:-1, max-image-preview:large, max-video-preview:-1\" \/>\n<link rel=\"canonical\" href=\"https:\/\/www.gemeinde-rossau.de\/index.php\/buergerinformation-leitungsanfragen-und-auskuenfte\/\" \/>\n<meta property=\"og:locale\" content=\"de_DE\" \/>\n<meta property=\"og:type\" content=\"article\" \/>\n<meta property=\"og:title\" content=\"B\u00fcrgerinformation - Leitungsanfragen und -ausk\u00fcnfte | Gemeindeverwaltung Rossau\" \/>\n<meta property=\"og:description\" content=\"B\u00fcrgerinformation &#8211; Leitungsanfragen und -ausk\u00fcnfte Die infrest &#8211; Infrastruktur eStrasse GmbH verarbeitet im Auftrag der Mitteldeutschen Netzgesellschaft Strom mbH (Mitnetz) aus Kabelsketal eingehende Leitungsanfragen und stellt die dazugeh\u00f6rigen Leitungsausk\u00fcnfte an die Auskunftsersuchenden aus. Um die Kommunikation zwischen Auskunftsgebenden und Auskunftssuchenden unter Beachtung der Sicherheit im Tiefbau zu vereinfachen, die Versorgungssicherheit aufrecht zu erhalten und um [&hellip;]\" \/>\n<meta property=\"og:url\" content=\"https:\/\/www.gemeinde-rossau.de\/index.php\/buergerinformation-leitungsanfragen-und-auskuenfte\/\" \/>\n<meta property=\"og:site_name\" content=\"Gemeindeverwaltung Rossau\" \/>\n<meta property=\"article:modified_time\" content=\"2021-12-17T09:42:45+00:00\" \/>\n<meta property=\"og:image\" content=\"https:\/\/www.gemeinde-rossau.de\/wp-content\/uploads\/2021\/12\/light-bulb-g56cb9d985_1920.jpg\" \/>\n\t<meta property=\"og:image:width\" content=\"1920\" \/>\n\t<meta property=\"og:image:height\" content=\"1084\" \/>\n\t<meta property=\"og:image:type\" content=\"image\/jpeg\" \/>\n<meta name=\"twitter:card\" content=\"summary_large_image\" \/>\n<meta name=\"twitter:label1\" content=\"Gesch\u00e4tzte Lesezeit\" \/>\n\t<meta name=\"twitter:data1\" content=\"1\u00a0Minute\" \/>\n<script type=\"application\/ld+json\" class=\"yoast-schema-graph\">{\"@context\":\"https:\/\/schema.org\",\"@graph\":[{\"@type\":\"WebPage\",\"@id\":\"https:\/\/www.gemeinde-rossau.de\/index.php\/buergerinformation-leitungsanfragen-und-auskuenfte\/\",\"url\":\"https:\/\/www.gemeinde-rossau.de\/index.php\/buergerinformation-leitungsanfragen-und-auskuenfte\/\",\"name\":\"B\u00fcrgerinformation - Leitungsanfragen und -ausk\u00fcnfte | Gemeindeverwaltung Rossau\",\"isPartOf\":{\"@id\":\"https:\/\/www.gemeinde-rossau.de\/#website\"},\"datePublished\":\"2021-12-17T09:31:47+00:00\",\"dateModified\":\"2021-12-17T09:42:45+00:00\",\"breadcrumb\":{\"@id\":\"https:\/\/www.gemeinde-rossau.de\/index.php\/buergerinformation-leitungsanfragen-und-auskuenfte\/#breadcrumb\"},\"inLanguage\":\"de\",\"potentialAction\":[{\"@type\":\"ReadAction\",\"target\":[\"https:\/\/www.gemeinde-rossau.de\/index.php\/buergerinformation-leitungsanfragen-und-auskuenfte\/\"]}]},{\"@type\":\"BreadcrumbList\",\"@id\":\"https:\/\/www.gemeinde-rossau.de\/index.php\/buergerinformation-leitungsanfragen-und-auskuenfte\/#breadcrumb\",\"itemListElement\":[{\"@type\":\"ListItem\",\"position\":1,\"name\":\"Home\",\"item\":\"https:\/\/www.gemeinde-rossau.de\/\"},{\"@type\":\"ListItem\",\"position\":2,\"name\":\"B\u00fcrgerinformation &#8211; Leitungsanfragen und -ausk\u00fcnfte\"}]},{\"@type\":\"WebSite\",\"@id\":\"https:\/\/www.gemeinde-rossau.de\/#website\",\"url\":\"https:\/\/www.gemeinde-rossau.de\/\",\"name\":\"Gemeindeverwaltung Rossau\",\"description\":\"Gemeindeverwaltung Rossau\",\"publisher\":{\"@id\":\"https:\/\/www.gemeinde-rossau.de\/#organization\"},\"potentialAction\":[{\"@type\":\"SearchAction\",\"target\":{\"@type\":\"EntryPoint\",\"urlTemplate\":\"https:\/\/www.gemeinde-rossau.de\/?s={search_term_string}\"},\"query-input\":\"required name=search_term_string\"}],\"inLanguage\":\"de\"},{\"@type\":\"Organization\",\"@id\":\"https:\/\/www.gemeinde-rossau.de\/#organization\",\"name\":\"Gemeindeverwaltung Rossau\",\"url\":\"https:\/\/www.gemeinde-rossau.de\/\",\"logo\":{\"@type\":\"ImageObject\",\"inLanguage\":\"de\",\"@id\":\"https:\/\/www.gemeinde-rossau.de\/#\/schema\/logo\/image\/\",\"url\":\"https:\/\/www.gemeinde-rossau.de\/wp-content\/uploads\/2019\/06\/Rossau_Navigation-e1574972262765.png\",\"contentUrl\":\"https:\/\/www.gemeinde-rossau.de\/wp-content\/uploads\/2019\/06\/Rossau_Navigation-e1574972262765.png\",\"width\":76,\"height\":100,\"caption\":\"Gemeindeverwaltung Rossau\"},\"image\":{\"@id\":\"https:\/\/www.gemeinde-rossau.de\/#\/schema\/logo\/image\/\"}}]}<\/script>\n<!-- \/ Yoast SEO plugin. -->","yoast_head_json":{"title":"B\u00fcrgerinformation - Leitungsanfragen und -ausk\u00fcnfte | Gemeindeverwaltung Rossau","robots":{"index":"index","follow":"follow","max-snippet":"max-snippet:-1","max-image-preview":"max-image-preview:large","max-video-preview":"max-video-preview:-1"},"canonical":"https:\/\/www.gemeinde-rossau.de\/index.php\/buergerinformation-leitungsanfragen-und-auskuenfte\/","og_locale":"de_DE","og_type":"article","og_title":"B\u00fcrgerinformation - Leitungsanfragen und -ausk\u00fcnfte | Gemeindeverwaltung Rossau","og_description":"B\u00fcrgerinformation &#8211; Leitungsanfragen und -ausk\u00fcnfte Die infrest &#8211; Infrastruktur eStrasse GmbH verarbeitet im Auftrag der Mitteldeutschen Netzgesellschaft Strom mbH (Mitnetz) aus Kabelsketal eingehende Leitungsanfragen und stellt die dazugeh\u00f6rigen Leitungsausk\u00fcnfte an die Auskunftsersuchenden aus. Um die Kommunikation zwischen Auskunftsgebenden und Auskunftssuchenden unter Beachtung der Sicherheit im Tiefbau zu vereinfachen, die Versorgungssicherheit aufrecht zu erhalten und um [&hellip;]","og_url":"https:\/\/www.gemeinde-rossau.de\/index.php\/buergerinformation-leitungsanfragen-und-auskuenfte\/","og_site_name":"Gemeindeverwaltung Rossau","article_modified_time":"2021-12-17T09:42:45+00:00","og_image":[{"width":1920,"height":1084,"url":"https:\/\/www.gemeinde-rossau.de\/wp-content\/uploads\/2021\/12\/light-bulb-g56cb9d985_1920.jpg","type":"image\/jpeg"}],"twitter_card":"summary_large_image","twitter_misc":{"Gesch\u00e4tzte Lesezeit":"1\u00a0Minute"},"schema":{"@context":"https:\/\/schema.org","@graph":[{"@type":"WebPage","@id":"https:\/\/www.gemeinde-rossau.de\/index.php\/buergerinformation-leitungsanfragen-und-auskuenfte\/","url":"https:\/\/www.gemeinde-rossau.de\/index.php\/buergerinformation-leitungsanfragen-und-auskuenfte\/","name":"B\u00fcrgerinformation - Leitungsanfragen und -ausk\u00fcnfte | Gemeindeverwaltung Rossau","isPartOf":{"@id":"https:\/\/www.gemeinde-rossau.de\/#website"},"datePublished":"2021-12-17T09:31:47+00:00","dateModified":"2021-12-17T09:42:45+00:00","breadcrumb":{"@id":"https:\/\/www.gemeinde-rossau.de\/index.php\/buergerinformation-leitungsanfragen-und-auskuenfte\/#breadcrumb"},"inLanguage":"de","potentialAction":[{"@type":"ReadAction","target":["https:\/\/www.gemeinde-rossau.de\/index.php\/buergerinformation-leitungsanfragen-und-auskuenfte\/"]}]},{"@type":"BreadcrumbList","@id":"https:\/\/www.gemeinde-rossau.de\/index.php\/buergerinformation-leitungsanfragen-und-auskuenfte\/#breadcrumb","itemListElement":[{"@type":"ListItem","position":1,"name":"Home","item":"https:\/\/www.gemeinde-rossau.de\/"},{"@type":"ListItem","position":2,"name":"B\u00fcrgerinformation &#8211; Leitungsanfragen und -ausk\u00fcnfte"}]},{"@type":"WebSite","@id":"https:\/\/www.gemeinde-rossau.de\/#website","url":"https:\/\/www.gemeinde-rossau.de\/","name":"Gemeindeverwaltung Rossau","description":"Gemeindeverwaltung Rossau","publisher":{"@id":"https:\/\/www.gemeinde-rossau.de\/#organization"},"potentialAction":[{"@type":"SearchAction","target":{"@type":"EntryPoint","urlTemplate":"https:\/\/www.gemeinde-rossau.de\/?s={search_term_string}"},"query-input":"required name=search_term_string"}],"inLanguage":"de"},{"@type":"Organization","@id":"https:\/\/www.gemeinde-rossau.de\/#organization","name":"Gemeindeverwaltung Rossau","url":"https:\/\/www.gemeinde-rossau.de\/","logo":{"@type":"ImageObject","inLanguage":"de","@id":"https:\/\/www.gemeinde-rossau.de\/#\/schema\/logo\/image\/","url":"https:\/\/www.gemeinde-rossau.de\/wp-content\/uploads\/2019\/06\/Rossau_Navigation-e1574972262765.png","contentUrl":"https:\/\/www.gemeinde-rossau.de\/wp-content\/uploads\/2019\/06\/Rossau_Navigation-e1574972262765.png","width":76,"height":100,"caption":"Gemeindeverwaltung Rossau"},"image":{"@id":"https:\/\/www.gemeinde-rossau.de\/#\/schema\/logo\/image\/"}}]}},"_links":{"self":[{"href":"https:\/\/www.gemeinde-rossau.de\/index.php\/wp-json\/wp\/v2\/pages\/4618"}],"collection":[{"href":"https:\/\/www.gemeinde-rossau.de\/index.php\/wp-json\/wp\/v2\/pages"}],"about":[{"href":"https:\/\/www.gemeinde-rossau.de\/index.php\/wp-json\/wp\/v2\/types\/page"}],"author":[{"embeddable":true,"href":"https:\/\/www.gemeinde-rossau.de\/index.php\/wp-json\/wp\/v2\/users\/4"}],"replies":[{"embeddable":true,"href":"https:\/\/www.gemeinde-rossau.de\/index.php\/wp-json\/wp\/v2\/comments?post=4618"}],"version-history":[{"count":4,"href":"https:\/\/www.gemeinde-rossau.de\/index.php\/wp-json\/wp\/v2\/pages\/4618\/revisions"}],"predecessor-version":[{"id":4626,"href":"https:\/\/www.gemeinde-rossau.de\/index.php\/wp-json\/wp\/v2\/pages\/4618\/revisions\/4626"}],"wp:attachment":[{"href":"https:\/\/www.gemeinde-rossau.de\/index.php\/wp-json\/wp\/v2\/media?parent=4618"}],"curies":[{"name":"wp","href":"https:\/\/api.w.org\/{rel}","templated":true}]}}