{"id":4613,"date":"2021-12-17T09:31:38","date_gmt":"2021-12-17T08:31:38","guid":{"rendered":"https:\/\/www.gemeinde-rossau.de\/?page_id=4613"},"modified":"2022-01-18T09:31:03","modified_gmt":"2022-01-18T08:31:03","slug":"mein-lielingsbach-mein-lieblingsfluss-fotowettbewerb-des-landesamtes-fuer-umwelt-landwirtschaft-und-geologie","status":"publish","type":"page","link":"https:\/\/www.gemeinde-rossau.de\/index.php\/mein-lielingsbach-mein-lieblingsfluss-fotowettbewerb-des-landesamtes-fuer-umwelt-landwirtschaft-und-geologie\/","title":{"rendered":"Mein Lieblingsbach, mein Lieblingsfluss &#8211; Fotowettbewerb des Landesamtes f\u00fcr Umwelt, Landwirtschaft und Geologie"},"content":{"rendered":"\n<h2 class=\"wp-block-heading\">Mein Lieblingsbach, mein Lieblingsfluss &#8211; Fotowettbewerb des Landesamtes f\u00fcr Umwelt, Landwirtschaft und Geologie<\/h2>\n\n\n\n<div style=\"height:20px\" aria-hidden=\"true\" class=\"wp-block-spacer\"><\/div>\n\n\n\n<p>In Sachsen schl\u00e4ngeln sich fast 30.000 Kilometer B\u00e4che und Fl\u00fcsse durch die Landschaft. Jede Region hat dabei ihren ganz unverwechselbaren Charakter. Diese Vielfalt ist unsere Heimat! Sind Sie gern an, auf und in diesen Gew\u00e4ssern unterwegs? Und haben Sie Ihre Kamera dabei? \u2013 Prima! Dann zeigen Sie uns doch Ihre Lieblingspl\u00e4tze an m\u00f6glichst naturnahen Gew\u00e4ssern!<\/p>\n\n\n\n<p>Dazu veranstaltet das S\u00e4chsische Landesamt f\u00fcr Umwelt, Landwirtschaft und Geologie einen Fotowettbewerb f\u00fcr Jung und Alt. Senden Sie uns Ihre Fotos bis zum 30. Juni 2022 \u00fcber das Beteiligungsportal. Wir sind gespannt auf Ihre Beitr\u00e4ge!<\/p>\n\n\n\n<p>Als Anreiz f\u00fcr die Teilnahme gibt es ein Preisgeld von 5x 200,00\u20ac &#8211; also ran an die Kameras!<\/p>\n\n\n\n<p>Alle Informationen gibt es unter <a href=\"https:\/\/www.wasser.sachsen.de\/unsere-baeche.html\">Fotowettbewerb \u00bbMein Lieblingsbach, mein Lieblingsfluss\u00ab &#8211; sachsen.de<\/a>. Dort k\u00f6nnen Sie auch die Fotos hochladen, welche Sie f\u00fcr den Wettbewerb einsenden wollen.<\/p>\n\n\n\n<figure class=\"wp-block-image size-large\"><img decoding=\"async\" src=\"https:\/\/www.gemeinde-rossau.de\/wp-content\/uploads\/2021\/12\/Fotowettbewerb-Baeche-Fluesse-LfLUG-2-1200x651.jpg\" alt=\"\" class=\"wp-image-4614\"\/><\/figure>\n\n\n\n<figure class=\"wp-block-image size-large\"><img decoding=\"async\" src=\"https:\/\/www.gemeinde-rossau.de\/wp-content\/uploads\/2021\/12\/Fotowettbewerb-Baeche-Fluesse-LfLUG-1200x650.jpg\" alt=\"\" class=\"wp-image-4615\"\/><\/figure>\n","protected":false},"excerpt":{"rendered":"<p>Mein Lieblingsbach, mein Lieblingsfluss &#8211; Fotowettbewerb des Landesamtes f\u00fcr Umwelt, Landwirtschaft und Geologie In Sachsen schl\u00e4ngeln sich fast 30.000 Kilometer B\u00e4che und Fl\u00fcsse durch die Landschaft. Jede Region hat dabei ihren ganz unverwechselbaren Charakter. Diese Vielfalt ist unsere Heimat! Sind Sie gern an, auf und in diesen Gew\u00e4ssern unterwegs? Und haben Sie Ihre Kamera dabei? [&hellip;]<\/p>\n","protected":false},"author":4,"featured_media":0,"parent":0,"menu_order":0,"comment_status":"closed","ping_status":"closed","template":"","meta":{"_expiration-date-status":"saved","_expiration-date":0,"_expiration-date-type":"","_expiration-date-categories":[],"_expiration-date-options":[],"_links_to":"","_links_to_target":""},"acf":[],"yoast_head":"<!-- This site is optimized with the Yoast SEO plugin v19.13 - https:\/\/yoast.com\/wordpress\/plugins\/seo\/ -->\n<title>Mein Lieblingsbach, mein Lieblingsfluss - Fotowettbewerb des Landesamtes f\u00fcr Umwelt, Landwirtschaft und Geologie | Gemeindeverwaltung Rossau<\/title>\n<meta name=\"robots\" content=\"index, follow, max-snippet:-1, max-image-preview:large, max-video-preview:-1\" \/>\n<link rel=\"canonical\" href=\"https:\/\/www.gemeinde-rossau.de\/index.php\/mein-lielingsbach-mein-lieblingsfluss-fotowettbewerb-des-landesamtes-fuer-umwelt-landwirtschaft-und-geologie\/\" \/>\n<meta property=\"og:locale\" content=\"de_DE\" \/>\n<meta property=\"og:type\" content=\"article\" \/>\n<meta property=\"og:title\" content=\"Mein Lieblingsbach, mein Lieblingsfluss - Fotowettbewerb des Landesamtes f\u00fcr Umwelt, Landwirtschaft und Geologie | Gemeindeverwaltung Rossau\" \/>\n<meta property=\"og:description\" content=\"Mein Lieblingsbach, mein Lieblingsfluss &#8211; Fotowettbewerb des Landesamtes f\u00fcr Umwelt, Landwirtschaft und Geologie In Sachsen schl\u00e4ngeln sich fast 30.000 Kilometer B\u00e4che und Fl\u00fcsse durch die Landschaft. Jede Region hat dabei ihren ganz unverwechselbaren Charakter. Diese Vielfalt ist unsere Heimat! Sind Sie gern an, auf und in diesen Gew\u00e4ssern unterwegs? Und haben Sie Ihre Kamera dabei? [&hellip;]\" \/>\n<meta property=\"og:url\" content=\"https:\/\/www.gemeinde-rossau.de\/index.php\/mein-lielingsbach-mein-lieblingsfluss-fotowettbewerb-des-landesamtes-fuer-umwelt-landwirtschaft-und-geologie\/\" \/>\n<meta property=\"og:site_name\" content=\"Gemeindeverwaltung Rossau\" \/>\n<meta property=\"article:modified_time\" content=\"2022-01-18T08:31:03+00:00\" \/>\n<meta property=\"og:image\" content=\"https:\/\/www.gemeinde-rossau.de\/wp-content\/uploads\/2021\/12\/Fotowettbewerb-Baeche-Fluesse-LfLUG-2-scaled.jpg\" \/>\n\t<meta property=\"og:image:width\" content=\"2560\" \/>\n\t<meta property=\"og:image:height\" content=\"1388\" \/>\n\t<meta property=\"og:image:type\" content=\"image\/jpeg\" \/>\n<meta name=\"twitter:card\" content=\"summary_large_image\" \/>\n<meta name=\"twitter:label1\" content=\"Gesch\u00e4tzte Lesezeit\" \/>\n\t<meta name=\"twitter:data1\" content=\"2\u00a0Minuten\" \/>\n<script type=\"application\/ld+json\" class=\"yoast-schema-graph\">{\"@context\":\"https:\/\/schema.org\",\"@graph\":[{\"@type\":\"WebPage\",\"@id\":\"https:\/\/www.gemeinde-rossau.de\/index.php\/mein-lielingsbach-mein-lieblingsfluss-fotowettbewerb-des-landesamtes-fuer-umwelt-landwirtschaft-und-geologie\/\",\"url\":\"https:\/\/www.gemeinde-rossau.de\/index.php\/mein-lielingsbach-mein-lieblingsfluss-fotowettbewerb-des-landesamtes-fuer-umwelt-landwirtschaft-und-geologie\/\",\"name\":\"Mein Lieblingsbach, mein Lieblingsfluss - Fotowettbewerb des Landesamtes f\u00fcr Umwelt, Landwirtschaft und Geologie | Gemeindeverwaltung Rossau\",\"isPartOf\":{\"@id\":\"https:\/\/www.gemeinde-rossau.de\/#website\"},\"datePublished\":\"2021-12-17T08:31:38+00:00\",\"dateModified\":\"2022-01-18T08:31:03+00:00\",\"breadcrumb\":{\"@id\":\"https:\/\/www.gemeinde-rossau.de\/index.php\/mein-lielingsbach-mein-lieblingsfluss-fotowettbewerb-des-landesamtes-fuer-umwelt-landwirtschaft-und-geologie\/#breadcrumb\"},\"inLanguage\":\"de\",\"potentialAction\":[{\"@type\":\"ReadAction\",\"target\":[\"https:\/\/www.gemeinde-rossau.de\/index.php\/mein-lielingsbach-mein-lieblingsfluss-fotowettbewerb-des-landesamtes-fuer-umwelt-landwirtschaft-und-geologie\/\"]}]},{\"@type\":\"BreadcrumbList\",\"@id\":\"https:\/\/www.gemeinde-rossau.de\/index.php\/mein-lielingsbach-mein-lieblingsfluss-fotowettbewerb-des-landesamtes-fuer-umwelt-landwirtschaft-und-geologie\/#breadcrumb\",\"itemListElement\":[{\"@type\":\"ListItem\",\"position\":1,\"name\":\"Home\",\"item\":\"https:\/\/www.gemeinde-rossau.de\/\"},{\"@type\":\"ListItem\",\"position\":2,\"name\":\"Mein Lieblingsbach, mein Lieblingsfluss &#8211; Fotowettbewerb des Landesamtes f\u00fcr Umwelt, Landwirtschaft und Geologie\"}]},{\"@type\":\"WebSite\",\"@id\":\"https:\/\/www.gemeinde-rossau.de\/#website\",\"url\":\"https:\/\/www.gemeinde-rossau.de\/\",\"name\":\"Gemeindeverwaltung Rossau\",\"description\":\"Gemeindeverwaltung Rossau\",\"publisher\":{\"@id\":\"https:\/\/www.gemeinde-rossau.de\/#organization\"},\"potentialAction\":[{\"@type\":\"SearchAction\",\"target\":{\"@type\":\"EntryPoint\",\"urlTemplate\":\"https:\/\/www.gemeinde-rossau.de\/?s={search_term_string}\"},\"query-input\":\"required name=search_term_string\"}],\"inLanguage\":\"de\"},{\"@type\":\"Organization\",\"@id\":\"https:\/\/www.gemeinde-rossau.de\/#organization\",\"name\":\"Gemeindeverwaltung Rossau\",\"url\":\"https:\/\/www.gemeinde-rossau.de\/\",\"logo\":{\"@type\":\"ImageObject\",\"inLanguage\":\"de\",\"@id\":\"https:\/\/www.gemeinde-rossau.de\/#\/schema\/logo\/image\/\",\"url\":\"https:\/\/www.gemeinde-rossau.de\/wp-content\/uploads\/2019\/06\/Rossau_Navigation-e1574972262765.png\",\"contentUrl\":\"https:\/\/www.gemeinde-rossau.de\/wp-content\/uploads\/2019\/06\/Rossau_Navigation-e1574972262765.png\",\"width\":76,\"height\":100,\"caption\":\"Gemeindeverwaltung Rossau\"},\"image\":{\"@id\":\"https:\/\/www.gemeinde-rossau.de\/#\/schema\/logo\/image\/\"}}]}<\/script>\n<!-- \/ Yoast SEO plugin. -->","yoast_head_json":{"title":"Mein Lieblingsbach, mein Lieblingsfluss - Fotowettbewerb des Landesamtes f\u00fcr Umwelt, Landwirtschaft und Geologie | Gemeindeverwaltung Rossau","robots":{"index":"index","follow":"follow","max-snippet":"max-snippet:-1","max-image-preview":"max-image-preview:large","max-video-preview":"max-video-preview:-1"},"canonical":"https:\/\/www.gemeinde-rossau.de\/index.php\/mein-lielingsbach-mein-lieblingsfluss-fotowettbewerb-des-landesamtes-fuer-umwelt-landwirtschaft-und-geologie\/","og_locale":"de_DE","og_type":"article","og_title":"Mein Lieblingsbach, mein Lieblingsfluss - Fotowettbewerb des Landesamtes f\u00fcr Umwelt, Landwirtschaft und Geologie | Gemeindeverwaltung Rossau","og_description":"Mein Lieblingsbach, mein Lieblingsfluss &#8211; Fotowettbewerb des Landesamtes f\u00fcr Umwelt, Landwirtschaft und Geologie In Sachsen schl\u00e4ngeln sich fast 30.000 Kilometer B\u00e4che und Fl\u00fcsse durch die Landschaft. Jede Region hat dabei ihren ganz unverwechselbaren Charakter. Diese Vielfalt ist unsere Heimat! Sind Sie gern an, auf und in diesen Gew\u00e4ssern unterwegs? Und haben Sie Ihre Kamera dabei? [&hellip;]","og_url":"https:\/\/www.gemeinde-rossau.de\/index.php\/mein-lielingsbach-mein-lieblingsfluss-fotowettbewerb-des-landesamtes-fuer-umwelt-landwirtschaft-und-geologie\/","og_site_name":"Gemeindeverwaltung Rossau","article_modified_time":"2022-01-18T08:31:03+00:00","og_image":[{"width":2560,"height":1388,"url":"https:\/\/www.gemeinde-rossau.de\/wp-content\/uploads\/2021\/12\/Fotowettbewerb-Baeche-Fluesse-LfLUG-2-scaled.jpg","type":"image\/jpeg"}],"twitter_card":"summary_large_image","twitter_misc":{"Gesch\u00e4tzte Lesezeit":"2\u00a0Minuten"},"schema":{"@context":"https:\/\/schema.org","@graph":[{"@type":"WebPage","@id":"https:\/\/www.gemeinde-rossau.de\/index.php\/mein-lielingsbach-mein-lieblingsfluss-fotowettbewerb-des-landesamtes-fuer-umwelt-landwirtschaft-und-geologie\/","url":"https:\/\/www.gemeinde-rossau.de\/index.php\/mein-lielingsbach-mein-lieblingsfluss-fotowettbewerb-des-landesamtes-fuer-umwelt-landwirtschaft-und-geologie\/","name":"Mein Lieblingsbach, mein Lieblingsfluss - Fotowettbewerb des Landesamtes f\u00fcr Umwelt, Landwirtschaft und Geologie | Gemeindeverwaltung Rossau","isPartOf":{"@id":"https:\/\/www.gemeinde-rossau.de\/#website"},"datePublished":"2021-12-17T08:31:38+00:00","dateModified":"2022-01-18T08:31:03+00:00","breadcrumb":{"@id":"https:\/\/www.gemeinde-rossau.de\/index.php\/mein-lielingsbach-mein-lieblingsfluss-fotowettbewerb-des-landesamtes-fuer-umwelt-landwirtschaft-und-geologie\/#breadcrumb"},"inLanguage":"de","potentialAction":[{"@type":"ReadAction","target":["https:\/\/www.gemeinde-rossau.de\/index.php\/mein-lielingsbach-mein-lieblingsfluss-fotowettbewerb-des-landesamtes-fuer-umwelt-landwirtschaft-und-geologie\/"]}]},{"@type":"BreadcrumbList","@id":"https:\/\/www.gemeinde-rossau.de\/index.php\/mein-lielingsbach-mein-lieblingsfluss-fotowettbewerb-des-landesamtes-fuer-umwelt-landwirtschaft-und-geologie\/#breadcrumb","itemListElement":[{"@type":"ListItem","position":1,"name":"Home","item":"https:\/\/www.gemeinde-rossau.de\/"},{"@type":"ListItem","position":2,"name":"Mein Lieblingsbach, mein Lieblingsfluss &#8211; Fotowettbewerb des Landesamtes f\u00fcr Umwelt, Landwirtschaft und Geologie"}]},{"@type":"WebSite","@id":"https:\/\/www.gemeinde-rossau.de\/#website","url":"https:\/\/www.gemeinde-rossau.de\/","name":"Gemeindeverwaltung Rossau","description":"Gemeindeverwaltung Rossau","publisher":{"@id":"https:\/\/www.gemeinde-rossau.de\/#organization"},"potentialAction":[{"@type":"SearchAction","target":{"@type":"EntryPoint","urlTemplate":"https:\/\/www.gemeinde-rossau.de\/?s={search_term_string}"},"query-input":"required name=search_term_string"}],"inLanguage":"de"},{"@type":"Organization","@id":"https:\/\/www.gemeinde-rossau.de\/#organization","name":"Gemeindeverwaltung Rossau","url":"https:\/\/www.gemeinde-rossau.de\/","logo":{"@type":"ImageObject","inLanguage":"de","@id":"https:\/\/www.gemeinde-rossau.de\/#\/schema\/logo\/image\/","url":"https:\/\/www.gemeinde-rossau.de\/wp-content\/uploads\/2019\/06\/Rossau_Navigation-e1574972262765.png","contentUrl":"https:\/\/www.gemeinde-rossau.de\/wp-content\/uploads\/2019\/06\/Rossau_Navigation-e1574972262765.png","width":76,"height":100,"caption":"Gemeindeverwaltung Rossau"},"image":{"@id":"https:\/\/www.gemeinde-rossau.de\/#\/schema\/logo\/image\/"}}]}},"_links":{"self":[{"href":"https:\/\/www.gemeinde-rossau.de\/index.php\/wp-json\/wp\/v2\/pages\/4613"}],"collection":[{"href":"https:\/\/www.gemeinde-rossau.de\/index.php\/wp-json\/wp\/v2\/pages"}],"about":[{"href":"https:\/\/www.gemeinde-rossau.de\/index.php\/wp-json\/wp\/v2\/types\/page"}],"author":[{"embeddable":true,"href":"https:\/\/www.gemeinde-rossau.de\/index.php\/wp-json\/wp\/v2\/users\/4"}],"replies":[{"embeddable":true,"href":"https:\/\/www.gemeinde-rossau.de\/index.php\/wp-json\/wp\/v2\/comments?post=4613"}],"version-history":[{"count":2,"href":"https:\/\/www.gemeinde-rossau.de\/index.php\/wp-json\/wp\/v2\/pages\/4613\/revisions"}],"predecessor-version":[{"id":4662,"href":"https:\/\/www.gemeinde-rossau.de\/index.php\/wp-json\/wp\/v2\/pages\/4613\/revisions\/4662"}],"wp:attachment":[{"href":"https:\/\/www.gemeinde-rossau.de\/index.php\/wp-json\/wp\/v2\/media?parent=4613"}],"curies":[{"name":"wp","href":"https:\/\/api.w.org\/{rel}","templated":true}]}}