{"id":4595,"date":"2021-12-09T14:10:53","date_gmt":"2021-12-09T13:10:53","guid":{"rendered":"https:\/\/www.gemeinde-rossau.de\/?page_id=4595"},"modified":"2022-03-09T08:13:41","modified_gmt":"2022-03-09T07:13:41","slug":"breitband-infoveranstaltung-der-eins-energie-sachsen","status":"publish","type":"page","link":"https:\/\/www.gemeinde-rossau.de\/index.php\/breitband-infoveranstaltung-der-eins-energie-sachsen\/","title":{"rendered":"Infoveranstaltungen der &#8220;eins energie Sachsen&#8221;"},"content":{"rendered":"\n<h2 class=\"wp-block-heading\">Infoveranstaltungen der &#8220;eins energie Sachsen&#8221;<\/h2>\n\n\n\n<div style=\"height:20px\" aria-hidden=\"true\" class=\"wp-block-spacer\"><\/div>\n\n\n\n<h3 class=\"wp-block-heading\">Einladung zur Informationsveranstaltung am 23.03.2022 ab 18.00 Uhr in der Oberschule Lichtenau<\/h3>\n\n\n\n<p>Um alle Anwohner auf dem Laufenden zu halten und Fragen zu beantworten, wird der Landkreis Mittelsachsen gemeinsam mit eins eine Informationsveranstaltung f\u00fcr das Cluster C durchf\u00fchren. Diese findet <strong>am 23.03.2022 ab 18.00 Uhr in der Oberschule Lichtenau<\/strong>, Bahnhofstra\u00dfe 11, 09244 Lichtenau &#8211; unter Beachtung der aktuell g\u00fcltigen Hygieneauflagen &#8211; statt. <\/p>\n\n\n\n<p>Es wird &#8211; neben vielen Informationen rund um den geplanten Ausbau &#8211; vor Ort m\u00f6glich sein, Ihre Gestattung f\u00fcr einen f\u00f6rderf\u00e4higen Glasfaser-Anschluss abzugeben.<\/p>\n\n\n\n<p>Alle Informationen zu der Veranstaltung sowie die M\u00f6glichkeit zur Anmeldung finden Sie unter <strong><a href=\"http:\/\/www.eins.de\/rossau\">www.eins.de\/rossau<\/a><\/strong> &#8211; <strong>Bitte beachten Sie, dass eine Teilnahme nur nach vorheriger Anmeldung \u00fcber den genannten Link m\u00f6glich ist, da es begrenzte Kapazit\u00e4ten gibt!<\/strong><\/p>\n","protected":false},"excerpt":{"rendered":"<p>Infoveranstaltungen der &#8220;eins energie Sachsen&#8221; Einladung zur Informationsveranstaltung am 23.03.2022 ab 18.00 Uhr in der Oberschule Lichtenau Um alle Anwohner auf dem Laufenden zu halten und Fragen zu beantworten, wird der Landkreis Mittelsachsen gemeinsam mit eins eine Informationsveranstaltung f\u00fcr das Cluster C durchf\u00fchren. Diese findet am 23.03.2022 ab 18.00 Uhr in der Oberschule Lichtenau, Bahnhofstra\u00dfe [&hellip;]<\/p>\n","protected":false},"author":4,"featured_media":4277,"parent":0,"menu_order":0,"comment_status":"closed","ping_status":"closed","template":"","meta":{"_expiration-date-status":"saved","_expiration-date":0,"_expiration-date-type":"","_expiration-date-categories":[],"_expiration-date-options":[],"_links_to":"","_links_to_target":""},"acf":[],"yoast_head":"<!-- This site is optimized with the Yoast SEO plugin v19.13 - https:\/\/yoast.com\/wordpress\/plugins\/seo\/ -->\n<title>Infoveranstaltungen der &quot;eins energie Sachsen&quot; | Gemeindeverwaltung Rossau<\/title>\n<meta name=\"robots\" content=\"index, follow, max-snippet:-1, max-image-preview:large, max-video-preview:-1\" \/>\n<link rel=\"canonical\" href=\"https:\/\/www.gemeinde-rossau.de\/index.php\/breitband-infoveranstaltung-der-eins-energie-sachsen\/\" \/>\n<meta property=\"og:locale\" content=\"de_DE\" \/>\n<meta property=\"og:type\" content=\"article\" \/>\n<meta property=\"og:title\" content=\"Infoveranstaltungen der &quot;eins energie Sachsen&quot; | Gemeindeverwaltung Rossau\" \/>\n<meta property=\"og:description\" content=\"Infoveranstaltungen der &#8220;eins energie Sachsen&#8221; Einladung zur Informationsveranstaltung am 23.03.2022 ab 18.00 Uhr in der Oberschule Lichtenau Um alle Anwohner auf dem Laufenden zu halten und Fragen zu beantworten, wird der Landkreis Mittelsachsen gemeinsam mit eins eine Informationsveranstaltung f\u00fcr das Cluster C durchf\u00fchren. Diese findet am 23.03.2022 ab 18.00 Uhr in der Oberschule Lichtenau, Bahnhofstra\u00dfe [&hellip;]\" \/>\n<meta property=\"og:url\" content=\"https:\/\/www.gemeinde-rossau.de\/index.php\/breitband-infoveranstaltung-der-eins-energie-sachsen\/\" \/>\n<meta property=\"og:site_name\" content=\"Gemeindeverwaltung Rossau\" \/>\n<meta property=\"article:modified_time\" content=\"2022-03-09T07:13:41+00:00\" \/>\n<meta name=\"twitter:card\" content=\"summary_large_image\" \/>\n<meta name=\"twitter:label1\" content=\"Gesch\u00e4tzte Lesezeit\" \/>\n\t<meta name=\"twitter:data1\" content=\"1\u00a0Minute\" \/>\n<script type=\"application\/ld+json\" class=\"yoast-schema-graph\">{\"@context\":\"https:\/\/schema.org\",\"@graph\":[{\"@type\":\"WebPage\",\"@id\":\"https:\/\/www.gemeinde-rossau.de\/index.php\/breitband-infoveranstaltung-der-eins-energie-sachsen\/\",\"url\":\"https:\/\/www.gemeinde-rossau.de\/index.php\/breitband-infoveranstaltung-der-eins-energie-sachsen\/\",\"name\":\"Infoveranstaltungen der \\\"eins energie Sachsen\\\" | Gemeindeverwaltung Rossau\",\"isPartOf\":{\"@id\":\"https:\/\/www.gemeinde-rossau.de\/#website\"},\"datePublished\":\"2021-12-09T13:10:53+00:00\",\"dateModified\":\"2022-03-09T07:13:41+00:00\",\"breadcrumb\":{\"@id\":\"https:\/\/www.gemeinde-rossau.de\/index.php\/breitband-infoveranstaltung-der-eins-energie-sachsen\/#breadcrumb\"},\"inLanguage\":\"de\",\"potentialAction\":[{\"@type\":\"ReadAction\",\"target\":[\"https:\/\/www.gemeinde-rossau.de\/index.php\/breitband-infoveranstaltung-der-eins-energie-sachsen\/\"]}]},{\"@type\":\"BreadcrumbList\",\"@id\":\"https:\/\/www.gemeinde-rossau.de\/index.php\/breitband-infoveranstaltung-der-eins-energie-sachsen\/#breadcrumb\",\"itemListElement\":[{\"@type\":\"ListItem\",\"position\":1,\"name\":\"Home\",\"item\":\"https:\/\/www.gemeinde-rossau.de\/\"},{\"@type\":\"ListItem\",\"position\":2,\"name\":\"Infoveranstaltungen der &#8220;eins energie Sachsen&#8221;\"}]},{\"@type\":\"WebSite\",\"@id\":\"https:\/\/www.gemeinde-rossau.de\/#website\",\"url\":\"https:\/\/www.gemeinde-rossau.de\/\",\"name\":\"Gemeindeverwaltung Rossau\",\"description\":\"Gemeindeverwaltung Rossau\",\"publisher\":{\"@id\":\"https:\/\/www.gemeinde-rossau.de\/#organization\"},\"potentialAction\":[{\"@type\":\"SearchAction\",\"target\":{\"@type\":\"EntryPoint\",\"urlTemplate\":\"https:\/\/www.gemeinde-rossau.de\/?s={search_term_string}\"},\"query-input\":\"required name=search_term_string\"}],\"inLanguage\":\"de\"},{\"@type\":\"Organization\",\"@id\":\"https:\/\/www.gemeinde-rossau.de\/#organization\",\"name\":\"Gemeindeverwaltung Rossau\",\"url\":\"https:\/\/www.gemeinde-rossau.de\/\",\"logo\":{\"@type\":\"ImageObject\",\"inLanguage\":\"de\",\"@id\":\"https:\/\/www.gemeinde-rossau.de\/#\/schema\/logo\/image\/\",\"url\":\"https:\/\/www.gemeinde-rossau.de\/wp-content\/uploads\/2019\/06\/Rossau_Navigation-e1574972262765.png\",\"contentUrl\":\"https:\/\/www.gemeinde-rossau.de\/wp-content\/uploads\/2019\/06\/Rossau_Navigation-e1574972262765.png\",\"width\":76,\"height\":100,\"caption\":\"Gemeindeverwaltung Rossau\"},\"image\":{\"@id\":\"https:\/\/www.gemeinde-rossau.de\/#\/schema\/logo\/image\/\"}}]}<\/script>\n<!-- \/ Yoast SEO plugin. -->","yoast_head_json":{"title":"Infoveranstaltungen der \"eins energie Sachsen\" | Gemeindeverwaltung Rossau","robots":{"index":"index","follow":"follow","max-snippet":"max-snippet:-1","max-image-preview":"max-image-preview:large","max-video-preview":"max-video-preview:-1"},"canonical":"https:\/\/www.gemeinde-rossau.de\/index.php\/breitband-infoveranstaltung-der-eins-energie-sachsen\/","og_locale":"de_DE","og_type":"article","og_title":"Infoveranstaltungen der \"eins energie Sachsen\" | Gemeindeverwaltung Rossau","og_description":"Infoveranstaltungen der &#8220;eins energie Sachsen&#8221; Einladung zur Informationsveranstaltung am 23.03.2022 ab 18.00 Uhr in der Oberschule Lichtenau Um alle Anwohner auf dem Laufenden zu halten und Fragen zu beantworten, wird der Landkreis Mittelsachsen gemeinsam mit eins eine Informationsveranstaltung f\u00fcr das Cluster C durchf\u00fchren. Diese findet am 23.03.2022 ab 18.00 Uhr in der Oberschule Lichtenau, Bahnhofstra\u00dfe [&hellip;]","og_url":"https:\/\/www.gemeinde-rossau.de\/index.php\/breitband-infoveranstaltung-der-eins-energie-sachsen\/","og_site_name":"Gemeindeverwaltung Rossau","article_modified_time":"2022-03-09T07:13:41+00:00","twitter_card":"summary_large_image","twitter_misc":{"Gesch\u00e4tzte Lesezeit":"1\u00a0Minute"},"schema":{"@context":"https:\/\/schema.org","@graph":[{"@type":"WebPage","@id":"https:\/\/www.gemeinde-rossau.de\/index.php\/breitband-infoveranstaltung-der-eins-energie-sachsen\/","url":"https:\/\/www.gemeinde-rossau.de\/index.php\/breitband-infoveranstaltung-der-eins-energie-sachsen\/","name":"Infoveranstaltungen der \"eins energie Sachsen\" | Gemeindeverwaltung Rossau","isPartOf":{"@id":"https:\/\/www.gemeinde-rossau.de\/#website"},"datePublished":"2021-12-09T13:10:53+00:00","dateModified":"2022-03-09T07:13:41+00:00","breadcrumb":{"@id":"https:\/\/www.gemeinde-rossau.de\/index.php\/breitband-infoveranstaltung-der-eins-energie-sachsen\/#breadcrumb"},"inLanguage":"de","potentialAction":[{"@type":"ReadAction","target":["https:\/\/www.gemeinde-rossau.de\/index.php\/breitband-infoveranstaltung-der-eins-energie-sachsen\/"]}]},{"@type":"BreadcrumbList","@id":"https:\/\/www.gemeinde-rossau.de\/index.php\/breitband-infoveranstaltung-der-eins-energie-sachsen\/#breadcrumb","itemListElement":[{"@type":"ListItem","position":1,"name":"Home","item":"https:\/\/www.gemeinde-rossau.de\/"},{"@type":"ListItem","position":2,"name":"Infoveranstaltungen der &#8220;eins energie Sachsen&#8221;"}]},{"@type":"WebSite","@id":"https:\/\/www.gemeinde-rossau.de\/#website","url":"https:\/\/www.gemeinde-rossau.de\/","name":"Gemeindeverwaltung Rossau","description":"Gemeindeverwaltung Rossau","publisher":{"@id":"https:\/\/www.gemeinde-rossau.de\/#organization"},"potentialAction":[{"@type":"SearchAction","target":{"@type":"EntryPoint","urlTemplate":"https:\/\/www.gemeinde-rossau.de\/?s={search_term_string}"},"query-input":"required name=search_term_string"}],"inLanguage":"de"},{"@type":"Organization","@id":"https:\/\/www.gemeinde-rossau.de\/#organization","name":"Gemeindeverwaltung Rossau","url":"https:\/\/www.gemeinde-rossau.de\/","logo":{"@type":"ImageObject","inLanguage":"de","@id":"https:\/\/www.gemeinde-rossau.de\/#\/schema\/logo\/image\/","url":"https:\/\/www.gemeinde-rossau.de\/wp-content\/uploads\/2019\/06\/Rossau_Navigation-e1574972262765.png","contentUrl":"https:\/\/www.gemeinde-rossau.de\/wp-content\/uploads\/2019\/06\/Rossau_Navigation-e1574972262765.png","width":76,"height":100,"caption":"Gemeindeverwaltung Rossau"},"image":{"@id":"https:\/\/www.gemeinde-rossau.de\/#\/schema\/logo\/image\/"}}]}},"_links":{"self":[{"href":"https:\/\/www.gemeinde-rossau.de\/index.php\/wp-json\/wp\/v2\/pages\/4595"}],"collection":[{"href":"https:\/\/www.gemeinde-rossau.de\/index.php\/wp-json\/wp\/v2\/pages"}],"about":[{"href":"https:\/\/www.gemeinde-rossau.de\/index.php\/wp-json\/wp\/v2\/types\/page"}],"author":[{"embeddable":true,"href":"https:\/\/www.gemeinde-rossau.de\/index.php\/wp-json\/wp\/v2\/users\/4"}],"replies":[{"embeddable":true,"href":"https:\/\/www.gemeinde-rossau.de\/index.php\/wp-json\/wp\/v2\/comments?post=4595"}],"version-history":[{"count":6,"href":"https:\/\/www.gemeinde-rossau.de\/index.php\/wp-json\/wp\/v2\/pages\/4595\/revisions"}],"predecessor-version":[{"id":4865,"href":"https:\/\/www.gemeinde-rossau.de\/index.php\/wp-json\/wp\/v2\/pages\/4595\/revisions\/4865"}],"wp:featuredmedia":[{"embeddable":true,"href":"https:\/\/www.gemeinde-rossau.de\/index.php\/wp-json\/wp\/v2\/media\/4277"}],"wp:attachment":[{"href":"https:\/\/www.gemeinde-rossau.de\/index.php\/wp-json\/wp\/v2\/media?parent=4595"}],"curies":[{"name":"wp","href":"https:\/\/api.w.org\/{rel}","templated":true}]}}