{"id":4461,"date":"2021-11-03T08:58:33","date_gmt":"2021-11-03T07:58:33","guid":{"rendered":"https:\/\/www.gemeinde-rossau.de\/?page_id=4461"},"modified":"2021-11-03T08:58:35","modified_gmt":"2021-11-03T07:58:35","slug":"glasfaser-ausbau-fuer-mittelsachsen","status":"publish","type":"page","link":"https:\/\/www.gemeinde-rossau.de\/index.php\/glasfaser-ausbau-fuer-mittelsachsen\/","title":{"rendered":"Glasfaser-Ausbau f\u00fcr Mittelsachsen"},"content":{"rendered":"\n<h2 class=\"wp-block-heading\">Glasfaser-Ausbau f\u00fcr Mittelsachsen<\/h2>\n\n\n\n<p>(Auszug aus dem Internetauftritt von eins energie in sachsen)<\/p>\n\n\n\n<div style=\"height:48px\" aria-hidden=\"true\" class=\"wp-block-spacer\"><\/div>\n\n\n\n<p><strong>Schnell, schneller, Glasfaser<\/strong>: Der Netz-Ausbau in Mittelsachsen kommt z\u00fcgig voran. Wo vor kurzem noch wei\u00dfe Flecken waren, k\u00f6nnen Internetnutzer\/-innen schon bald&nbsp;<strong>mit bis zu 1.000 Mbit\/s durchs Netz surfen<\/strong>.<\/p>\n\n\n\n<p>eins engagiert sich gemeinsam mit den Kommunen des Landkreises Mittelsachsen f\u00fcr den Glasfaserausbau. Das bedeutet f\u00fcr Sie, dass zuk\u00fcnftig auch bei Ihnen \u00fcber einen modernen Glasfaseranschluss die\u00a0<strong>fortschrittlichste Internetverbindung schnell und stabil verf\u00fcgbar<\/strong>\u00a0ist.\u00a0<\/p>\n\n\n\n<p>F\u00fcr maximale Geschwindigkeit beim Ausbau des schnellen Internets in Mittelsachsen brauchen wir\u00a0<strong>Ihre Unterst\u00fctzung<\/strong>: Beantragen Sie einen Glasfaseranschluss und erteilen Sie\u00a0<strong>Ihre Zustimmung f\u00fcr die Anbindung<\/strong>\u00a0an das Glasfasernetz mit dem Internet in Lichtgeschwindigkeit. Diese Zustimmung dient der\u00a0<strong>genaueren Planung<\/strong>\u00a0des Glasfaserausbaus in den Anschlussgebieten.<\/p>\n\n\n\n<div style=\"height:39px\" aria-hidden=\"true\" class=\"wp-block-spacer\"><\/div>\n\n\n\n<p><strong>Weitere Informationen finden Sie unter nachfolgendem Link:<\/strong><\/p>\n\n\n\n<div class=\"wp-block-buttons is-layout-flex\">\n<div class=\"wp-block-button is-style-outline\"><a class=\"wp-block-button__link has-white-color has-vivid-red-background-color has-text-color has-background\" href=\"https:\/\/www.eins.de\/privatkunden\/internet\/glasfaser-mittelsachsen\/\" style=\"border-radius:40px\">Glasfaser-Anschluss f\u00fcr Mittelsachen &#8211; eins energie in sachsen<\/a><\/div>\n<\/div>\n","protected":false},"excerpt":{"rendered":"<p>Glasfaser-Ausbau f\u00fcr Mittelsachsen (Auszug aus dem Internetauftritt von eins energie in sachsen) Schnell, schneller, Glasfaser: Der Netz-Ausbau in Mittelsachsen kommt z\u00fcgig voran. Wo vor kurzem noch wei\u00dfe Flecken waren, k\u00f6nnen Internetnutzer\/-innen schon bald&nbsp;mit bis zu 1.000 Mbit\/s durchs Netz surfen. eins engagiert sich gemeinsam mit den Kommunen des Landkreises Mittelsachsen f\u00fcr den Glasfaserausbau. Das bedeutet [&hellip;]<\/p>\n","protected":false},"author":2,"featured_media":4277,"parent":0,"menu_order":0,"comment_status":"closed","ping_status":"closed","template":"","meta":{"_expiration-date-status":"saved","_expiration-date":0,"_expiration-date-type":"","_expiration-date-categories":[],"_expiration-date-options":[],"_links_to":"","_links_to_target":""},"acf":[],"yoast_head":"<!-- This site is optimized with the Yoast SEO plugin v19.13 - https:\/\/yoast.com\/wordpress\/plugins\/seo\/ -->\n<title>Glasfaser-Ausbau f\u00fcr Mittelsachsen | Gemeindeverwaltung Rossau<\/title>\n<meta name=\"robots\" content=\"index, follow, max-snippet:-1, max-image-preview:large, max-video-preview:-1\" \/>\n<link rel=\"canonical\" href=\"https:\/\/www.gemeinde-rossau.de\/index.php\/glasfaser-ausbau-fuer-mittelsachsen\/\" \/>\n<meta property=\"og:locale\" content=\"de_DE\" \/>\n<meta property=\"og:type\" content=\"article\" \/>\n<meta property=\"og:title\" content=\"Glasfaser-Ausbau f\u00fcr Mittelsachsen | Gemeindeverwaltung Rossau\" \/>\n<meta property=\"og:description\" content=\"Glasfaser-Ausbau f\u00fcr Mittelsachsen (Auszug aus dem Internetauftritt von eins energie in sachsen) Schnell, schneller, Glasfaser: Der Netz-Ausbau in Mittelsachsen kommt z\u00fcgig voran. Wo vor kurzem noch wei\u00dfe Flecken waren, k\u00f6nnen Internetnutzer\/-innen schon bald&nbsp;mit bis zu 1.000 Mbit\/s durchs Netz surfen. eins engagiert sich gemeinsam mit den Kommunen des Landkreises Mittelsachsen f\u00fcr den Glasfaserausbau. Das bedeutet [&hellip;]\" \/>\n<meta property=\"og:url\" content=\"https:\/\/www.gemeinde-rossau.de\/index.php\/glasfaser-ausbau-fuer-mittelsachsen\/\" \/>\n<meta property=\"og:site_name\" content=\"Gemeindeverwaltung Rossau\" \/>\n<meta property=\"article:modified_time\" content=\"2021-11-03T07:58:35+00:00\" \/>\n<meta property=\"og:image\" content=\"https:\/\/www.gemeinde-rossau.de\/wp-content\/uploads\/2021\/08\/fiber-4814456_1920.jpg\" \/>\n\t<meta property=\"og:image:width\" content=\"1920\" \/>\n\t<meta property=\"og:image:height\" content=\"1280\" \/>\n\t<meta property=\"og:image:type\" content=\"image\/jpeg\" \/>\n<meta name=\"twitter:card\" content=\"summary_large_image\" \/>\n<meta name=\"twitter:label1\" content=\"Gesch\u00e4tzte Lesezeit\" \/>\n\t<meta name=\"twitter:data1\" content=\"1\u00a0Minute\" \/>\n<script type=\"application\/ld+json\" class=\"yoast-schema-graph\">{\"@context\":\"https:\/\/schema.org\",\"@graph\":[{\"@type\":\"WebPage\",\"@id\":\"https:\/\/www.gemeinde-rossau.de\/index.php\/glasfaser-ausbau-fuer-mittelsachsen\/\",\"url\":\"https:\/\/www.gemeinde-rossau.de\/index.php\/glasfaser-ausbau-fuer-mittelsachsen\/\",\"name\":\"Glasfaser-Ausbau f\u00fcr Mittelsachsen | Gemeindeverwaltung Rossau\",\"isPartOf\":{\"@id\":\"https:\/\/www.gemeinde-rossau.de\/#website\"},\"datePublished\":\"2021-11-03T07:58:33+00:00\",\"dateModified\":\"2021-11-03T07:58:35+00:00\",\"breadcrumb\":{\"@id\":\"https:\/\/www.gemeinde-rossau.de\/index.php\/glasfaser-ausbau-fuer-mittelsachsen\/#breadcrumb\"},\"inLanguage\":\"de\",\"potentialAction\":[{\"@type\":\"ReadAction\",\"target\":[\"https:\/\/www.gemeinde-rossau.de\/index.php\/glasfaser-ausbau-fuer-mittelsachsen\/\"]}]},{\"@type\":\"BreadcrumbList\",\"@id\":\"https:\/\/www.gemeinde-rossau.de\/index.php\/glasfaser-ausbau-fuer-mittelsachsen\/#breadcrumb\",\"itemListElement\":[{\"@type\":\"ListItem\",\"position\":1,\"name\":\"Home\",\"item\":\"https:\/\/www.gemeinde-rossau.de\/\"},{\"@type\":\"ListItem\",\"position\":2,\"name\":\"Glasfaser-Ausbau f\u00fcr Mittelsachsen\"}]},{\"@type\":\"WebSite\",\"@id\":\"https:\/\/www.gemeinde-rossau.de\/#website\",\"url\":\"https:\/\/www.gemeinde-rossau.de\/\",\"name\":\"Gemeindeverwaltung Rossau\",\"description\":\"Gemeindeverwaltung Rossau\",\"publisher\":{\"@id\":\"https:\/\/www.gemeinde-rossau.de\/#organization\"},\"potentialAction\":[{\"@type\":\"SearchAction\",\"target\":{\"@type\":\"EntryPoint\",\"urlTemplate\":\"https:\/\/www.gemeinde-rossau.de\/?s={search_term_string}\"},\"query-input\":\"required name=search_term_string\"}],\"inLanguage\":\"de\"},{\"@type\":\"Organization\",\"@id\":\"https:\/\/www.gemeinde-rossau.de\/#organization\",\"name\":\"Gemeindeverwaltung Rossau\",\"url\":\"https:\/\/www.gemeinde-rossau.de\/\",\"logo\":{\"@type\":\"ImageObject\",\"inLanguage\":\"de\",\"@id\":\"https:\/\/www.gemeinde-rossau.de\/#\/schema\/logo\/image\/\",\"url\":\"https:\/\/www.gemeinde-rossau.de\/wp-content\/uploads\/2019\/06\/Rossau_Navigation-e1574972262765.png\",\"contentUrl\":\"https:\/\/www.gemeinde-rossau.de\/wp-content\/uploads\/2019\/06\/Rossau_Navigation-e1574972262765.png\",\"width\":76,\"height\":100,\"caption\":\"Gemeindeverwaltung Rossau\"},\"image\":{\"@id\":\"https:\/\/www.gemeinde-rossau.de\/#\/schema\/logo\/image\/\"}}]}<\/script>\n<!-- \/ Yoast SEO plugin. -->","yoast_head_json":{"title":"Glasfaser-Ausbau f\u00fcr Mittelsachsen | Gemeindeverwaltung Rossau","robots":{"index":"index","follow":"follow","max-snippet":"max-snippet:-1","max-image-preview":"max-image-preview:large","max-video-preview":"max-video-preview:-1"},"canonical":"https:\/\/www.gemeinde-rossau.de\/index.php\/glasfaser-ausbau-fuer-mittelsachsen\/","og_locale":"de_DE","og_type":"article","og_title":"Glasfaser-Ausbau f\u00fcr Mittelsachsen | Gemeindeverwaltung Rossau","og_description":"Glasfaser-Ausbau f\u00fcr Mittelsachsen (Auszug aus dem Internetauftritt von eins energie in sachsen) Schnell, schneller, Glasfaser: Der Netz-Ausbau in Mittelsachsen kommt z\u00fcgig voran. Wo vor kurzem noch wei\u00dfe Flecken waren, k\u00f6nnen Internetnutzer\/-innen schon bald&nbsp;mit bis zu 1.000 Mbit\/s durchs Netz surfen. eins engagiert sich gemeinsam mit den Kommunen des Landkreises Mittelsachsen f\u00fcr den Glasfaserausbau. Das bedeutet [&hellip;]","og_url":"https:\/\/www.gemeinde-rossau.de\/index.php\/glasfaser-ausbau-fuer-mittelsachsen\/","og_site_name":"Gemeindeverwaltung Rossau","article_modified_time":"2021-11-03T07:58:35+00:00","og_image":[{"width":1920,"height":1280,"url":"https:\/\/www.gemeinde-rossau.de\/wp-content\/uploads\/2021\/08\/fiber-4814456_1920.jpg","type":"image\/jpeg"}],"twitter_card":"summary_large_image","twitter_misc":{"Gesch\u00e4tzte Lesezeit":"1\u00a0Minute"},"schema":{"@context":"https:\/\/schema.org","@graph":[{"@type":"WebPage","@id":"https:\/\/www.gemeinde-rossau.de\/index.php\/glasfaser-ausbau-fuer-mittelsachsen\/","url":"https:\/\/www.gemeinde-rossau.de\/index.php\/glasfaser-ausbau-fuer-mittelsachsen\/","name":"Glasfaser-Ausbau f\u00fcr Mittelsachsen | Gemeindeverwaltung Rossau","isPartOf":{"@id":"https:\/\/www.gemeinde-rossau.de\/#website"},"datePublished":"2021-11-03T07:58:33+00:00","dateModified":"2021-11-03T07:58:35+00:00","breadcrumb":{"@id":"https:\/\/www.gemeinde-rossau.de\/index.php\/glasfaser-ausbau-fuer-mittelsachsen\/#breadcrumb"},"inLanguage":"de","potentialAction":[{"@type":"ReadAction","target":["https:\/\/www.gemeinde-rossau.de\/index.php\/glasfaser-ausbau-fuer-mittelsachsen\/"]}]},{"@type":"BreadcrumbList","@id":"https:\/\/www.gemeinde-rossau.de\/index.php\/glasfaser-ausbau-fuer-mittelsachsen\/#breadcrumb","itemListElement":[{"@type":"ListItem","position":1,"name":"Home","item":"https:\/\/www.gemeinde-rossau.de\/"},{"@type":"ListItem","position":2,"name":"Glasfaser-Ausbau f\u00fcr Mittelsachsen"}]},{"@type":"WebSite","@id":"https:\/\/www.gemeinde-rossau.de\/#website","url":"https:\/\/www.gemeinde-rossau.de\/","name":"Gemeindeverwaltung Rossau","description":"Gemeindeverwaltung Rossau","publisher":{"@id":"https:\/\/www.gemeinde-rossau.de\/#organization"},"potentialAction":[{"@type":"SearchAction","target":{"@type":"EntryPoint","urlTemplate":"https:\/\/www.gemeinde-rossau.de\/?s={search_term_string}"},"query-input":"required name=search_term_string"}],"inLanguage":"de"},{"@type":"Organization","@id":"https:\/\/www.gemeinde-rossau.de\/#organization","name":"Gemeindeverwaltung Rossau","url":"https:\/\/www.gemeinde-rossau.de\/","logo":{"@type":"ImageObject","inLanguage":"de","@id":"https:\/\/www.gemeinde-rossau.de\/#\/schema\/logo\/image\/","url":"https:\/\/www.gemeinde-rossau.de\/wp-content\/uploads\/2019\/06\/Rossau_Navigation-e1574972262765.png","contentUrl":"https:\/\/www.gemeinde-rossau.de\/wp-content\/uploads\/2019\/06\/Rossau_Navigation-e1574972262765.png","width":76,"height":100,"caption":"Gemeindeverwaltung Rossau"},"image":{"@id":"https:\/\/www.gemeinde-rossau.de\/#\/schema\/logo\/image\/"}}]}},"_links":{"self":[{"href":"https:\/\/www.gemeinde-rossau.de\/index.php\/wp-json\/wp\/v2\/pages\/4461"}],"collection":[{"href":"https:\/\/www.gemeinde-rossau.de\/index.php\/wp-json\/wp\/v2\/pages"}],"about":[{"href":"https:\/\/www.gemeinde-rossau.de\/index.php\/wp-json\/wp\/v2\/types\/page"}],"author":[{"embeddable":true,"href":"https:\/\/www.gemeinde-rossau.de\/index.php\/wp-json\/wp\/v2\/users\/2"}],"replies":[{"embeddable":true,"href":"https:\/\/www.gemeinde-rossau.de\/index.php\/wp-json\/wp\/v2\/comments?post=4461"}],"version-history":[{"count":4,"href":"https:\/\/www.gemeinde-rossau.de\/index.php\/wp-json\/wp\/v2\/pages\/4461\/revisions"}],"predecessor-version":[{"id":4465,"href":"https:\/\/www.gemeinde-rossau.de\/index.php\/wp-json\/wp\/v2\/pages\/4461\/revisions\/4465"}],"wp:featuredmedia":[{"embeddable":true,"href":"https:\/\/www.gemeinde-rossau.de\/index.php\/wp-json\/wp\/v2\/media\/4277"}],"wp:attachment":[{"href":"https:\/\/www.gemeinde-rossau.de\/index.php\/wp-json\/wp\/v2\/media?parent=4461"}],"curies":[{"name":"wp","href":"https:\/\/api.w.org\/{rel}","templated":true}]}}