{"id":4456,"date":"2021-11-03T08:43:46","date_gmt":"2021-11-03T07:43:46","guid":{"rendered":"https:\/\/www.gemeinde-rossau.de\/?page_id=4456"},"modified":"2021-11-03T08:43:47","modified_gmt":"2021-11-03T07:43:47","slug":"baustart-breitband-im-dezember-2021","status":"publish","type":"page","link":"https:\/\/www.gemeinde-rossau.de\/index.php\/baustart-breitband-im-dezember-2021\/","title":{"rendered":"Baustart Breitband im Dezember 2021"},"content":{"rendered":"\n<h2 class=\"wp-block-heading\">Baustart Breitband im Dezember 2021<\/h2>\n\n\n\n<p>(Mitteilung des Landratsamtes Mittelsachsen vom 13.10.2021)<\/p>\n\n\n\n<div style=\"height:46px\" aria-hidden=\"true\" class=\"wp-block-spacer\"><\/div>\n\n\n\n<p><em>Im Dezember 2021 beginnen die Arbeiten zum Breitbandausbau f\u00fcr die wei\u00dfen Flecken im Landkreis Mittelsachsen. In Vorbereitung der Ausbauphase f\u00fchrte der Landkreis heute in Hartha die dritte Regionalkonferenz zum Thema Ausbau der digitalen Infrastruktur durch.<\/em><\/p>\n\n\n\n<p>Neben den konkret anstehenden Baustarts in den Projekten, wurde auch die weitere Entwicklung der digitalen Infrastruktur im gesamten Landkreis thematisiert. Weitere Schwerpunkte waren der Start des weiterf\u00fchrenden F\u00f6rderprogrammes zum Ausbau der sogenannten \u201egrauen Flecken\u201c (Gigabitrichtlinie) und des sich daraus ergebenden F\u00f6rderpotentials und -bedarfs in Mittelsachsen. Daran nahmen Vertreter des Landkreises, der Kommunen und der am Ausbau beteiligten Unternehmen teil.<\/p>\n\n\n\n<p>In den n\u00e4chsten drei Jahren werden \u00fcber 200 Millionen Euro Bundes-, Landes- und kreiseigene Mittel in den Breitbandausbau investiert und damit rund 28.000 Wohn- und Gesch\u00e4ftsgeb\u00e4ude angeschlossen. Es wurden dazu in Kooperation mit 29 Kommunen sechs Projekte, sogenannte Cluster, gebildet.<\/p>\n\n\n\n<p>Im Anschluss an die Regionalkonferenz folgte die Auftaktveranstaltung zu den konkreten Projekten der&nbsp;eins energie in sachsen GmbH &amp; Co. KG, welche in f\u00fcnf von sechs landkreisgef\u00fchrten Clusterprojekten Konzessionsnehmer und dar\u00fcber hinaus in mehreren kommunalen Projekten ma\u00dfgeblich beteiligter Partner f\u00fcr den Breitbandausbau im Landkreis Mittelsachsen ist.<\/p>\n\n\n\n<p>Allein in den gemeinsamen Projekten mit eins energie als Konzession\u00e4r sollen Tiefbauarbeiten auf Kanall\u00e4ngen von insgesamt 1.523 Kilometern durchgef\u00fchrt werden. Dabei werden<\/p>\n\n\n\n<ul><li>9.357 Kilometer Glasfaserkabel unterschiedlicher Dimensionierungen<\/li><li>2.977 Kilometer Leerrohre verlegt<\/li><li>848 Kabelverzweiger und<\/li><li>36 Hauptverteiler (POP-Stationen) gebaut.<\/li><\/ul>\n\n\n\n<div style=\"height:26px\" aria-hidden=\"true\" class=\"wp-block-spacer\"><\/div>\n\n\n\n<p>Neben knapp 10.000 F\u00f6rderanschl\u00fcssen k\u00f6nnen noch ca. 15.600 an den Ausbautrassen anliegende Grundst\u00fccke mitversorgt werden.<\/p>\n\n\n\n<p><em>&nbsp;Matthias Damm, Landrat:<\/em><\/p>\n\n\n\n<p>\u201eEine leistungsf\u00e4hige und moderne Breitbandversorgung ist die Grundlage f\u00fcr die k\u00fcnftige Wettbewerbsf\u00e4higkeit der Wirtschaft im Landkreis. Aber auch im Alltag ist f\u00fcr die B\u00fcrger eine schnelle Internetverbindung wichtig. F\u00fcr die Realisierung des Ausbaus sind enge Abstimmungen mit den Kommunen und Verwaltungen notwendig. Das ist eine unserer zentralen Aufgaben f\u00fcr die kommenden Jahre. Ich bitte alle beteiligten Kommunen, Institutionen und Verwaltungen um ihre Mithilfe, um das Projekt im vorgesehenen Zeitraum zum Erfolg zu f\u00fchren.\u201d<\/p>\n\n\n\n<p><em>Roland Warner, Vorsitzender der eins energie-Gesch\u00e4ftsf\u00fchrung:<\/em><\/p>\n\n\n\n<p>\u201eDer Hunger nach immer schnelleren Internetanschl\u00fcssen nimmt st\u00e4ndig zu. Die Corona-Pandemie f\u00fchrt uns ganz deutlich vor Augen, wo unsere Defizite liegen. Ohne Glasfaseranschluss wird kein Schulbetrieb digital. Seit 2012 haben wir als eins energie rund 60 Millionen Euro in den Breitbandausbau investiert. Damit wollen wir attraktive Lebens- und Wirtschaftsr\u00e4ume erhalten, gestalten und langfristig vorantreiben. Das ist auch unser Ziel f\u00fcr die nun anstehenden Projekte im Landkreis Mittelsachsen. Wir freuen uns sehr auf diese Herausforderung und die Perspektive, hier B\u00fcrgern, B\u00fcrgerinnen und Gewerbetreibenden einen Standortvorteil zu verschaffen.\u201c<\/p>\n\n\n\n<p><em>&nbsp;Mattias Borm, Breitbandkoordinator im Landratsamt:<\/em><\/p>\n\n\n\n<p>\u201eNach der Vergabe befinden sich derzeit alle F\u00f6rderverfahren in der finalen Antragspr\u00fcfung.&nbsp;Die z\u00fcgige Erlangung der Konkretisierungsbescheide der F\u00f6rdermittel f\u00fcr den Baustart ist einer der wichtigsten n\u00e4chsten Schritte. Au\u00dferdem muss die F\u00f6rderf\u00e4higkeit f\u00fcr den streckenanliegenden Ausbau gekl\u00e4rt werden, also in welchen F\u00e4llen die Grundst\u00fcckseigent\u00fcmer von einer Kostenbeteiligung freigestellt sind.\u201c<\/p>\n\n\n\n<p><em>&nbsp;Dr. Lothar Beier, 1. Beigeordneter:<\/em><\/p>\n\n\n\n<p>\u201eDie Breitbandkoordinierung und alle anderen an den Verfahren beteiligten Verwaltungsbereiche, hier insbesondere die Genehmigungsbeh\u00f6rden, werden alles tun, um verz\u00f6gerungsfreie Projektstarts zu gew\u00e4hrleisten. F\u00fcr die B\u00fcrgerinnen und B\u00fcrger des Landkreises bietet sich die einmalige Chance, f\u00fcr ihr Grundst\u00fcck einen kostenfreien Glasfaseranschluss zu erhalten und ihr Eigentum damit aufzuwerten. Der Landkreis empfiehlt daher allen Grundst\u00fcckseigent\u00fcmern in den Ausbaugebieten, ihre Immobilie mit moderner Breitbandinfrastruktur anbinden zu lassen und die entsprechenden Gestattungsvertr\u00e4ge zu unterzeichnen.\u201c<\/p>\n\n\n\n<p>In den n\u00e4chsten Monaten werden daher alle betroffenen Grundst\u00fcckbesitzer vom Landkreis als auch vom Konzession\u00e4r Post erhalten.<\/p>\n\n\n\n<div style=\"height:45px\" aria-hidden=\"true\" class=\"wp-block-spacer\"><\/div>\n\n\n\n<div class=\"wp-block-buttons is-layout-flex\">\n<div class=\"wp-block-button is-style-outline\"><a class=\"wp-block-button__link has-black-color has-vivid-cyan-blue-background-color has-text-color has-background\" href=\"https:\/\/www.landkreis-mittelsachsen.de\/das-amt\/neuigkeiten\/baustart-breitband-im-dezember-2021.html\" style=\"border-radius:40px\">Baustart Breitband im Dezember 2021 &#8211; Landkreis Mittelsachen (landkreis-mittelsachsen.de)<\/a><\/div>\n<\/div>\n","protected":false},"excerpt":{"rendered":"<p>Baustart Breitband im Dezember 2021 (Mitteilung des Landratsamtes Mittelsachsen vom 13.10.2021) Im Dezember 2021 beginnen die Arbeiten zum Breitbandausbau f\u00fcr die wei\u00dfen Flecken im Landkreis Mittelsachsen. In Vorbereitung der Ausbauphase f\u00fchrte der Landkreis heute in Hartha die dritte Regionalkonferenz zum Thema Ausbau der digitalen Infrastruktur durch. Neben den konkret anstehenden Baustarts in den Projekten, wurde [&hellip;]<\/p>\n","protected":false},"author":2,"featured_media":4277,"parent":0,"menu_order":0,"comment_status":"closed","ping_status":"closed","template":"","meta":{"_expiration-date-status":"saved","_expiration-date":0,"_expiration-date-type":"","_expiration-date-categories":[],"_expiration-date-options":[],"_links_to":"","_links_to_target":""},"acf":[],"yoast_head":"<!-- This site is optimized with the Yoast SEO plugin v19.13 - https:\/\/yoast.com\/wordpress\/plugins\/seo\/ -->\n<title>Baustart Breitband im Dezember 2021 | Gemeindeverwaltung Rossau<\/title>\n<meta name=\"robots\" content=\"index, follow, max-snippet:-1, max-image-preview:large, max-video-preview:-1\" \/>\n<link rel=\"canonical\" href=\"https:\/\/www.gemeinde-rossau.de\/index.php\/baustart-breitband-im-dezember-2021\/\" \/>\n<meta property=\"og:locale\" content=\"de_DE\" \/>\n<meta property=\"og:type\" content=\"article\" \/>\n<meta property=\"og:title\" content=\"Baustart Breitband im Dezember 2021 | Gemeindeverwaltung Rossau\" \/>\n<meta property=\"og:description\" content=\"Baustart Breitband im Dezember 2021 (Mitteilung des Landratsamtes Mittelsachsen vom 13.10.2021) Im Dezember 2021 beginnen die Arbeiten zum Breitbandausbau f\u00fcr die wei\u00dfen Flecken im Landkreis Mittelsachsen. In Vorbereitung der Ausbauphase f\u00fchrte der Landkreis heute in Hartha die dritte Regionalkonferenz zum Thema Ausbau der digitalen Infrastruktur durch. Neben den konkret anstehenden Baustarts in den Projekten, wurde [&hellip;]\" \/>\n<meta property=\"og:url\" content=\"https:\/\/www.gemeinde-rossau.de\/index.php\/baustart-breitband-im-dezember-2021\/\" \/>\n<meta property=\"og:site_name\" content=\"Gemeindeverwaltung Rossau\" \/>\n<meta property=\"article:modified_time\" content=\"2021-11-03T07:43:47+00:00\" \/>\n<meta property=\"og:image\" content=\"https:\/\/www.gemeinde-rossau.de\/wp-content\/uploads\/2021\/08\/fiber-4814456_1920.jpg\" \/>\n\t<meta property=\"og:image:width\" content=\"1920\" \/>\n\t<meta property=\"og:image:height\" content=\"1280\" \/>\n\t<meta property=\"og:image:type\" content=\"image\/jpeg\" \/>\n<meta name=\"twitter:card\" content=\"summary_large_image\" \/>\n<meta name=\"twitter:label1\" content=\"Gesch\u00e4tzte Lesezeit\" \/>\n\t<meta name=\"twitter:data1\" content=\"3\u00a0Minuten\" \/>\n<script type=\"application\/ld+json\" class=\"yoast-schema-graph\">{\"@context\":\"https:\/\/schema.org\",\"@graph\":[{\"@type\":\"WebPage\",\"@id\":\"https:\/\/www.gemeinde-rossau.de\/index.php\/baustart-breitband-im-dezember-2021\/\",\"url\":\"https:\/\/www.gemeinde-rossau.de\/index.php\/baustart-breitband-im-dezember-2021\/\",\"name\":\"Baustart Breitband im Dezember 2021 | Gemeindeverwaltung Rossau\",\"isPartOf\":{\"@id\":\"https:\/\/www.gemeinde-rossau.de\/#website\"},\"datePublished\":\"2021-11-03T07:43:46+00:00\",\"dateModified\":\"2021-11-03T07:43:47+00:00\",\"breadcrumb\":{\"@id\":\"https:\/\/www.gemeinde-rossau.de\/index.php\/baustart-breitband-im-dezember-2021\/#breadcrumb\"},\"inLanguage\":\"de\",\"potentialAction\":[{\"@type\":\"ReadAction\",\"target\":[\"https:\/\/www.gemeinde-rossau.de\/index.php\/baustart-breitband-im-dezember-2021\/\"]}]},{\"@type\":\"BreadcrumbList\",\"@id\":\"https:\/\/www.gemeinde-rossau.de\/index.php\/baustart-breitband-im-dezember-2021\/#breadcrumb\",\"itemListElement\":[{\"@type\":\"ListItem\",\"position\":1,\"name\":\"Home\",\"item\":\"https:\/\/www.gemeinde-rossau.de\/\"},{\"@type\":\"ListItem\",\"position\":2,\"name\":\"Baustart Breitband im Dezember 2021\"}]},{\"@type\":\"WebSite\",\"@id\":\"https:\/\/www.gemeinde-rossau.de\/#website\",\"url\":\"https:\/\/www.gemeinde-rossau.de\/\",\"name\":\"Gemeindeverwaltung Rossau\",\"description\":\"Gemeindeverwaltung Rossau\",\"publisher\":{\"@id\":\"https:\/\/www.gemeinde-rossau.de\/#organization\"},\"potentialAction\":[{\"@type\":\"SearchAction\",\"target\":{\"@type\":\"EntryPoint\",\"urlTemplate\":\"https:\/\/www.gemeinde-rossau.de\/?s={search_term_string}\"},\"query-input\":\"required name=search_term_string\"}],\"inLanguage\":\"de\"},{\"@type\":\"Organization\",\"@id\":\"https:\/\/www.gemeinde-rossau.de\/#organization\",\"name\":\"Gemeindeverwaltung Rossau\",\"url\":\"https:\/\/www.gemeinde-rossau.de\/\",\"logo\":{\"@type\":\"ImageObject\",\"inLanguage\":\"de\",\"@id\":\"https:\/\/www.gemeinde-rossau.de\/#\/schema\/logo\/image\/\",\"url\":\"https:\/\/www.gemeinde-rossau.de\/wp-content\/uploads\/2019\/06\/Rossau_Navigation-e1574972262765.png\",\"contentUrl\":\"https:\/\/www.gemeinde-rossau.de\/wp-content\/uploads\/2019\/06\/Rossau_Navigation-e1574972262765.png\",\"width\":76,\"height\":100,\"caption\":\"Gemeindeverwaltung Rossau\"},\"image\":{\"@id\":\"https:\/\/www.gemeinde-rossau.de\/#\/schema\/logo\/image\/\"}}]}<\/script>\n<!-- \/ Yoast SEO plugin. -->","yoast_head_json":{"title":"Baustart Breitband im Dezember 2021 | Gemeindeverwaltung Rossau","robots":{"index":"index","follow":"follow","max-snippet":"max-snippet:-1","max-image-preview":"max-image-preview:large","max-video-preview":"max-video-preview:-1"},"canonical":"https:\/\/www.gemeinde-rossau.de\/index.php\/baustart-breitband-im-dezember-2021\/","og_locale":"de_DE","og_type":"article","og_title":"Baustart Breitband im Dezember 2021 | Gemeindeverwaltung Rossau","og_description":"Baustart Breitband im Dezember 2021 (Mitteilung des Landratsamtes Mittelsachsen vom 13.10.2021) Im Dezember 2021 beginnen die Arbeiten zum Breitbandausbau f\u00fcr die wei\u00dfen Flecken im Landkreis Mittelsachsen. In Vorbereitung der Ausbauphase f\u00fchrte der Landkreis heute in Hartha die dritte Regionalkonferenz zum Thema Ausbau der digitalen Infrastruktur durch. Neben den konkret anstehenden Baustarts in den Projekten, wurde [&hellip;]","og_url":"https:\/\/www.gemeinde-rossau.de\/index.php\/baustart-breitband-im-dezember-2021\/","og_site_name":"Gemeindeverwaltung Rossau","article_modified_time":"2021-11-03T07:43:47+00:00","og_image":[{"width":1920,"height":1280,"url":"https:\/\/www.gemeinde-rossau.de\/wp-content\/uploads\/2021\/08\/fiber-4814456_1920.jpg","type":"image\/jpeg"}],"twitter_card":"summary_large_image","twitter_misc":{"Gesch\u00e4tzte Lesezeit":"3\u00a0Minuten"},"schema":{"@context":"https:\/\/schema.org","@graph":[{"@type":"WebPage","@id":"https:\/\/www.gemeinde-rossau.de\/index.php\/baustart-breitband-im-dezember-2021\/","url":"https:\/\/www.gemeinde-rossau.de\/index.php\/baustart-breitband-im-dezember-2021\/","name":"Baustart Breitband im Dezember 2021 | Gemeindeverwaltung Rossau","isPartOf":{"@id":"https:\/\/www.gemeinde-rossau.de\/#website"},"datePublished":"2021-11-03T07:43:46+00:00","dateModified":"2021-11-03T07:43:47+00:00","breadcrumb":{"@id":"https:\/\/www.gemeinde-rossau.de\/index.php\/baustart-breitband-im-dezember-2021\/#breadcrumb"},"inLanguage":"de","potentialAction":[{"@type":"ReadAction","target":["https:\/\/www.gemeinde-rossau.de\/index.php\/baustart-breitband-im-dezember-2021\/"]}]},{"@type":"BreadcrumbList","@id":"https:\/\/www.gemeinde-rossau.de\/index.php\/baustart-breitband-im-dezember-2021\/#breadcrumb","itemListElement":[{"@type":"ListItem","position":1,"name":"Home","item":"https:\/\/www.gemeinde-rossau.de\/"},{"@type":"ListItem","position":2,"name":"Baustart Breitband im Dezember 2021"}]},{"@type":"WebSite","@id":"https:\/\/www.gemeinde-rossau.de\/#website","url":"https:\/\/www.gemeinde-rossau.de\/","name":"Gemeindeverwaltung Rossau","description":"Gemeindeverwaltung Rossau","publisher":{"@id":"https:\/\/www.gemeinde-rossau.de\/#organization"},"potentialAction":[{"@type":"SearchAction","target":{"@type":"EntryPoint","urlTemplate":"https:\/\/www.gemeinde-rossau.de\/?s={search_term_string}"},"query-input":"required name=search_term_string"}],"inLanguage":"de"},{"@type":"Organization","@id":"https:\/\/www.gemeinde-rossau.de\/#organization","name":"Gemeindeverwaltung Rossau","url":"https:\/\/www.gemeinde-rossau.de\/","logo":{"@type":"ImageObject","inLanguage":"de","@id":"https:\/\/www.gemeinde-rossau.de\/#\/schema\/logo\/image\/","url":"https:\/\/www.gemeinde-rossau.de\/wp-content\/uploads\/2019\/06\/Rossau_Navigation-e1574972262765.png","contentUrl":"https:\/\/www.gemeinde-rossau.de\/wp-content\/uploads\/2019\/06\/Rossau_Navigation-e1574972262765.png","width":76,"height":100,"caption":"Gemeindeverwaltung Rossau"},"image":{"@id":"https:\/\/www.gemeinde-rossau.de\/#\/schema\/logo\/image\/"}}]}},"_links":{"self":[{"href":"https:\/\/www.gemeinde-rossau.de\/index.php\/wp-json\/wp\/v2\/pages\/4456"}],"collection":[{"href":"https:\/\/www.gemeinde-rossau.de\/index.php\/wp-json\/wp\/v2\/pages"}],"about":[{"href":"https:\/\/www.gemeinde-rossau.de\/index.php\/wp-json\/wp\/v2\/types\/page"}],"author":[{"embeddable":true,"href":"https:\/\/www.gemeinde-rossau.de\/index.php\/wp-json\/wp\/v2\/users\/2"}],"replies":[{"embeddable":true,"href":"https:\/\/www.gemeinde-rossau.de\/index.php\/wp-json\/wp\/v2\/comments?post=4456"}],"version-history":[{"count":3,"href":"https:\/\/www.gemeinde-rossau.de\/index.php\/wp-json\/wp\/v2\/pages\/4456\/revisions"}],"predecessor-version":[{"id":4459,"href":"https:\/\/www.gemeinde-rossau.de\/index.php\/wp-json\/wp\/v2\/pages\/4456\/revisions\/4459"}],"wp:featuredmedia":[{"embeddable":true,"href":"https:\/\/www.gemeinde-rossau.de\/index.php\/wp-json\/wp\/v2\/media\/4277"}],"wp:attachment":[{"href":"https:\/\/www.gemeinde-rossau.de\/index.php\/wp-json\/wp\/v2\/media?parent=4456"}],"curies":[{"name":"wp","href":"https:\/\/api.w.org\/{rel}","templated":true}]}}