{"id":3868,"date":"2021-03-29T13:10:42","date_gmt":"2021-03-29T12:10:42","guid":{"rendered":"https:\/\/www.gemeinde-rossau.de\/?page_id=3868"},"modified":"2022-10-05T10:51:56","modified_gmt":"2022-10-05T09:51:56","slug":"holzannahme-2","status":"publish","type":"page","link":"https:\/\/www.gemeinde-rossau.de\/index.php\/holzannahme-2\/","title":{"rendered":"Holzannahme"},"content":{"rendered":"\n<h1 class=\"wp-block-heading\">Termine Holzannahme<\/h1>\n\n\n\n<div style=\"height:47px\" aria-hidden=\"true\" class=\"wp-block-spacer\"><\/div>\n\n\n\n<h2 class=\"wp-block-heading\">Anlieferung von Baum-, Strauch- und Heckenschnitt <\/h2>\n\n\n\n<h2 class=\"wp-block-heading\">-Holzannahme &#8211;<\/h2>\n\n\n\n<div style=\"height:45px\" aria-hidden=\"true\" class=\"wp-block-spacer\"><\/div>\n\n\n\n<p><strong>Annahmestelle: &nbsp;&nbsp;&nbsp;&nbsp;&nbsp;&nbsp;&nbsp;&nbsp;&nbsp;&nbsp;&nbsp; Festwiese Rossau &#8211; neben Bauhofgel\u00e4nde<\/strong><\/p>\n\n\n\n<div style=\"height:50px\" aria-hidden=\"true\" class=\"wp-block-spacer\"><\/div>\n\n\n\n<p>Die Annahme erfolgt jeweils am 1. Samstag im Monat.<br><\/p>\n\n\n\n<p><br><br><strong>Annahmetage 4. Quartal 2022<\/strong><\/p>\n\n\n\n<p>Oktober: <br>Samstag, 01. Oktober 2022, 10.00 &#8211; 14.00 Uhr<\/p>\n\n\n\n<p>November: <br>Samstag, 05. November 2022, 10.00 &#8211; 14.00 Uhr<\/p>\n\n\n\n<p>Dezember: <br>Samstag, 03. Dezember 2022, 10.00 &#8211; 14.00 Uhr<\/p>\n\n\n\n<div style=\"height:71px\" aria-hidden=\"true\" class=\"wp-block-spacer\"><\/div>\n\n\n\n<p>F\u00fcr die Anlieferung des Schnittgutes wird ein Entgelt in folgender H\u00f6he erhoben:<\/p>\n\n\n\n<ul><li>PKW<strong>&nbsp; &nbsp;&nbsp;&nbsp;&nbsp;&nbsp;&nbsp;&nbsp;&nbsp;&nbsp;&nbsp;&nbsp;&nbsp;&nbsp;&nbsp;&nbsp;&nbsp;&nbsp;&nbsp;&nbsp;&nbsp;&nbsp;&nbsp;&nbsp;&nbsp;&nbsp;&nbsp;&nbsp;&nbsp;&nbsp;&nbsp;&nbsp;&nbsp;&nbsp;&nbsp;&nbsp;&nbsp;&nbsp;&nbsp;&nbsp;&nbsp;&nbsp;&nbsp;&nbsp;&nbsp;&nbsp;&nbsp;&nbsp;&nbsp;&nbsp; <\/strong>&nbsp;&nbsp;5,00 \u20ac<\/li><li>PKW-Anh\u00e4nger klein&nbsp; &nbsp;&nbsp;&nbsp;&nbsp;&nbsp;&nbsp;&nbsp;&nbsp;&nbsp;&nbsp;&nbsp;&nbsp;&nbsp;&nbsp;&nbsp;&nbsp;&nbsp;&nbsp;&nbsp;&nbsp;&nbsp;&nbsp;&nbsp;&nbsp;&nbsp;&nbsp; 5,00 \u20ac<\/li><li>Anh\u00e4nger gro\u00df, Transporter&nbsp;&nbsp;&nbsp;&nbsp;&nbsp;&nbsp;&nbsp;&nbsp;&nbsp;&nbsp;&nbsp;&nbsp;&nbsp;&nbsp;&nbsp; 10,00 \u20ac<br><br><\/li><\/ul>\n\n\n\n<p>Das Entgelt ist vor Ort in bar beim zust\u00e4ndigen Bauhofmitarbeiter zu entrichten.<br><br><\/p>\n\n\n\n<p>Nicht angenommen werden:<br>Wurzelst\u00f6cke, Rasenschnitt, Laub- und Gartenabf\u00e4lle.<\/p>\n\n\n\n<p>F\u00fcr R\u00fcckfragen steht Ihnen die Gemeindeverwaltung gern unter <br>03727 984150 zur Verf\u00fcgung.<\/p>\n","protected":false},"excerpt":{"rendered":"<p>Termine Holzannahme Anlieferung von Baum-, Strauch- und Heckenschnitt -Holzannahme &#8211; Annahmestelle: &nbsp;&nbsp;&nbsp;&nbsp;&nbsp;&nbsp;&nbsp;&nbsp;&nbsp;&nbsp;&nbsp; Festwiese Rossau &#8211; neben Bauhofgel\u00e4nde Die Annahme erfolgt jeweils am 1. Samstag im Monat. Annahmetage 4. Quartal 2022 Oktober: Samstag, 01. Oktober 2022, 10.00 &#8211; 14.00 Uhr November: Samstag, 05. November 2022, 10.00 &#8211; 14.00 Uhr Dezember: Samstag, 03. Dezember 2022, 10.00 &#8211; [&hellip;]<\/p>\n","protected":false},"author":2,"featured_media":4280,"parent":0,"menu_order":0,"comment_status":"closed","ping_status":"closed","template":"","meta":{"_expiration-date-status":"","_expiration-date":1655887929,"_expiration-date-type":"draft","_expiration-date-categories":[],"_expiration-date-options":[],"_links_to":"","_links_to_target":""},"acf":[],"yoast_head":"<!-- This site is optimized with the Yoast SEO plugin v19.13 - https:\/\/yoast.com\/wordpress\/plugins\/seo\/ -->\n<title>Holzannahme | Gemeindeverwaltung Rossau<\/title>\n<meta name=\"robots\" content=\"index, follow, max-snippet:-1, max-image-preview:large, max-video-preview:-1\" \/>\n<link rel=\"canonical\" href=\"https:\/\/www.gemeinde-rossau.de\/index.php\/holzannahme-2\/\" \/>\n<meta property=\"og:locale\" content=\"de_DE\" \/>\n<meta property=\"og:type\" content=\"article\" \/>\n<meta property=\"og:title\" content=\"Holzannahme | Gemeindeverwaltung Rossau\" \/>\n<meta property=\"og:description\" content=\"Termine Holzannahme Anlieferung von Baum-, Strauch- und Heckenschnitt -Holzannahme &#8211; Annahmestelle: &nbsp;&nbsp;&nbsp;&nbsp;&nbsp;&nbsp;&nbsp;&nbsp;&nbsp;&nbsp;&nbsp; Festwiese Rossau &#8211; neben Bauhofgel\u00e4nde Die Annahme erfolgt jeweils am 1. Samstag im Monat. Annahmetage 4. Quartal 2022 Oktober: Samstag, 01. Oktober 2022, 10.00 &#8211; 14.00 Uhr November: Samstag, 05. November 2022, 10.00 &#8211; 14.00 Uhr Dezember: Samstag, 03. Dezember 2022, 10.00 &#8211; [&hellip;]\" \/>\n<meta property=\"og:url\" content=\"https:\/\/www.gemeinde-rossau.de\/index.php\/holzannahme-2\/\" \/>\n<meta property=\"og:site_name\" content=\"Gemeindeverwaltung Rossau\" \/>\n<meta property=\"article:modified_time\" content=\"2022-10-05T09:51:56+00:00\" \/>\n<meta name=\"twitter:card\" content=\"summary_large_image\" \/>\n<meta name=\"twitter:label1\" content=\"Gesch\u00e4tzte Lesezeit\" \/>\n\t<meta name=\"twitter:data1\" content=\"1\u00a0Minute\" \/>\n<script type=\"application\/ld+json\" class=\"yoast-schema-graph\">{\"@context\":\"https:\/\/schema.org\",\"@graph\":[{\"@type\":\"WebPage\",\"@id\":\"https:\/\/www.gemeinde-rossau.de\/index.php\/holzannahme-2\/\",\"url\":\"https:\/\/www.gemeinde-rossau.de\/index.php\/holzannahme-2\/\",\"name\":\"Holzannahme | Gemeindeverwaltung Rossau\",\"isPartOf\":{\"@id\":\"https:\/\/www.gemeinde-rossau.de\/#website\"},\"datePublished\":\"2021-03-29T12:10:42+00:00\",\"dateModified\":\"2022-10-05T09:51:56+00:00\",\"breadcrumb\":{\"@id\":\"https:\/\/www.gemeinde-rossau.de\/index.php\/holzannahme-2\/#breadcrumb\"},\"inLanguage\":\"de\",\"potentialAction\":[{\"@type\":\"ReadAction\",\"target\":[\"https:\/\/www.gemeinde-rossau.de\/index.php\/holzannahme-2\/\"]}]},{\"@type\":\"BreadcrumbList\",\"@id\":\"https:\/\/www.gemeinde-rossau.de\/index.php\/holzannahme-2\/#breadcrumb\",\"itemListElement\":[{\"@type\":\"ListItem\",\"position\":1,\"name\":\"Home\",\"item\":\"https:\/\/www.gemeinde-rossau.de\/\"},{\"@type\":\"ListItem\",\"position\":2,\"name\":\"Holzannahme\"}]},{\"@type\":\"WebSite\",\"@id\":\"https:\/\/www.gemeinde-rossau.de\/#website\",\"url\":\"https:\/\/www.gemeinde-rossau.de\/\",\"name\":\"Gemeindeverwaltung Rossau\",\"description\":\"Gemeindeverwaltung Rossau\",\"publisher\":{\"@id\":\"https:\/\/www.gemeinde-rossau.de\/#organization\"},\"potentialAction\":[{\"@type\":\"SearchAction\",\"target\":{\"@type\":\"EntryPoint\",\"urlTemplate\":\"https:\/\/www.gemeinde-rossau.de\/?s={search_term_string}\"},\"query-input\":\"required name=search_term_string\"}],\"inLanguage\":\"de\"},{\"@type\":\"Organization\",\"@id\":\"https:\/\/www.gemeinde-rossau.de\/#organization\",\"name\":\"Gemeindeverwaltung Rossau\",\"url\":\"https:\/\/www.gemeinde-rossau.de\/\",\"logo\":{\"@type\":\"ImageObject\",\"inLanguage\":\"de\",\"@id\":\"https:\/\/www.gemeinde-rossau.de\/#\/schema\/logo\/image\/\",\"url\":\"https:\/\/www.gemeinde-rossau.de\/wp-content\/uploads\/2019\/06\/Rossau_Navigation-e1574972262765.png\",\"contentUrl\":\"https:\/\/www.gemeinde-rossau.de\/wp-content\/uploads\/2019\/06\/Rossau_Navigation-e1574972262765.png\",\"width\":76,\"height\":100,\"caption\":\"Gemeindeverwaltung Rossau\"},\"image\":{\"@id\":\"https:\/\/www.gemeinde-rossau.de\/#\/schema\/logo\/image\/\"}}]}<\/script>\n<!-- \/ Yoast SEO plugin. -->","yoast_head_json":{"title":"Holzannahme | Gemeindeverwaltung Rossau","robots":{"index":"index","follow":"follow","max-snippet":"max-snippet:-1","max-image-preview":"max-image-preview:large","max-video-preview":"max-video-preview:-1"},"canonical":"https:\/\/www.gemeinde-rossau.de\/index.php\/holzannahme-2\/","og_locale":"de_DE","og_type":"article","og_title":"Holzannahme | Gemeindeverwaltung Rossau","og_description":"Termine Holzannahme Anlieferung von Baum-, Strauch- und Heckenschnitt -Holzannahme &#8211; Annahmestelle: &nbsp;&nbsp;&nbsp;&nbsp;&nbsp;&nbsp;&nbsp;&nbsp;&nbsp;&nbsp;&nbsp; Festwiese Rossau &#8211; neben Bauhofgel\u00e4nde Die Annahme erfolgt jeweils am 1. Samstag im Monat. Annahmetage 4. Quartal 2022 Oktober: Samstag, 01. Oktober 2022, 10.00 &#8211; 14.00 Uhr November: Samstag, 05. November 2022, 10.00 &#8211; 14.00 Uhr Dezember: Samstag, 03. Dezember 2022, 10.00 &#8211; [&hellip;]","og_url":"https:\/\/www.gemeinde-rossau.de\/index.php\/holzannahme-2\/","og_site_name":"Gemeindeverwaltung Rossau","article_modified_time":"2022-10-05T09:51:56+00:00","twitter_card":"summary_large_image","twitter_misc":{"Gesch\u00e4tzte Lesezeit":"1\u00a0Minute"},"schema":{"@context":"https:\/\/schema.org","@graph":[{"@type":"WebPage","@id":"https:\/\/www.gemeinde-rossau.de\/index.php\/holzannahme-2\/","url":"https:\/\/www.gemeinde-rossau.de\/index.php\/holzannahme-2\/","name":"Holzannahme | Gemeindeverwaltung Rossau","isPartOf":{"@id":"https:\/\/www.gemeinde-rossau.de\/#website"},"datePublished":"2021-03-29T12:10:42+00:00","dateModified":"2022-10-05T09:51:56+00:00","breadcrumb":{"@id":"https:\/\/www.gemeinde-rossau.de\/index.php\/holzannahme-2\/#breadcrumb"},"inLanguage":"de","potentialAction":[{"@type":"ReadAction","target":["https:\/\/www.gemeinde-rossau.de\/index.php\/holzannahme-2\/"]}]},{"@type":"BreadcrumbList","@id":"https:\/\/www.gemeinde-rossau.de\/index.php\/holzannahme-2\/#breadcrumb","itemListElement":[{"@type":"ListItem","position":1,"name":"Home","item":"https:\/\/www.gemeinde-rossau.de\/"},{"@type":"ListItem","position":2,"name":"Holzannahme"}]},{"@type":"WebSite","@id":"https:\/\/www.gemeinde-rossau.de\/#website","url":"https:\/\/www.gemeinde-rossau.de\/","name":"Gemeindeverwaltung Rossau","description":"Gemeindeverwaltung Rossau","publisher":{"@id":"https:\/\/www.gemeinde-rossau.de\/#organization"},"potentialAction":[{"@type":"SearchAction","target":{"@type":"EntryPoint","urlTemplate":"https:\/\/www.gemeinde-rossau.de\/?s={search_term_string}"},"query-input":"required name=search_term_string"}],"inLanguage":"de"},{"@type":"Organization","@id":"https:\/\/www.gemeinde-rossau.de\/#organization","name":"Gemeindeverwaltung Rossau","url":"https:\/\/www.gemeinde-rossau.de\/","logo":{"@type":"ImageObject","inLanguage":"de","@id":"https:\/\/www.gemeinde-rossau.de\/#\/schema\/logo\/image\/","url":"https:\/\/www.gemeinde-rossau.de\/wp-content\/uploads\/2019\/06\/Rossau_Navigation-e1574972262765.png","contentUrl":"https:\/\/www.gemeinde-rossau.de\/wp-content\/uploads\/2019\/06\/Rossau_Navigation-e1574972262765.png","width":76,"height":100,"caption":"Gemeindeverwaltung Rossau"},"image":{"@id":"https:\/\/www.gemeinde-rossau.de\/#\/schema\/logo\/image\/"}}]}},"_links":{"self":[{"href":"https:\/\/www.gemeinde-rossau.de\/index.php\/wp-json\/wp\/v2\/pages\/3868"}],"collection":[{"href":"https:\/\/www.gemeinde-rossau.de\/index.php\/wp-json\/wp\/v2\/pages"}],"about":[{"href":"https:\/\/www.gemeinde-rossau.de\/index.php\/wp-json\/wp\/v2\/types\/page"}],"author":[{"embeddable":true,"href":"https:\/\/www.gemeinde-rossau.de\/index.php\/wp-json\/wp\/v2\/users\/2"}],"replies":[{"embeddable":true,"href":"https:\/\/www.gemeinde-rossau.de\/index.php\/wp-json\/wp\/v2\/comments?post=3868"}],"version-history":[{"count":15,"href":"https:\/\/www.gemeinde-rossau.de\/index.php\/wp-json\/wp\/v2\/pages\/3868\/revisions"}],"predecessor-version":[{"id":5181,"href":"https:\/\/www.gemeinde-rossau.de\/index.php\/wp-json\/wp\/v2\/pages\/3868\/revisions\/5181"}],"wp:featuredmedia":[{"embeddable":true,"href":"https:\/\/www.gemeinde-rossau.de\/index.php\/wp-json\/wp\/v2\/media\/4280"}],"wp:attachment":[{"href":"https:\/\/www.gemeinde-rossau.de\/index.php\/wp-json\/wp\/v2\/media?parent=3868"}],"curies":[{"name":"wp","href":"https:\/\/api.w.org\/{rel}","templated":true}]}}