{"id":3589,"date":"2021-01-27T08:49:13","date_gmt":"2021-01-27T07:49:13","guid":{"rendered":"https:\/\/www.gemeinde-rossau.de\/?page_id=3589"},"modified":"2022-02-01T12:50:21","modified_gmt":"2022-02-01T11:50:21","slug":"beschluesse-2021","status":"publish","type":"page","link":"https:\/\/www.gemeinde-rossau.de\/index.php\/beschluesse-2021\/","title":{"rendered":"Beschl\u00fcsse 2021"},"content":{"rendered":"\n<h6 class=\"wp-block-heading\"><strong>Beschluss Nr. 31\/2021<br>Vorlage Nr. 32\/2021<\/strong><\/h6>\n\n\n\n<p>Der Gemeinderat beschlie\u00dft den Kauf der Flurst\u00fccke 28\/17 und 28\/18 der Gemarkung Niederrossau, Hauptstr. 95a in 09661 Niederrossau \u2013 ehemalige Kaufhalle \u2013, mit einer Gr\u00f6\u00dfe von insgesamt 1.723m\u00b2 zu einem Kaufpreis von 15.261,00\u20ac. <\/p>\n\n\n\n<div style=\"height:29px\" aria-hidden=\"true\" class=\"wp-block-spacer\"><\/div>\n\n\n\n<h6 class=\"wp-block-heading\"><strong>Beschluss Nr. 30\/2021<\/strong><br><strong>Vorlage Nr. 31\/2021<\/strong><\/h6>\n\n\n\n<p>Der Gemeinderat stimmt der Verwendung der Mittel aus dem Gesetz \u00fcber die Gew\u00e4hrung pauschaler Zuweisungen zur St\u00e4rkung des l\u00e4ndlichen Raumes im Freistaat Sachsen in H\u00f6he von 70.000\u20ac f\u00fcr die im Sachverhalt dargestellten Ma\u00dfnahmen zu. <\/p>\n\n\n\n<div style=\"height:29px\" aria-hidden=\"true\" class=\"wp-block-spacer\"><\/div>\n\n\n\n<h6 class=\"wp-block-heading\"><strong>Beschluss Nr. 29\/2021<\/strong><br><strong>Vorlage Nr. 30\/2021<\/strong><\/h6>\n\n\n\n<p>Der Gemeinderat stellt den Jahresabschluss der Gemeinde Rossau f\u00fcr das Jahr 2020 fest. <\/p>\n\n\n\n<figure class=\"wp-block-table\"><table><tbody><tr><td>Gesamtergebnis<\/td><td class=\"has-text-align-right\" data-align=\"right\">192.184,32\u20ac<\/td><\/tr><tr><td>   Ordentliches Ergebnis<\/td><td class=\"has-text-align-right\" data-align=\"right\">85.896,82\u20ac<\/td><\/tr><tr><td>   Sonderergebnis<\/td><td class=\"has-text-align-right\" data-align=\"right\">106.287,50\u20ac<\/td><\/tr><tr><td>Bilanzsumme<\/td><td class=\"has-text-align-right\" data-align=\"right\">24.951.234,95\u20ac<\/td><\/tr><tr><td>Ver\u00e4nderung des Finanzmittelbestandes<\/td><td class=\"has-text-align-right\" data-align=\"right\">-418.914,52\u20ac<\/td><\/tr><tr><td>Anfangsbestand an Zahlungsmitteln 01.01.2020<\/td><td class=\"has-text-align-right\" data-align=\"right\">600.912,90\u20ac<\/td><\/tr><tr><td>Endbestand an Zahlungsmitteln 31.12.2020<\/td><td class=\"has-text-align-right\" data-align=\"right\">181.998,38\u20ac<\/td><\/tr><tr><td>Einzahlung aus der Aufnahmen von Kassenkrediten<\/td><td class=\"has-text-align-right\" data-align=\"right\">187.875,55\u20ac<\/td><\/tr><tr><td>Verrechnung von Fehlbetr\u00e4gen im ordentlichen Ergebnis mit dem Basiskapital<\/td><td class=\"has-text-align-right\" data-align=\"right\">276.864,08\u20ac<\/td><\/tr><tr><td>Verrechnung von Fehlbetr\u00e4gen im Sonderergebnis mit dem Basiskapital<\/td><td class=\"has-text-align-right\" data-align=\"right\">-2.659,09\u20ac<\/td><\/tr><tr><td>Verbleibendes Gesamtergebnis<\/td><td class=\"has-text-align-right\" data-align=\"right\">466.389,31\u20ac<\/td><\/tr><\/tbody><\/table><\/figure>\n\n\n\n<div style=\"height:29px\" aria-hidden=\"true\" class=\"wp-block-spacer\"><\/div>\n\n\n\n<h6 class=\"wp-block-heading\"><strong>Beschluss Nr. 27\/2021<\/strong><br><strong>Vorlage Nr. 28\/2021<\/strong><\/h6>\n\n\n\n<p>Der Gemeinderat der Gemeinde Rossau stimmt der Stellungnahme der Gemeindeverwaltung Rossau zu den Windpotenzialgebieten M30, M13 und M12 zu. <\/p>\n\n\n\n<div style=\"height:29px\" aria-hidden=\"true\" class=\"wp-block-spacer\"><\/div>\n\n\n\n<h6 class=\"wp-block-heading\"><strong>Beschluss Nr. 26\/2021<\/strong><br><strong>Vorlage Nr. 27\/2021<\/strong><\/h6>\n\n\n\n<p>Der Gemeinderat der Gemeinde Rossau beschlie\u00dft die Satzung zur Regelung des Kostenersatzes f\u00fcr Leistungen der Feuerwehr Rossau (Feuerwehrkostensatzung der Gemeinde Rossau). <\/p>\n\n\n\n<div style=\"height:29px\" aria-hidden=\"true\" class=\"wp-block-spacer\"><\/div>\n\n\n\n<h6 class=\"wp-block-heading\"><strong>Beschluss Nr. 25\/2021<\/strong><br><strong>Vorlage Nr. 26\/2021<\/strong><\/h6>\n\n\n\n<p>Der Gemeinderat beschlie\u00dft, den Zuschlag zur Beschaffung eines neuen Servers f\u00fcr die Gemeindeverwaltung Rossau an die Firma &#8211; PTS GmbH, OT Ottendorf, Gottfried-Schenker-Str. 2, 09244 Lichtenau &#8211; zu einem Preis von 17.610,10\u20ac brutto zu erteilen. <\/p>\n\n\n\n<div style=\"height:29px\" aria-hidden=\"true\" class=\"wp-block-spacer\"><\/div>\n\n\n\n<h6 class=\"wp-block-heading\"><strong>Beschluss Nr. 24\/2021<\/strong><br><strong>Vorlage Nr. 25\/2021<\/strong><\/h6>\n\n\n\n<p>Der Gemeinderat der Gemeinde Rossau beschlie\u00dft die Bestellung der Christine Andr\u00e4 zur Gleichstellungsbeauftragten der Gemeinde Rossau. <\/p>\n\n\n\n<div style=\"height:29px\" aria-hidden=\"true\" class=\"wp-block-spacer\"><\/div>\n\n\n\n<h6 class=\"wp-block-heading\"><strong>Beschluss Nr. 23\/2021<\/strong><br><strong>Vorlage Nr. 24\/2021<\/strong><\/h6>\n\n\n\n<p>Der Gemeinderat der Gemeinde Rossau beschlie\u00dft die Bestellung der ehrenamtlichen T\u00e4tigkeit der Anja Hoppe f\u00fcr die Gemeinde Rossau. <\/p>\n\n\n\n<div style=\"height:29px\" aria-hidden=\"true\" class=\"wp-block-spacer\"><\/div>\n\n\n\n<h6 class=\"wp-block-heading\"><strong>Beschluss Nr. 22\/2021<\/strong><br><strong>Vorlage Nr. 23\/2021<\/strong><\/h6>\n\n\n\n<p>Der Gemeinderat der Gemeinde Rossau beschlie\u00dft die Bestellung der ehrenamtlichen T\u00e4tigkeit der Theresa Garten f\u00fcr die Gemeinde Rossau zu widerrufen. <\/p>\n\n\n\n<div style=\"height:29px\" aria-hidden=\"true\" class=\"wp-block-spacer\"><\/div>\n\n\n\n<h6 class=\"wp-block-heading\"><strong>Beschluss Nr. 21\/2021<\/strong><br><strong>Vorlage Nr. 22\/2021<\/strong><\/h6>\n\n\n\n<p>Der Gemeinderat beschlie\u00dft, den Zuschlag der Bauleistung &#8211; Deckensanierung Waldblick 1. BA an die Firma &#8211; Walter Stra\u00dfenbau KG NL Sachsen Etzdorf, Waldheimer Stra\u00dfe 76 A, 09661 Striegistal, zu einem Preis von 51.624,52\u20ac brutto zu erteilen.<\/p>\n\n\n\n<div style=\"height:29px\" aria-hidden=\"true\" class=\"wp-block-spacer\"><\/div>\n\n\n\n<h6 class=\"wp-block-heading\"><strong>Beschluss Nr. 19\/2021<\/strong><br><strong>Vorlage Nr. 20\/2021<\/strong><\/h6>\n\n\n\n<p>Der Gemeinderat der Gemeinde Rossau beschlie\u00dft das Interkommunale Radwegekonzept &#8220;Alltags- und Freizeitradwege zwischen Zschopau und Zwickauer Mulde&#8221;. <\/p>\n\n\n\n<div style=\"height:29px\" aria-hidden=\"true\" class=\"wp-block-spacer\"><\/div>\n\n\n\n<h6 class=\"wp-block-heading\"><strong>Beschluss Nr. 18\/2021<\/strong><br><strong>Vorlage Nr. 19\/2021<\/strong><\/h6>\n\n\n\n<p>Der Gemeinderat beschlie\u00dft, den Zuschlag der Sanit\u00e4rarbeiten &#8211; Komplettsanierung einer Wohnung &#8211; Sch\u00f6nborner Stra\u00dfe 14 &#8211; 1. OG links &#8211; Rossau OT Seifersbach an die Firma &#8211; Lauckner Bad, Br\u00fcderstra\u00dfe 17, 09661 Hainichen, zu einem Preis von 6.602,94\u20ac brutto zu erteilen. <\/p>\n\n\n\n<div style=\"height:29px\" aria-hidden=\"true\" class=\"wp-block-spacer\"><\/div>\n\n\n\n<h6 class=\"wp-block-heading\"><strong>Beschluss Nr. 17\/2021<\/strong><br><strong>Vorlage Nr. 18\/2021<\/strong><\/h6>\n\n\n\n<p>Der Gemeinderat beschlie\u00dft, den Zuschlag der Elektroarbeiten &#8211; Komplettsanierung einer Wohnung &#8211; Sch\u00f6nborner Stra\u00dfe 14 &#8211; 1. OG links &#8211; Rossau OT Seifersbach an die Firma &#8211; Elektrofachbetrieb Mario Knoth, Dickensstra\u00dfe 2, 09127 Chemnitz, zu einem Preis von 3.572,87\u20ac brutto zu erteilen. <\/p>\n\n\n\n<div style=\"height:29px\" aria-hidden=\"true\" class=\"wp-block-spacer\"><\/div>\n\n\n\n<h6 class=\"wp-block-heading\"><strong>Beschluss Nr. 16\/2021<\/strong><br><strong>Vorlage Nr. 17\/2021<\/strong><\/h6>\n\n\n\n<p>Der Gemeinderat beschlie\u00dft, den Zuschlag der Bauhauptleistung &#8211; Komplettsanierung einer Wohnung &#8211; Sch\u00f6nborner Stra\u00dfe 14 &#8211; 1. OG links &#8211; Rossau OT Seifersbach an die Firma &#8211; Mario Siebenhaar, Baudienstleistungen, OT Hermsdorf, Hermsdorf 45, 09661 Rossau, zu einem Preis von 23.422,08\u20ac brutto zu erteilen.<\/p>\n\n\n\n<div style=\"height:29px\" aria-hidden=\"true\" class=\"wp-block-spacer\"><\/div>\n\n\n\n<h6 class=\"wp-block-heading\"><strong>Beschluss Nr. 15\/2021<\/strong><br><strong>Vorlage Nr. 16\/2021<\/strong><\/h6>\n\n\n\n<p>Der Gemeinderat beschlie\u00dft die 35.800\u20ac f\u00fcr den Umbau eines Teilst\u00fcckes der Stra\u00dfenbeleuchtung im OT Weinsdorf auf Erdverkabelung aus den Eigenmitteln der nicht durchzuf\u00fchrenden Ma\u00dfnahme &#8211; Instandsetzung der Dorfstra\u00dfe in Hermsdorf &#8211; zu finanzieren.<\/p>\n\n\n\n<div style=\"height:29px\" aria-hidden=\"true\" class=\"wp-block-spacer\"><\/div>\n\n\n\n<h6 class=\"wp-block-heading\"><strong>Beschluss Nr. 14\/2021<\/strong><br><strong>Vorlage Nr. 14\/2021<\/strong><\/h6>\n\n\n\n<p>Der Gemeinderat der Gemeinde Rossau beschlie\u00dft die Satzung f\u00fcr die ehrenamtlich t\u00e4tigen Angeh\u00f6rigen der Freiweilligen Feuerwehr der Gemeinde Rossau (Feuerwehrentsch\u00e4digungssatzung).<\/p>\n\n\n\n<div style=\"height:29px\" aria-hidden=\"true\" class=\"wp-block-spacer\"><\/div>\n\n\n\n<h6 class=\"wp-block-heading\"><strong>Beschluss Nr. 13\/2021<\/strong><br><strong>Vorlage Nr. 13\/2021<\/strong><\/h6>\n\n\n\n<p>Der Gemeinderat Rossau beschlie\u00dft, den Mitgliedern der Wahlvorst\u00e4nde und des Briefwahlvorstandes zur \u201eBundestagswahl\u201c am 26. September 2021 sowie am Tag eines erforderlichen zweiten Wahlganges ja Wahltag und Person 50,00 \u20ac als Auslagenersatz \/ Erfrischungsgeld zu zahlen.<\/p>\n\n\n\n<p><\/p>\n\n\n\n<div style=\"height:29px\" aria-hidden=\"true\" class=\"wp-block-spacer\"><\/div>\n\n\n\n<h6 class=\"wp-block-heading\"><strong>Beschluss Nr. 12\/2021<\/strong><br><strong>Vorlage Nr. 15\/2021<\/strong><\/h6>\n\n\n\n<p>Der Gemeinderat der Gemeinde Rossau beschlie\u00dft auf einen Gesamtabschluss im Haushaltsjahr 2021 zu verzichten. <\/p>\n\n\n\n<div style=\"height:29px\" aria-hidden=\"true\" class=\"wp-block-spacer\"><\/div>\n\n\n\n<h6 class=\"wp-block-heading\"><strong>Beschluss Nr. 11\/2021<\/strong><br><strong>Vorlage Nr. 12\/2021<\/strong><\/h6>\n\n\n\n<p>Der Gemeinderat der Gemeinde Rossau beschlie\u00dft die Pr\u00fcfung der Jahresabschl\u00fcsse f\u00fcr die Jahre 2020, 2021 und 2022 an die Wirtschaftspr\u00fcfungsgesellschaft R\u00f6dl &amp; Partner in Chemnitz zum Angebotspreis von 5.593,00 \u20ac zu vergeben. <\/p>\n\n\n\n<div style=\"height:29px\" aria-hidden=\"true\" class=\"wp-block-spacer\"><\/div>\n\n\n\n<h6 class=\"wp-block-heading\"><strong>Beschluss Nr. 10\/2021<br>Vorlage Nr. 11\/2021<\/strong><\/h6>\n\n\n\n<p>Der Gemeinderat beschlie\u00dft, den Zuschlag Einbau mobile Faltwand LOS 7 &#8211; Umnutzung leerstehende ehemalige KITA zum Dorfgemeinschaftshaus &#8211; Alte Schule &#8211; an die Firma Tischlerei Ulf Schindler, Striegisweg 3, 09661 Hainichen, zu einem Preis von 4.420,57 Euro brutto zu erteilen. <\/p>\n\n\n\n<div style=\"height:29px\" aria-hidden=\"true\" class=\"wp-block-spacer\"><\/div>\n\n\n\n<h6 class=\"wp-block-heading\"><strong>Beschluss Nr. 09\/2021<\/strong><br><strong>Vorlage Nr. 10\/2021<\/strong><\/h6>\n\n\n\n<p>Der Gemeinderat beschlie\u00dft, den Zuschlag der Maler- Bodenbelagsarbeiten LOS 6 &#8211; Umnutzung leerstehende ehemalige KITA zum Dorfgemeinschaftshaus &#8211; Alte Schule &#8211; an die Firma Malerwerkst\u00e4tten Mittweida GmbH, Chemnitzer Str. 28, 09648 Mittweida, zu einem Preis von 18.136,67 Euro brutto zu erteilen. <\/p>\n\n\n\n<div style=\"height:29px\" aria-hidden=\"true\" class=\"wp-block-spacer\"><\/div>\n\n\n\n<h6 class=\"wp-block-heading\"><strong>Beschluss Nr. 08\/2021<\/strong><br><strong>Vorlage Nr. 09\/2021<\/strong><\/h6>\n\n\n\n<p>Der Gemeinderat beschlie\u00dft, den Zuschlag der Fliesenlegerarbeiten LOS 5 &#8211; Umnutzung leerstehende ehemalige KITA zum Dorfgemeinschaftshaus &#8211; Alte Schule &#8211; an die Firma Fliesen &amp; Naturstein Patrick Maul, Am Bahnhof 2, 09244 Lichtenau, zu einem Preis von 8.832,41 Euro brutto zu erteilen. <\/p>\n\n\n\n<div style=\"height:29px\" aria-hidden=\"true\" class=\"wp-block-spacer\"><\/div>\n\n\n\n<h6 class=\"wp-block-heading\"><strong>Beschluss Nr. 07\/2021<\/strong><br><strong>Vorlage Nr. 08\/2021<\/strong><\/h6>\n\n\n\n<p>Der Gemeinderat beschlie\u00dft, den Zuschlag der Elektroarbeiten LOS 4 &#8211; Umnutzung leerstehende ehemalige KITA zum Dorfgemeinschaftshaus &#8211; Alte Schule &#8211; an die Firma Elektrotechnik Mehnert GmbH, Hochuferstra\u00dfe 3b, 09306 Rochlitz, zu einem Preis von 11.135,85 Euro brutto zu erteilen. <\/p>\n\n\n\n<div style=\"height:29px\" aria-hidden=\"true\" class=\"wp-block-spacer\"><\/div>\n\n\n\n<h6 class=\"wp-block-heading\"><strong>Beschluss Nr. 06\/2021<\/strong><br><strong>Vorlage Nr. 07\/2021<\/strong><\/h6>\n\n\n\n<p>Der Gemeinderat beschlie\u00dft, den Zuschlag der HLS LOS 3 &#8211; Umnutzung leerstehende ehemalige KITA zum Dorfgemeinschaftshaus &#8211; Alte Schule &#8211; an die Firma Sanit\u00e4r Heizung L\u00fcftung J\u00f6rg Lommatzsch, OT Weinsdorf, Hauptstra\u00dfe 35, 09661 Rossau, zu einem Preis von 46.359,27 Euro brutto zu erteilen. <\/p>\n\n\n\n<div style=\"height:29px\" aria-hidden=\"true\" class=\"wp-block-spacer\"><\/div>\n\n\n\n<h6 class=\"wp-block-heading\"><strong>Beschluss Nr. 05\/2021<\/strong><br><strong>Vorlage Nr. 06\/2021<\/strong><\/h6>\n\n\n\n<p>Der Gemeinderat beschlie\u00dft, den Zuschlag der Tischlerarbeiten LOS 2 &#8211; Umnutzung leerstehende ehemalige KITA zum Dorfgemeinschaftshaus &#8211; Alte Schule &#8211; an die Firma Tischlerei Steffen Johst, OT Falkenau, R\u00f6\u00dfnerweg 15, 09661 Hainichen, zu einem Preis von 14.554,89 Euro brutto zu erteilen.<\/p>\n\n\n\n<div style=\"height:29px\" aria-hidden=\"true\" class=\"wp-block-spacer\"><\/div>\n\n\n\n<h6 class=\"wp-block-heading\"><strong>Beschluss Nr. 04\/2021<\/strong><br><strong>Vorlage Nr. 05\/2021<\/strong><\/h6>\n\n\n\n<p>Der Gemeinderat beschlie\u00dft, den Zuschlag der Bauhauptleistung LOS 1 &#8211; Umnutzung leerstehende ehemalige KITA zum Dorfgemeinschaftshaus &#8211; Alte Schule &#8211; an die Firma Baugesch\u00e4ft Andre W\u00e4hner, Hauptstra\u00dfe 109, 09961 Rossau, zu einem Preis von 93.734,35 Euro brutto zu erteilen.<\/p>\n\n\n\n<div style=\"height:29px\" aria-hidden=\"true\" class=\"wp-block-spacer\"><\/div>\n\n\n\n<h6 class=\"wp-block-heading\"><strong>Beschluss Nr. 03\/2021<\/strong><br><strong>Vorlage Nr. 04\/2021<\/strong><\/h6>\n\n\n\n<p>Der Gemeinderat Rossau beschlie\u00dft die Haushaltssatzung 2021, den dazugeh\u00f6rigen Finanzplan und die Anlagen zur Satzung.<\/p>\n\n\n\n<div style=\"height:29px\" aria-hidden=\"true\" class=\"wp-block-spacer\"><\/div>\n\n\n\n<h6 class=\"wp-block-heading\"><strong>Beschluss Nr. 02\/2021<\/strong><br><strong>Vorlage Nr. 02\/2021<\/strong><\/h6>\n\n\n\n<p> Der Gemeinderat Rossau stellt den Jahresabschluss der Gemeinde Rossau f\u00fcr das Haushaltsjahr 2019 fest. <\/p>\n\n\n\n<figure class=\"wp-block-table is-style-stripes\"><table><tbody><tr><td>Gesamtergebnis <\/td><td class=\"has-text-align-right\" data-align=\"right\">209.452,48\u20ac<\/td><\/tr><tr><td>   Ordentliches Ergebnis<\/td><td class=\"has-text-align-right\" data-align=\"right\">90.736,62\u20ac<\/td><\/tr><tr><td>   Sonderergebnis<\/td><td class=\"has-text-align-right\" data-align=\"right\">118.715,86\u20ac<\/td><\/tr><tr><td>Bilanzsumme<\/td><td class=\"has-text-align-right\" data-align=\"right\">24.768.034,64\u20ac<\/td><\/tr><tr><td>Ver\u00e4nderung des Finanzmittelbestandes<\/td><td class=\"has-text-align-right\" data-align=\"right\">145.262,30\u20ac<\/td><\/tr><tr><td>Anfangsbestand an Zahlungsmitteln 01.01.2019<\/td><td class=\"has-text-align-right\" data-align=\"right\">455.650,60\u20ac<\/td><\/tr><tr><td>Endbestand an Zahlungsmitteln 31.12.2019<\/td><td class=\"has-text-align-right\" data-align=\"right\">600.912,90\u20ac<\/td><\/tr><tr><td>Verrechnung von Fehlbetr\u00e4gen im ordentlichen Ergebnis mit dem Basiskapital<\/td><td class=\"has-text-align-right\" data-align=\"right\">306.667,27\u20ac<\/td><\/tr><tr><td>Verrechnung von Fehlbetr\u00e4gen im Sonderergebnis mit dem Basiskapital<\/td><td class=\"has-text-align-right\" data-align=\"right\">-31.441,72\u20ac<\/td><\/tr><tr><td>Verbleibendes Gesamtergebnis<\/td><td class=\"has-text-align-right\" data-align=\"right\">484.678,03\u20ac<\/td><\/tr><\/tbody><\/table><\/figure>\n\n\n\n<p><\/p>\n","protected":false},"excerpt":{"rendered":"<p>Beschluss Nr. 31\/2021Vorlage Nr. 32\/2021 Der Gemeinderat beschlie\u00dft den Kauf der Flurst\u00fccke 28\/17 und 28\/18 der Gemarkung Niederrossau, Hauptstr. 95a in 09661 Niederrossau \u2013 ehemalige Kaufhalle \u2013, mit einer Gr\u00f6\u00dfe von insgesamt 1.723m\u00b2 zu einem Kaufpreis von 15.261,00\u20ac. Beschluss Nr. 30\/2021Vorlage Nr. 31\/2021 Der Gemeinderat stimmt der Verwendung der Mittel aus dem Gesetz \u00fcber die [&hellip;]<\/p>\n","protected":false},"author":4,"featured_media":1105,"parent":0,"menu_order":0,"comment_status":"closed","ping_status":"closed","template":"","meta":{"_expiration-date-status":"saved","_expiration-date":0,"_expiration-date-type":"","_expiration-date-categories":[],"_expiration-date-options":[],"_links_to":"","_links_to_target":""},"acf":[],"yoast_head":"<!-- This site is optimized with the Yoast SEO plugin v19.13 - https:\/\/yoast.com\/wordpress\/plugins\/seo\/ -->\n<title>Beschl\u00fcsse 2021 | Gemeindeverwaltung Rossau<\/title>\n<meta name=\"robots\" content=\"index, follow, max-snippet:-1, max-image-preview:large, max-video-preview:-1\" \/>\n<link rel=\"canonical\" href=\"https:\/\/www.gemeinde-rossau.de\/index.php\/beschluesse-2021\/\" \/>\n<meta property=\"og:locale\" content=\"de_DE\" \/>\n<meta property=\"og:type\" content=\"article\" \/>\n<meta property=\"og:title\" content=\"Beschl\u00fcsse 2021 | Gemeindeverwaltung Rossau\" \/>\n<meta property=\"og:description\" content=\"Beschluss Nr. 31\/2021Vorlage Nr. 32\/2021 Der Gemeinderat beschlie\u00dft den Kauf der Flurst\u00fccke 28\/17 und 28\/18 der Gemarkung Niederrossau, Hauptstr. 95a in 09661 Niederrossau \u2013 ehemalige Kaufhalle \u2013, mit einer Gr\u00f6\u00dfe von insgesamt 1.723m\u00b2 zu einem Kaufpreis von 15.261,00\u20ac. Beschluss Nr. 30\/2021Vorlage Nr. 31\/2021 Der Gemeinderat stimmt der Verwendung der Mittel aus dem Gesetz \u00fcber die [&hellip;]\" \/>\n<meta property=\"og:url\" content=\"https:\/\/www.gemeinde-rossau.de\/index.php\/beschluesse-2021\/\" \/>\n<meta property=\"og:site_name\" content=\"Gemeindeverwaltung Rossau\" \/>\n<meta property=\"article:modified_time\" content=\"2022-02-01T11:50:21+00:00\" \/>\n<meta name=\"twitter:card\" content=\"summary_large_image\" \/>\n<meta name=\"twitter:label1\" content=\"Gesch\u00e4tzte Lesezeit\" \/>\n\t<meta name=\"twitter:data1\" content=\"6\u00a0Minuten\" \/>\n<script type=\"application\/ld+json\" class=\"yoast-schema-graph\">{\"@context\":\"https:\/\/schema.org\",\"@graph\":[{\"@type\":\"WebPage\",\"@id\":\"https:\/\/www.gemeinde-rossau.de\/index.php\/beschluesse-2021\/\",\"url\":\"https:\/\/www.gemeinde-rossau.de\/index.php\/beschluesse-2021\/\",\"name\":\"Beschl\u00fcsse 2021 | Gemeindeverwaltung Rossau\",\"isPartOf\":{\"@id\":\"https:\/\/www.gemeinde-rossau.de\/#website\"},\"datePublished\":\"2021-01-27T07:49:13+00:00\",\"dateModified\":\"2022-02-01T11:50:21+00:00\",\"breadcrumb\":{\"@id\":\"https:\/\/www.gemeinde-rossau.de\/index.php\/beschluesse-2021\/#breadcrumb\"},\"inLanguage\":\"de\",\"potentialAction\":[{\"@type\":\"ReadAction\",\"target\":[\"https:\/\/www.gemeinde-rossau.de\/index.php\/beschluesse-2021\/\"]}]},{\"@type\":\"BreadcrumbList\",\"@id\":\"https:\/\/www.gemeinde-rossau.de\/index.php\/beschluesse-2021\/#breadcrumb\",\"itemListElement\":[{\"@type\":\"ListItem\",\"position\":1,\"name\":\"Home\",\"item\":\"https:\/\/www.gemeinde-rossau.de\/\"},{\"@type\":\"ListItem\",\"position\":2,\"name\":\"Beschl\u00fcsse 2021\"}]},{\"@type\":\"WebSite\",\"@id\":\"https:\/\/www.gemeinde-rossau.de\/#website\",\"url\":\"https:\/\/www.gemeinde-rossau.de\/\",\"name\":\"Gemeindeverwaltung Rossau\",\"description\":\"Gemeindeverwaltung Rossau\",\"publisher\":{\"@id\":\"https:\/\/www.gemeinde-rossau.de\/#organization\"},\"potentialAction\":[{\"@type\":\"SearchAction\",\"target\":{\"@type\":\"EntryPoint\",\"urlTemplate\":\"https:\/\/www.gemeinde-rossau.de\/?s={search_term_string}\"},\"query-input\":\"required name=search_term_string\"}],\"inLanguage\":\"de\"},{\"@type\":\"Organization\",\"@id\":\"https:\/\/www.gemeinde-rossau.de\/#organization\",\"name\":\"Gemeindeverwaltung Rossau\",\"url\":\"https:\/\/www.gemeinde-rossau.de\/\",\"logo\":{\"@type\":\"ImageObject\",\"inLanguage\":\"de\",\"@id\":\"https:\/\/www.gemeinde-rossau.de\/#\/schema\/logo\/image\/\",\"url\":\"https:\/\/www.gemeinde-rossau.de\/wp-content\/uploads\/2019\/06\/Rossau_Navigation-e1574972262765.png\",\"contentUrl\":\"https:\/\/www.gemeinde-rossau.de\/wp-content\/uploads\/2019\/06\/Rossau_Navigation-e1574972262765.png\",\"width\":76,\"height\":100,\"caption\":\"Gemeindeverwaltung Rossau\"},\"image\":{\"@id\":\"https:\/\/www.gemeinde-rossau.de\/#\/schema\/logo\/image\/\"}}]}<\/script>\n<!-- \/ Yoast SEO plugin. -->","yoast_head_json":{"title":"Beschl\u00fcsse 2021 | Gemeindeverwaltung Rossau","robots":{"index":"index","follow":"follow","max-snippet":"max-snippet:-1","max-image-preview":"max-image-preview:large","max-video-preview":"max-video-preview:-1"},"canonical":"https:\/\/www.gemeinde-rossau.de\/index.php\/beschluesse-2021\/","og_locale":"de_DE","og_type":"article","og_title":"Beschl\u00fcsse 2021 | Gemeindeverwaltung Rossau","og_description":"Beschluss Nr. 31\/2021Vorlage Nr. 32\/2021 Der Gemeinderat beschlie\u00dft den Kauf der Flurst\u00fccke 28\/17 und 28\/18 der Gemarkung Niederrossau, Hauptstr. 95a in 09661 Niederrossau \u2013 ehemalige Kaufhalle \u2013, mit einer Gr\u00f6\u00dfe von insgesamt 1.723m\u00b2 zu einem Kaufpreis von 15.261,00\u20ac. Beschluss Nr. 30\/2021Vorlage Nr. 31\/2021 Der Gemeinderat stimmt der Verwendung der Mittel aus dem Gesetz \u00fcber die [&hellip;]","og_url":"https:\/\/www.gemeinde-rossau.de\/index.php\/beschluesse-2021\/","og_site_name":"Gemeindeverwaltung Rossau","article_modified_time":"2022-02-01T11:50:21+00:00","twitter_card":"summary_large_image","twitter_misc":{"Gesch\u00e4tzte Lesezeit":"6\u00a0Minuten"},"schema":{"@context":"https:\/\/schema.org","@graph":[{"@type":"WebPage","@id":"https:\/\/www.gemeinde-rossau.de\/index.php\/beschluesse-2021\/","url":"https:\/\/www.gemeinde-rossau.de\/index.php\/beschluesse-2021\/","name":"Beschl\u00fcsse 2021 | Gemeindeverwaltung Rossau","isPartOf":{"@id":"https:\/\/www.gemeinde-rossau.de\/#website"},"datePublished":"2021-01-27T07:49:13+00:00","dateModified":"2022-02-01T11:50:21+00:00","breadcrumb":{"@id":"https:\/\/www.gemeinde-rossau.de\/index.php\/beschluesse-2021\/#breadcrumb"},"inLanguage":"de","potentialAction":[{"@type":"ReadAction","target":["https:\/\/www.gemeinde-rossau.de\/index.php\/beschluesse-2021\/"]}]},{"@type":"BreadcrumbList","@id":"https:\/\/www.gemeinde-rossau.de\/index.php\/beschluesse-2021\/#breadcrumb","itemListElement":[{"@type":"ListItem","position":1,"name":"Home","item":"https:\/\/www.gemeinde-rossau.de\/"},{"@type":"ListItem","position":2,"name":"Beschl\u00fcsse 2021"}]},{"@type":"WebSite","@id":"https:\/\/www.gemeinde-rossau.de\/#website","url":"https:\/\/www.gemeinde-rossau.de\/","name":"Gemeindeverwaltung Rossau","description":"Gemeindeverwaltung Rossau","publisher":{"@id":"https:\/\/www.gemeinde-rossau.de\/#organization"},"potentialAction":[{"@type":"SearchAction","target":{"@type":"EntryPoint","urlTemplate":"https:\/\/www.gemeinde-rossau.de\/?s={search_term_string}"},"query-input":"required name=search_term_string"}],"inLanguage":"de"},{"@type":"Organization","@id":"https:\/\/www.gemeinde-rossau.de\/#organization","name":"Gemeindeverwaltung Rossau","url":"https:\/\/www.gemeinde-rossau.de\/","logo":{"@type":"ImageObject","inLanguage":"de","@id":"https:\/\/www.gemeinde-rossau.de\/#\/schema\/logo\/image\/","url":"https:\/\/www.gemeinde-rossau.de\/wp-content\/uploads\/2019\/06\/Rossau_Navigation-e1574972262765.png","contentUrl":"https:\/\/www.gemeinde-rossau.de\/wp-content\/uploads\/2019\/06\/Rossau_Navigation-e1574972262765.png","width":76,"height":100,"caption":"Gemeindeverwaltung Rossau"},"image":{"@id":"https:\/\/www.gemeinde-rossau.de\/#\/schema\/logo\/image\/"}}]}},"_links":{"self":[{"href":"https:\/\/www.gemeinde-rossau.de\/index.php\/wp-json\/wp\/v2\/pages\/3589"}],"collection":[{"href":"https:\/\/www.gemeinde-rossau.de\/index.php\/wp-json\/wp\/v2\/pages"}],"about":[{"href":"https:\/\/www.gemeinde-rossau.de\/index.php\/wp-json\/wp\/v2\/types\/page"}],"author":[{"embeddable":true,"href":"https:\/\/www.gemeinde-rossau.de\/index.php\/wp-json\/wp\/v2\/users\/4"}],"replies":[{"embeddable":true,"href":"https:\/\/www.gemeinde-rossau.de\/index.php\/wp-json\/wp\/v2\/comments?post=3589"}],"version-history":[{"count":20,"href":"https:\/\/www.gemeinde-rossau.de\/index.php\/wp-json\/wp\/v2\/pages\/3589\/revisions"}],"predecessor-version":[{"id":4728,"href":"https:\/\/www.gemeinde-rossau.de\/index.php\/wp-json\/wp\/v2\/pages\/3589\/revisions\/4728"}],"wp:featuredmedia":[{"embeddable":true,"href":"https:\/\/www.gemeinde-rossau.de\/index.php\/wp-json\/wp\/v2\/media\/1105"}],"wp:attachment":[{"href":"https:\/\/www.gemeinde-rossau.de\/index.php\/wp-json\/wp\/v2\/media?parent=3589"}],"curies":[{"name":"wp","href":"https:\/\/api.w.org\/{rel}","templated":true}]}}