{"id":3277,"date":"2020-11-10T14:59:06","date_gmt":"2020-11-10T13:59:06","guid":{"rendered":"https:\/\/www.gemeinde-rossau.de\/?page_id=3277"},"modified":"2022-12-13T16:46:25","modified_gmt":"2022-12-13T15:46:25","slug":"drk-kindertagesstaette-maerchenland-seifersbach","status":"publish","type":"page","link":"https:\/\/www.gemeinde-rossau.de\/index.php\/bildungseinrichtungen\/drk-kindertagesstaette-maerchenland-seifersbach\/","title":{"rendered":"DRK Kindertagesst\u00e4tte &#8220;M\u00e4rchenland&#8221; Seifersbach"},"content":{"rendered":"\t\t<div data-elementor-type=\"wp-page\" data-elementor-id=\"3277\" class=\"elementor elementor-3277\">\n\t\t\t\t\t\t<div class=\"elementor-inner\">\n\t\t\t\t<div class=\"elementor-section-wrap\">\n\t\t\t\t\t\t\t\t\t<section class=\"elementor-section elementor-top-section elementor-element elementor-element-21d7de2 elementor-section-boxed elementor-section-height-default elementor-section-height-default\" data-id=\"21d7de2\" data-element_type=\"section\">\n\t\t\t\t\t\t<div class=\"elementor-container elementor-column-gap-default\">\n\t\t\t\t\t\t\t<div class=\"elementor-row\">\n\t\t\t\t\t<div class=\"elementor-column elementor-col-100 elementor-top-column elementor-element elementor-element-334425de\" data-id=\"334425de\" data-element_type=\"column\">\n\t\t\t<div class=\"elementor-column-wrap elementor-element-populated\">\n\t\t\t\t\t\t\t<div class=\"elementor-widget-wrap\">\n\t\t\t\t\t\t<div class=\"elementor-element elementor-element-20573bbb elementor-widget elementor-widget-text-editor\" data-id=\"20573bbb\" data-element_type=\"widget\" data-widget_type=\"text-editor.default\">\n\t\t\t\t<div class=\"elementor-widget-container\">\n\t\t\t\t\t\t\t\t<div class=\"elementor-text-editor elementor-clearfix\">\n\t\t\t\t<p><!-- wp:media-text {\"mediaPosition\":\"right\",\"mediaId\":2159,\"mediaType\":\"image\",\"mediaWidth\":33,\"isStackedOnMobile\":false,\"className\":\"alignwide\"} --><\/p>\n<div class=\"wp-block-media-text alignwide has-media-on-the-right\" style=\"grid-template-columns: auto 33%;\">\n<figure class=\"wp-block-media-text__media\"><\/figure>\n<div class=\"wp-block-media-text__content\"><!-- wp:paragraph --><\/div>\n<\/div>\n<div class=\"wp-block-spacer\" style=\"height: 100px;\" aria-hidden=\"true\">&nbsp;<\/div>\n<p><!-- \/wp:spacer --><!-- wp:media-text {\"mediaPosition\":\"right\",\"mediaId\":1037,\"mediaType\":\"image\",\"mediaWidth\":32,\"isStackedOnMobile\":false,\"className\":\"alignwide\"} --><\/p>\n<div class=\"wp-block-media-text alignwide has-media-on-the-right\" style=\"grid-template-columns: auto 32%;\">\n<figure class=\"wp-block-media-text__media\"><img decoding=\"async\" loading=\"lazy\" width=\"260\" height=\"194\" class=\"wp-image-1037\" src=\"https:\/\/www.gemeinde-rossau.de\/wp-content\/uploads\/2019\/06\/kindergarten_dreiwerden.jpg\" alt=\"\"><\/figure>\n<div class=\"wp-block-media-text__content\"><p><!-- wp:paragraph --><\/p>\n<p><strong>&nbsp;<\/strong><\/p>\n<p><!-- \/wp:paragraph --><!-- wp:paragraph --><\/p>\n<p>DRK Kindertagesst\u00e4tte &#8220;M\u00e4rchenland&#8221; Seifersbach<br>OT Seifersbach<br>Kastanienh\u00f6he 1<\/p>\n<p><!-- \/wp:paragraph --><!-- wp:paragraph --><\/p>\n<p>Tel.: 03727 \/ 926 27 <br>Fax: 03727\/ 969 484<\/p>\n<p>E-Mail: &nbsp; <a href=\"mailto:kmaerchenland@dl-hc.drk.de\"> maerchenland@dl-hc.drk.de<\/a><br>Homepage: <a href=\"http:\/\/www.dl-hc.drk.de\" target=\"_blank\" rel=\"noreferrer noopener\"> www.dl-hc.drk.de<\/a><\/p>\n<p><!-- \/wp:paragraph --><\/p><\/div>\n<\/div>\n<p><!-- \/wp:media-text --><!-- wp:spacer --><\/p>\n<div class=\"wp-block-media-text alignwide has-media-on-the-right\" style=\"grid-template-columns: auto 32%;\">\n<div class=\"wp-block-media-text__content\">\n<p><!-- \/wp:paragraph --><\/p><\/div>\n<\/div>\n<p><!-- \/wp:media-text --><\/p>\t\t\t\t\t<\/div>\n\t\t\t\t\t\t<\/div>\n\t\t\t\t<\/div>\n\t\t\t\t\t\t<\/div>\n\t\t\t\t\t<\/div>\n\t\t<\/div>\n\t\t\t\t\t\t\t\t<\/div>\n\t\t\t\t\t<\/div>\n\t\t<\/section>\n\t\t\t\t\t\t\t\t\t<\/div>\n\t\t\t<\/div>\n\t\t\t\t\t<\/div>\n\t\t","protected":false},"excerpt":{"rendered":"","protected":false},"author":1,"featured_media":5764,"parent":396,"menu_order":1,"comment_status":"closed","ping_status":"closed","template":"","meta":{"_expiration-date-status":"","_expiration-date":0,"_expiration-date-type":"","_expiration-date-categories":[],"_expiration-date-options":[],"_links_to":"","_links_to_target":""},"acf":[],"yoast_head":"<!-- This site is optimized with the Yoast SEO plugin v19.13 - https:\/\/yoast.com\/wordpress\/plugins\/seo\/ -->\n<title>DRK Kindertagesst\u00e4tte &quot;M\u00e4rchenland&quot; Seifersbach | Gemeindeverwaltung Rossau<\/title>\n<meta name=\"robots\" content=\"index, follow, max-snippet:-1, max-image-preview:large, max-video-preview:-1\" \/>\n<link rel=\"canonical\" href=\"https:\/\/www.gemeinde-rossau.de\/index.php\/bildungseinrichtungen\/drk-kindertagesstaette-maerchenland-seifersbach\/\" \/>\n<meta property=\"og:locale\" content=\"de_DE\" \/>\n<meta property=\"og:type\" content=\"article\" \/>\n<meta property=\"og:title\" content=\"DRK Kindertagesst\u00e4tte &quot;M\u00e4rchenland&quot; Seifersbach | Gemeindeverwaltung Rossau\" \/>\n<meta property=\"og:url\" content=\"https:\/\/www.gemeinde-rossau.de\/index.php\/bildungseinrichtungen\/drk-kindertagesstaette-maerchenland-seifersbach\/\" \/>\n<meta property=\"og:site_name\" content=\"Gemeindeverwaltung Rossau\" \/>\n<meta property=\"article:modified_time\" content=\"2022-12-13T15:46:25+00:00\" \/>\n<meta property=\"og:image\" content=\"https:\/\/www.gemeinde-rossau.de\/wp-content\/uploads\/2022\/12\/Blick-zur-Kirche-und-DRK-Kindertagesstaette-Maerchenland.jpg\" \/>\n\t<meta property=\"og:image:width\" content=\"1400\" \/>\n\t<meta property=\"og:image:height\" content=\"933\" \/>\n\t<meta property=\"og:image:type\" content=\"image\/jpeg\" \/>\n<meta name=\"twitter:card\" content=\"summary_large_image\" \/>\n<meta name=\"twitter:label1\" content=\"Gesch\u00e4tzte Lesezeit\" \/>\n\t<meta name=\"twitter:data1\" content=\"1\u00a0Minute\" \/>\n<script type=\"application\/ld+json\" class=\"yoast-schema-graph\">{\"@context\":\"https:\/\/schema.org\",\"@graph\":[{\"@type\":\"WebPage\",\"@id\":\"https:\/\/www.gemeinde-rossau.de\/index.php\/bildungseinrichtungen\/drk-kindertagesstaette-maerchenland-seifersbach\/\",\"url\":\"https:\/\/www.gemeinde-rossau.de\/index.php\/bildungseinrichtungen\/drk-kindertagesstaette-maerchenland-seifersbach\/\",\"name\":\"DRK Kindertagesst\u00e4tte \\\"M\u00e4rchenland\\\" Seifersbach | Gemeindeverwaltung Rossau\",\"isPartOf\":{\"@id\":\"https:\/\/www.gemeinde-rossau.de\/#website\"},\"datePublished\":\"2020-11-10T13:59:06+00:00\",\"dateModified\":\"2022-12-13T15:46:25+00:00\",\"breadcrumb\":{\"@id\":\"https:\/\/www.gemeinde-rossau.de\/index.php\/bildungseinrichtungen\/drk-kindertagesstaette-maerchenland-seifersbach\/#breadcrumb\"},\"inLanguage\":\"de\",\"potentialAction\":[{\"@type\":\"ReadAction\",\"target\":[\"https:\/\/www.gemeinde-rossau.de\/index.php\/bildungseinrichtungen\/drk-kindertagesstaette-maerchenland-seifersbach\/\"]}]},{\"@type\":\"BreadcrumbList\",\"@id\":\"https:\/\/www.gemeinde-rossau.de\/index.php\/bildungseinrichtungen\/drk-kindertagesstaette-maerchenland-seifersbach\/#breadcrumb\",\"itemListElement\":[{\"@type\":\"ListItem\",\"position\":1,\"name\":\"Home\",\"item\":\"https:\/\/www.gemeinde-rossau.de\/\"},{\"@type\":\"ListItem\",\"position\":2,\"name\":\"Bildungseinrichtungen\",\"item\":\"https:\/\/www.gemeinde-rossau.de\/?page_id=396\"},{\"@type\":\"ListItem\",\"position\":3,\"name\":\"DRK Kindertagesst\u00e4tte &#8220;M\u00e4rchenland&#8221; Seifersbach\"}]},{\"@type\":\"WebSite\",\"@id\":\"https:\/\/www.gemeinde-rossau.de\/#website\",\"url\":\"https:\/\/www.gemeinde-rossau.de\/\",\"name\":\"Gemeindeverwaltung Rossau\",\"description\":\"Gemeindeverwaltung Rossau\",\"publisher\":{\"@id\":\"https:\/\/www.gemeinde-rossau.de\/#organization\"},\"potentialAction\":[{\"@type\":\"SearchAction\",\"target\":{\"@type\":\"EntryPoint\",\"urlTemplate\":\"https:\/\/www.gemeinde-rossau.de\/?s={search_term_string}\"},\"query-input\":\"required name=search_term_string\"}],\"inLanguage\":\"de\"},{\"@type\":\"Organization\",\"@id\":\"https:\/\/www.gemeinde-rossau.de\/#organization\",\"name\":\"Gemeindeverwaltung Rossau\",\"url\":\"https:\/\/www.gemeinde-rossau.de\/\",\"logo\":{\"@type\":\"ImageObject\",\"inLanguage\":\"de\",\"@id\":\"https:\/\/www.gemeinde-rossau.de\/#\/schema\/logo\/image\/\",\"url\":\"https:\/\/www.gemeinde-rossau.de\/wp-content\/uploads\/2019\/06\/Rossau_Navigation-e1574972262765.png\",\"contentUrl\":\"https:\/\/www.gemeinde-rossau.de\/wp-content\/uploads\/2019\/06\/Rossau_Navigation-e1574972262765.png\",\"width\":76,\"height\":100,\"caption\":\"Gemeindeverwaltung Rossau\"},\"image\":{\"@id\":\"https:\/\/www.gemeinde-rossau.de\/#\/schema\/logo\/image\/\"}}]}<\/script>\n<!-- \/ Yoast SEO plugin. -->","yoast_head_json":{"title":"DRK Kindertagesst\u00e4tte \"M\u00e4rchenland\" Seifersbach | Gemeindeverwaltung Rossau","robots":{"index":"index","follow":"follow","max-snippet":"max-snippet:-1","max-image-preview":"max-image-preview:large","max-video-preview":"max-video-preview:-1"},"canonical":"https:\/\/www.gemeinde-rossau.de\/index.php\/bildungseinrichtungen\/drk-kindertagesstaette-maerchenland-seifersbach\/","og_locale":"de_DE","og_type":"article","og_title":"DRK Kindertagesst\u00e4tte \"M\u00e4rchenland\" Seifersbach | Gemeindeverwaltung Rossau","og_url":"https:\/\/www.gemeinde-rossau.de\/index.php\/bildungseinrichtungen\/drk-kindertagesstaette-maerchenland-seifersbach\/","og_site_name":"Gemeindeverwaltung Rossau","article_modified_time":"2022-12-13T15:46:25+00:00","og_image":[{"width":1400,"height":933,"url":"https:\/\/www.gemeinde-rossau.de\/wp-content\/uploads\/2022\/12\/Blick-zur-Kirche-und-DRK-Kindertagesstaette-Maerchenland.jpg","type":"image\/jpeg"}],"twitter_card":"summary_large_image","twitter_misc":{"Gesch\u00e4tzte Lesezeit":"1\u00a0Minute"},"schema":{"@context":"https:\/\/schema.org","@graph":[{"@type":"WebPage","@id":"https:\/\/www.gemeinde-rossau.de\/index.php\/bildungseinrichtungen\/drk-kindertagesstaette-maerchenland-seifersbach\/","url":"https:\/\/www.gemeinde-rossau.de\/index.php\/bildungseinrichtungen\/drk-kindertagesstaette-maerchenland-seifersbach\/","name":"DRK Kindertagesst\u00e4tte \"M\u00e4rchenland\" Seifersbach | Gemeindeverwaltung Rossau","isPartOf":{"@id":"https:\/\/www.gemeinde-rossau.de\/#website"},"datePublished":"2020-11-10T13:59:06+00:00","dateModified":"2022-12-13T15:46:25+00:00","breadcrumb":{"@id":"https:\/\/www.gemeinde-rossau.de\/index.php\/bildungseinrichtungen\/drk-kindertagesstaette-maerchenland-seifersbach\/#breadcrumb"},"inLanguage":"de","potentialAction":[{"@type":"ReadAction","target":["https:\/\/www.gemeinde-rossau.de\/index.php\/bildungseinrichtungen\/drk-kindertagesstaette-maerchenland-seifersbach\/"]}]},{"@type":"BreadcrumbList","@id":"https:\/\/www.gemeinde-rossau.de\/index.php\/bildungseinrichtungen\/drk-kindertagesstaette-maerchenland-seifersbach\/#breadcrumb","itemListElement":[{"@type":"ListItem","position":1,"name":"Home","item":"https:\/\/www.gemeinde-rossau.de\/"},{"@type":"ListItem","position":2,"name":"Bildungseinrichtungen","item":"https:\/\/www.gemeinde-rossau.de\/?page_id=396"},{"@type":"ListItem","position":3,"name":"DRK Kindertagesst\u00e4tte &#8220;M\u00e4rchenland&#8221; Seifersbach"}]},{"@type":"WebSite","@id":"https:\/\/www.gemeinde-rossau.de\/#website","url":"https:\/\/www.gemeinde-rossau.de\/","name":"Gemeindeverwaltung Rossau","description":"Gemeindeverwaltung Rossau","publisher":{"@id":"https:\/\/www.gemeinde-rossau.de\/#organization"},"potentialAction":[{"@type":"SearchAction","target":{"@type":"EntryPoint","urlTemplate":"https:\/\/www.gemeinde-rossau.de\/?s={search_term_string}"},"query-input":"required name=search_term_string"}],"inLanguage":"de"},{"@type":"Organization","@id":"https:\/\/www.gemeinde-rossau.de\/#organization","name":"Gemeindeverwaltung Rossau","url":"https:\/\/www.gemeinde-rossau.de\/","logo":{"@type":"ImageObject","inLanguage":"de","@id":"https:\/\/www.gemeinde-rossau.de\/#\/schema\/logo\/image\/","url":"https:\/\/www.gemeinde-rossau.de\/wp-content\/uploads\/2019\/06\/Rossau_Navigation-e1574972262765.png","contentUrl":"https:\/\/www.gemeinde-rossau.de\/wp-content\/uploads\/2019\/06\/Rossau_Navigation-e1574972262765.png","width":76,"height":100,"caption":"Gemeindeverwaltung Rossau"},"image":{"@id":"https:\/\/www.gemeinde-rossau.de\/#\/schema\/logo\/image\/"}}]}},"_links":{"self":[{"href":"https:\/\/www.gemeinde-rossau.de\/index.php\/wp-json\/wp\/v2\/pages\/3277"}],"collection":[{"href":"https:\/\/www.gemeinde-rossau.de\/index.php\/wp-json\/wp\/v2\/pages"}],"about":[{"href":"https:\/\/www.gemeinde-rossau.de\/index.php\/wp-json\/wp\/v2\/types\/page"}],"author":[{"embeddable":true,"href":"https:\/\/www.gemeinde-rossau.de\/index.php\/wp-json\/wp\/v2\/users\/1"}],"replies":[{"embeddable":true,"href":"https:\/\/www.gemeinde-rossau.de\/index.php\/wp-json\/wp\/v2\/comments?post=3277"}],"version-history":[{"count":26,"href":"https:\/\/www.gemeinde-rossau.de\/index.php\/wp-json\/wp\/v2\/pages\/3277\/revisions"}],"predecessor-version":[{"id":5395,"href":"https:\/\/www.gemeinde-rossau.de\/index.php\/wp-json\/wp\/v2\/pages\/3277\/revisions\/5395"}],"up":[{"embeddable":true,"href":"https:\/\/www.gemeinde-rossau.de\/index.php\/wp-json\/wp\/v2\/pages\/396"}],"wp:featuredmedia":[{"embeddable":true,"href":"https:\/\/www.gemeinde-rossau.de\/index.php\/wp-json\/wp\/v2\/media\/5764"}],"wp:attachment":[{"href":"https:\/\/www.gemeinde-rossau.de\/index.php\/wp-json\/wp\/v2\/media?parent=3277"}],"curies":[{"name":"wp","href":"https:\/\/api.w.org\/{rel}","templated":true}]}}