{"id":2995,"date":"2020-05-07T14:14:40","date_gmt":"2020-05-07T13:14:40","guid":{"rendered":"https:\/\/www.gemeinde-rossau.de\/?page_id=2995"},"modified":"2020-05-07T14:25:24","modified_gmt":"2020-05-07T13:25:24","slug":"strassenbeleuchtung-im-bereich-ortslage-rossau-ab-einmuendung-s201-realisiert","status":"publish","type":"page","link":"https:\/\/www.gemeinde-rossau.de\/index.php\/offentliches\/strassenbeleuchtung-im-bereich-ortslage-rossau-ab-einmuendung-s201-realisiert\/","title":{"rendered":"Stra\u00dfenbeleuchtung im Bereich Ortslage Rossau ab Einm\u00fcndung S201 &#8211; realisiert"},"content":{"rendered":"\t\t<div data-elementor-type=\"wp-page\" data-elementor-id=\"2995\" class=\"elementor elementor-2995\">\n\t\t\t\t\t\t<div class=\"elementor-inner\">\n\t\t\t\t<div class=\"elementor-section-wrap\">\n\t\t\t\t\t\t\t\t\t<section class=\"elementor-section elementor-top-section elementor-element elementor-element-8e1fd66 elementor-section-full_width elementor-section-height-default elementor-section-height-default\" data-id=\"8e1fd66\" data-element_type=\"section\" data-settings=\"{&quot;background_background&quot;:&quot;classic&quot;}\">\n\t\t\t\t\t\t<div class=\"elementor-container elementor-column-gap-default\">\n\t\t\t\t\t\t\t<div class=\"elementor-row\">\n\t\t\t\t\t<div class=\"elementor-column elementor-col-100 elementor-top-column elementor-element elementor-element-fd8c8c7\" data-id=\"fd8c8c7\" data-element_type=\"column\" data-settings=\"{&quot;background_background&quot;:&quot;classic&quot;}\">\n\t\t\t<div class=\"elementor-column-wrap elementor-element-populated\">\n\t\t\t\t\t\t\t<div class=\"elementor-widget-wrap\">\n\t\t\t\t\t\t<div class=\"elementor-element elementor-element-28d5fcb elementor-widget elementor-widget-heading\" data-id=\"28d5fcb\" data-element_type=\"widget\" data-widget_type=\"heading.default\">\n\t\t\t\t<div class=\"elementor-widget-container\">\n\t\t\t<h2 class=\"elementor-heading-title elementor-size-default\">Vorhaben im Rahmen<\/h2>\t\t<\/div>\n\t\t\t\t<\/div>\n\t\t\t\t<div class=\"elementor-element elementor-element-16b6898 elementor-widget elementor-widget-heading\" data-id=\"16b6898\" data-element_type=\"widget\" data-widget_type=\"heading.default\">\n\t\t\t\t<div class=\"elementor-widget-container\">\n\t\t\t<h2 class=\"elementor-heading-title elementor-size-default\">der LEADER - Entwicklungsstrategie - Region Klosterbezirk Altzella<\/h2>\t\t<\/div>\n\t\t\t\t<\/div>\n\t\t\t\t<div class=\"elementor-element elementor-element-394dbfe elementor-widget elementor-widget-text-editor\" data-id=\"394dbfe\" data-element_type=\"widget\" data-widget_type=\"text-editor.default\">\n\t\t\t\t<div class=\"elementor-widget-container\">\n\t\t\t\t\t\t\t\t<div class=\"elementor-text-editor elementor-clearfix\">\n\t\t\t\t<p>mit dem Ziel eine lebendige Region f\u00fcr alle Generationen in traditionsreicher Kulturlandschaft<\/p>\t\t\t\t\t<\/div>\n\t\t\t\t\t\t<\/div>\n\t\t\t\t<\/div>\n\t\t\t\t\t\t<\/div>\n\t\t\t\t\t<\/div>\n\t\t<\/div>\n\t\t\t\t\t\t\t\t<\/div>\n\t\t\t\t\t<\/div>\n\t\t<\/section>\n\t\t\t\t<section class=\"elementor-section elementor-top-section elementor-element elementor-element-202c2e0 elementor-section-full_width elementor-section-height-default elementor-section-height-default\" data-id=\"202c2e0\" data-element_type=\"section\" data-settings=\"{&quot;background_background&quot;:&quot;classic&quot;}\">\n\t\t\t\t\t\t<div class=\"elementor-container elementor-column-gap-default\">\n\t\t\t\t\t\t\t<div class=\"elementor-row\">\n\t\t\t\t\t<div class=\"elementor-column elementor-col-100 elementor-top-column elementor-element elementor-element-f28a4af\" data-id=\"f28a4af\" data-element_type=\"column\" data-settings=\"{&quot;background_background&quot;:&quot;classic&quot;}\">\n\t\t\t<div class=\"elementor-column-wrap elementor-element-populated\">\n\t\t\t\t\t\t\t<div class=\"elementor-widget-wrap\">\n\t\t\t\t\t\t<section class=\"elementor-section elementor-inner-section elementor-element elementor-element-c810207 elementor-section-full_width elementor-section-height-min-height elementor-section-height-default\" data-id=\"c810207\" data-element_type=\"section\">\n\t\t\t\t\t\t<div class=\"elementor-container elementor-column-gap-no\">\n\t\t\t\t\t\t\t<div class=\"elementor-row\">\n\t\t\t\t\t<div class=\"elementor-column elementor-col-100 elementor-inner-column elementor-element elementor-element-b256d4f\" data-id=\"b256d4f\" data-element_type=\"column\" data-settings=\"{&quot;background_background&quot;:&quot;classic&quot;}\">\n\t\t\t<div class=\"elementor-column-wrap\">\n\t\t\t\t\t\t\t<div class=\"elementor-widget-wrap\">\n\t\t\t\t\t\t\t\t<\/div>\n\t\t\t\t\t<\/div>\n\t\t<\/div>\n\t\t\t\t\t\t\t\t<\/div>\n\t\t\t\t\t<\/div>\n\t\t<\/section>\n\t\t\t\t\t\t<\/div>\n\t\t\t\t\t<\/div>\n\t\t<\/div>\n\t\t\t\t\t\t\t\t<\/div>\n\t\t\t\t\t<\/div>\n\t\t<\/section>\n\t\t\t\t<section class=\"elementor-section elementor-top-section elementor-element elementor-element-deee453 elementor-section-full_width elementor-section-height-default elementor-section-height-default\" data-id=\"deee453\" data-element_type=\"section\" data-settings=\"{&quot;background_background&quot;:&quot;classic&quot;}\">\n\t\t\t\t\t\t<div class=\"elementor-container elementor-column-gap-default\">\n\t\t\t\t\t\t\t<div class=\"elementor-row\">\n\t\t\t\t\t<div class=\"elementor-column elementor-col-100 elementor-top-column elementor-element elementor-element-9f431b9\" data-id=\"9f431b9\" data-element_type=\"column\" data-settings=\"{&quot;background_background&quot;:&quot;classic&quot;}\">\n\t\t\t<div class=\"elementor-column-wrap elementor-element-populated\">\n\t\t\t\t\t\t\t<div class=\"elementor-widget-wrap\">\n\t\t\t\t\t\t<section class=\"elementor-section elementor-inner-section elementor-element elementor-element-6dd7cf0 elementor-section-full_width elementor-section-height-min-height elementor-section-height-default\" data-id=\"6dd7cf0\" data-element_type=\"section\">\n\t\t\t\t\t\t<div class=\"elementor-container elementor-column-gap-no\">\n\t\t\t\t\t\t\t<div class=\"elementor-row\">\n\t\t\t\t\t<div class=\"elementor-column elementor-col-100 elementor-inner-column elementor-element elementor-element-271f221\" data-id=\"271f221\" data-element_type=\"column\" data-settings=\"{&quot;background_background&quot;:&quot;classic&quot;}\">\n\t\t\t<div class=\"elementor-column-wrap elementor-element-populated\">\n\t\t\t\t\t\t\t<div class=\"elementor-widget-wrap\">\n\t\t\t\t\t\t<div class=\"elementor-element elementor-element-201f8e3 elementor-widget elementor-widget-text-editor\" data-id=\"201f8e3\" data-element_type=\"widget\" data-widget_type=\"text-editor.default\">\n\t\t\t\t<div class=\"elementor-widget-container\">\n\t\t\t\t\t\t\t\t<div class=\"elementor-text-editor elementor-clearfix\">\n\t\t\t\t<p>Stra\u00dfenbeleuchtung im Bereich Ortslage Rossau ab Einm\u00fcndung S201 &#8211; realisiert<\/p><p>Im Rahmen der Gemeinschaftsma\u00dfnahme des Ausbaus der Staatsstra\u00dfe S 32 durch die LASuV und<br \/>den Ausbau eines Teilst\u00fcckes der Kreisstra\u00dfe K 8213 durch den Landkreis Mittelsachsen mit der Gemeinde<br \/>Rossau wurde das vorhandene Stra\u00dfenbeleuchtungsnetz komplett erneuert.<br \/>Die Gehwegbeleuchtung umfasst f\u00fcr den gesamten Bereich 76 Leuchten, die den anerkannten Regeln der<br \/>Technik entsptrechen, dass hei\u00dft sie sind mit energieeffizienten Leuchtmitteln ausgestattet.<\/p><p>Im Zuge dieser Komplexma\u00dfnahme entstand in diesen Bereichen ein Gehweg mit einer Gehwegbeleuchtung,<br \/>welcher die Lebensqualit\u00e4t hinsichtlich der Sicherheit nicht nur f\u00fcr unsere Einwohner wesentlich verbessert.<\/p><p>F\u00fcr die Installation der &#8211; Gehwegbeleuchtung &#8211; wurden finanzielle Mittel \u00fcber die F\u00f6rderrichtlinie LEADER<br \/>RL LEADER\/2014 bewilligt.<\/p><p>Die Ma\u00dfnahme wurde im Zeitraum September 2017 bis Mai 2020 durchgef\u00fchrt.<\/p>\t\t\t\t\t<\/div>\n\t\t\t\t\t\t<\/div>\n\t\t\t\t<\/div>\n\t\t\t\t\t\t<\/div>\n\t\t\t\t\t<\/div>\n\t\t<\/div>\n\t\t\t\t\t\t\t\t<\/div>\n\t\t\t\t\t<\/div>\n\t\t<\/section>\n\t\t\t\t\t\t<\/div>\n\t\t\t\t\t<\/div>\n\t\t<\/div>\n\t\t\t\t\t\t\t\t<\/div>\n\t\t\t\t\t<\/div>\n\t\t<\/section>\n\t\t\t\t<section class=\"elementor-section elementor-top-section elementor-element elementor-element-2369e66 elementor-section-boxed elementor-section-height-default elementor-section-height-default\" data-id=\"2369e66\" data-element_type=\"section\" data-settings=\"{&quot;background_background&quot;:&quot;classic&quot;}\">\n\t\t\t\t\t\t<div class=\"elementor-container elementor-column-gap-default\">\n\t\t\t\t\t\t\t<div class=\"elementor-row\">\n\t\t\t\t\t<div class=\"elementor-column elementor-col-50 elementor-top-column elementor-element elementor-element-68c3b27\" data-id=\"68c3b27\" data-element_type=\"column\">\n\t\t\t<div class=\"elementor-column-wrap elementor-element-populated\">\n\t\t\t\t\t\t\t<div class=\"elementor-widget-wrap\">\n\t\t\t\t\t\t<div class=\"elementor-element elementor-element-7e8ca34 elementor-widget elementor-widget-image\" data-id=\"7e8ca34\" data-element_type=\"widget\" data-widget_type=\"image.default\">\n\t\t\t\t<div class=\"elementor-widget-container\">\n\t\t\t\t\t\t\t\t<div class=\"elementor-image\">\n\t\t\t\t\t\t\t\t\t<figure class=\"wp-caption\">\n\t\t\t\t\t\t\t\t\t\t<img decoding=\"async\" src=\"https:\/\/www.gemeinde-rossau.de\/wp-content\/uploads\/elementor\/thumbs\/Abzweig-Moosheim-vorher-scaled-qru65821ybnifx4gnhc3usex0c3q0mpqps7hpeji1s.jpg\" title=\"Abzweig Moosheim vorher\" alt=\"Abzweig Moosheim vorher\" \/>\t\t\t\t\t\t\t\t\t\t\t<figcaption class=\"widget-image-caption wp-caption-text\">Abzweig Moosheim vorher<\/figcaption>\n\t\t\t\t\t\t\t\t\t\t<\/figure>\n\t\t\t\t\t\t\t\t<\/div>\n\t\t\t\t\t\t<\/div>\n\t\t\t\t<\/div>\n\t\t\t\t\t\t<\/div>\n\t\t\t\t\t<\/div>\n\t\t<\/div>\n\t\t\t\t<div class=\"elementor-column elementor-col-50 elementor-top-column elementor-element elementor-element-aad5f1a\" data-id=\"aad5f1a\" data-element_type=\"column\">\n\t\t\t<div class=\"elementor-column-wrap elementor-element-populated\">\n\t\t\t\t\t\t\t<div class=\"elementor-widget-wrap\">\n\t\t\t\t\t\t<div class=\"elementor-element elementor-element-375717a elementor-widget elementor-widget-image\" data-id=\"375717a\" data-element_type=\"widget\" data-widget_type=\"image.default\">\n\t\t\t\t<div class=\"elementor-widget-container\">\n\t\t\t\t\t\t\t\t<div class=\"elementor-image\">\n\t\t\t\t\t\t\t\t\t<figure class=\"wp-caption\">\n\t\t\t\t\t\t\t\t\t\t<img decoding=\"async\" src=\"https:\/\/www.gemeinde-rossau.de\/wp-content\/uploads\/elementor\/thumbs\/Abzweig-Moosheim-nachher-scaled-qru64zli8tbxjfgr0vogqcjrnv9f3cs5omc4dww1ls.jpg\" title=\"Abzweig Moosheim nachher\" alt=\"Abzweig Moosheim nachher\" \/>\t\t\t\t\t\t\t\t\t\t\t<figcaption class=\"widget-image-caption wp-caption-text\">Abzweig Moosheim nachher<\/figcaption>\n\t\t\t\t\t\t\t\t\t\t<\/figure>\n\t\t\t\t\t\t\t\t<\/div>\n\t\t\t\t\t\t<\/div>\n\t\t\t\t<\/div>\n\t\t\t\t\t\t<\/div>\n\t\t\t\t\t<\/div>\n\t\t<\/div>\n\t\t\t\t\t\t\t\t<\/div>\n\t\t\t\t\t<\/div>\n\t\t<\/section>\n\t\t\t\t\t\t\t\t\t<\/div>\n\t\t\t<\/div>\n\t\t\t\t\t<\/div>\n\t\t","protected":false},"excerpt":{"rendered":"<p>Vorhaben im Rahmen der LEADER &#8211; Entwicklungsstrategie &#8211; Region Klosterbezirk Altzella mit dem Ziel eine lebendige Region f\u00fcr alle Generationen in traditionsreicher Kulturlandschaft Stra\u00dfenbeleuchtung im Bereich Ortslage Rossau ab Einm\u00fcndung S201 &#8211; realisiert Im Rahmen der Gemeinschaftsma\u00dfnahme des Ausbaus der Staatsstra\u00dfe S 32 durch die LASuV undden Ausbau eines Teilst\u00fcckes der Kreisstra\u00dfe K 8213 durch [&hellip;]<\/p>\n","protected":false},"author":1,"featured_media":1105,"parent":371,"menu_order":0,"comment_status":"closed","ping_status":"closed","template":"","meta":{"_expiration-date-status":"saved","_expiration-date":0,"_expiration-date-type":"","_expiration-date-categories":[],"_expiration-date-options":[],"_links_to":"","_links_to_target":""},"acf":[],"yoast_head":"<!-- This site is optimized with the Yoast SEO plugin v19.13 - https:\/\/yoast.com\/wordpress\/plugins\/seo\/ -->\n<title>Stra\u00dfenbeleuchtung im Bereich Ortslage Rossau ab Einm\u00fcndung S201 - realisiert | Gemeindeverwaltung Rossau<\/title>\n<meta name=\"robots\" content=\"index, follow, max-snippet:-1, max-image-preview:large, max-video-preview:-1\" \/>\n<link rel=\"canonical\" href=\"https:\/\/www.gemeinde-rossau.de\/index.php\/offentliches\/strassenbeleuchtung-im-bereich-ortslage-rossau-ab-einmuendung-s201-realisiert\/\" \/>\n<meta property=\"og:locale\" content=\"de_DE\" \/>\n<meta property=\"og:type\" content=\"article\" \/>\n<meta property=\"og:title\" content=\"Stra\u00dfenbeleuchtung im Bereich Ortslage Rossau ab Einm\u00fcndung S201 - realisiert | Gemeindeverwaltung Rossau\" \/>\n<meta property=\"og:description\" content=\"Vorhaben im Rahmen der LEADER &#8211; Entwicklungsstrategie &#8211; Region Klosterbezirk Altzella mit dem Ziel eine lebendige Region f\u00fcr alle Generationen in traditionsreicher Kulturlandschaft Stra\u00dfenbeleuchtung im Bereich Ortslage Rossau ab Einm\u00fcndung S201 &#8211; realisiert Im Rahmen der Gemeinschaftsma\u00dfnahme des Ausbaus der Staatsstra\u00dfe S 32 durch die LASuV undden Ausbau eines Teilst\u00fcckes der Kreisstra\u00dfe K 8213 durch [&hellip;]\" \/>\n<meta property=\"og:url\" content=\"https:\/\/www.gemeinde-rossau.de\/index.php\/offentliches\/strassenbeleuchtung-im-bereich-ortslage-rossau-ab-einmuendung-s201-realisiert\/\" \/>\n<meta property=\"og:site_name\" content=\"Gemeindeverwaltung Rossau\" \/>\n<meta property=\"article:modified_time\" content=\"2020-05-07T13:25:24+00:00\" \/>\n<meta property=\"og:image\" content=\"https:\/\/www.gemeinde-rossau.de\/wp-content\/uploads\/2019\/06\/bg-standart.jpg\" \/>\n\t<meta property=\"og:image:width\" content=\"1200\" \/>\n\t<meta property=\"og:image:height\" content=\"675\" \/>\n\t<meta property=\"og:image:type\" content=\"image\/jpeg\" \/>\n<meta name=\"twitter:card\" content=\"summary_large_image\" \/>\n<meta name=\"twitter:label1\" content=\"Gesch\u00e4tzte Lesezeit\" \/>\n\t<meta name=\"twitter:data1\" content=\"1\u00a0Minute\" \/>\n<script type=\"application\/ld+json\" class=\"yoast-schema-graph\">{\"@context\":\"https:\/\/schema.org\",\"@graph\":[{\"@type\":\"WebPage\",\"@id\":\"https:\/\/www.gemeinde-rossau.de\/index.php\/offentliches\/strassenbeleuchtung-im-bereich-ortslage-rossau-ab-einmuendung-s201-realisiert\/\",\"url\":\"https:\/\/www.gemeinde-rossau.de\/index.php\/offentliches\/strassenbeleuchtung-im-bereich-ortslage-rossau-ab-einmuendung-s201-realisiert\/\",\"name\":\"Stra\u00dfenbeleuchtung im Bereich Ortslage Rossau ab Einm\u00fcndung S201 - realisiert | Gemeindeverwaltung Rossau\",\"isPartOf\":{\"@id\":\"https:\/\/www.gemeinde-rossau.de\/#website\"},\"datePublished\":\"2020-05-07T13:14:40+00:00\",\"dateModified\":\"2020-05-07T13:25:24+00:00\",\"breadcrumb\":{\"@id\":\"https:\/\/www.gemeinde-rossau.de\/index.php\/offentliches\/strassenbeleuchtung-im-bereich-ortslage-rossau-ab-einmuendung-s201-realisiert\/#breadcrumb\"},\"inLanguage\":\"de\",\"potentialAction\":[{\"@type\":\"ReadAction\",\"target\":[\"https:\/\/www.gemeinde-rossau.de\/index.php\/offentliches\/strassenbeleuchtung-im-bereich-ortslage-rossau-ab-einmuendung-s201-realisiert\/\"]}]},{\"@type\":\"BreadcrumbList\",\"@id\":\"https:\/\/www.gemeinde-rossau.de\/index.php\/offentliches\/strassenbeleuchtung-im-bereich-ortslage-rossau-ab-einmuendung-s201-realisiert\/#breadcrumb\",\"itemListElement\":[{\"@type\":\"ListItem\",\"position\":1,\"name\":\"Home\",\"item\":\"https:\/\/www.gemeinde-rossau.de\/\"},{\"@type\":\"ListItem\",\"position\":2,\"name\":\"\u00d6ffentliches\",\"item\":\"https:\/\/www.gemeinde-rossau.de\/index.php\/offentliches\/\"},{\"@type\":\"ListItem\",\"position\":3,\"name\":\"Stra\u00dfenbeleuchtung im Bereich Ortslage Rossau ab Einm\u00fcndung S201 &#8211; realisiert\"}]},{\"@type\":\"WebSite\",\"@id\":\"https:\/\/www.gemeinde-rossau.de\/#website\",\"url\":\"https:\/\/www.gemeinde-rossau.de\/\",\"name\":\"Gemeindeverwaltung Rossau\",\"description\":\"Gemeindeverwaltung Rossau\",\"publisher\":{\"@id\":\"https:\/\/www.gemeinde-rossau.de\/#organization\"},\"potentialAction\":[{\"@type\":\"SearchAction\",\"target\":{\"@type\":\"EntryPoint\",\"urlTemplate\":\"https:\/\/www.gemeinde-rossau.de\/?s={search_term_string}\"},\"query-input\":\"required name=search_term_string\"}],\"inLanguage\":\"de\"},{\"@type\":\"Organization\",\"@id\":\"https:\/\/www.gemeinde-rossau.de\/#organization\",\"name\":\"Gemeindeverwaltung Rossau\",\"url\":\"https:\/\/www.gemeinde-rossau.de\/\",\"logo\":{\"@type\":\"ImageObject\",\"inLanguage\":\"de\",\"@id\":\"https:\/\/www.gemeinde-rossau.de\/#\/schema\/logo\/image\/\",\"url\":\"https:\/\/www.gemeinde-rossau.de\/wp-content\/uploads\/2019\/06\/Rossau_Navigation-e1574972262765.png\",\"contentUrl\":\"https:\/\/www.gemeinde-rossau.de\/wp-content\/uploads\/2019\/06\/Rossau_Navigation-e1574972262765.png\",\"width\":76,\"height\":100,\"caption\":\"Gemeindeverwaltung Rossau\"},\"image\":{\"@id\":\"https:\/\/www.gemeinde-rossau.de\/#\/schema\/logo\/image\/\"}}]}<\/script>\n<!-- \/ Yoast SEO plugin. -->","yoast_head_json":{"title":"Stra\u00dfenbeleuchtung im Bereich Ortslage Rossau ab Einm\u00fcndung S201 - realisiert | Gemeindeverwaltung Rossau","robots":{"index":"index","follow":"follow","max-snippet":"max-snippet:-1","max-image-preview":"max-image-preview:large","max-video-preview":"max-video-preview:-1"},"canonical":"https:\/\/www.gemeinde-rossau.de\/index.php\/offentliches\/strassenbeleuchtung-im-bereich-ortslage-rossau-ab-einmuendung-s201-realisiert\/","og_locale":"de_DE","og_type":"article","og_title":"Stra\u00dfenbeleuchtung im Bereich Ortslage Rossau ab Einm\u00fcndung S201 - realisiert | Gemeindeverwaltung Rossau","og_description":"Vorhaben im Rahmen der LEADER &#8211; Entwicklungsstrategie &#8211; Region Klosterbezirk Altzella mit dem Ziel eine lebendige Region f\u00fcr alle Generationen in traditionsreicher Kulturlandschaft Stra\u00dfenbeleuchtung im Bereich Ortslage Rossau ab Einm\u00fcndung S201 &#8211; realisiert Im Rahmen der Gemeinschaftsma\u00dfnahme des Ausbaus der Staatsstra\u00dfe S 32 durch die LASuV undden Ausbau eines Teilst\u00fcckes der Kreisstra\u00dfe K 8213 durch [&hellip;]","og_url":"https:\/\/www.gemeinde-rossau.de\/index.php\/offentliches\/strassenbeleuchtung-im-bereich-ortslage-rossau-ab-einmuendung-s201-realisiert\/","og_site_name":"Gemeindeverwaltung Rossau","article_modified_time":"2020-05-07T13:25:24+00:00","og_image":[{"width":1200,"height":675,"url":"https:\/\/www.gemeinde-rossau.de\/wp-content\/uploads\/2019\/06\/bg-standart.jpg","type":"image\/jpeg"}],"twitter_card":"summary_large_image","twitter_misc":{"Gesch\u00e4tzte Lesezeit":"1\u00a0Minute"},"schema":{"@context":"https:\/\/schema.org","@graph":[{"@type":"WebPage","@id":"https:\/\/www.gemeinde-rossau.de\/index.php\/offentliches\/strassenbeleuchtung-im-bereich-ortslage-rossau-ab-einmuendung-s201-realisiert\/","url":"https:\/\/www.gemeinde-rossau.de\/index.php\/offentliches\/strassenbeleuchtung-im-bereich-ortslage-rossau-ab-einmuendung-s201-realisiert\/","name":"Stra\u00dfenbeleuchtung im Bereich Ortslage Rossau ab Einm\u00fcndung S201 - realisiert | Gemeindeverwaltung Rossau","isPartOf":{"@id":"https:\/\/www.gemeinde-rossau.de\/#website"},"datePublished":"2020-05-07T13:14:40+00:00","dateModified":"2020-05-07T13:25:24+00:00","breadcrumb":{"@id":"https:\/\/www.gemeinde-rossau.de\/index.php\/offentliches\/strassenbeleuchtung-im-bereich-ortslage-rossau-ab-einmuendung-s201-realisiert\/#breadcrumb"},"inLanguage":"de","potentialAction":[{"@type":"ReadAction","target":["https:\/\/www.gemeinde-rossau.de\/index.php\/offentliches\/strassenbeleuchtung-im-bereich-ortslage-rossau-ab-einmuendung-s201-realisiert\/"]}]},{"@type":"BreadcrumbList","@id":"https:\/\/www.gemeinde-rossau.de\/index.php\/offentliches\/strassenbeleuchtung-im-bereich-ortslage-rossau-ab-einmuendung-s201-realisiert\/#breadcrumb","itemListElement":[{"@type":"ListItem","position":1,"name":"Home","item":"https:\/\/www.gemeinde-rossau.de\/"},{"@type":"ListItem","position":2,"name":"\u00d6ffentliches","item":"https:\/\/www.gemeinde-rossau.de\/index.php\/offentliches\/"},{"@type":"ListItem","position":3,"name":"Stra\u00dfenbeleuchtung im Bereich Ortslage Rossau ab Einm\u00fcndung S201 &#8211; realisiert"}]},{"@type":"WebSite","@id":"https:\/\/www.gemeinde-rossau.de\/#website","url":"https:\/\/www.gemeinde-rossau.de\/","name":"Gemeindeverwaltung Rossau","description":"Gemeindeverwaltung Rossau","publisher":{"@id":"https:\/\/www.gemeinde-rossau.de\/#organization"},"potentialAction":[{"@type":"SearchAction","target":{"@type":"EntryPoint","urlTemplate":"https:\/\/www.gemeinde-rossau.de\/?s={search_term_string}"},"query-input":"required name=search_term_string"}],"inLanguage":"de"},{"@type":"Organization","@id":"https:\/\/www.gemeinde-rossau.de\/#organization","name":"Gemeindeverwaltung Rossau","url":"https:\/\/www.gemeinde-rossau.de\/","logo":{"@type":"ImageObject","inLanguage":"de","@id":"https:\/\/www.gemeinde-rossau.de\/#\/schema\/logo\/image\/","url":"https:\/\/www.gemeinde-rossau.de\/wp-content\/uploads\/2019\/06\/Rossau_Navigation-e1574972262765.png","contentUrl":"https:\/\/www.gemeinde-rossau.de\/wp-content\/uploads\/2019\/06\/Rossau_Navigation-e1574972262765.png","width":76,"height":100,"caption":"Gemeindeverwaltung Rossau"},"image":{"@id":"https:\/\/www.gemeinde-rossau.de\/#\/schema\/logo\/image\/"}}]}},"_links":{"self":[{"href":"https:\/\/www.gemeinde-rossau.de\/index.php\/wp-json\/wp\/v2\/pages\/2995"}],"collection":[{"href":"https:\/\/www.gemeinde-rossau.de\/index.php\/wp-json\/wp\/v2\/pages"}],"about":[{"href":"https:\/\/www.gemeinde-rossau.de\/index.php\/wp-json\/wp\/v2\/types\/page"}],"author":[{"embeddable":true,"href":"https:\/\/www.gemeinde-rossau.de\/index.php\/wp-json\/wp\/v2\/users\/1"}],"replies":[{"embeddable":true,"href":"https:\/\/www.gemeinde-rossau.de\/index.php\/wp-json\/wp\/v2\/comments?post=2995"}],"version-history":[{"count":5,"href":"https:\/\/www.gemeinde-rossau.de\/index.php\/wp-json\/wp\/v2\/pages\/2995\/revisions"}],"predecessor-version":[{"id":4766,"href":"https:\/\/www.gemeinde-rossau.de\/index.php\/wp-json\/wp\/v2\/pages\/2995\/revisions\/4766"}],"up":[{"embeddable":true,"href":"https:\/\/www.gemeinde-rossau.de\/index.php\/wp-json\/wp\/v2\/pages\/371"}],"wp:featuredmedia":[{"embeddable":true,"href":"https:\/\/www.gemeinde-rossau.de\/index.php\/wp-json\/wp\/v2\/media\/1105"}],"wp:attachment":[{"href":"https:\/\/www.gemeinde-rossau.de\/index.php\/wp-json\/wp\/v2\/media?parent=2995"}],"curies":[{"name":"wp","href":"https:\/\/api.w.org\/{rel}","templated":true}]}}