{"id":2990,"date":"2020-05-07T14:10:02","date_gmt":"2020-05-07T13:10:02","guid":{"rendered":"https:\/\/www.gemeinde-rossau.de\/?page_id=2990"},"modified":"2025-10-13T10:17:59","modified_gmt":"2025-10-13T09:17:59","slug":"gehwegbeleuchtung-in-der-gemeinde-rossau-ot-schoenborn-dreiwerden-bereich-k-8230-dorfstrasse-bewilligt","status":"publish","type":"page","link":"https:\/\/www.gemeinde-rossau.de\/index.php\/offentliches\/gehwegbeleuchtung-in-der-gemeinde-rossau-ot-schoenborn-dreiwerden-bereich-k-8230-dorfstrasse-bewilligt\/","title":{"rendered":"Gehwegbeleuchtung in der Gemeinde Rossau OT Sch\u00f6nborn-Dreiwerden Bereich &#8211; K 8230 &#8211; Dorfstra\u00dfe &#8211; realisiert"},"content":{"rendered":"\t\t<div data-elementor-type=\"wp-page\" data-elementor-id=\"2990\" class=\"elementor elementor-2990\">\n\t\t\t\t\t\t<div class=\"elementor-inner\">\n\t\t\t\t<div class=\"elementor-section-wrap\">\n\t\t\t\t\t\t\t\t\t<section class=\"elementor-section elementor-top-section elementor-element elementor-element-8e1fd66 elementor-section-full_width elementor-section-height-default elementor-section-height-default\" data-id=\"8e1fd66\" data-element_type=\"section\" data-settings=\"{&quot;background_background&quot;:&quot;classic&quot;}\">\n\t\t\t\t\t\t<div class=\"elementor-container elementor-column-gap-default\">\n\t\t\t\t\t\t\t<div class=\"elementor-row\">\n\t\t\t\t\t<div class=\"elementor-column elementor-col-100 elementor-top-column elementor-element elementor-element-fd8c8c7\" data-id=\"fd8c8c7\" data-element_type=\"column\" data-settings=\"{&quot;background_background&quot;:&quot;classic&quot;}\">\n\t\t\t<div class=\"elementor-column-wrap elementor-element-populated\">\n\t\t\t\t\t\t\t<div class=\"elementor-widget-wrap\">\n\t\t\t\t\t\t<div class=\"elementor-element elementor-element-28d5fcb elementor-widget elementor-widget-heading\" data-id=\"28d5fcb\" data-element_type=\"widget\" data-widget_type=\"heading.default\">\n\t\t\t\t<div class=\"elementor-widget-container\">\n\t\t\t<h2 class=\"elementor-heading-title elementor-size-default\">Vorhaben im Rahmen<\/h2>\t\t<\/div>\n\t\t\t\t<\/div>\n\t\t\t\t<div class=\"elementor-element elementor-element-16b6898 elementor-widget elementor-widget-heading\" data-id=\"16b6898\" data-element_type=\"widget\" data-widget_type=\"heading.default\">\n\t\t\t\t<div class=\"elementor-widget-container\">\n\t\t\t<h2 class=\"elementor-heading-title elementor-size-default\">der LEADER - Entwicklungsstrategie - Region Klosterbezirk Altzella<\/h2>\t\t<\/div>\n\t\t\t\t<\/div>\n\t\t\t\t<div class=\"elementor-element elementor-element-394dbfe elementor-widget elementor-widget-text-editor\" data-id=\"394dbfe\" data-element_type=\"widget\" data-widget_type=\"text-editor.default\">\n\t\t\t\t<div class=\"elementor-widget-container\">\n\t\t\t\t\t\t\t\t<div class=\"elementor-text-editor elementor-clearfix\">\n\t\t\t\t<p>mit dem Ziel eine lebendige Region f\u00fcr alle Generationen in traditionsreicher Kulturlandschaft<\/p>\t\t\t\t\t<\/div>\n\t\t\t\t\t\t<\/div>\n\t\t\t\t<\/div>\n\t\t\t\t\t\t<\/div>\n\t\t\t\t\t<\/div>\n\t\t<\/div>\n\t\t\t\t\t\t\t\t<\/div>\n\t\t\t\t\t<\/div>\n\t\t<\/section>\n\t\t\t\t<section class=\"elementor-section elementor-top-section elementor-element elementor-element-202c2e0 elementor-section-full_width elementor-section-height-default elementor-section-height-default\" data-id=\"202c2e0\" data-element_type=\"section\" data-settings=\"{&quot;background_background&quot;:&quot;classic&quot;}\">\n\t\t\t\t\t\t<div class=\"elementor-container elementor-column-gap-default\">\n\t\t\t\t\t\t\t<div class=\"elementor-row\">\n\t\t\t\t\t<div class=\"elementor-column elementor-col-100 elementor-top-column elementor-element elementor-element-f28a4af\" data-id=\"f28a4af\" data-element_type=\"column\" data-settings=\"{&quot;background_background&quot;:&quot;classic&quot;}\">\n\t\t\t<div class=\"elementor-column-wrap elementor-element-populated\">\n\t\t\t\t\t\t\t<div class=\"elementor-widget-wrap\">\n\t\t\t\t\t\t<section class=\"elementor-section elementor-inner-section elementor-element elementor-element-c810207 elementor-section-full_width elementor-section-height-min-height elementor-section-height-default\" data-id=\"c810207\" data-element_type=\"section\">\n\t\t\t\t\t\t<div class=\"elementor-container elementor-column-gap-no\">\n\t\t\t\t\t\t\t<div class=\"elementor-row\">\n\t\t\t\t\t<div class=\"elementor-column elementor-col-100 elementor-inner-column elementor-element elementor-element-b256d4f\" data-id=\"b256d4f\" data-element_type=\"column\" data-settings=\"{&quot;background_background&quot;:&quot;classic&quot;}\">\n\t\t\t<div class=\"elementor-column-wrap\">\n\t\t\t\t\t\t\t<div class=\"elementor-widget-wrap\">\n\t\t\t\t\t\t\t\t<\/div>\n\t\t\t\t\t<\/div>\n\t\t<\/div>\n\t\t\t\t\t\t\t\t<\/div>\n\t\t\t\t\t<\/div>\n\t\t<\/section>\n\t\t\t\t\t\t<\/div>\n\t\t\t\t\t<\/div>\n\t\t<\/div>\n\t\t\t\t\t\t\t\t<\/div>\n\t\t\t\t\t<\/div>\n\t\t<\/section>\n\t\t\t\t<section class=\"elementor-section elementor-top-section elementor-element elementor-element-deee453 elementor-section-full_width elementor-section-height-default elementor-section-height-default\" data-id=\"deee453\" data-element_type=\"section\" data-settings=\"{&quot;background_background&quot;:&quot;classic&quot;}\">\n\t\t\t\t\t\t<div class=\"elementor-container elementor-column-gap-default\">\n\t\t\t\t\t\t\t<div class=\"elementor-row\">\n\t\t\t\t\t<div class=\"elementor-column elementor-col-100 elementor-top-column elementor-element elementor-element-9f431b9\" data-id=\"9f431b9\" data-element_type=\"column\" data-settings=\"{&quot;background_background&quot;:&quot;classic&quot;}\">\n\t\t\t<div class=\"elementor-column-wrap elementor-element-populated\">\n\t\t\t\t\t\t\t<div class=\"elementor-widget-wrap\">\n\t\t\t\t\t\t<section class=\"elementor-section elementor-inner-section elementor-element elementor-element-6dd7cf0 elementor-section-full_width elementor-section-height-min-height elementor-section-height-default\" data-id=\"6dd7cf0\" data-element_type=\"section\">\n\t\t\t\t\t\t<div class=\"elementor-container elementor-column-gap-no\">\n\t\t\t\t\t\t\t<div class=\"elementor-row\">\n\t\t\t\t\t<div class=\"elementor-column elementor-col-100 elementor-inner-column elementor-element elementor-element-271f221\" data-id=\"271f221\" data-element_type=\"column\" data-settings=\"{&quot;background_background&quot;:&quot;classic&quot;}\">\n\t\t\t<div class=\"elementor-column-wrap elementor-element-populated\">\n\t\t\t\t\t\t\t<div class=\"elementor-widget-wrap\">\n\t\t\t\t\t\t<div class=\"elementor-element elementor-element-201f8e3 elementor-widget elementor-widget-text-editor\" data-id=\"201f8e3\" data-element_type=\"widget\" data-widget_type=\"text-editor.default\">\n\t\t\t\t<div class=\"elementor-widget-container\">\n\t\t\t\t\t\t\t\t<div class=\"elementor-text-editor elementor-clearfix\">\n\t\t\t\t<p>Gehwegbeleuchtung in der Gemeinde Rossau OT Sch\u00f6nborn-Dreiwerden<br>Bereich &#8211; K 8230 &#8211; Dorfstra\u00dfe &#8211; realisiert<\/p>\n<p>Im Zuge einer Gemeinschaftsma\u00dfnahme der Ausbaus der Kreisstra\u00dfe K 8230 durch den Lankreis<br>Mittelsachsen mit der Gemeinde Rossau wird das vorhandene Stra\u00dfenbeleuchtungsnetz<br>komplett erneuert.<br>Die neue energieeffiziente LED Gehwegbeleuchtung wird \u00fcberwiegend auf einem neu entstehenden<br>Gehweg installiert.<\/p>\t\t\t\t\t<\/div>\n\t\t\t\t\t\t<\/div>\n\t\t\t\t<\/div>\n\t\t\t\t\t\t<\/div>\n\t\t\t\t\t<\/div>\n\t\t<\/div>\n\t\t\t\t\t\t\t\t<\/div>\n\t\t\t\t\t<\/div>\n\t\t<\/section>\n\t\t\t\t\t\t<\/div>\n\t\t\t\t\t<\/div>\n\t\t<\/div>\n\t\t\t\t\t\t\t\t<\/div>\n\t\t\t\t\t<\/div>\n\t\t<\/section>\n\t\t\t\t\t\t\t\t\t<\/div>\n\t\t\t<\/div>\n\t\t\t\t\t<\/div>\n\t\t","protected":false},"excerpt":{"rendered":"<p>Vorhaben im Rahmen der LEADER &#8211; Entwicklungsstrategie &#8211; Region Klosterbezirk Altzella mit dem Ziel eine lebendige Region f\u00fcr alle Generationen in traditionsreicher Kulturlandschaft Gehwegbeleuchtung in der Gemeinde Rossau OT Sch\u00f6nborn-DreiwerdenBereich &#8211; K 8230 &#8211; Dorfstra\u00dfe &#8211; realisiert Im Zuge einer Gemeinschaftsma\u00dfnahme der Ausbaus der Kreisstra\u00dfe K 8230 durch den LankreisMittelsachsen mit der Gemeinde Rossau wird [&hellip;]<\/p>\n","protected":false},"author":1,"featured_media":1105,"parent":371,"menu_order":0,"comment_status":"closed","ping_status":"closed","template":"","meta":{"_expiration-date-status":"","_expiration-date":0,"_expiration-date-type":"","_expiration-date-categories":[],"_expiration-date-options":[],"_links_to":"","_links_to_target":""},"acf":[],"yoast_head":"<!-- This site is optimized with the Yoast SEO plugin v19.13 - https:\/\/yoast.com\/wordpress\/plugins\/seo\/ -->\n<title>Gehwegbeleuchtung in der Gemeinde Rossau OT Sch\u00f6nborn-Dreiwerden Bereich - K 8230 - Dorfstra\u00dfe - realisiert | Gemeindeverwaltung Rossau<\/title>\n<meta name=\"robots\" content=\"index, follow, max-snippet:-1, max-image-preview:large, max-video-preview:-1\" \/>\n<link rel=\"canonical\" href=\"https:\/\/www.gemeinde-rossau.de\/index.php\/offentliches\/gehwegbeleuchtung-in-der-gemeinde-rossau-ot-schoenborn-dreiwerden-bereich-k-8230-dorfstrasse-bewilligt\/\" \/>\n<meta property=\"og:locale\" content=\"de_DE\" \/>\n<meta property=\"og:type\" content=\"article\" \/>\n<meta property=\"og:title\" content=\"Gehwegbeleuchtung in der Gemeinde Rossau OT Sch\u00f6nborn-Dreiwerden Bereich - K 8230 - Dorfstra\u00dfe - realisiert | Gemeindeverwaltung Rossau\" \/>\n<meta property=\"og:description\" content=\"Vorhaben im Rahmen der LEADER &#8211; Entwicklungsstrategie &#8211; Region Klosterbezirk Altzella mit dem Ziel eine lebendige Region f\u00fcr alle Generationen in traditionsreicher Kulturlandschaft Gehwegbeleuchtung in der Gemeinde Rossau OT Sch\u00f6nborn-DreiwerdenBereich &#8211; K 8230 &#8211; Dorfstra\u00dfe &#8211; realisiert Im Zuge einer Gemeinschaftsma\u00dfnahme der Ausbaus der Kreisstra\u00dfe K 8230 durch den LankreisMittelsachsen mit der Gemeinde Rossau wird [&hellip;]\" \/>\n<meta property=\"og:url\" content=\"https:\/\/www.gemeinde-rossau.de\/index.php\/offentliches\/gehwegbeleuchtung-in-der-gemeinde-rossau-ot-schoenborn-dreiwerden-bereich-k-8230-dorfstrasse-bewilligt\/\" \/>\n<meta property=\"og:site_name\" content=\"Gemeindeverwaltung Rossau\" \/>\n<meta property=\"article:modified_time\" content=\"2025-10-13T09:17:59+00:00\" \/>\n<meta property=\"og:image\" content=\"https:\/\/www.gemeinde-rossau.de\/wp-content\/uploads\/2019\/06\/bg-standart.jpg\" \/>\n\t<meta property=\"og:image:width\" content=\"1200\" \/>\n\t<meta property=\"og:image:height\" content=\"675\" \/>\n\t<meta property=\"og:image:type\" content=\"image\/jpeg\" \/>\n<meta name=\"twitter:card\" content=\"summary_large_image\" \/>\n<script type=\"application\/ld+json\" class=\"yoast-schema-graph\">{\"@context\":\"https:\/\/schema.org\",\"@graph\":[{\"@type\":\"WebPage\",\"@id\":\"https:\/\/www.gemeinde-rossau.de\/index.php\/offentliches\/gehwegbeleuchtung-in-der-gemeinde-rossau-ot-schoenborn-dreiwerden-bereich-k-8230-dorfstrasse-bewilligt\/\",\"url\":\"https:\/\/www.gemeinde-rossau.de\/index.php\/offentliches\/gehwegbeleuchtung-in-der-gemeinde-rossau-ot-schoenborn-dreiwerden-bereich-k-8230-dorfstrasse-bewilligt\/\",\"name\":\"Gehwegbeleuchtung in der Gemeinde Rossau OT Sch\u00f6nborn-Dreiwerden Bereich - K 8230 - Dorfstra\u00dfe - realisiert | Gemeindeverwaltung Rossau\",\"isPartOf\":{\"@id\":\"https:\/\/www.gemeinde-rossau.de\/#website\"},\"datePublished\":\"2020-05-07T13:10:02+00:00\",\"dateModified\":\"2025-10-13T09:17:59+00:00\",\"breadcrumb\":{\"@id\":\"https:\/\/www.gemeinde-rossau.de\/index.php\/offentliches\/gehwegbeleuchtung-in-der-gemeinde-rossau-ot-schoenborn-dreiwerden-bereich-k-8230-dorfstrasse-bewilligt\/#breadcrumb\"},\"inLanguage\":\"de\",\"potentialAction\":[{\"@type\":\"ReadAction\",\"target\":[\"https:\/\/www.gemeinde-rossau.de\/index.php\/offentliches\/gehwegbeleuchtung-in-der-gemeinde-rossau-ot-schoenborn-dreiwerden-bereich-k-8230-dorfstrasse-bewilligt\/\"]}]},{\"@type\":\"BreadcrumbList\",\"@id\":\"https:\/\/www.gemeinde-rossau.de\/index.php\/offentliches\/gehwegbeleuchtung-in-der-gemeinde-rossau-ot-schoenborn-dreiwerden-bereich-k-8230-dorfstrasse-bewilligt\/#breadcrumb\",\"itemListElement\":[{\"@type\":\"ListItem\",\"position\":1,\"name\":\"Home\",\"item\":\"https:\/\/www.gemeinde-rossau.de\/\"},{\"@type\":\"ListItem\",\"position\":2,\"name\":\"\u00d6ffentliches\",\"item\":\"https:\/\/www.gemeinde-rossau.de\/index.php\/offentliches\/\"},{\"@type\":\"ListItem\",\"position\":3,\"name\":\"Gehwegbeleuchtung in der Gemeinde Rossau OT Sch\u00f6nborn-Dreiwerden Bereich &#8211; K 8230 &#8211; Dorfstra\u00dfe &#8211; realisiert\"}]},{\"@type\":\"WebSite\",\"@id\":\"https:\/\/www.gemeinde-rossau.de\/#website\",\"url\":\"https:\/\/www.gemeinde-rossau.de\/\",\"name\":\"Gemeindeverwaltung Rossau\",\"description\":\"Gemeindeverwaltung Rossau\",\"publisher\":{\"@id\":\"https:\/\/www.gemeinde-rossau.de\/#organization\"},\"potentialAction\":[{\"@type\":\"SearchAction\",\"target\":{\"@type\":\"EntryPoint\",\"urlTemplate\":\"https:\/\/www.gemeinde-rossau.de\/?s={search_term_string}\"},\"query-input\":\"required name=search_term_string\"}],\"inLanguage\":\"de\"},{\"@type\":\"Organization\",\"@id\":\"https:\/\/www.gemeinde-rossau.de\/#organization\",\"name\":\"Gemeindeverwaltung Rossau\",\"url\":\"https:\/\/www.gemeinde-rossau.de\/\",\"logo\":{\"@type\":\"ImageObject\",\"inLanguage\":\"de\",\"@id\":\"https:\/\/www.gemeinde-rossau.de\/#\/schema\/logo\/image\/\",\"url\":\"https:\/\/www.gemeinde-rossau.de\/wp-content\/uploads\/2019\/06\/Rossau_Navigation-e1574972262765.png\",\"contentUrl\":\"https:\/\/www.gemeinde-rossau.de\/wp-content\/uploads\/2019\/06\/Rossau_Navigation-e1574972262765.png\",\"width\":76,\"height\":100,\"caption\":\"Gemeindeverwaltung Rossau\"},\"image\":{\"@id\":\"https:\/\/www.gemeinde-rossau.de\/#\/schema\/logo\/image\/\"}}]}<\/script>\n<!-- \/ Yoast SEO plugin. -->","yoast_head_json":{"title":"Gehwegbeleuchtung in der Gemeinde Rossau OT Sch\u00f6nborn-Dreiwerden Bereich - K 8230 - Dorfstra\u00dfe - realisiert | Gemeindeverwaltung Rossau","robots":{"index":"index","follow":"follow","max-snippet":"max-snippet:-1","max-image-preview":"max-image-preview:large","max-video-preview":"max-video-preview:-1"},"canonical":"https:\/\/www.gemeinde-rossau.de\/index.php\/offentliches\/gehwegbeleuchtung-in-der-gemeinde-rossau-ot-schoenborn-dreiwerden-bereich-k-8230-dorfstrasse-bewilligt\/","og_locale":"de_DE","og_type":"article","og_title":"Gehwegbeleuchtung in der Gemeinde Rossau OT Sch\u00f6nborn-Dreiwerden Bereich - K 8230 - Dorfstra\u00dfe - realisiert | Gemeindeverwaltung Rossau","og_description":"Vorhaben im Rahmen der LEADER &#8211; Entwicklungsstrategie &#8211; Region Klosterbezirk Altzella mit dem Ziel eine lebendige Region f\u00fcr alle Generationen in traditionsreicher Kulturlandschaft Gehwegbeleuchtung in der Gemeinde Rossau OT Sch\u00f6nborn-DreiwerdenBereich &#8211; K 8230 &#8211; Dorfstra\u00dfe &#8211; realisiert Im Zuge einer Gemeinschaftsma\u00dfnahme der Ausbaus der Kreisstra\u00dfe K 8230 durch den LankreisMittelsachsen mit der Gemeinde Rossau wird [&hellip;]","og_url":"https:\/\/www.gemeinde-rossau.de\/index.php\/offentliches\/gehwegbeleuchtung-in-der-gemeinde-rossau-ot-schoenborn-dreiwerden-bereich-k-8230-dorfstrasse-bewilligt\/","og_site_name":"Gemeindeverwaltung Rossau","article_modified_time":"2025-10-13T09:17:59+00:00","og_image":[{"width":1200,"height":675,"url":"https:\/\/www.gemeinde-rossau.de\/wp-content\/uploads\/2019\/06\/bg-standart.jpg","type":"image\/jpeg"}],"twitter_card":"summary_large_image","schema":{"@context":"https:\/\/schema.org","@graph":[{"@type":"WebPage","@id":"https:\/\/www.gemeinde-rossau.de\/index.php\/offentliches\/gehwegbeleuchtung-in-der-gemeinde-rossau-ot-schoenborn-dreiwerden-bereich-k-8230-dorfstrasse-bewilligt\/","url":"https:\/\/www.gemeinde-rossau.de\/index.php\/offentliches\/gehwegbeleuchtung-in-der-gemeinde-rossau-ot-schoenborn-dreiwerden-bereich-k-8230-dorfstrasse-bewilligt\/","name":"Gehwegbeleuchtung in der Gemeinde Rossau OT Sch\u00f6nborn-Dreiwerden Bereich - K 8230 - Dorfstra\u00dfe - realisiert | Gemeindeverwaltung Rossau","isPartOf":{"@id":"https:\/\/www.gemeinde-rossau.de\/#website"},"datePublished":"2020-05-07T13:10:02+00:00","dateModified":"2025-10-13T09:17:59+00:00","breadcrumb":{"@id":"https:\/\/www.gemeinde-rossau.de\/index.php\/offentliches\/gehwegbeleuchtung-in-der-gemeinde-rossau-ot-schoenborn-dreiwerden-bereich-k-8230-dorfstrasse-bewilligt\/#breadcrumb"},"inLanguage":"de","potentialAction":[{"@type":"ReadAction","target":["https:\/\/www.gemeinde-rossau.de\/index.php\/offentliches\/gehwegbeleuchtung-in-der-gemeinde-rossau-ot-schoenborn-dreiwerden-bereich-k-8230-dorfstrasse-bewilligt\/"]}]},{"@type":"BreadcrumbList","@id":"https:\/\/www.gemeinde-rossau.de\/index.php\/offentliches\/gehwegbeleuchtung-in-der-gemeinde-rossau-ot-schoenborn-dreiwerden-bereich-k-8230-dorfstrasse-bewilligt\/#breadcrumb","itemListElement":[{"@type":"ListItem","position":1,"name":"Home","item":"https:\/\/www.gemeinde-rossau.de\/"},{"@type":"ListItem","position":2,"name":"\u00d6ffentliches","item":"https:\/\/www.gemeinde-rossau.de\/index.php\/offentliches\/"},{"@type":"ListItem","position":3,"name":"Gehwegbeleuchtung in der Gemeinde Rossau OT Sch\u00f6nborn-Dreiwerden Bereich &#8211; K 8230 &#8211; Dorfstra\u00dfe &#8211; realisiert"}]},{"@type":"WebSite","@id":"https:\/\/www.gemeinde-rossau.de\/#website","url":"https:\/\/www.gemeinde-rossau.de\/","name":"Gemeindeverwaltung Rossau","description":"Gemeindeverwaltung Rossau","publisher":{"@id":"https:\/\/www.gemeinde-rossau.de\/#organization"},"potentialAction":[{"@type":"SearchAction","target":{"@type":"EntryPoint","urlTemplate":"https:\/\/www.gemeinde-rossau.de\/?s={search_term_string}"},"query-input":"required name=search_term_string"}],"inLanguage":"de"},{"@type":"Organization","@id":"https:\/\/www.gemeinde-rossau.de\/#organization","name":"Gemeindeverwaltung Rossau","url":"https:\/\/www.gemeinde-rossau.de\/","logo":{"@type":"ImageObject","inLanguage":"de","@id":"https:\/\/www.gemeinde-rossau.de\/#\/schema\/logo\/image\/","url":"https:\/\/www.gemeinde-rossau.de\/wp-content\/uploads\/2019\/06\/Rossau_Navigation-e1574972262765.png","contentUrl":"https:\/\/www.gemeinde-rossau.de\/wp-content\/uploads\/2019\/06\/Rossau_Navigation-e1574972262765.png","width":76,"height":100,"caption":"Gemeindeverwaltung Rossau"},"image":{"@id":"https:\/\/www.gemeinde-rossau.de\/#\/schema\/logo\/image\/"}}]}},"_links":{"self":[{"href":"https:\/\/www.gemeinde-rossau.de\/index.php\/wp-json\/wp\/v2\/pages\/2990"}],"collection":[{"href":"https:\/\/www.gemeinde-rossau.de\/index.php\/wp-json\/wp\/v2\/pages"}],"about":[{"href":"https:\/\/www.gemeinde-rossau.de\/index.php\/wp-json\/wp\/v2\/types\/page"}],"author":[{"embeddable":true,"href":"https:\/\/www.gemeinde-rossau.de\/index.php\/wp-json\/wp\/v2\/users\/1"}],"replies":[{"embeddable":true,"href":"https:\/\/www.gemeinde-rossau.de\/index.php\/wp-json\/wp\/v2\/comments?post=2990"}],"version-history":[{"count":8,"href":"https:\/\/www.gemeinde-rossau.de\/index.php\/wp-json\/wp\/v2\/pages\/2990\/revisions"}],"predecessor-version":[{"id":43652,"href":"https:\/\/www.gemeinde-rossau.de\/index.php\/wp-json\/wp\/v2\/pages\/2990\/revisions\/43652"}],"up":[{"embeddable":true,"href":"https:\/\/www.gemeinde-rossau.de\/index.php\/wp-json\/wp\/v2\/pages\/371"}],"wp:featuredmedia":[{"embeddable":true,"href":"https:\/\/www.gemeinde-rossau.de\/index.php\/wp-json\/wp\/v2\/media\/1105"}],"wp:attachment":[{"href":"https:\/\/www.gemeinde-rossau.de\/index.php\/wp-json\/wp\/v2\/media?parent=2990"}],"curies":[{"name":"wp","href":"https:\/\/api.w.org\/{rel}","templated":true}]}}