{"id":2441,"date":"2020-01-21T18:25:18","date_gmt":"2020-01-21T17:25:18","guid":{"rendered":"https:\/\/www.gemeinde-rossau.de\/?page_id=2441"},"modified":"2022-02-01T12:55:57","modified_gmt":"2022-02-01T11:55:57","slug":"beschluesse-2020","status":"publish","type":"page","link":"https:\/\/www.gemeinde-rossau.de\/index.php\/beschluesse-2020\/","title":{"rendered":"Beschl\u00fcsse 2020"},"content":{"rendered":"\t\t<div data-elementor-type=\"wp-post\" data-elementor-id=\"2441\" class=\"elementor elementor-2441\">\n\t\t\t\t\t\t<div class=\"elementor-inner\">\n\t\t\t\t<div class=\"elementor-section-wrap\">\n\t\t\t\t\t\t\t\t\t<section class=\"elementor-section elementor-top-section elementor-element elementor-element-3f4f911 elementor-section-boxed elementor-section-height-default elementor-section-height-default\" data-id=\"3f4f911\" data-element_type=\"section\">\n\t\t\t\t\t\t<div class=\"elementor-container elementor-column-gap-default\">\n\t\t\t\t\t\t\t<div class=\"elementor-row\">\n\t\t\t\t\t<div class=\"elementor-column elementor-col-100 elementor-top-column elementor-element elementor-element-ec39309\" data-id=\"ec39309\" data-element_type=\"column\">\n\t\t\t<div class=\"elementor-column-wrap elementor-element-populated\">\n\t\t\t\t\t\t\t<div class=\"elementor-widget-wrap\">\n\t\t\t\t\t\t<div class=\"elementor-element elementor-element-21b0ac1 elementor-widget elementor-widget-text-editor\" data-id=\"21b0ac1\" data-element_type=\"widget\" data-widget_type=\"text-editor.default\">\n\t\t\t\t<div class=\"elementor-widget-container\">\n\t\t\t\t\t\t\t\t<div class=\"elementor-text-editor elementor-clearfix\">\n\t\t\t\t<p><strong>Beschluss Nr. 01\/2020 <\/strong><br \/><strong>Vorlage Nr. 01\/2020<\/strong><\/p><p>Der Gemeinderat Rossau beschlie\u00dft, den Zuschlag der Bauleistung \u2013 Komplettsanierung einer<br \/>Wohnung \u2013 Hauptstra\u00dfe 145 \u2013 2. OG links \u2013 Ausbauleistungen \u2013 Rossau, OT Niederrossau,<br \/>an die Firma Baugesch\u00e4ft Braune, OT Weinsdorf, Hauptstra\u00dfe 12 a, 09661 Rossau, zum Preis<br \/>von 18.526,63 Euro brutto, zu erteilen.<\/p><p><strong>Beschluss Nr. 02\/2020 <\/strong><br \/><strong>Vorlage Nr. 02\/2020<\/strong><\/p><p>Der Gemeinderat Rossau beschlie\u00dft, den Zuschlag der Bauleistung \u2013 Komplettsanierung einer<br \/>Wohnung \u2013 Hauptstra\u00dfe 145 \u2013 2. OG links \u2013 Elektroarbeiten \u2013 Rossau, OT Niederrossau, an<br \/>die Firma EAS Elektro-Anlagen &amp; Service GmbH, Frankenberger Stra\u00dfe 9 b, 09661<br \/>Hainichen, zum Preis von 1.945,58 Euro brutto, zu erteilen.<\/p><p><strong>Beschluss Nr. 03\/2020 <\/strong><br \/><strong>Vorlage Nr. 03\/2020<\/strong><\/p><p>Der Gemeinderat Rossau beschlie\u00dft, den Zuschlag der Bauleistung \u2013 Komplettsanierung einer<br \/>Wohnung \u2013 Hauptstra\u00dfe 145 \u2013 2. OG links \u2013 Sanit\u00e4rarbeiten \u2013 Rossau, OT Niederrossau, an<br \/>die Firma Sanit\u00e4r- &amp; Heizungsbau Fr\u00f6hlich, Hospitalstra\u00dfe 23, 09661 Hainichen, zum Preis<br \/>von 10.514,36 Euro brutto zu erteilen.<\/p><p><strong>Beschluss Nr. 04\/2020<\/strong><br \/><strong> Vorlage Nr. 04\/2020<\/strong><\/p><p>Der Gemeinderat Rossau beschlie\u00dft, die im Haushaltsplan des Haushaltsjahres 2019<br \/>enthaltenen und nicht durchgef\u00fchrten bzw. nicht abgeschlossenen Ma\u00dfnahmen in das Planjahr<br \/>2020 zu \u00fcbertragen.<\/p><p><strong>Beschluss Nr. 05\/2020 <\/strong><br \/><strong>Vorlage Nr. 06\/2020<\/strong><\/p><p>Der Gemeinderat Rossau beschlie\u00dft die Haushaltssatzung 2020, den dazugeh\u00f6rigen<br \/>Finanzplan und die Anlagen zur Satzung.<\/p><p><strong>Beschluss Nr. 06\/2020 <\/strong><br \/><strong>Vorlage Nr. 07\/2020<\/strong><\/p><p>Der Gemeinderat Rossau beschlie\u00dft, den Zuschlag der Bauleistung \u2013 Herstellung<br \/>inner\u00f6rtlicher Stra\u00dfenbeleuchtung Moosheim, Am Nonnenwald und Greifendorfer Stra\u00dfe,<br \/>Gemeinde Rossau, OT Moosheim, an die Firma Baugesch\u00e4ft Braune, OT Weinsdorf,<br \/>Hauptstra\u00dfe 12 a, 09661 Rossau, zum Preis von 160.642,64 Euro brutto zu erteilen.<\/p><p><strong>Beschluss Nr. 07\/2020 <\/strong><br \/><strong>Vorlage Nr. 08\/2020<\/strong><\/p><p>Der Gemeinderat Rossau beschlie\u00dft, auf den Gesamtabschluss im Haushaltjahr 2019 zu<br \/>verzichten.<\/p><p><strong>Beschluss Nr. 08\/2020 <\/strong><br \/><strong>Vorlage Nr. 09\/2020<\/strong><\/p><p>Der Gemeinderat Rossau beschlie\u00dft, auf den Gesamtabschluss im Haushaltsjahr 2020 zu<br \/>verzichten.<\/p><p><strong>Beschluss Nr. 09\/2020 <\/strong><br \/><strong>Vorlage Nr. 10\/2020<\/strong><\/p><p>Der Gemeinderat Rossau beschlie\u00dft, die Spende in H\u00f6he von 250,00 Euro f\u00fcr die Klasse 4 der<br \/>Grundschule Seifersbach anzunehmen.<\/p><p><strong>Beschluss Nr. 10\/2020 <\/strong><br \/><strong>Vorlage Nr. 11\/2020<br \/><\/strong><\/p><p>Der Gemeinderat Rossau beschlie\u00dft die Festlegung der Brauchtumsfeuer 2020 in der<br \/>Gemeinde Rossau.<\/p><p><strong>Beschluss Nr. 11\/2020 <\/strong><br \/><strong>Vorlage Nr. 13\/2020<\/strong><\/p><p>Der B\u00fcrgermeister der Gemeinde Rossau hat im Eilentscheidungsverfahren gem\u00e4\u00df<br \/>\u00a7 52 Absatz 4 Satz 1 der S\u00e4chsGemO entschieden:<br \/>Der B\u00fcrgermeister entscheidet, den Zuschlag der Bauleistung Multifunktionelle<br \/>Begegnungsst\u00e4tte im Ortsteil Moosheim \u2013 Errichtung barrierefreie Bushaltestelle, einen<br \/>Grillplatz mit Pavillon sowie Park- und Verkehrsfl\u00e4chen \u2013 Stra\u00dfen- und Landschaftsbau an<br \/>die Firma Walter Stra\u00dfenbau KG, Waldheimer Str. 76 a, 09661 Striegistal, zu einem Preis<br \/>von 83.296,41 Euro abzgl. 1% Preisnachlass 82.463,45 Euro brutto zu erteilen.<\/p><p><strong>Beschluss Nr. 12\/2020 <\/strong><br \/><strong>Vorlage Nr. 14\/2020<\/strong><\/p><p>Der B\u00fcrgermeister der Gemeinde Rossau hat im Eilentscheidungsverfahren gem\u00e4\u00df<br \/>\u00a7 52 Absatz 4 Satz 1 der S\u00e4chsGemO entschieden:<br \/>Der B\u00fcrgermeister entscheidet, den Zuschlag der Bauleistung Multifunktionelle<br \/>Begegnungsst\u00e4tte im Ortsteil Moosheim \u2013 Errichtung barrierefreie Bushaltestelle, einen<br \/>Grillplatz mit Pavillon sowie Park- und Verkehrsfl\u00e4chen \u2013 Pavillon und Sitzelemente an die<br \/>Firma \u2013 Baugesch\u00e4ft Braune, OT Weinsdorf, Hauptstra\u00dfe 12 a, 09661 Rossau, zu einem<br \/>Preis von 25.674,52 Euro brutto zu erteilen.<\/p><p><strong>Beschluss Nr. 13\/2020 <\/strong><br \/><strong>Vorlage Nr. 12\/2020<\/strong><\/p><p>Der Gemeinderat Rossau best\u00e4tigt in seiner \u00f6ffentlichen Sitzung am 18.05.2020 die Wahl<br \/>des Kameraden Steve Mucha zum Gemeindewehrleiter der Gemeinde Rossau und die Wahl<br \/>des Kameraden Ren\u00e9 Wei\u00dfenberg zu dessen Vertreter.<\/p><p><strong>Beschluss Nr. 14\/2020 <\/strong><br \/><strong>Vorlage Nr. 15\/2020<\/strong><\/p><p>Der Gemeinderat Rossau beschlie\u00dft die Zweckvereinbarung der Gemeinde Rossau und der<br \/>Gemeinde Kriebstein \u00fcber die Gestattung der Mitbenutzung der Grundschule<br \/>Gr\u00fcnlichtenberg f\u00fcr Sch\u00fcler aus den Ortsteilen Moosheim und Greifendorf der Gemeinde<br \/>Rossau sowie f\u00fcr die Schuljahre 2019\/2020 und 2020\/2021 des Ortsteils Oberrossau der<br \/>Gemeinde Rossau.<\/p><p><strong>Beschluss Nr. 15\/2020<\/strong><br \/><strong>Vorlage Nr. 16\/2020<\/strong><\/p><p>Der Gemeinderat Rossau beschlie\u00dft die Fortf\u00fchrung der Grundschule Seifersbach,<br \/>Rossauer Stra\u00dfe 4, 09661 Rossau, OT Seifersbach, in \u00f6ffentlicher Tr\u00e4gerschaft und erteilt<br \/>das Einvernehmen zum Schulnetzplan des Landkreises Mittelsachsen nach \u00a7 23a Absatz 4<br \/>S\u00e4chsSchulG.<br \/>Der Gemeinderat erkl\u00e4rt sein Einvernehmen nach \u00a7 4c Absatz 8 S\u00e4chsSchulG zur<br \/>Ausweisung der Zugeh\u00f6rigkeit zum Kooperationsverbund Mittweida-Rochlitz im<br \/>Schulnetzplan des Landkreises Mittelsachsen.<\/p><p><strong>Beschluss Nr. 16\/2020<\/strong><br \/><strong>Vorlage Nr. 17\/2020<\/strong><\/p><p>Der Gemeinderat Rossau beschlie\u00dft die Satzung \u00fcber die Festlegung des Schulbezirkes f\u00fcr die Grundschule Seifersbach der Gemeinde Rossau (Schulbezirkssatzung) vom 19.05.2020<\/p><p><strong>Beschluss Nr. 17\/2020<br \/>Vorlage Nr<\/strong><strong>. 18\/2020<\/strong><\/p><p>Der Gemeinderat beschlie\u00dft die Bestellung der Frau Ines Schwitalla aus Sch\u00f6nborn-Dreiwerden zur ehrenamtlich T\u00e4tigen gem\u00e4\u00df \u00a7 17 S\u00e4chsGemO.<\/p><p><strong>Beschluss Nr. 18\/2020<br \/><\/strong><strong>Vorlage Nr. 19\/202<\/strong><strong>0<\/strong><\/p><p>Der Gemeinderat beschlie\u00dft den Umbau des Dorfgemeinschaftshauses Alte Schule in Niederrossau mit F\u00f6rdermitteln durch den Klosterbezirk Altzella zu finanzieren.<br \/>Die Ma\u00dfnahme wird in den Haushaltsplan des Jahres 2021 aufgenommen.<\/p><p><strong>Beschluss Nr. 19\/2020 <\/strong><br \/><strong>Vorlage Nr. 20\/2020<br \/><\/strong><br \/>Der Gemeinderat Rossau best\u00e4tigt in seiner \u00f6ffentlichen Sitzung am 17.08.2020 die Wahl des Kameraden Marcel Grudda zum Ortswehrleiter der Ortsfeuerwehr Greifendorf, die Wahl des Kameraden Andr\u00e9 Kemter zu dessen Vertreter und die Wahl des Kameraden Frank Hofmann zum Mitglied des Gemeindefeuerwehrausschusses.<\/p><p><strong>Beschluss Nr. 20\/2020 <\/strong><br \/><strong>Vorlage Nr. 21\/2020<br \/><\/strong><br \/>Der Gemeinderat Rossau best\u00e4tigt in seiner \u00f6ffentlichen Sitzung am 17.08.2020 die Wahl des Kameraden Stefan Goldammer zum Ortswehrleiter der Ortsfeuerwehr Moosheim, die Wahl des Kameraden Martin Ranft zu dessen Vertreter und die Wahl des Kameraden Thomas Steiner zum Mitglied des Gemeindefeuerwehrausschusses.<\/p><p><strong>Beschluss Nr.21\/2020 <\/strong><br \/><strong>Vorlage Nr. 22\/2020<br \/><\/strong><br \/>Der Gemeinderat Rossau best\u00e4tigt in seiner \u00f6ffentlichen Sitzung am 17.08.2020 die Wahl des Kameraden Ronny Zimmer zum Ortswehrleiter der Ortsfeuerwehr Rossau, die Wahl des Kameraden Jens Stockmann zu dessen Vertreter und die Wahl der Kameraden Marcel Stockmann und Christian Ulbricht zu Mitgliedern des Gemeindefeuerwehrausschusses.<\/p><p><strong>Beschluss Nr. 22\/2020 <\/strong><br \/><strong>Vorlage Nr. 23\/2020<br \/><\/strong><br \/>Der Gemeinderat Rossau best\u00e4tigt in seiner \u00f6ffentlichen Sitzung am 17.08.2020 die Wahl des Kameraden Daniel Paschke zum Ortswehrleiter der Ortsfeuerwehr Sch\u00f6nborn &#8211; Dreiwerden &#8211; Seifersbach, die Wahl des Kameraden Ren\u00e9 Zimmer zu dessen Vertreter und die Wahl des Kameraden Christian Kuhn und Kamerad Sven Finsterbusch zu Mitgliedern des Gemeindefeuerwehrausschusses.<\/p><p><strong>Beschluss Nr. 23\/2020 <\/strong><br \/><strong>Vorlage Nr. 24\/2020<br \/><\/strong><br \/>Der Gemeinderat Rossau beschlie\u00dft, den Zuschlag der Bauleistung \u2013 Restaurierung Kriegerdenkmal des I. Weltkrieges \u2013 OT Greifendorf \u2013 an die Firma Steinmetzmeister Kampik, OT Pappendorf, Richard-Witzsch-Stra\u00dfe 10, 09661 Striegistal, zum Preis von 5.803,63 Euro brutto zu erteilen.<\/p><p><strong>Beschluss Nr.24\/2020 <\/strong><br \/><strong>Vorlage Nr. 25\/2020<br \/><\/strong><br \/>Der Gemeinderat Rossau beschlie\u00dft in seiner Sitzung am 17.08.2020 die neue Elternbeitragssatzung der Gemeinde Rossau.<\/p><p><strong>Beschluss Nr. 25\/2020 <\/strong><br \/><strong>Vorlage Nr. 26\/2020<br \/><\/strong><br \/>Der Gemeinderat Rossau best\u00e4tigt in seiner Sitzung am 17.08.2020 die Aktualisierung und Erweiterung des Kooperationsvertrag es \u201eDigitale Infrastruktur\u201c. Der urspr\u00fcngliche Vertrag vom 24.09.2019 wird damit ersetzt.<br \/><strong>\u200b<\/strong><br \/><strong>Beschluss Nr. 26\/2020 <\/strong><br \/><strong>Vorlage Nr. 27\/2020<br \/><\/strong><br \/>Der Gemeinderat Rossau beschlie\u00dft in seiner Sitzung am 17.08.2020 die neue Betreuungssatzung der Gemeinde Rossau.<\/p><p><strong>Beschluss Nr. 29\/2020<\/strong><br \/><strong>Vorlage Nr. 30\/2020<\/strong><\/p><p>Der Gemeinderat Rossau beschlie\u00dft die ge\u00e4nderte allgemeine Bewertungsrichtlinie und die Inventurrichtlinie der Gemeinde Rossau.<\/p><p><strong>Beschluss Nr. 30\/2020 <\/strong><br \/><strong>Vorlage Nr. 31\/2020<\/strong><\/p><p>Der Gemeinderat Rossau beschlie\u00dft die Gew\u00e4sserinstandsetzung Niederrossau, Hauptstra\u00dfe 96 \u2013 107 durch die Firma BS Hoch- und Tiefbau GmbH Gro\u00dfschirma.<\/p><p><strong>Beschluss Nr. 31\/2020<\/strong><br \/><strong>Vorlage Nr. 32\/2020<\/strong><\/p><p>Die Gemeinde Rossau best\u00e4tigt ihre Mitgliedschaft in der Region Klosterbezirk Altzella und im Verein \u201eRegionalentwicklung Klosterbezirk Altzella e.V.\u201c. Die Gebietskulisse beh\u00e4lt ihre G\u00fcltigkeit. Die Gemeinde Rossau beteiligt sich im Zeitraum ab 2021 an der Umsetzung, Fortschreibung und Weiterentwicklung der LEADER Entwicklungsstrategie.<\/p><p><strong>Beschluss Nr. 32\/2020<\/strong><br \/><strong>Vorlage Nr. 33\/2020<\/strong><\/p><p>Der Gemeinderat Rossau beschlie\u00dft die Nutzungsgeb\u00fchren (Miet- und Betriebskosten) der gemeindeeigenen R\u00e4ume f\u00fcr Vereine und Fremdnutzer entsprechend der Kostenaufstellung vom 15.06.2020.<br \/><br \/><\/p><div data-canvas-width=\"94.63487999999998\"><strong>Beschluss Nr. 36\/2020<\/strong><\/div><div data-canvas-width=\"78.28095999999998\"><strong>Vorlage Nr. 37\/2020<\/strong><br \/><br \/><\/div><div data-canvas-width=\"166.21823999999998\">Der Gemeinderat Rossau best\u00e4tigt in seiner \u00f6ffentlichen Sitzung am 14.12.2020 die Vergabe f\u00fcr das Los 1, Titel 1: Fahrgestell und das Los 1, Titel 2: feuerwehrtechnischer Aufbau und erteilt den Auftrag an die Firma Josef Lentner GmbH, Hohenlinden, mit einer Vergabesumme in H\u00f6he<\/div><div data-canvas-width=\"117.392\">von 354.998,42 \u20ac.<br \/><br \/><\/div><div data-canvas-width=\"168.64703999999998\">Los 1, Titel 1: Fahrgestell 102.551,82 \u20ac<\/div><div data-canvas-width=\"198.9408\">Los 1, Titel 2: Fahrzeugaufbau 252.446,60 \u20ac<\/div><div data-canvas-width=\"90.48383999999999\"><br \/><strong>Beschluss Nr. 37\/2020<\/strong><\/div><div><strong>Vorlage Nr. 38\/2020<\/strong><br \/><br \/><\/div><div data-canvas-width=\"606.4492799999997\">Der Gemeinderat Rossau best\u00e4tigt in seiner \u00f6ffentlichen Sitzung am 14.12.2020 die Vergabe f\u00fcr das Los 2: feuerwehrtechnische Beladung und erteilt den Auftrag an die Firma Brandschutztechnik Leipzig GmbH mit einer Vergabesumme in H\u00f6he von 61.932,36 \u20ac<\/div><p>\u00a0<\/p>\t\t\t\t\t<\/div>\n\t\t\t\t\t\t<\/div>\n\t\t\t\t<\/div>\n\t\t\t\t\t\t<\/div>\n\t\t\t\t\t<\/div>\n\t\t<\/div>\n\t\t\t\t\t\t\t\t<\/div>\n\t\t\t\t\t<\/div>\n\t\t<\/section>\n\t\t\t\t\t\t\t\t\t<\/div>\n\t\t\t<\/div>\n\t\t\t\t\t<\/div>\n\t\t","protected":false},"excerpt":{"rendered":"<p>Beschluss Nr. 01\/2020 Vorlage Nr. 01\/2020 Der Gemeinderat Rossau beschlie\u00dft, den Zuschlag der Bauleistung \u2013 Komplettsanierung einer Wohnung \u2013 Hauptstra\u00dfe 145 \u2013 2. OG links \u2013 Ausbauleistungen \u2013 Rossau, OT Niederrossau, an die Firma Baugesch\u00e4ft Braune, OT Weinsdorf, Hauptstra\u00dfe 12 a, 09661 Rossau, zum Preis von 18.526,63 Euro brutto, zu erteilen. Beschluss Nr. 02\/2020 Vorlage [&hellip;]<\/p>\n","protected":false},"author":1,"featured_media":1105,"parent":0,"menu_order":0,"comment_status":"closed","ping_status":"closed","template":"","meta":{"_expiration-date-status":"","_expiration-date":0,"_expiration-date-type":"","_expiration-date-categories":[],"_expiration-date-options":[],"_links_to":"","_links_to_target":""},"acf":[],"yoast_head":"<!-- This site is optimized with the Yoast SEO plugin v19.13 - https:\/\/yoast.com\/wordpress\/plugins\/seo\/ -->\n<title>Beschl\u00fcsse 2020 | Gemeindeverwaltung Rossau<\/title>\n<meta name=\"robots\" content=\"index, follow, max-snippet:-1, max-image-preview:large, max-video-preview:-1\" \/>\n<link rel=\"canonical\" href=\"https:\/\/www.gemeinde-rossau.de\/index.php\/beschluesse-2020\/\" \/>\n<meta property=\"og:locale\" content=\"de_DE\" \/>\n<meta property=\"og:type\" content=\"article\" \/>\n<meta property=\"og:title\" content=\"Beschl\u00fcsse 2020 | Gemeindeverwaltung Rossau\" \/>\n<meta property=\"og:description\" content=\"Beschluss Nr. 01\/2020 Vorlage Nr. 01\/2020 Der Gemeinderat Rossau beschlie\u00dft, den Zuschlag der Bauleistung \u2013 Komplettsanierung einer Wohnung \u2013 Hauptstra\u00dfe 145 \u2013 2. OG links \u2013 Ausbauleistungen \u2013 Rossau, OT Niederrossau, an die Firma Baugesch\u00e4ft Braune, OT Weinsdorf, Hauptstra\u00dfe 12 a, 09661 Rossau, zum Preis von 18.526,63 Euro brutto, zu erteilen. Beschluss Nr. 02\/2020 Vorlage [&hellip;]\" \/>\n<meta property=\"og:url\" content=\"https:\/\/www.gemeinde-rossau.de\/index.php\/beschluesse-2020\/\" \/>\n<meta property=\"og:site_name\" content=\"Gemeindeverwaltung Rossau\" \/>\n<meta property=\"article:modified_time\" content=\"2022-02-01T11:55:57+00:00\" \/>\n<meta name=\"twitter:card\" content=\"summary_large_image\" \/>\n<meta name=\"twitter:label1\" content=\"Gesch\u00e4tzte Lesezeit\" \/>\n\t<meta name=\"twitter:data1\" content=\"7\u00a0Minuten\" \/>\n<script type=\"application\/ld+json\" class=\"yoast-schema-graph\">{\"@context\":\"https:\/\/schema.org\",\"@graph\":[{\"@type\":\"WebPage\",\"@id\":\"https:\/\/www.gemeinde-rossau.de\/index.php\/beschluesse-2020\/\",\"url\":\"https:\/\/www.gemeinde-rossau.de\/index.php\/beschluesse-2020\/\",\"name\":\"Beschl\u00fcsse 2020 | Gemeindeverwaltung Rossau\",\"isPartOf\":{\"@id\":\"https:\/\/www.gemeinde-rossau.de\/#website\"},\"datePublished\":\"2020-01-21T17:25:18+00:00\",\"dateModified\":\"2022-02-01T11:55:57+00:00\",\"breadcrumb\":{\"@id\":\"https:\/\/www.gemeinde-rossau.de\/index.php\/beschluesse-2020\/#breadcrumb\"},\"inLanguage\":\"de\",\"potentialAction\":[{\"@type\":\"ReadAction\",\"target\":[\"https:\/\/www.gemeinde-rossau.de\/index.php\/beschluesse-2020\/\"]}]},{\"@type\":\"BreadcrumbList\",\"@id\":\"https:\/\/www.gemeinde-rossau.de\/index.php\/beschluesse-2020\/#breadcrumb\",\"itemListElement\":[{\"@type\":\"ListItem\",\"position\":1,\"name\":\"Home\",\"item\":\"https:\/\/www.gemeinde-rossau.de\/\"},{\"@type\":\"ListItem\",\"position\":2,\"name\":\"Beschl\u00fcsse 2020\"}]},{\"@type\":\"WebSite\",\"@id\":\"https:\/\/www.gemeinde-rossau.de\/#website\",\"url\":\"https:\/\/www.gemeinde-rossau.de\/\",\"name\":\"Gemeindeverwaltung Rossau\",\"description\":\"Gemeindeverwaltung Rossau\",\"publisher\":{\"@id\":\"https:\/\/www.gemeinde-rossau.de\/#organization\"},\"potentialAction\":[{\"@type\":\"SearchAction\",\"target\":{\"@type\":\"EntryPoint\",\"urlTemplate\":\"https:\/\/www.gemeinde-rossau.de\/?s={search_term_string}\"},\"query-input\":\"required name=search_term_string\"}],\"inLanguage\":\"de\"},{\"@type\":\"Organization\",\"@id\":\"https:\/\/www.gemeinde-rossau.de\/#organization\",\"name\":\"Gemeindeverwaltung Rossau\",\"url\":\"https:\/\/www.gemeinde-rossau.de\/\",\"logo\":{\"@type\":\"ImageObject\",\"inLanguage\":\"de\",\"@id\":\"https:\/\/www.gemeinde-rossau.de\/#\/schema\/logo\/image\/\",\"url\":\"https:\/\/www.gemeinde-rossau.de\/wp-content\/uploads\/2019\/06\/Rossau_Navigation-e1574972262765.png\",\"contentUrl\":\"https:\/\/www.gemeinde-rossau.de\/wp-content\/uploads\/2019\/06\/Rossau_Navigation-e1574972262765.png\",\"width\":76,\"height\":100,\"caption\":\"Gemeindeverwaltung Rossau\"},\"image\":{\"@id\":\"https:\/\/www.gemeinde-rossau.de\/#\/schema\/logo\/image\/\"}}]}<\/script>\n<!-- \/ Yoast SEO plugin. -->","yoast_head_json":{"title":"Beschl\u00fcsse 2020 | Gemeindeverwaltung Rossau","robots":{"index":"index","follow":"follow","max-snippet":"max-snippet:-1","max-image-preview":"max-image-preview:large","max-video-preview":"max-video-preview:-1"},"canonical":"https:\/\/www.gemeinde-rossau.de\/index.php\/beschluesse-2020\/","og_locale":"de_DE","og_type":"article","og_title":"Beschl\u00fcsse 2020 | Gemeindeverwaltung Rossau","og_description":"Beschluss Nr. 01\/2020 Vorlage Nr. 01\/2020 Der Gemeinderat Rossau beschlie\u00dft, den Zuschlag der Bauleistung \u2013 Komplettsanierung einer Wohnung \u2013 Hauptstra\u00dfe 145 \u2013 2. OG links \u2013 Ausbauleistungen \u2013 Rossau, OT Niederrossau, an die Firma Baugesch\u00e4ft Braune, OT Weinsdorf, Hauptstra\u00dfe 12 a, 09661 Rossau, zum Preis von 18.526,63 Euro brutto, zu erteilen. Beschluss Nr. 02\/2020 Vorlage [&hellip;]","og_url":"https:\/\/www.gemeinde-rossau.de\/index.php\/beschluesse-2020\/","og_site_name":"Gemeindeverwaltung Rossau","article_modified_time":"2022-02-01T11:55:57+00:00","twitter_card":"summary_large_image","twitter_misc":{"Gesch\u00e4tzte Lesezeit":"7\u00a0Minuten"},"schema":{"@context":"https:\/\/schema.org","@graph":[{"@type":"WebPage","@id":"https:\/\/www.gemeinde-rossau.de\/index.php\/beschluesse-2020\/","url":"https:\/\/www.gemeinde-rossau.de\/index.php\/beschluesse-2020\/","name":"Beschl\u00fcsse 2020 | Gemeindeverwaltung Rossau","isPartOf":{"@id":"https:\/\/www.gemeinde-rossau.de\/#website"},"datePublished":"2020-01-21T17:25:18+00:00","dateModified":"2022-02-01T11:55:57+00:00","breadcrumb":{"@id":"https:\/\/www.gemeinde-rossau.de\/index.php\/beschluesse-2020\/#breadcrumb"},"inLanguage":"de","potentialAction":[{"@type":"ReadAction","target":["https:\/\/www.gemeinde-rossau.de\/index.php\/beschluesse-2020\/"]}]},{"@type":"BreadcrumbList","@id":"https:\/\/www.gemeinde-rossau.de\/index.php\/beschluesse-2020\/#breadcrumb","itemListElement":[{"@type":"ListItem","position":1,"name":"Home","item":"https:\/\/www.gemeinde-rossau.de\/"},{"@type":"ListItem","position":2,"name":"Beschl\u00fcsse 2020"}]},{"@type":"WebSite","@id":"https:\/\/www.gemeinde-rossau.de\/#website","url":"https:\/\/www.gemeinde-rossau.de\/","name":"Gemeindeverwaltung Rossau","description":"Gemeindeverwaltung Rossau","publisher":{"@id":"https:\/\/www.gemeinde-rossau.de\/#organization"},"potentialAction":[{"@type":"SearchAction","target":{"@type":"EntryPoint","urlTemplate":"https:\/\/www.gemeinde-rossau.de\/?s={search_term_string}"},"query-input":"required name=search_term_string"}],"inLanguage":"de"},{"@type":"Organization","@id":"https:\/\/www.gemeinde-rossau.de\/#organization","name":"Gemeindeverwaltung Rossau","url":"https:\/\/www.gemeinde-rossau.de\/","logo":{"@type":"ImageObject","inLanguage":"de","@id":"https:\/\/www.gemeinde-rossau.de\/#\/schema\/logo\/image\/","url":"https:\/\/www.gemeinde-rossau.de\/wp-content\/uploads\/2019\/06\/Rossau_Navigation-e1574972262765.png","contentUrl":"https:\/\/www.gemeinde-rossau.de\/wp-content\/uploads\/2019\/06\/Rossau_Navigation-e1574972262765.png","width":76,"height":100,"caption":"Gemeindeverwaltung Rossau"},"image":{"@id":"https:\/\/www.gemeinde-rossau.de\/#\/schema\/logo\/image\/"}}]}},"_links":{"self":[{"href":"https:\/\/www.gemeinde-rossau.de\/index.php\/wp-json\/wp\/v2\/pages\/2441"}],"collection":[{"href":"https:\/\/www.gemeinde-rossau.de\/index.php\/wp-json\/wp\/v2\/pages"}],"about":[{"href":"https:\/\/www.gemeinde-rossau.de\/index.php\/wp-json\/wp\/v2\/types\/page"}],"author":[{"embeddable":true,"href":"https:\/\/www.gemeinde-rossau.de\/index.php\/wp-json\/wp\/v2\/users\/1"}],"replies":[{"embeddable":true,"href":"https:\/\/www.gemeinde-rossau.de\/index.php\/wp-json\/wp\/v2\/comments?post=2441"}],"version-history":[{"count":22,"href":"https:\/\/www.gemeinde-rossau.de\/index.php\/wp-json\/wp\/v2\/pages\/2441\/revisions"}],"predecessor-version":[{"id":4729,"href":"https:\/\/www.gemeinde-rossau.de\/index.php\/wp-json\/wp\/v2\/pages\/2441\/revisions\/4729"}],"wp:featuredmedia":[{"embeddable":true,"href":"https:\/\/www.gemeinde-rossau.de\/index.php\/wp-json\/wp\/v2\/media\/1105"}],"wp:attachment":[{"href":"https:\/\/www.gemeinde-rossau.de\/index.php\/wp-json\/wp\/v2\/media?parent=2441"}],"curies":[{"name":"wp","href":"https:\/\/api.w.org\/{rel}","templated":true}]}}