{"id":2033,"date":"2019-09-14T21:35:28","date_gmt":"2019-09-14T20:35:28","guid":{"rendered":"https:\/\/www.gemeinde-rossau.de\/?page_id=2033"},"modified":"2025-09-16T10:53:07","modified_gmt":"2025-09-16T09:53:07","slug":"seifersbach","status":"publish","type":"page","link":"https:\/\/www.gemeinde-rossau.de\/index.php\/galerie-2\/seifersbach\/","title":{"rendered":"Seifersbach"},"content":{"rendered":"\t\t<div data-elementor-type=\"wp-page\" data-elementor-id=\"2033\" class=\"elementor elementor-2033\">\n\t\t\t\t\t\t<div class=\"elementor-inner\">\n\t\t\t\t<div class=\"elementor-section-wrap\">\n\t\t\t\t\t\t\t\t\t<section class=\"elementor-section elementor-top-section elementor-element elementor-element-ffa5b31 elementor-section-boxed elementor-section-height-default elementor-section-height-default\" data-id=\"ffa5b31\" data-element_type=\"section\">\n\t\t\t\t\t\t<div class=\"elementor-container elementor-column-gap-default\">\n\t\t\t\t\t\t\t<div class=\"elementor-row\">\n\t\t\t\t\t<div class=\"elementor-column elementor-col-100 elementor-top-column elementor-element elementor-element-1493886\" data-id=\"1493886\" data-element_type=\"column\">\n\t\t\t<div class=\"elementor-column-wrap elementor-element-populated\">\n\t\t\t\t\t\t\t<div class=\"elementor-widget-wrap\">\n\t\t\t\t\t\t<div class=\"elementor-element elementor-element-9d38a85 elementor-widget elementor-widget-image-gallery\" data-id=\"9d38a85\" data-element_type=\"widget\" data-widget_type=\"image-gallery.default\">\n\t\t\t\t<div class=\"elementor-widget-container\">\n\t\t\t\t\t<div class=\"elementor-image-gallery\">\n\t\t\t<div id='gallery-1' class='gallery galleryid-2033 gallery-columns-3 gallery-size-thumbnail'><figure class='gallery-item'>\n\t\t\t<div class='gallery-icon landscape'>\n\t\t\t\t<a data-elementor-open-lightbox=\"yes\" data-elementor-lightbox-slideshow=\"9d38a85\" data-elementor-lightbox-title=\"Blick zur Kirche und DRK- Kindertagesst\u00e4tte M\u00e4rchenland\" data-elementor-lightbox-description=\"Blick zur Kirche und DRK- Kindertagesst\u00e4tte M\u00e4rchenland\" e-action-hash=\"#elementor-action%3Aaction%3Dlightbox%26settings%3DeyJpZCI6MjAzNSwidXJsIjoiaHR0cHM6XC9cL3d3dy5nZW1laW5kZS1yb3NzYXUuZGVcL3dwLWNvbnRlbnRcL3VwbG9hZHNcLzIwMTlcLzA5XC9CbGljay16dXItS2lyY2hlLXVuZC1EUkstS2luZGVydGFnZXNzdFx1MDBlNHR0ZS1NXHUwMGU0cmNoZW5sYW5kLmpwZyIsInNsaWRlc2hvdyI6IjlkMzhhODUifQ%3D%3D\" href='https:\/\/www.gemeinde-rossau.de\/wp-content\/uploads\/2019\/09\/Blick-zur-Kirche-und-DRK-Kindertagesst\u00e4tte-M\u00e4rchenland.jpg'><img width=\"150\" height=\"150\" src=\"https:\/\/www.gemeinde-rossau.de\/wp-content\/uploads\/2019\/09\/Blick-zur-Kirche-und-DRK-Kindertagesst\u00e4tte-M\u00e4rchenland-150x150.jpg\" class=\"attachment-thumbnail size-thumbnail\" alt=\"Blick zur Kirche und DRK- Kindertagesst\u00e4tte M\u00e4rchenland\" decoding=\"async\" loading=\"lazy\" aria-describedby=\"gallery-1-2035\" srcset=\"https:\/\/www.gemeinde-rossau.de\/wp-content\/uploads\/2019\/09\/Blick-zur-Kirche-und-DRK-Kindertagesst\u00e4tte-M\u00e4rchenland-150x150.jpg 150w, https:\/\/www.gemeinde-rossau.de\/wp-content\/uploads\/2019\/09\/Blick-zur-Kirche-und-DRK-Kindertagesst\u00e4tte-M\u00e4rchenland-300x300.jpg 300w\" sizes=\"(max-width: 150px) 100vw, 150px\" \/><\/a>\n\t\t\t<\/div>\n\t\t\t\t<figcaption class='wp-caption-text gallery-caption' id='gallery-1-2035'>\n\t\t\t\tBlick zur Kirche und DRK- Kindertagesst\u00e4tte M\u00e4rchenland\n\t\t\t\t<\/figcaption><\/figure><figure class='gallery-item'>\n\t\t\t<div class='gallery-icon landscape'>\n\t\t\t\t<a data-elementor-open-lightbox=\"yes\" data-elementor-lightbox-slideshow=\"9d38a85\" data-elementor-lightbox-title=\"Wohnh\u00e4user Am Sonnenhof\" data-elementor-lightbox-description=\"Wohnh\u00e4user Am Sonnenhof\" e-action-hash=\"#elementor-action%3Aaction%3Dlightbox%26settings%3DeyJpZCI6MjA0MywidXJsIjoiaHR0cHM6XC9cL3d3dy5nZW1laW5kZS1yb3NzYXUuZGVcL3dwLWNvbnRlbnRcL3VwbG9hZHNcLzIwMTlcLzA5XC9Xb2huaFx1MDBlNHVzZXItQW0tU29ubmVuaG9mLmpwZyIsInNsaWRlc2hvdyI6IjlkMzhhODUifQ%3D%3D\" href='https:\/\/www.gemeinde-rossau.de\/wp-content\/uploads\/2019\/09\/Wohnh\u00e4user-Am-Sonnenhof.jpg'><img width=\"150\" height=\"150\" src=\"https:\/\/www.gemeinde-rossau.de\/wp-content\/uploads\/2019\/09\/Wohnh\u00e4user-Am-Sonnenhof-150x150.jpg\" class=\"attachment-thumbnail size-thumbnail\" alt=\"Wohnh\u00e4user Am Sonnenhof\" decoding=\"async\" loading=\"lazy\" aria-describedby=\"gallery-1-2043\" srcset=\"https:\/\/www.gemeinde-rossau.de\/wp-content\/uploads\/2019\/09\/Wohnh\u00e4user-Am-Sonnenhof-150x150.jpg 150w, https:\/\/www.gemeinde-rossau.de\/wp-content\/uploads\/2019\/09\/Wohnh\u00e4user-Am-Sonnenhof-300x300.jpg 300w\" sizes=\"(max-width: 150px) 100vw, 150px\" \/><\/a>\n\t\t\t<\/div>\n\t\t\t\t<figcaption class='wp-caption-text gallery-caption' id='gallery-1-2043'>\n\t\t\t\tWohnh\u00e4user Am Sonnenhof\n\t\t\t\t<\/figcaption><\/figure><figure class='gallery-item'>\n\t\t\t<div class='gallery-icon landscape'>\n\t\t\t\t<a data-elementor-open-lightbox=\"yes\" data-elementor-lightbox-slideshow=\"9d38a85\" data-elementor-lightbox-title=\"Wohnsiedlung Nordstra\u00dfe\" data-elementor-lightbox-description=\"Wohnsiedlung Nordstra\u00dfe\" e-action-hash=\"#elementor-action%3Aaction%3Dlightbox%26settings%3DeyJpZCI6MjA0NCwidXJsIjoiaHR0cHM6XC9cL3d3dy5nZW1laW5kZS1yb3NzYXUuZGVcL3dwLWNvbnRlbnRcL3VwbG9hZHNcLzIwMTlcLzA5XC9Xb2huc2llZGx1bmctTm9yZHN0cmFcdTAwZGZlLmpwZyIsInNsaWRlc2hvdyI6IjlkMzhhODUifQ%3D%3D\" href='https:\/\/www.gemeinde-rossau.de\/wp-content\/uploads\/2019\/09\/Wohnsiedlung-Nordstra\u00dfe.jpg'><img width=\"150\" height=\"150\" src=\"https:\/\/www.gemeinde-rossau.de\/wp-content\/uploads\/2019\/09\/Wohnsiedlung-Nordstra\u00dfe-150x150.jpg\" class=\"attachment-thumbnail size-thumbnail\" alt=\"Wohnsiedlung Nordstra\u00dfe\" decoding=\"async\" loading=\"lazy\" aria-describedby=\"gallery-1-2044\" srcset=\"https:\/\/www.gemeinde-rossau.de\/wp-content\/uploads\/2019\/09\/Wohnsiedlung-Nordstra\u00dfe-150x150.jpg 150w, https:\/\/www.gemeinde-rossau.de\/wp-content\/uploads\/2019\/09\/Wohnsiedlung-Nordstra\u00dfe-300x300.jpg 300w\" sizes=\"(max-width: 150px) 100vw, 150px\" \/><\/a>\n\t\t\t<\/div>\n\t\t\t\t<figcaption class='wp-caption-text gallery-caption' id='gallery-1-2044'>\n\t\t\t\tWohnsiedlung Nordstra\u00dfe\n\t\t\t\t<\/figcaption><\/figure><figure class='gallery-item'>\n\t\t\t<div class='gallery-icon landscape'>\n\t\t\t\t<a data-elementor-open-lightbox=\"yes\" data-elementor-lightbox-slideshow=\"9d38a85\" data-elementor-lightbox-title=\"Titelbild Seifersbach\" data-elementor-lightbox-description=\"Wohnsiedlung Nordstra\u00dfe\" e-action-hash=\"#elementor-action%3Aaction%3Dlightbox%26settings%3DeyJpZCI6NDM1NTMsInVybCI6Imh0dHBzOlwvXC93d3cuZ2VtZWluZGUtcm9zc2F1LmRlXC93cC1jb250ZW50XC91cGxvYWRzXC8yMDI1XC8wOVwvVGl0ZWxiaWxkLVNlaWZlcnNiYWNoLmpwZyIsInNsaWRlc2hvdyI6IjlkMzhhODUifQ%3D%3D\" href='https:\/\/www.gemeinde-rossau.de\/wp-content\/uploads\/2025\/09\/Titelbild-Seifersbach.jpg'><img width=\"150\" height=\"150\" src=\"https:\/\/www.gemeinde-rossau.de\/wp-content\/uploads\/2025\/09\/Titelbild-Seifersbach-150x150.jpg\" class=\"attachment-thumbnail size-thumbnail\" alt=\"\" decoding=\"async\" loading=\"lazy\" aria-describedby=\"gallery-1-43553\" \/><\/a>\n\t\t\t<\/div>\n\t\t\t\t<figcaption class='wp-caption-text gallery-caption' id='gallery-1-43553'>\n\t\t\t\tBlick zur Kirche\n\t\t\t\t<\/figcaption><\/figure><figure class='gallery-item'>\n\t\t\t<div class='gallery-icon portrait'>\n\t\t\t\t<a data-elementor-open-lightbox=\"yes\" data-elementor-lightbox-slideshow=\"9d38a85\" data-elementor-lightbox-title=\"DSC_6102\" data-elementor-lightbox-description=\"Wohnsiedlung Nordstra\u00dfe\" e-action-hash=\"#elementor-action%3Aaction%3Dlightbox%26settings%3DeyJpZCI6NDM1NTQsInVybCI6Imh0dHBzOlwvXC93d3cuZ2VtZWluZGUtcm9zc2F1LmRlXC93cC1jb250ZW50XC91cGxvYWRzXC8yMDI1XC8wOVwvRFNDXzYxMDItc2NhbGVkLmpwZyIsInNsaWRlc2hvdyI6IjlkMzhhODUifQ%3D%3D\" href='https:\/\/www.gemeinde-rossau.de\/wp-content\/uploads\/2025\/09\/DSC_6102-scaled.jpg'><img width=\"150\" height=\"150\" src=\"https:\/\/www.gemeinde-rossau.de\/wp-content\/uploads\/2025\/09\/DSC_6102-150x150.jpg\" class=\"attachment-thumbnail size-thumbnail\" alt=\"\" decoding=\"async\" loading=\"lazy\" aria-describedby=\"gallery-1-43554\" \/><\/a>\n\t\t\t<\/div>\n\t\t\t\t<figcaption class='wp-caption-text gallery-caption' id='gallery-1-43554'>\n\t\t\t\tDRK-Kindergarten M\u00e4rchenland\n\t\t\t\t<\/figcaption><\/figure><figure class='gallery-item'>\n\t\t\t<div class='gallery-icon landscape'>\n\t\t\t\t<a data-elementor-open-lightbox=\"yes\" data-elementor-lightbox-slideshow=\"9d38a85\" data-elementor-lightbox-title=\"P1080666\" data-elementor-lightbox-description=\"Wohnsiedlung Nordstra\u00dfe\" e-action-hash=\"#elementor-action%3Aaction%3Dlightbox%26settings%3DeyJpZCI6NDM1NTcsInVybCI6Imh0dHBzOlwvXC93d3cuZ2VtZWluZGUtcm9zc2F1LmRlXC93cC1jb250ZW50XC91cGxvYWRzXC8yMDI1XC8wOVwvUDEwODA2NjYtc2NhbGVkLmpwZyIsInNsaWRlc2hvdyI6IjlkMzhhODUifQ%3D%3D\" href='https:\/\/www.gemeinde-rossau.de\/wp-content\/uploads\/2025\/09\/P1080666-scaled.jpg'><img width=\"150\" height=\"150\" src=\"https:\/\/www.gemeinde-rossau.de\/wp-content\/uploads\/2025\/09\/P1080666-150x150.jpg\" class=\"attachment-thumbnail size-thumbnail\" alt=\"\" decoding=\"async\" loading=\"lazy\" aria-describedby=\"gallery-1-43557\" \/><\/a>\n\t\t\t<\/div>\n\t\t\t\t<figcaption class='wp-caption-text gallery-caption' id='gallery-1-43557'>\n\t\t\t\tGrundschule\n\t\t\t\t<\/figcaption><\/figure><figure class='gallery-item'>\n\t\t\t<div class='gallery-icon landscape'>\n\t\t\t\t<a data-elementor-open-lightbox=\"yes\" data-elementor-lightbox-slideshow=\"9d38a85\" data-elementor-lightbox-title=\"DSC_7018\" data-elementor-lightbox-description=\"Wohnsiedlung Nordstra\u00dfe\" e-action-hash=\"#elementor-action%3Aaction%3Dlightbox%26settings%3DeyJpZCI6NDM1NTgsInVybCI6Imh0dHBzOlwvXC93d3cuZ2VtZWluZGUtcm9zc2F1LmRlXC93cC1jb250ZW50XC91cGxvYWRzXC8yMDI1XC8wOVwvRFNDXzcwMTgtc2NhbGVkLmpwZyIsInNsaWRlc2hvdyI6IjlkMzhhODUifQ%3D%3D\" href='https:\/\/www.gemeinde-rossau.de\/wp-content\/uploads\/2025\/09\/DSC_7018-scaled.jpg'><img width=\"150\" height=\"150\" src=\"https:\/\/www.gemeinde-rossau.de\/wp-content\/uploads\/2025\/09\/DSC_7018-150x150.jpg\" class=\"attachment-thumbnail size-thumbnail\" alt=\"\" decoding=\"async\" loading=\"lazy\" aria-describedby=\"gallery-1-43558\" \/><\/a>\n\t\t\t<\/div>\n\t\t\t\t<figcaption class='wp-caption-text gallery-caption' id='gallery-1-43558'>\n\t\t\t\tGrundschule v. oben\n\t\t\t\t<\/figcaption><\/figure><figure class='gallery-item'>\n\t\t\t<div class='gallery-icon landscape'>\n\t\t\t\t<a data-elementor-open-lightbox=\"yes\" data-elementor-lightbox-slideshow=\"9d38a85\" data-elementor-lightbox-title=\"IMG_3624\" data-elementor-lightbox-description=\"Wohnsiedlung Nordstra\u00dfe\" e-action-hash=\"#elementor-action%3Aaction%3Dlightbox%26settings%3DeyJpZCI6NDM1NTksInVybCI6Imh0dHBzOlwvXC93d3cuZ2VtZWluZGUtcm9zc2F1LmRlXC93cC1jb250ZW50XC91cGxvYWRzXC8yMDI1XC8wOVwvSU1HXzM2MjQtc2NhbGVkLmpwZyIsInNsaWRlc2hvdyI6IjlkMzhhODUifQ%3D%3D\" href='https:\/\/www.gemeinde-rossau.de\/wp-content\/uploads\/2025\/09\/IMG_3624-scaled.jpg'><img width=\"150\" height=\"150\" src=\"https:\/\/www.gemeinde-rossau.de\/wp-content\/uploads\/2025\/09\/IMG_3624-150x150.jpg\" class=\"attachment-thumbnail size-thumbnail\" alt=\"\" decoding=\"async\" loading=\"lazy\" aria-describedby=\"gallery-1-43559\" \/><\/a>\n\t\t\t<\/div>\n\t\t\t\t<figcaption class='wp-caption-text gallery-caption' id='gallery-1-43559'>\n\t\t\t\tehem. Rathaus\n\t\t\t\t<\/figcaption><\/figure><figure class='gallery-item'>\n\t\t\t<div class='gallery-icon landscape'>\n\t\t\t\t<a data-elementor-open-lightbox=\"yes\" data-elementor-lightbox-slideshow=\"9d38a85\" data-elementor-lightbox-title=\"IMG_3687\" data-elementor-lightbox-description=\"Wohnsiedlung Nordstra\u00dfe\" e-action-hash=\"#elementor-action%3Aaction%3Dlightbox%26settings%3DeyJpZCI6NDM1NjAsInVybCI6Imh0dHBzOlwvXC93d3cuZ2VtZWluZGUtcm9zc2F1LmRlXC93cC1jb250ZW50XC91cGxvYWRzXC8yMDI1XC8wOVwvSU1HXzM2ODctc2NhbGVkLmpwZyIsInNsaWRlc2hvdyI6IjlkMzhhODUifQ%3D%3D\" href='https:\/\/www.gemeinde-rossau.de\/wp-content\/uploads\/2025\/09\/IMG_3687-scaled.jpg'><img width=\"150\" height=\"150\" src=\"https:\/\/www.gemeinde-rossau.de\/wp-content\/uploads\/2025\/09\/IMG_3687-150x150.jpg\" class=\"attachment-thumbnail size-thumbnail\" alt=\"\" decoding=\"async\" loading=\"lazy\" aria-describedby=\"gallery-1-43560\" \/><\/a>\n\t\t\t<\/div>\n\t\t\t\t<figcaption class='wp-caption-text gallery-caption' id='gallery-1-43560'>\n\t\t\t\tSaal vom ehem. Rathaus\n\t\t\t\t<\/figcaption><\/figure><figure class='gallery-item'>\n\t\t\t<div class='gallery-icon landscape'>\n\t\t\t\t<a data-elementor-open-lightbox=\"yes\" data-elementor-lightbox-slideshow=\"9d38a85\" data-elementor-lightbox-title=\"IMG_3688\" data-elementor-lightbox-description=\"Wohnsiedlung Nordstra\u00dfe\" e-action-hash=\"#elementor-action%3Aaction%3Dlightbox%26settings%3DeyJpZCI6NDM1NjEsInVybCI6Imh0dHBzOlwvXC93d3cuZ2VtZWluZGUtcm9zc2F1LmRlXC93cC1jb250ZW50XC91cGxvYWRzXC8yMDI1XC8wOVwvSU1HXzM2ODgtc2NhbGVkLmpwZyIsInNsaWRlc2hvdyI6IjlkMzhhODUifQ%3D%3D\" href='https:\/\/www.gemeinde-rossau.de\/wp-content\/uploads\/2025\/09\/IMG_3688-scaled.jpg'><img width=\"150\" height=\"150\" src=\"https:\/\/www.gemeinde-rossau.de\/wp-content\/uploads\/2025\/09\/IMG_3688-150x150.jpg\" class=\"attachment-thumbnail size-thumbnail\" alt=\"\" decoding=\"async\" loading=\"lazy\" aria-describedby=\"gallery-1-43561\" \/><\/a>\n\t\t\t<\/div>\n\t\t\t\t<figcaption class='wp-caption-text gallery-caption' id='gallery-1-43561'>\n\t\t\t\tSaal vom ehem. Rathaus\n\t\t\t\t<\/figcaption><\/figure>\n\t\t<\/div>\n\t\t<\/div>\n\t\t\t\t<\/div>\n\t\t\t\t<\/div>\n\t\t\t\t\t\t<\/div>\n\t\t\t\t\t<\/div>\n\t\t<\/div>\n\t\t\t\t\t\t\t\t<\/div>\n\t\t\t\t\t<\/div>\n\t\t<\/section>\n\t\t\t\t\t\t\t\t\t<\/div>\n\t\t\t<\/div>\n\t\t\t\t\t<\/div>\n\t\t","protected":false},"excerpt":{"rendered":"<p>Blick zur Kirche und DRK- Kindertagesst\u00e4tte M\u00e4rchenland Wohnh\u00e4user Am Sonnenhof Wohnsiedlung Nordstra\u00dfe Blick zur Kirche DRK-Kindergarten M\u00e4rchenland Grundschule Grundschule v. oben ehem. Rathaus Saal vom ehem. Rathaus Saal vom ehem. Rathaus<\/p>\n","protected":false},"author":1,"featured_media":0,"parent":377,"menu_order":5,"comment_status":"closed","ping_status":"closed","template":"","meta":{"_expiration-date-status":"","_expiration-date":1758617582,"_expiration-date-type":"draft","_expiration-date-categories":[],"_expiration-date-options":[],"_links_to":"","_links_to_target":""},"acf":[],"yoast_head":"<!-- This site is optimized with the Yoast SEO plugin v19.13 - https:\/\/yoast.com\/wordpress\/plugins\/seo\/ -->\n<title>Seifersbach | Gemeindeverwaltung Rossau<\/title>\n<meta name=\"robots\" content=\"index, follow, max-snippet:-1, max-image-preview:large, max-video-preview:-1\" \/>\n<link rel=\"canonical\" href=\"https:\/\/www.gemeinde-rossau.de\/index.php\/galerie-2\/seifersbach\/\" \/>\n<meta property=\"og:locale\" content=\"de_DE\" \/>\n<meta property=\"og:type\" content=\"article\" \/>\n<meta property=\"og:title\" content=\"Seifersbach | Gemeindeverwaltung Rossau\" \/>\n<meta property=\"og:description\" content=\"Blick zur Kirche und DRK- Kindertagesst\u00e4tte M\u00e4rchenland Wohnh\u00e4user Am Sonnenhof Wohnsiedlung Nordstra\u00dfe Blick zur Kirche DRK-Kindergarten M\u00e4rchenland Grundschule Grundschule v. oben ehem. Rathaus Saal vom ehem. Rathaus Saal vom ehem. Rathaus\" \/>\n<meta property=\"og:url\" content=\"https:\/\/www.gemeinde-rossau.de\/index.php\/galerie-2\/seifersbach\/\" \/>\n<meta property=\"og:site_name\" content=\"Gemeindeverwaltung Rossau\" \/>\n<meta property=\"article:modified_time\" content=\"2025-09-16T09:53:07+00:00\" \/>\n<meta property=\"og:image\" content=\"https:\/\/www.gemeinde-rossau.de\/wp-content\/uploads\/2025\/09\/Titelbild-Seifersbach-150x150.jpg\" \/>\n<meta name=\"twitter:card\" content=\"summary_large_image\" \/>\n<meta name=\"twitter:label1\" content=\"Gesch\u00e4tzte Lesezeit\" \/>\n\t<meta name=\"twitter:data1\" content=\"3\u00a0Minuten\" \/>\n<script type=\"application\/ld+json\" class=\"yoast-schema-graph\">{\"@context\":\"https:\/\/schema.org\",\"@graph\":[{\"@type\":\"WebPage\",\"@id\":\"https:\/\/www.gemeinde-rossau.de\/index.php\/galerie-2\/seifersbach\/\",\"url\":\"https:\/\/www.gemeinde-rossau.de\/index.php\/galerie-2\/seifersbach\/\",\"name\":\"Seifersbach | Gemeindeverwaltung Rossau\",\"isPartOf\":{\"@id\":\"https:\/\/www.gemeinde-rossau.de\/#website\"},\"datePublished\":\"2019-09-14T20:35:28+00:00\",\"dateModified\":\"2025-09-16T09:53:07+00:00\",\"breadcrumb\":{\"@id\":\"https:\/\/www.gemeinde-rossau.de\/index.php\/galerie-2\/seifersbach\/#breadcrumb\"},\"inLanguage\":\"de\",\"potentialAction\":[{\"@type\":\"ReadAction\",\"target\":[\"https:\/\/www.gemeinde-rossau.de\/index.php\/galerie-2\/seifersbach\/\"]}]},{\"@type\":\"BreadcrumbList\",\"@id\":\"https:\/\/www.gemeinde-rossau.de\/index.php\/galerie-2\/seifersbach\/#breadcrumb\",\"itemListElement\":[{\"@type\":\"ListItem\",\"position\":1,\"name\":\"Home\",\"item\":\"https:\/\/www.gemeinde-rossau.de\/\"},{\"@type\":\"ListItem\",\"position\":2,\"name\":\"Galerie\",\"item\":\"https:\/\/www.gemeinde-rossau.de\/index.php\/galerie-2\/\"},{\"@type\":\"ListItem\",\"position\":3,\"name\":\"Seifersbach\"}]},{\"@type\":\"WebSite\",\"@id\":\"https:\/\/www.gemeinde-rossau.de\/#website\",\"url\":\"https:\/\/www.gemeinde-rossau.de\/\",\"name\":\"Gemeindeverwaltung Rossau\",\"description\":\"Gemeindeverwaltung Rossau\",\"publisher\":{\"@id\":\"https:\/\/www.gemeinde-rossau.de\/#organization\"},\"potentialAction\":[{\"@type\":\"SearchAction\",\"target\":{\"@type\":\"EntryPoint\",\"urlTemplate\":\"https:\/\/www.gemeinde-rossau.de\/?s={search_term_string}\"},\"query-input\":\"required name=search_term_string\"}],\"inLanguage\":\"de\"},{\"@type\":\"Organization\",\"@id\":\"https:\/\/www.gemeinde-rossau.de\/#organization\",\"name\":\"Gemeindeverwaltung Rossau\",\"url\":\"https:\/\/www.gemeinde-rossau.de\/\",\"logo\":{\"@type\":\"ImageObject\",\"inLanguage\":\"de\",\"@id\":\"https:\/\/www.gemeinde-rossau.de\/#\/schema\/logo\/image\/\",\"url\":\"https:\/\/www.gemeinde-rossau.de\/wp-content\/uploads\/2019\/06\/Rossau_Navigation-e1574972262765.png\",\"contentUrl\":\"https:\/\/www.gemeinde-rossau.de\/wp-content\/uploads\/2019\/06\/Rossau_Navigation-e1574972262765.png\",\"width\":76,\"height\":100,\"caption\":\"Gemeindeverwaltung Rossau\"},\"image\":{\"@id\":\"https:\/\/www.gemeinde-rossau.de\/#\/schema\/logo\/image\/\"}}]}<\/script>\n<!-- \/ Yoast SEO plugin. -->","yoast_head_json":{"title":"Seifersbach | Gemeindeverwaltung Rossau","robots":{"index":"index","follow":"follow","max-snippet":"max-snippet:-1","max-image-preview":"max-image-preview:large","max-video-preview":"max-video-preview:-1"},"canonical":"https:\/\/www.gemeinde-rossau.de\/index.php\/galerie-2\/seifersbach\/","og_locale":"de_DE","og_type":"article","og_title":"Seifersbach | Gemeindeverwaltung Rossau","og_description":"Blick zur Kirche und DRK- Kindertagesst\u00e4tte M\u00e4rchenland Wohnh\u00e4user Am Sonnenhof Wohnsiedlung Nordstra\u00dfe Blick zur Kirche DRK-Kindergarten M\u00e4rchenland Grundschule Grundschule v. oben ehem. Rathaus Saal vom ehem. Rathaus Saal vom ehem. Rathaus","og_url":"https:\/\/www.gemeinde-rossau.de\/index.php\/galerie-2\/seifersbach\/","og_site_name":"Gemeindeverwaltung Rossau","article_modified_time":"2025-09-16T09:53:07+00:00","og_image":[{"url":"https:\/\/www.gemeinde-rossau.de\/wp-content\/uploads\/2025\/09\/Titelbild-Seifersbach-150x150.jpg"}],"twitter_card":"summary_large_image","twitter_misc":{"Gesch\u00e4tzte Lesezeit":"3\u00a0Minuten"},"schema":{"@context":"https:\/\/schema.org","@graph":[{"@type":"WebPage","@id":"https:\/\/www.gemeinde-rossau.de\/index.php\/galerie-2\/seifersbach\/","url":"https:\/\/www.gemeinde-rossau.de\/index.php\/galerie-2\/seifersbach\/","name":"Seifersbach | Gemeindeverwaltung Rossau","isPartOf":{"@id":"https:\/\/www.gemeinde-rossau.de\/#website"},"datePublished":"2019-09-14T20:35:28+00:00","dateModified":"2025-09-16T09:53:07+00:00","breadcrumb":{"@id":"https:\/\/www.gemeinde-rossau.de\/index.php\/galerie-2\/seifersbach\/#breadcrumb"},"inLanguage":"de","potentialAction":[{"@type":"ReadAction","target":["https:\/\/www.gemeinde-rossau.de\/index.php\/galerie-2\/seifersbach\/"]}]},{"@type":"BreadcrumbList","@id":"https:\/\/www.gemeinde-rossau.de\/index.php\/galerie-2\/seifersbach\/#breadcrumb","itemListElement":[{"@type":"ListItem","position":1,"name":"Home","item":"https:\/\/www.gemeinde-rossau.de\/"},{"@type":"ListItem","position":2,"name":"Galerie","item":"https:\/\/www.gemeinde-rossau.de\/index.php\/galerie-2\/"},{"@type":"ListItem","position":3,"name":"Seifersbach"}]},{"@type":"WebSite","@id":"https:\/\/www.gemeinde-rossau.de\/#website","url":"https:\/\/www.gemeinde-rossau.de\/","name":"Gemeindeverwaltung Rossau","description":"Gemeindeverwaltung Rossau","publisher":{"@id":"https:\/\/www.gemeinde-rossau.de\/#organization"},"potentialAction":[{"@type":"SearchAction","target":{"@type":"EntryPoint","urlTemplate":"https:\/\/www.gemeinde-rossau.de\/?s={search_term_string}"},"query-input":"required name=search_term_string"}],"inLanguage":"de"},{"@type":"Organization","@id":"https:\/\/www.gemeinde-rossau.de\/#organization","name":"Gemeindeverwaltung Rossau","url":"https:\/\/www.gemeinde-rossau.de\/","logo":{"@type":"ImageObject","inLanguage":"de","@id":"https:\/\/www.gemeinde-rossau.de\/#\/schema\/logo\/image\/","url":"https:\/\/www.gemeinde-rossau.de\/wp-content\/uploads\/2019\/06\/Rossau_Navigation-e1574972262765.png","contentUrl":"https:\/\/www.gemeinde-rossau.de\/wp-content\/uploads\/2019\/06\/Rossau_Navigation-e1574972262765.png","width":76,"height":100,"caption":"Gemeindeverwaltung Rossau"},"image":{"@id":"https:\/\/www.gemeinde-rossau.de\/#\/schema\/logo\/image\/"}}]}},"_links":{"self":[{"href":"https:\/\/www.gemeinde-rossau.de\/index.php\/wp-json\/wp\/v2\/pages\/2033"}],"collection":[{"href":"https:\/\/www.gemeinde-rossau.de\/index.php\/wp-json\/wp\/v2\/pages"}],"about":[{"href":"https:\/\/www.gemeinde-rossau.de\/index.php\/wp-json\/wp\/v2\/types\/page"}],"author":[{"embeddable":true,"href":"https:\/\/www.gemeinde-rossau.de\/index.php\/wp-json\/wp\/v2\/users\/1"}],"replies":[{"embeddable":true,"href":"https:\/\/www.gemeinde-rossau.de\/index.php\/wp-json\/wp\/v2\/comments?post=2033"}],"version-history":[{"count":8,"href":"https:\/\/www.gemeinde-rossau.de\/index.php\/wp-json\/wp\/v2\/pages\/2033\/revisions"}],"predecessor-version":[{"id":43566,"href":"https:\/\/www.gemeinde-rossau.de\/index.php\/wp-json\/wp\/v2\/pages\/2033\/revisions\/43566"}],"up":[{"embeddable":true,"href":"https:\/\/www.gemeinde-rossau.de\/index.php\/wp-json\/wp\/v2\/pages\/377"}],"wp:attachment":[{"href":"https:\/\/www.gemeinde-rossau.de\/index.php\/wp-json\/wp\/v2\/media?parent=2033"}],"curies":[{"name":"wp","href":"https:\/\/api.w.org\/{rel}","templated":true}]}}